{"id":9397,"date":"2025-05-07T08:02:23","date_gmt":"2025-05-07T07:02:23","guid":{"rendered":"https:\/\/thinkupc.com\/gestion-de-proveedores\/"},"modified":"2025-05-07T13:27:26","modified_gmt":"2025-05-07T12:27:26","slug":"gestion-de-proveedores","status":"publish","type":"page","link":"https:\/\/www.thinkupc.com\/es\/gestion-de-proveedores\/","title":{"rendered":"Gesti\u00f3n de proveedores"},"content":{"rendered":"\t\t<div data-elementor-type=\"wp-page\" data-elementor-id=\"9397\" class=\"elementor elementor-9397 elementor-9380\" data-elementor-post-type=\"page\">\n\t\t\t\t<div class=\"elementor-element elementor-element-8a4b302 e-flex e-con-boxed e-con e-parent\" data-id=\"8a4b302\" data-element_type=\"container\" data-e-type=\"container\">\n\t\t\t\t\t<div class=\"e-con-inner\">\n\t\t\t\t<div class=\"elementor-element elementor-element-503cf97 elementor-widget elementor-widget-text-editor\" data-id=\"503cf97\" data-element_type=\"widget\" data-e-type=\"widget\" data-widget_type=\"text-editor.default\">\n\t\t\t\t\t\t\t\t\t<p>En nuestra compa\u00f1\u00eda hemos implantado un sistema de gesti\u00f3n de la calidad seg\u00fan la norma ISO 9001:2015 que incluye todos los requisitos necesarios para mejorar los productos y servicios prestados a nuestros clientes. Un punto importante del sistema es la selecci\u00f3n y evaluaci\u00f3n de los proveedores.<\/p><p>Anualmente llevamos a cabo una evaluaci\u00f3n de los proveedores siguiendo los siguientes criterios:<\/p><ul><li>Calidad del producto\/servicio.<\/li><li>Rapidez de entrega<\/li><li>Incidencias generadas el a\u00f1o anterior<\/li><li>Eficiencia comercial<\/li><li>Facturaci\u00f3n (incidencias en el proceso de facturaci\u00f3n, formas de pago, etc.)<\/li><\/ul><p>Desde el departamento de compras, junto con los responsables del servicio\/producto correspondiente, se valoran los criterios anteriores del 1 al 10.<\/p><p>Esta evaluaci\u00f3n tiene un doble objetivo:<\/p><ol><li>Facilitar la selecci\u00f3n de los mejores proveedores para las compras que se realizan mediante expedientes menores (compras de menos de 15.000\u202f\u20ac). En caso de no disponer de proveedores adecuados para la compra, se pone en marcha un proceso de selecci\u00f3n mediante b\u00fasquedas por internet y\/o consultas a otras universidades. Esta selecci\u00f3n se lleva a cabo de acuerdo con los mismos criterios con los que posteriormente ser\u00e1n evaluados.<\/li><li>Garantizar la mejora continua en los procesos de adquisici\u00f3n de productos y servicios, con el fin de asegurar la calidad en los servicios prestados a nuestros clientes.<\/li><\/ol><p>\u00a0<\/p><p>Asimismo, dentro de las gestiones derivadas del sistema de gesti\u00f3n de la calidad, ante no conformidades con los proveedores, se establece el siguiente procedimiento:<\/p><ol><li>Desde el departamento de compras se env\u00eda una notificaci\u00f3n por correo electr\u00f3nico al proveedor con la descripci\u00f3n de la no conformidad y solicitando su correcci\u00f3n.<\/li><li>La orden de pedido no pasa al estado de \u201cPedido recibido\u201d.<\/li><li>Se informa al departamento de contabilidad del caso, con el fin de no efectuar el pago de la factura hasta que se resuelva la no conformidad.<\/li><\/ol>\t\t\t\t\t\t\t\t<\/div>\n\t\t\t\t\t<\/div>\n\t\t\t\t<\/div>\n\t\t\t\t<\/div>\n\t\t","protected":false},"excerpt":{"rendered":"<p>Implementamos un sistema de calidad ISO 9001:2015 con criterios claros para evaluar proveedores y garantizar la mejora continua en compras y servicios.<\/p>\n","protected":false},"author":2,"featured_media":0,"parent":0,"menu_order":0,"comment_status":"closed","ping_status":"closed","template":"","meta":{"_acf_changed":false,"footnotes":""},"categories":[1],"tags":[],"class_list":["post-9397","page","type-page","status-publish","hentry","category-sense-categoria"],"acf":[],"yoast_head":"<!-- This site is optimized with the Yoast SEO plugin v27.0 - https:\/\/yoast.com\/product\/yoast-seo-wordpress\/ -->\n<title>Gesti\u00f3n de proveedores - ThinkUPC<\/title>\n<meta name=\"description\" content=\"Implementamos un sistema de calidad ISO 9001:2015 con criterios claros para evaluar proveedores y garantizar la mejora continua en compras y servicios.\" \/>\n<meta name=\"robots\" content=\"index, follow, max-snippet:-1, max-image-preview:large, max-video-preview:-1\" \/>\n<link rel=\"canonical\" href=\"https:\/\/www.thinkupc.com\/es\/gestion-de-proveedores\/\" \/>\n<meta property=\"og:locale\" content=\"es_ES\" \/>\n<meta property=\"og:type\" content=\"article\" \/>\n<meta property=\"og:title\" content=\"Gesti\u00f3n de proveedores - ThinkUPC\" \/>\n<meta property=\"og:description\" content=\"Implementamos un sistema de calidad ISO 9001:2015 con criterios claros para evaluar proveedores y garantizar la mejora continua en compras y servicios.\" \/>\n<meta property=\"og:url\" content=\"https:\/\/www.thinkupc.com\/es\/gestion-de-proveedores\/\" \/>\n<meta property=\"og:site_name\" content=\"ThinkUPC\" \/>\n<meta property=\"article:modified_time\" content=\"2025-05-07T12:27:26+00:00\" \/>\n<meta name=\"twitter:card\" content=\"summary_large_image\" \/>\n<script type=\"application\/ld+json\" class=\"yoast-schema-graph\">{\"@context\":\"https:\/\/schema.org\",\"@graph\":[{\"@type\":\"WebPage\",\"@id\":\"https:\/\/www.thinkupc.com\/es\/gestion-de-proveedores\/\",\"url\":\"https:\/\/www.thinkupc.com\/es\/gestion-de-proveedores\/\",\"name\":\"Gesti\u00f3n de proveedores - ThinkUPC\",\"isPartOf\":{\"@id\":\"https:\/\/www.thinkupc.com\/es\/#website\"},\"datePublished\":\"2025-05-07T07:02:23+00:00\",\"dateModified\":\"2025-05-07T12:27:26+00:00\",\"description\":\"Implementamos un sistema de calidad ISO 9001:2015 con criterios claros para evaluar proveedores y garantizar la mejora continua en compras y servicios.\",\"breadcrumb\":{\"@id\":\"https:\/\/www.thinkupc.com\/es\/gestion-de-proveedores\/#breadcrumb\"},\"inLanguage\":\"es\",\"potentialAction\":[{\"@type\":\"ReadAction\",\"target\":[\"https:\/\/www.thinkupc.com\/es\/gestion-de-proveedores\/\"]}]},{\"@type\":\"BreadcrumbList\",\"@id\":\"https:\/\/www.thinkupc.com\/es\/gestion-de-proveedores\/#breadcrumb\",\"itemListElement\":[{\"@type\":\"ListItem\",\"position\":1,\"name\":\"Home\",\"item\":\"https:\/\/www.thinkupc.com\/es\/thinkupc\/\"},{\"@type\":\"ListItem\",\"position\":2,\"name\":\"Gesti\u00f3n de proveedores\"}]},{\"@type\":\"WebSite\",\"@id\":\"https:\/\/www.thinkupc.com\/es\/#website\",\"url\":\"https:\/\/www.thinkupc.com\/es\/\",\"name\":\"ThinkUPC\",\"description\":\"One Step Ahead in the Digital World\",\"publisher\":{\"@id\":\"https:\/\/www.thinkupc.com\/es\/#organization\"},\"potentialAction\":[{\"@type\":\"SearchAction\",\"target\":{\"@type\":\"EntryPoint\",\"urlTemplate\":\"https:\/\/www.thinkupc.com\/es\/?s={search_term_string}\"},\"query-input\":{\"@type\":\"PropertyValueSpecification\",\"valueRequired\":true,\"valueName\":\"search_term_string\"}}],\"inLanguage\":\"es\"},{\"@type\":\"Organization\",\"@id\":\"https:\/\/www.thinkupc.com\/es\/#organization\",\"name\":\"ThinkUPC\",\"url\":\"https:\/\/www.thinkupc.com\/es\/\",\"logo\":{\"@type\":\"ImageObject\",\"inLanguage\":\"es\",\"@id\":\"https:\/\/www.thinkupc.com\/es\/#\/schema\/logo\/image\/\",\"url\":\"https:\/\/www.thinkupc.com\/wp-content\/uploads\/2025\/03\/logo-claim_B.png\",\"contentUrl\":\"https:\/\/www.thinkupc.com\/wp-content\/uploads\/2025\/03\/logo-claim_B.png\",\"width\":2325,\"height\":1027,\"caption\":\"ThinkUPC\"},\"image\":{\"@id\":\"https:\/\/www.thinkupc.com\/es\/#\/schema\/logo\/image\/\"},\"sameAs\":[\"https:\/\/bsky.app\/profile\/thinkupc.com\",\"https:\/\/es.linkedin.com\/company\/thinkupc\"]}]}<\/script>\n<!-- \/ Yoast SEO plugin. -->","yoast_head_json":{"title":"Gesti\u00f3n de proveedores - ThinkUPC","description":"Implementamos un sistema de calidad ISO 9001:2015 con criterios claros para evaluar proveedores y garantizar la mejora continua en compras y servicios.","robots":{"index":"index","follow":"follow","max-snippet":"max-snippet:-1","max-image-preview":"max-image-preview:large","max-video-preview":"max-video-preview:-1"},"canonical":"https:\/\/www.thinkupc.com\/es\/gestion-de-proveedores\/","og_locale":"es_ES","og_type":"article","og_title":"Gesti\u00f3n de proveedores - ThinkUPC","og_description":"Implementamos un sistema de calidad ISO 9001:2015 con criterios claros para evaluar proveedores y garantizar la mejora continua en compras y servicios.","og_url":"https:\/\/www.thinkupc.com\/es\/gestion-de-proveedores\/","og_site_name":"ThinkUPC","article_modified_time":"2025-05-07T12:27:26+00:00","twitter_card":"summary_large_image","schema":{"@context":"https:\/\/schema.org","@graph":[{"@type":"WebPage","@id":"https:\/\/www.thinkupc.com\/es\/gestion-de-proveedores\/","url":"https:\/\/www.thinkupc.com\/es\/gestion-de-proveedores\/","name":"Gesti\u00f3n de proveedores - ThinkUPC","isPartOf":{"@id":"https:\/\/www.thinkupc.com\/es\/#website"},"datePublished":"2025-05-07T07:02:23+00:00","dateModified":"2025-05-07T12:27:26+00:00","description":"Implementamos un sistema de calidad ISO 9001:2015 con criterios claros para evaluar proveedores y garantizar la mejora continua en compras y servicios.","breadcrumb":{"@id":"https:\/\/www.thinkupc.com\/es\/gestion-de-proveedores\/#breadcrumb"},"inLanguage":"es","potentialAction":[{"@type":"ReadAction","target":["https:\/\/www.thinkupc.com\/es\/gestion-de-proveedores\/"]}]},{"@type":"BreadcrumbList","@id":"https:\/\/www.thinkupc.com\/es\/gestion-de-proveedores\/#breadcrumb","itemListElement":[{"@type":"ListItem","position":1,"name":"Home","item":"https:\/\/www.thinkupc.com\/es\/thinkupc\/"},{"@type":"ListItem","position":2,"name":"Gesti\u00f3n de proveedores"}]},{"@type":"WebSite","@id":"https:\/\/www.thinkupc.com\/es\/#website","url":"https:\/\/www.thinkupc.com\/es\/","name":"ThinkUPC","description":"One Step Ahead in the Digital World","publisher":{"@id":"https:\/\/www.thinkupc.com\/es\/#organization"},"potentialAction":[{"@type":"SearchAction","target":{"@type":"EntryPoint","urlTemplate":"https:\/\/www.thinkupc.com\/es\/?s={search_term_string}"},"query-input":{"@type":"PropertyValueSpecification","valueRequired":true,"valueName":"search_term_string"}}],"inLanguage":"es"},{"@type":"Organization","@id":"https:\/\/www.thinkupc.com\/es\/#organization","name":"ThinkUPC","url":"https:\/\/www.thinkupc.com\/es\/","logo":{"@type":"ImageObject","inLanguage":"es","@id":"https:\/\/www.thinkupc.com\/es\/#\/schema\/logo\/image\/","url":"https:\/\/www.thinkupc.com\/wp-content\/uploads\/2025\/03\/logo-claim_B.png","contentUrl":"https:\/\/www.thinkupc.com\/wp-content\/uploads\/2025\/03\/logo-claim_B.png","width":2325,"height":1027,"caption":"ThinkUPC"},"image":{"@id":"https:\/\/www.thinkupc.com\/es\/#\/schema\/logo\/image\/"},"sameAs":["https:\/\/bsky.app\/profile\/thinkupc.com","https:\/\/es.linkedin.com\/company\/thinkupc"]}]}},"_links":{"self":[{"href":"https:\/\/www.thinkupc.com\/es\/wp-json\/wp\/v2\/pages\/9397","targetHints":{"allow":["GET"]}}],"collection":[{"href":"https:\/\/www.thinkupc.com\/es\/wp-json\/wp\/v2\/pages"}],"about":[{"href":"https:\/\/www.thinkupc.com\/es\/wp-json\/wp\/v2\/types\/page"}],"author":[{"embeddable":true,"href":"https:\/\/www.thinkupc.com\/es\/wp-json\/wp\/v2\/users\/2"}],"replies":[{"embeddable":true,"href":"https:\/\/www.thinkupc.com\/es\/wp-json\/wp\/v2\/comments?post=9397"}],"version-history":[{"count":0,"href":"https:\/\/www.thinkupc.com\/es\/wp-json\/wp\/v2\/pages\/9397\/revisions"}],"wp:attachment":[{"href":"https:\/\/www.thinkupc.com\/es\/wp-json\/wp\/v2\/media?parent=9397"}],"wp:term":[{"taxonomy":"category","embeddable":true,"href":"https:\/\/www.thinkupc.com\/es\/wp-json\/wp\/v2\/categories?post=9397"},{"taxonomy":"post_tag","embeddable":true,"href":"https:\/\/www.thinkupc.com\/es\/wp-json\/wp\/v2\/tags?post=9397"}],"curies":[{"name":"wp","href":"https:\/\/api.w.org\/{rel}","templated":true}]}}