{"id":6187,"date":"2025-01-22T16:05:54","date_gmt":"2025-01-22T15:05:54","guid":{"rendered":"https:\/\/thinkupc.com\/politica-de-privacidad\/"},"modified":"2025-06-13T12:34:23","modified_gmt":"2025-06-13T11:34:23","slug":"politica-de-privacidad","status":"publish","type":"page","link":"https:\/\/www.thinkupc.com\/es\/politica-de-privacidad\/","title":{"rendered":"Pol\u00edtica de privacidad"},"content":{"rendered":"\t\t<div data-elementor-type=\"wp-page\" data-elementor-id=\"6187\" class=\"elementor elementor-6187 elementor-2590\" data-elementor-post-type=\"page\">\n\t\t\t\t<div class=\"elementor-element elementor-element-b293733 e-flex e-con-boxed e-con e-parent\" data-id=\"b293733\" data-element_type=\"container\" data-e-type=\"container\">\n\t\t\t\t\t<div class=\"e-con-inner\">\n\t\t\t\t<div class=\"elementor-element elementor-element-45dfecb elementor-widget elementor-widget-text-editor\" data-id=\"45dfecb\" data-element_type=\"widget\" data-e-type=\"widget\" data-widget_type=\"text-editor.default\">\n\t\t\t\t\t\t\t\t\t<p><b>\u00daltima fecha de actualizaci\u00f3n: 13\/06\/2025<\/b><\/p><p>Tanto la privacidad de los datos como la confidencialidad de la informaci\u00f3n son aspectos importantes para ThinkUPC. Esta pol\u00edtica de protecci\u00f3n de datos establece la forma en que tratamos los datos de car\u00e1cter personal obtenidos a trav\u00e9s de la presente p\u00e1gina web o de nuestras relaciones comerciales o profesionales tanto con nuestros clientes como con contactos comerciales, proveedores y colaboradores, y podr\u00e1 variar con el tiempo debido a los posibles cambios legislativos o jurisprudenciales, o de los criterios seguidos por la Agencia Espa\u00f1ola de Protecci\u00f3n de Datos y\/o la autoridad competente en cada momento. Por ello nos reservamos el derecho a modificar la presente pol\u00edtica, a fin de adaptarla a novedades legislativas o jurisprudenciales vigentes en el momento concreto en que se acceda a la web.<\/p><p><strong>1. \u00bfQui\u00e9n es el responsable del tratamiento de tus datos?<\/strong><\/p><p>El titular responsable del tratamiento de los datos es: THINKUPC, SL SOCIEDAD UNIPERSONAL. CIF: B66869033.<br \/>Direcci\u00f3n: c\/ Gran Capit\u00e0, 2-4, edificio Nexus I, planta 0. 08034 Barcelona.<br \/>C\/e de contacto: privacy<img decoding=\"async\" style=\"height: 12px; vertical-align: middle; margin: 1px;\" src=\"https:\/\/thinkupc.com\/wp-content\/uploads\/2025\/02\/arroba@2x.png\" \/>ithinkupc.com.<\/p><p><strong>2. Con qu\u00e9 finalidad tratamos tus datos, con qu\u00e9 legitimaci\u00f3n lo hacemos y durante cu\u00e1nto tiempo los conservamos<\/strong><\/p><p>Se informa a los titulares de los datos personales que THINKUPC s\u00f3lo recoge los datos necesarios para atender solicitudes y gestionar las relaciones profesionales establecidas, que son los adecuados, pertinentes y limitados a lo que es necesario en relaci\u00f3n con las finalidades para las que son tratados.<\/p><p>Para mantener los datos actualizados y exactos, agradeceremos que nos comuniques cualquier cambio o modificaci\u00f3n que haya podido producirse a trav\u00e9s de nuestro correo electr\u00f3nico privacy<img decoding=\"async\" style=\"height: 12px; vertical-align: middle; margin: 1px;\" src=\"https:\/\/thinkupc.com\/wp-content\/uploads\/2025\/02\/arroba@2x.png\" \/>ithinkupc.com.<\/p><p>En THINKUPC tratamos los datos personales para los siguientes fines:<\/p><p>2.1 DATOS OBTENIDOS A TRAV\u00c9S DE NUESTRA P\u00c1GINA WEB<\/p><p>Tratamos los datos personales para<br \/>a. Atender cualquier solicitud que se nos remita a trav\u00e9s de los formularios habilitados en la web o cualquier otro medio de contacto.<br \/>b. Gestionar las suscripciones a las que los usuarios se den de alta.<br \/>c. Elaborar an\u00e1lisis estad\u00edsticos, mediciones y estudios de mercado sobre los productos y servicios ofrecidos por la empresa, los usuarios y sus necesidades, tendencias, intereses y preferencias.<br \/>d. Remitir comunicados comerciales: en el momento en que se recopilen los datos personales se solicitar\u00e1 el consentimiento al interesado para poder enviarle informaci\u00f3n sobre los productos y servicios de la empresa. El usuario podr\u00e1 revocar su consentimiento en cualquier momento comunicando que no desea recibir m\u00e1s comunicaciones comerciales, siguiendo las instrucciones especificadas en el pie de cada una de las comunicaciones comerciales remitidas.<\/p><p>Legitimaci\u00f3n: La base legal para los citados tratamientos es el consentimiento, que se considera otorgado cuando se ha marcado la casilla correspondiente habilitada a tal efecto.<br \/>El plazo de conservaci\u00f3n: Los datos de la persona interesada ser\u00e1n eliminados una vez haya sido atendida su solicitud. Si la persona interesada ha prestado su consentimiento para el env\u00edo de comunicaciones comerciales, sus datos se conservar\u00e1n indefinidamente, mientras no se solicite su supresi\u00f3n.<\/p><p>2.2 DATOS OBTENIDOS DE NUESTRAS RELACIONES PROFESIONALES<\/p><p>2.2.1. CONTACTOS Y POTENCIALES CLIENTES: Tratamos los datos de los contactos y los clientes potenciales para la prospecci\u00f3n comercial, la gesti\u00f3n de ofertas y presupuestos, contratos y su posterior seguimiento comercial.<br \/>Legitimaci\u00f3n: la base legal para el tratamiento de los datos es (1) la existencia de una relaci\u00f3n comercial y precontractual establecida, y (2) el inter\u00e9s leg\u00edtimo de la empresa por ofrecer los productos y servicios.<br \/>El plazo de conservaci\u00f3n: los datos se conservan mientras el usuario no solicite su supresi\u00f3n.<\/p><p>2.2.2. CLIENTES: Tratamos los datos de nuestros clientes con el fin de gestionar el servicio contratado, as\u00ed como la gesti\u00f3n administrativa, econ\u00f3mica y contable.<br \/>Legitimaci\u00f3n: La base legal para el tratamiento de los datos es (1) la existencia de una relaci\u00f3n comercial y precontractual establecida, y (2) el inter\u00e9s leg\u00edtimo de la empresa a ofrecer los productos y servicios.<br \/>El plazo de conservaci\u00f3n: Los datos se conservar\u00e1n en todo caso durante el tiempo que dure la relaci\u00f3n contractual y posteriormente durante los plazos legalmente establecidos en la legislaci\u00f3n civil para la prescripci\u00f3n de las obligaciones contractuales y en la legislaci\u00f3n contable y fiscal.<\/p><p>2.2.3. PROVEEDORES: Tratamos los datos de los proveedores y colaboradores con la finalidad de gestionar las relaciones profesionales establecidas: gesti\u00f3n de contratos, pedidos y pagos, as\u00ed como mantener una base de datos de contactos para posibles futuras contrataciones y\/o colaboraciones.<br \/>Legitimaci\u00f3n: La base legal para el tratamiento de los datos es la existencia de una relaci\u00f3n contractual.<br \/>El plazo de conservaci\u00f3n: Los datos se conservar\u00e1n en todo caso durante el tiempo que dure la relaci\u00f3n contractual y posteriormente durante los plazos legalmente establecidos en la legislaci\u00f3n civil para la prescripci\u00f3n de las obligaciones contractuales y en la legislaci\u00f3n contable y fiscal.<\/p><p>2.2.4. CANDIDATOS QUE REMITEN SU CV: Tratamos los datos personales de las candidaturas a un puesto de trabajo para las siguientes finalidades:<br \/>&#8211; Para la selecci\u00f3n de personal durante los procesos que la empresa mantiene abiertos.<br \/>Legitimaci\u00f3n: la base legal para el tratamiento es la adopci\u00f3n de medidas precontractuales.<br \/>&#8211; Candidaturas espont\u00e1neas: para disponer de un archivo con informaci\u00f3n curricular de candidaturas cuyo perfil se ajusta a las caracter\u00edsticas de la empresa.<br \/>Legitimaci\u00f3n: La base legal para el tratamiento es el consentimiento otorgado con el env\u00edo voluntario del CV.<br \/>El plazo de conservaci\u00f3n: Los datos curriculares recibidos los conservaremos durante el plazo m\u00e1ximo de 2 a\u00f1os. Sin embargo, la empresa puede conservar tu nombre y apellidos y el correo electr\u00f3nico de contacto para futuras colaboraciones, sin perjuicio de los derechos de que dispones y que puedes consultar en el apartado \u201cDerechos\u201d de esta pol\u00edtica de protecci\u00f3n de datos.<br \/>Si has participado en un proceso de selecci\u00f3n, tus datos ser\u00e1n eliminados una vez haya finalizado si no nos has autorizado a mantenerlos.<\/p><p>2.3 ACCIONES COMERCIALES Y MARKETING<br \/>La empresa tratar\u00e1 los datos de contacto para remitir comunicaciones comerciales cuando haya obtenido previamente el consentimiento en este sentido o exista una relaci\u00f3n contractual previa.<br \/>Legitimaci\u00f3n: La base legal para el tratamiento es el consentimiento. En el momento de la recopilaci\u00f3n de datos personales se solicitar\u00e1 el consentimiento al interesado para poder enviarle informaci\u00f3n v\u00eda electr\u00f3nica, postal, SMS o cualquier otra v\u00eda sobre los productos y servicios de la empresa. Podr\u00e1 revocar su consentimiento en cualquier momento comunicando que no desea recibir m\u00e1s comunicaciones comerciales, siguiendo las instrucciones especificadas en el pie de cada una de las comunicaciones comerciales remitidas por la empresa.<br \/>Si ya es cliente y\/o proveedor de la empresa, la base legal para el tratamiento es la relaci\u00f3n contractual establecida y amparada por la Ley de servicios de la sociedad de la informaci\u00f3n y del comercio electr\u00f3nico. Los env\u00edos se llevar\u00e1n a cabo por medios electr\u00f3nicos y se facilitar\u00e1 la posibilidad de darse de baja en cada comunicado que se remita.<br \/>El plazo de conservaci\u00f3n: Los datos se conservar\u00e1n indefinidamente mientras no se solicite su supresi\u00f3n.<\/p><p><strong>3. \u00bfA qui\u00e9n comunicaremos tus datos?<\/strong><\/p><p>La empresa comunicar\u00e1 tus datos personales a terceros en los siguientes supuestos:<br \/>3.1. Por obligaci\u00f3n legal: a la Administraci\u00f3n tributaria para el pago de impuestos, y a jueces y tribunales que lo soliciten por v\u00eda judicial.<br \/>3.2. Para ejecutar los servicios contratados: entidades financieras para efectuar los cobros y pagos oportunos, compa\u00f1\u00edas de seguros para la gesti\u00f3n de seguros, entidades de recobro para la correspondiente reclamaci\u00f3n de deudas pendientes de pago y empresas de log\u00edstica.<br \/><span style=\"color: var( --e-global-color-text ); font-family: var( --e-global-typography-text-font-family ), Sans-serif; font-size: var( --e-global-typography-text-font-size ); font-style: var( --e-global-typography-text-font-style ); font-weight: var( --e-global-typography-text-font-weight ); letter-spacing: var( --e-global-typography-text-letter-spacing ); text-transform: var( --e-global-typography-text-text-transform ); word-spacing: var( --e-global-typography-text-word-spacing ); text-align: var(--text-align); background-color: var( --e-global-color-c696dce );\">3.3. Por inter\u00e9s leg\u00edtimo: ThinkUPC podr\u00e1 ceder tu CV a las empresas con las que mantenga un contrato de servicios o a las entidades con las que mantenga convenios de colaboraci\u00f3n, con el objetivo de facilitar la gesti\u00f3n interna de b\u00fasqueda y selecci\u00f3n de candidaturas, y siempre que necesiten evaluar previamente el perfil de la persona que prestar\u00e1 sus servicios. <\/span><\/p><p><strong>4. \u00bfCu\u00e1les son tus derechos por lo que respecta a protecci\u00f3n de datos?<\/strong><\/p><p>Cualquier persona tiene derecho a obtener informaci\u00f3n sobre los datos que est\u00e1n siendo tratados. A continuaci\u00f3n, detallamos los derechos del usuario:<br \/>1. Derecho de acceso a sus datos personales.<br \/>2. Derecho a solicitar la rectificaci\u00f3n de los datos inexactos o solicitar su supresi\u00f3n cuando, entre otros motivos, los datos ya no sean necesarios para las finalidades para las que fueron recopilados.<br \/>3. En circunstancias determinadas, podr\u00e1s solicitar la limitaci\u00f3n del tratamiento de tus datos. En ese caso, solo se conservar\u00e1n para el ejercicio o la defensa de reclamaciones.<br \/>4. En circunstancias determinadas y por motivos relacionados con tu situaci\u00f3n particular, podr\u00e1s oponerte al tratamiento de tus datos. La empresa dejar\u00e1 de tratar los datos, excepto por motivos leg\u00edtimos imperiosos o el ejercicio o la defensa de posibles reclamaciones.<br \/>5. Portabilidad: Derecho a recibir los datos personales que te incumben que hayas facilitado a ThinkUPC, en un formato estructurado, de uso com\u00fan y lectura mec\u00e1nica cuando: a) el tratamiento est\u00e9 basado en el consentimiento o en un contrato, y b) el tratamiento se efect\u00fae por medios automatizados.<br \/>6. Derecho a presentar una reclamaci\u00f3n ante la autoridad de control (AEPD: www.agpd.es) en caso de que no hayas visto satisfecho el ejercicio de los derechos aqu\u00ed especificados.<\/p><ul><li>Para ejercer los derechos mencionados, la persona interesada puede ponerse en contacto con ThinkUPC a trav\u00e9s de correo postal o electr\u00f3nico a las direcciones indicadas en el apartado 1. En la solicitud deber\u00e1 especificarse la siguiente informaci\u00f3n:<br \/>Datos del solicitante (nombre y apellidos)<\/li><li>Direcci\u00f3n de contacto<\/li><li>Derecho que quiere ejercer<\/li><li>Datos concretos sobre los que se formula la solicitud<\/li><\/ul><p>En el plazo m\u00e1ximo de un mes resolveremos la solicitud y comunicaremos el resultado a trav\u00e9s del mismo medio que la persona interesada haya utilizado inicialmente.<\/p><p><strong>5. Seguridad en el tratamiento<\/strong><\/p><p>Teniendo en cuenta el estado de la t\u00e9cnica, los costes de aplicaci\u00f3n y la naturaleza, el alcance, el contexto y las finalidades del tratamiento, as\u00ed como los riesgos de probabilidad y gravedad variables para los derechos y libertades de las personas f\u00edsicas, la empresa aplicar\u00e1 medidas t\u00e9cnicas y organizativas apropiadas para garantizar un nivel de seguridad adecuado al riesgo, que eviten la destrucci\u00f3n, p\u00e9rdida o alteraci\u00f3n accidental o il\u00edcita de datos personales transmitidos, conservados o tratados de otra forma, o la comunicaci\u00f3n o acceso no autorizados a los mismos.<br \/>Como punto importante en este sentido, te recordamos que nuestros servicios est\u00e1n certificados por Aenor con la ISO 27001, que asegura el mantenimiento y la mejora continua de un sistema de gesti\u00f3n de la seguridad de la informaci\u00f3n. El sistema de gesti\u00f3n y los controles de seguridad asociados conservan la confidencialidad, la integridad y la disponibilidad de la informaci\u00f3n mediante la aplicaci\u00f3n de procesos de gesti\u00f3n del riesgo y aporta a las partes interesadas confianza y tranquilidad.<\/p>\t\t\t\t\t\t\t\t<\/div>\n\t\t\t\t\t<\/div>\n\t\t\t\t<\/div>\n\t\t\t\t<\/div>\n\t\t","protected":false},"excerpt":{"rendered":"<p>Pol\u00edtica de privacidad<\/p>\n","protected":false},"author":2,"featured_media":7464,"parent":0,"menu_order":0,"comment_status":"closed","ping_status":"closed","template":"","meta":{"_acf_changed":false,"footnotes":""},"categories":[1],"tags":[221],"class_list":["post-6187","page","type-page","status-publish","has-post-thumbnail","hentry","category-sense-categoria","tag-politica-de-privacitat-es"],"acf":[],"yoast_head":"<!-- This site is optimized with the Yoast SEO plugin v27.0 - https:\/\/yoast.com\/product\/yoast-seo-wordpress\/ -->\n<title>Pol\u00edtica de privacidad - ThinkUPC<\/title>\n<meta name=\"robots\" content=\"index, follow, max-snippet:-1, max-image-preview:large, max-video-preview:-1\" \/>\n<link rel=\"canonical\" href=\"https:\/\/www.thinkupc.com\/es\/politica-de-privacidad\/\" \/>\n<meta property=\"og:locale\" content=\"es_ES\" \/>\n<meta property=\"og:type\" content=\"article\" \/>\n<meta property=\"og:title\" content=\"Pol\u00edtica de privacidad - ThinkUPC\" \/>\n<meta property=\"og:description\" content=\"Pol\u00edtica de privacidad\" \/>\n<meta property=\"og:url\" content=\"https:\/\/www.thinkupc.com\/es\/politica-de-privacidad\/\" \/>\n<meta property=\"og:site_name\" content=\"ThinkUPC\" \/>\n<meta property=\"article:modified_time\" content=\"2025-06-13T11:34:23+00:00\" \/>\n<meta property=\"og:image\" content=\"https:\/\/www.thinkupc.com\/wp-content\/uploads\/2025\/03\/privacy-1.png\" \/>\n\t<meta property=\"og:image:width\" content=\"630\" \/>\n\t<meta property=\"og:image:height\" content=\"525\" \/>\n\t<meta property=\"og:image:type\" content=\"image\/png\" \/>\n<meta name=\"twitter:card\" content=\"summary_large_image\" \/>\n<script type=\"application\/ld+json\" class=\"yoast-schema-graph\">{\"@context\":\"https:\/\/schema.org\",\"@graph\":[{\"@type\":\"WebPage\",\"@id\":\"https:\/\/www.thinkupc.com\/es\/politica-de-privacidad\/\",\"url\":\"https:\/\/www.thinkupc.com\/es\/politica-de-privacidad\/\",\"name\":\"Pol\u00edtica de privacidad - ThinkUPC\",\"isPartOf\":{\"@id\":\"https:\/\/www.thinkupc.com\/es\/#website\"},\"primaryImageOfPage\":{\"@id\":\"https:\/\/www.thinkupc.com\/es\/politica-de-privacidad\/#primaryimage\"},\"image\":{\"@id\":\"https:\/\/www.thinkupc.com\/es\/politica-de-privacidad\/#primaryimage\"},\"thumbnailUrl\":\"https:\/\/www.thinkupc.com\/wp-content\/uploads\/2025\/03\/privacy-1.png\",\"datePublished\":\"2025-01-22T15:05:54+00:00\",\"dateModified\":\"2025-06-13T11:34:23+00:00\",\"breadcrumb\":{\"@id\":\"https:\/\/www.thinkupc.com\/es\/politica-de-privacidad\/#breadcrumb\"},\"inLanguage\":\"es\",\"potentialAction\":[{\"@type\":\"ReadAction\",\"target\":[\"https:\/\/www.thinkupc.com\/es\/politica-de-privacidad\/\"]}]},{\"@type\":\"ImageObject\",\"inLanguage\":\"es\",\"@id\":\"https:\/\/www.thinkupc.com\/es\/politica-de-privacidad\/#primaryimage\",\"url\":\"https:\/\/www.thinkupc.com\/wp-content\/uploads\/2025\/03\/privacy-1.png\",\"contentUrl\":\"https:\/\/www.thinkupc.com\/wp-content\/uploads\/2025\/03\/privacy-1.png\",\"width\":630,\"height\":525},{\"@type\":\"BreadcrumbList\",\"@id\":\"https:\/\/www.thinkupc.com\/es\/politica-de-privacidad\/#breadcrumb\",\"itemListElement\":[{\"@type\":\"ListItem\",\"position\":1,\"name\":\"Home\",\"item\":\"https:\/\/www.thinkupc.com\/es\/thinkupc\/\"},{\"@type\":\"ListItem\",\"position\":2,\"name\":\"Pol\u00edtica de privacidad\"}]},{\"@type\":\"WebSite\",\"@id\":\"https:\/\/www.thinkupc.com\/es\/#website\",\"url\":\"https:\/\/www.thinkupc.com\/es\/\",\"name\":\"ThinkUPC\",\"description\":\"One Step Ahead in the Digital World\",\"publisher\":{\"@id\":\"https:\/\/www.thinkupc.com\/es\/#organization\"},\"potentialAction\":[{\"@type\":\"SearchAction\",\"target\":{\"@type\":\"EntryPoint\",\"urlTemplate\":\"https:\/\/www.thinkupc.com\/es\/?s={search_term_string}\"},\"query-input\":{\"@type\":\"PropertyValueSpecification\",\"valueRequired\":true,\"valueName\":\"search_term_string\"}}],\"inLanguage\":\"es\"},{\"@type\":\"Organization\",\"@id\":\"https:\/\/www.thinkupc.com\/es\/#organization\",\"name\":\"ThinkUPC\",\"url\":\"https:\/\/www.thinkupc.com\/es\/\",\"logo\":{\"@type\":\"ImageObject\",\"inLanguage\":\"es\",\"@id\":\"https:\/\/www.thinkupc.com\/es\/#\/schema\/logo\/image\/\",\"url\":\"https:\/\/www.thinkupc.com\/wp-content\/uploads\/2025\/03\/logo-claim_B.png\",\"contentUrl\":\"https:\/\/www.thinkupc.com\/wp-content\/uploads\/2025\/03\/logo-claim_B.png\",\"width\":2325,\"height\":1027,\"caption\":\"ThinkUPC\"},\"image\":{\"@id\":\"https:\/\/www.thinkupc.com\/es\/#\/schema\/logo\/image\/\"},\"sameAs\":[\"https:\/\/bsky.app\/profile\/thinkupc.com\",\"https:\/\/es.linkedin.com\/company\/thinkupc\"]}]}<\/script>\n<!-- \/ Yoast SEO plugin. -->","yoast_head_json":{"title":"Pol\u00edtica de privacidad - ThinkUPC","robots":{"index":"index","follow":"follow","max-snippet":"max-snippet:-1","max-image-preview":"max-image-preview:large","max-video-preview":"max-video-preview:-1"},"canonical":"https:\/\/www.thinkupc.com\/es\/politica-de-privacidad\/","og_locale":"es_ES","og_type":"article","og_title":"Pol\u00edtica de privacidad - ThinkUPC","og_description":"Pol\u00edtica de privacidad","og_url":"https:\/\/www.thinkupc.com\/es\/politica-de-privacidad\/","og_site_name":"ThinkUPC","article_modified_time":"2025-06-13T11:34:23+00:00","og_image":[{"width":630,"height":525,"url":"https:\/\/www.thinkupc.com\/wp-content\/uploads\/2025\/03\/privacy-1.png","type":"image\/png"}],"twitter_card":"summary_large_image","schema":{"@context":"https:\/\/schema.org","@graph":[{"@type":"WebPage","@id":"https:\/\/www.thinkupc.com\/es\/politica-de-privacidad\/","url":"https:\/\/www.thinkupc.com\/es\/politica-de-privacidad\/","name":"Pol\u00edtica de privacidad - ThinkUPC","isPartOf":{"@id":"https:\/\/www.thinkupc.com\/es\/#website"},"primaryImageOfPage":{"@id":"https:\/\/www.thinkupc.com\/es\/politica-de-privacidad\/#primaryimage"},"image":{"@id":"https:\/\/www.thinkupc.com\/es\/politica-de-privacidad\/#primaryimage"},"thumbnailUrl":"https:\/\/www.thinkupc.com\/wp-content\/uploads\/2025\/03\/privacy-1.png","datePublished":"2025-01-22T15:05:54+00:00","dateModified":"2025-06-13T11:34:23+00:00","breadcrumb":{"@id":"https:\/\/www.thinkupc.com\/es\/politica-de-privacidad\/#breadcrumb"},"inLanguage":"es","potentialAction":[{"@type":"ReadAction","target":["https:\/\/www.thinkupc.com\/es\/politica-de-privacidad\/"]}]},{"@type":"ImageObject","inLanguage":"es","@id":"https:\/\/www.thinkupc.com\/es\/politica-de-privacidad\/#primaryimage","url":"https:\/\/www.thinkupc.com\/wp-content\/uploads\/2025\/03\/privacy-1.png","contentUrl":"https:\/\/www.thinkupc.com\/wp-content\/uploads\/2025\/03\/privacy-1.png","width":630,"height":525},{"@type":"BreadcrumbList","@id":"https:\/\/www.thinkupc.com\/es\/politica-de-privacidad\/#breadcrumb","itemListElement":[{"@type":"ListItem","position":1,"name":"Home","item":"https:\/\/www.thinkupc.com\/es\/thinkupc\/"},{"@type":"ListItem","position":2,"name":"Pol\u00edtica de privacidad"}]},{"@type":"WebSite","@id":"https:\/\/www.thinkupc.com\/es\/#website","url":"https:\/\/www.thinkupc.com\/es\/","name":"ThinkUPC","description":"One Step Ahead in the Digital World","publisher":{"@id":"https:\/\/www.thinkupc.com\/es\/#organization"},"potentialAction":[{"@type":"SearchAction","target":{"@type":"EntryPoint","urlTemplate":"https:\/\/www.thinkupc.com\/es\/?s={search_term_string}"},"query-input":{"@type":"PropertyValueSpecification","valueRequired":true,"valueName":"search_term_string"}}],"inLanguage":"es"},{"@type":"Organization","@id":"https:\/\/www.thinkupc.com\/es\/#organization","name":"ThinkUPC","url":"https:\/\/www.thinkupc.com\/es\/","logo":{"@type":"ImageObject","inLanguage":"es","@id":"https:\/\/www.thinkupc.com\/es\/#\/schema\/logo\/image\/","url":"https:\/\/www.thinkupc.com\/wp-content\/uploads\/2025\/03\/logo-claim_B.png","contentUrl":"https:\/\/www.thinkupc.com\/wp-content\/uploads\/2025\/03\/logo-claim_B.png","width":2325,"height":1027,"caption":"ThinkUPC"},"image":{"@id":"https:\/\/www.thinkupc.com\/es\/#\/schema\/logo\/image\/"},"sameAs":["https:\/\/bsky.app\/profile\/thinkupc.com","https:\/\/es.linkedin.com\/company\/thinkupc"]}]}},"_links":{"self":[{"href":"https:\/\/www.thinkupc.com\/es\/wp-json\/wp\/v2\/pages\/6187","targetHints":{"allow":["GET"]}}],"collection":[{"href":"https:\/\/www.thinkupc.com\/es\/wp-json\/wp\/v2\/pages"}],"about":[{"href":"https:\/\/www.thinkupc.com\/es\/wp-json\/wp\/v2\/types\/page"}],"author":[{"embeddable":true,"href":"https:\/\/www.thinkupc.com\/es\/wp-json\/wp\/v2\/users\/2"}],"replies":[{"embeddable":true,"href":"https:\/\/www.thinkupc.com\/es\/wp-json\/wp\/v2\/comments?post=6187"}],"version-history":[{"count":0,"href":"https:\/\/www.thinkupc.com\/es\/wp-json\/wp\/v2\/pages\/6187\/revisions"}],"wp:featuredmedia":[{"embeddable":true,"href":"https:\/\/www.thinkupc.com\/es\/wp-json\/wp\/v2\/media\/7464"}],"wp:attachment":[{"href":"https:\/\/www.thinkupc.com\/es\/wp-json\/wp\/v2\/media?parent=6187"}],"wp:term":[{"taxonomy":"category","embeddable":true,"href":"https:\/\/www.thinkupc.com\/es\/wp-json\/wp\/v2\/categories?post=6187"},{"taxonomy":"post_tag","embeddable":true,"href":"https:\/\/www.thinkupc.com\/es\/wp-json\/wp\/v2\/tags?post=6187"}],"curies":[{"name":"wp","href":"https:\/\/api.w.org\/{rel}","templated":true}]}}