{"id":5745,"date":"2025-01-16T15:20:16","date_gmt":"2025-01-16T14:20:16","guid":{"rendered":"https:\/\/thinkupc.com\/quienes-somos\/"},"modified":"2026-02-10T09:58:13","modified_gmt":"2026-02-10T08:58:13","slug":"quienes-somos","status":"publish","type":"page","link":"https:\/\/www.thinkupc.com\/es\/quienes-somos\/","title":{"rendered":"\u00bfQui\u00e9nes somos?"},"content":{"rendered":"\t\t<div data-elementor-type=\"wp-page\" data-elementor-id=\"5745\" class=\"elementor elementor-5745 elementor-1883\" data-elementor-post-type=\"page\">\n\t\t\t\t<div class=\"elementor-element elementor-element-626f9a6 e-flex e-con-boxed e-con e-parent\" data-id=\"626f9a6\" data-element_type=\"container\" data-e-type=\"container\">\n\t\t\t\t\t<div class=\"e-con-inner\">\n\t\t\t\t<div class=\"elementor-element elementor-element-5b9ec3b elementor-widget elementor-widget-text-editor\" data-id=\"5b9ec3b\" data-element_type=\"widget\" data-e-type=\"widget\" data-widget_type=\"text-editor.default\">\n\t\t\t\t\t\t\t\t\t<h2>Somos la empresa de consultor\u00eda y servicios digitales avanzados de la Universitat Polit\u00e8cnica de Catalunya (UPC).<\/h2><h3>Nuestra misi\u00f3n<\/h3><p>Creamos soluciones y servicios que ayudan a las organizaciones a ser m\u00e1s competitivas mejorando la vida de las personas.<\/p><p>Facilitamos el crecimiento de las personas de nuestro equipo para que sean las y los l\u00edderes tecnol\u00f3gicos del futuro. Lo hacemos en un buen ambiente de trabajo y con condiciones flexibles.<\/p><h3>\u00bfC\u00f3mo lo hacemos?<\/h3><p>Combinamos el conocimiento generado en la UPC con el talento y experiencia de nuestro equipo formado por m\u00e1s de 300 profesionales de la ingenier\u00eda y la consultor\u00eda, adquirida trabajando en proyectos y empresas l\u00edderes desde hace m\u00e1s de 25 a\u00f1os.<\/p><p>De esta forma, ayudamos a la UPC en su misi\u00f3n de transferir el conocimiento avanzado en los \u00e1mbitos de la ciencia y la tecnolog\u00eda a las empresas y la sociedad.<\/p>\t\t\t\t\t\t\t\t<\/div>\n\t\t\t\t<div class=\"elementor-element elementor-element-eb46687 elementor-widget elementor-widget-image\" data-id=\"eb46687\" data-element_type=\"widget\" data-e-type=\"widget\" data-widget_type=\"image.default\">\n\t\t\t\t\t\t\t\t\t\t\t\t\t\t\t<img fetchpriority=\"high\" decoding=\"async\" width=\"800\" height=\"245\" src=\"https:\/\/www.thinkupc.com\/wp-content\/uploads\/2026\/02\/grafic-es-1024x314.png\" class=\"attachment-large size-large wp-image-13493\" alt=\"\" srcset=\"https:\/\/www.thinkupc.com\/wp-content\/uploads\/2026\/02\/grafic-es-1024x314.png 1024w, https:\/\/www.thinkupc.com\/wp-content\/uploads\/2026\/02\/grafic-es-300x92.png 300w, https:\/\/www.thinkupc.com\/wp-content\/uploads\/2026\/02\/grafic-es-768x236.png 768w, https:\/\/www.thinkupc.com\/wp-content\/uploads\/2026\/02\/grafic-es-1536x471.png 1536w, https:\/\/www.thinkupc.com\/wp-content\/uploads\/2026\/02\/grafic-es-2048x628.png 2048w, https:\/\/www.thinkupc.com\/wp-content\/uploads\/2026\/02\/grafic-es-e1770713701415.png 750w\" sizes=\"(max-width: 800px) 100vw, 800px\" \/>\t\t\t\t\t\t\t\t\t\t\t\t\t\t\t<\/div>\n\t\t\t\t<div class=\"elementor-element elementor-element-9c2cf6f elementor-widget elementor-widget-text-editor\" data-id=\"9c2cf6f\" data-element_type=\"widget\" data-e-type=\"widget\" data-widget_type=\"text-editor.default\">\n\t\t\t\t\t\t\t\t\t<h3>Nuestros servicios<\/h3><p>Las empresas y organizaciones de la era digital viven en un mundo<a href=\"https:\/\/en.wikipedia.org\/wiki\/Volatility,_uncertainty,_complexity_and_ambiguity\"> VUCA <\/a>(vol\u00e1til, incierto, complejo y ambiguo) que cambia r\u00e1pidamente y de forma constante. En ThinkUPC creemos que el software y las tecnolog\u00edas digitales son la clave para afrontar estos retos con agilidad.<\/p><h4>Analytics by ThinkUPC<\/h4><p>Ayudamos a nuestros clientes a poner en valor sus datos, aplicando los algoritmos m\u00e1s eficaces para crear soluciones que faciliten las decisiones inteligentes.<\/p><h4>Cybersecurity by ThinkUPC<\/h4><p>Experiencia y conocimiento avanzado para hacer frente a todos los retos de ciberseguridad de nuestros clientes con visi\u00f3n integral y servicios adaptados a cada necesidad.<\/p><h4>Talents by ThinkUPC<\/h4><p>Ayudamos a las organizaciones a impulsar el talento de las personas a trav\u00e9s de soluciones digitales y servicios de consultor\u00eda a su medida.<\/p><h4>Digital Applications<\/h4><p>Dise\u00f1amos servicios y productos a medida para ayudar a las organizaciones en su transformaci\u00f3n digital.<\/p><h4>Cloud &amp; Managed Services<\/h4><p>Aportamos flexibilidad al negocio agilizando el despliegue de infraestructuras y aplicaciones, optimiz\u00e1ndolas en rendimiento y coste y maximizando su disponibilidad.<\/p><h3>Los valores de nuestra cultura \u00abU&amp;I Way\u00bb<\/h3>\t\t\t\t\t\t\t\t<\/div>\n\t\t\t\t\t<\/div>\n\t\t\t\t<\/div>\n\t\t<div class=\"elementor-element elementor-element-4100e2d e-grid e-con-boxed e-con e-parent\" data-id=\"4100e2d\" data-element_type=\"container\" data-e-type=\"container\">\n\t\t\t\t\t<div class=\"e-con-inner\">\n\t\t\t\t<div class=\"elementor-element elementor-element-970d722 elementor-position-top elementor-widget elementor-widget-image-box\" data-id=\"970d722\" data-element_type=\"widget\" data-e-type=\"widget\" data-widget_type=\"image-box.default\">\n\t\t\t\t\t<div class=\"elementor-image-box-wrapper\"><figure class=\"elementor-image-box-img\"><img decoding=\"async\" width=\"177\" height=\"177\" src=\"https:\/\/www.thinkupc.com\/wp-content\/uploads\/2025\/01\/Imagen1.png\" class=\"attachment-full size-full wp-image-2775\" alt=\"\" srcset=\"https:\/\/www.thinkupc.com\/wp-content\/uploads\/2025\/01\/Imagen1.png 177w, https:\/\/www.thinkupc.com\/wp-content\/uploads\/2025\/01\/Imagen1-150x150.png 150w\" sizes=\"(max-width: 177px) 100vw, 177px\" \/><\/figure><div class=\"elementor-image-box-content\"><h3 class=\"elementor-image-box-title\">Iniciativa y pasi\u00f3n<\/h3><p class=\"elementor-image-box-description\">Nos gusta lo que hacemos y mostramos iniciativa y pasi\u00f3n por evolucionar, crecer, aprender, contribuir a los cambios que nos permiten mejorar.<\/p><\/div><\/div>\t\t\t\t<\/div>\n\t\t\t\t<div class=\"elementor-element elementor-element-55338d0 elementor-position-top elementor-widget elementor-widget-image-box\" data-id=\"55338d0\" data-element_type=\"widget\" data-e-type=\"widget\" data-widget_type=\"image-box.default\">\n\t\t\t\t\t<div class=\"elementor-image-box-wrapper\"><figure class=\"elementor-image-box-img\"><img decoding=\"async\" width=\"177\" height=\"177\" src=\"https:\/\/www.thinkupc.com\/wp-content\/uploads\/2025\/01\/Imagen2.png\" class=\"attachment-full size-full wp-image-2774\" alt=\"\" srcset=\"https:\/\/www.thinkupc.com\/wp-content\/uploads\/2025\/01\/Imagen2.png 177w, https:\/\/www.thinkupc.com\/wp-content\/uploads\/2025\/01\/Imagen2-150x150.png 150w\" sizes=\"(max-width: 177px) 100vw, 177px\" \/><\/figure><div class=\"elementor-image-box-content\"><h3 class=\"elementor-image-box-title\">Autonom\u00eda y responsabilidad<\/h3><p class=\"elementor-image-box-description\">Definimos bien los objetivos y actuamos con autonom\u00eda para alcanzarlos para que confiemos en la responsabilidad de todas las personas con las que trabajamos.<\/p><\/div><\/div>\t\t\t\t<\/div>\n\t\t\t\t<div class=\"elementor-element elementor-element-264cd7c elementor-position-top elementor-widget elementor-widget-image-box\" data-id=\"264cd7c\" data-element_type=\"widget\" data-e-type=\"widget\" data-widget_type=\"image-box.default\">\n\t\t\t\t\t<div class=\"elementor-image-box-wrapper\"><figure class=\"elementor-image-box-img\"><img loading=\"lazy\" decoding=\"async\" width=\"177\" height=\"177\" src=\"https:\/\/www.thinkupc.com\/wp-content\/uploads\/2025\/01\/Imagen3.png\" class=\"attachment-full size-full wp-image-2773\" alt=\"\" srcset=\"https:\/\/www.thinkupc.com\/wp-content\/uploads\/2025\/01\/Imagen3.png 177w, https:\/\/www.thinkupc.com\/wp-content\/uploads\/2025\/01\/Imagen3-150x150.png 150w\" sizes=\"(max-width: 177px) 100vw, 177px\" \/><\/figure><div class=\"elementor-image-box-content\"><h3 class=\"elementor-image-box-title\">Trabajo en equipo<\/h3><p class=\"elementor-image-box-description\">Dependemos unos de otros para alcanzar los objetivos y los logros comunes. Aportamos nuestras capacidades y compartimos conocimiento. Somos un equipo.  \n\n<\/p><\/div><\/div>\t\t\t\t<\/div>\n\t\t\t\t<div class=\"elementor-element elementor-element-3cd2589 elementor-position-top elementor-widget elementor-widget-image-box\" data-id=\"3cd2589\" data-element_type=\"widget\" data-e-type=\"widget\" data-widget_type=\"image-box.default\">\n\t\t\t\t\t<div class=\"elementor-image-box-wrapper\"><figure class=\"elementor-image-box-img\"><img loading=\"lazy\" decoding=\"async\" width=\"177\" height=\"177\" src=\"https:\/\/www.thinkupc.com\/wp-content\/uploads\/2025\/01\/Imagen4.png\" class=\"attachment-full size-full wp-image-2772\" alt=\"\" srcset=\"https:\/\/www.thinkupc.com\/wp-content\/uploads\/2025\/01\/Imagen4.png 177w, https:\/\/www.thinkupc.com\/wp-content\/uploads\/2025\/01\/Imagen4-150x150.png 150w\" sizes=\"(max-width: 177px) 100vw, 177px\" \/><\/figure><div class=\"elementor-image-box-content\"><h3 class=\"elementor-image-box-title\">Simplicidad y transparencia<\/h3><p class=\"elementor-image-box-description\">Lo hacemos claro. Lo hacemos simple. Nos importa c\u00f3mo sintetizamos y presentamos nuestras ideas, las propuestas y las soluciones.  \n\n<\/p><\/div><\/div>\t\t\t\t<\/div>\n\t\t\t\t\t<\/div>\n\t\t\t\t<\/div>\n\t\t<div class=\"elementor-element elementor-element-00d5e13 e-flex e-con-boxed e-con e-parent\" data-id=\"00d5e13\" data-element_type=\"container\" data-e-type=\"container\">\n\t\t\t\t\t<div class=\"e-con-inner\">\n\t\t\t\t<div class=\"elementor-element elementor-element-185aed2 elementor-widget elementor-widget-text-editor\" data-id=\"185aed2\" data-element_type=\"widget\" data-e-type=\"widget\" data-widget_type=\"text-editor.default\">\n\t\t\t\t\t\t\t\t\t<h3> <\/h3><h3>\u00bfQu\u00e9 ofrecemos a nuestro equipo?<\/h3><p class=\"px-4\">Somos una empresa \u00e1gil que ofrece a todas las personas que forman parte de nuestro equipo:<\/p>\t\t\t\t\t\t\t\t<\/div>\n\t\t\t\t\t<\/div>\n\t\t\t\t<\/div>\n\t\t<div class=\"elementor-element elementor-element-d4ff351 e-grid e-con-boxed e-con e-parent\" data-id=\"d4ff351\" data-element_type=\"container\" data-e-type=\"container\">\n\t\t\t\t\t<div class=\"e-con-inner\">\n\t\t\t\t<div class=\"elementor-element elementor-element-88d0467 elementor-position-top elementor-widget elementor-widget-image-box\" data-id=\"88d0467\" data-element_type=\"widget\" data-e-type=\"widget\" data-widget_type=\"image-box.default\">\n\t\t\t\t\t<div class=\"elementor-image-box-wrapper\"><figure class=\"elementor-image-box-img\"><img loading=\"lazy\" decoding=\"async\" width=\"110\" height=\"110\" src=\"https:\/\/www.thinkupc.com\/wp-content\/uploads\/2025\/01\/avantguarda-icon.png\" class=\"attachment-full size-full wp-image-2761\" alt=\"\" \/><\/figure><div class=\"elementor-image-box-content\"><h3 class=\"elementor-image-box-title\">Vanguardia<\/h3><p class=\"elementor-image-box-description\">Trabajamos con conocimiento avanzado para crear soluciones y servicios de vanguardia.\n\n<\/p><\/div><\/div>\t\t\t\t<\/div>\n\t\t\t\t<div class=\"elementor-element elementor-element-4e28682 elementor-position-top elementor-widget elementor-widget-image-box\" data-id=\"4e28682\" data-element_type=\"widget\" data-e-type=\"widget\" data-widget_type=\"image-box.default\">\n\t\t\t\t\t<div class=\"elementor-image-box-wrapper\"><figure class=\"elementor-image-box-img\"><img loading=\"lazy\" decoding=\"async\" width=\"110\" height=\"110\" src=\"https:\/\/www.thinkupc.com\/wp-content\/uploads\/2025\/01\/prestigi1-icon.png\" class=\"attachment-full size-full wp-image-2768\" alt=\"\" \/><\/figure><div class=\"elementor-image-box-content\"><h3 class=\"elementor-image-box-title\">Prestigio de marca UPC<\/h3><p class=\"elementor-image-box-description\">Crecemos trabajando en proyectos relevantes con empresas l\u00edderes de distintos sectores.\n\n<\/p><\/div><\/div>\t\t\t\t<\/div>\n\t\t\t\t<div class=\"elementor-element elementor-element-f5c1ae6 elementor-position-top elementor-widget elementor-widget-image-box\" data-id=\"f5c1ae6\" data-element_type=\"widget\" data-e-type=\"widget\" data-widget_type=\"image-box.default\">\n\t\t\t\t\t<div class=\"elementor-image-box-wrapper\"><figure class=\"elementor-image-box-img\"><img loading=\"lazy\" decoding=\"async\" width=\"110\" height=\"110\" src=\"https:\/\/www.thinkupc.com\/wp-content\/uploads\/2025\/01\/desenvolupament1-icon.png\" class=\"attachment-full size-full wp-image-2767\" alt=\"\" \/><\/figure><div class=\"elementor-image-box-content\"><h3 class=\"elementor-image-box-title\">Desarrollo<\/h3><p class=\"elementor-image-box-description\">Nos importa el \u00e9xito de las personas y velamos por su crecimiento personal y profesional.\n\n\n<\/p><\/div><\/div>\t\t\t\t<\/div>\n\t\t\t\t<div class=\"elementor-element elementor-element-f0ba5a9 elementor-position-top elementor-widget elementor-widget-image-box\" data-id=\"f0ba5a9\" data-element_type=\"widget\" data-e-type=\"widget\" data-widget_type=\"image-box.default\">\n\t\t\t\t\t<div class=\"elementor-image-box-wrapper\"><figure class=\"elementor-image-box-img\"><img loading=\"lazy\" decoding=\"async\" width=\"110\" height=\"110\" src=\"https:\/\/www.thinkupc.com\/wp-content\/uploads\/2025\/01\/peoplefirst1-icon.png\" class=\"attachment-full size-full wp-image-2766\" alt=\"\" \/><\/figure><div class=\"elementor-image-box-content\"><h3 class=\"elementor-image-box-title\">People First!<\/h3><p class=\"elementor-image-box-description\">Buen ambiente y condiciones de trabajo flexibles para equilibrio entre vida personal y laboral.\n<\/p><\/div><\/div>\t\t\t\t<\/div>\n\t\t\t\t\t<\/div>\n\t\t\t\t<\/div>\n\t\t\t\t<\/div>\n\t\t","protected":false},"excerpt":{"rendered":"<p>One Step Ahead in the Digital World<\/p>\n","protected":false},"author":2,"featured_media":4447,"parent":0,"menu_order":0,"comment_status":"closed","ping_status":"closed","template":"","meta":{"_acf_changed":false,"footnotes":""},"categories":[133],"tags":[223],"class_list":["post-5745","page","type-page","status-publish","has-post-thumbnail","hentry","category-sin-categoria","tag-quienes-somos"],"acf":[],"yoast_head":"<!-- This site is optimized with the Yoast SEO plugin v27.4 - https:\/\/yoast.com\/product\/yoast-seo-wordpress\/ -->\n<title>ThinkUPC - \u00bfQui\u00e9nes somos?<\/title>\n<meta name=\"description\" content=\"ThinkUPC - Somos la empresa de consultor\u00eda y servicios digitales avanzados de la Universitat Polit\u00e8cnica de Catalunya (UPC).\" \/>\n<meta name=\"robots\" content=\"index, follow, max-snippet:-1, max-image-preview:large, max-video-preview:-1\" \/>\n<link rel=\"canonical\" href=\"https:\/\/www.thinkupc.com\/es\/quienes-somos\/\" \/>\n<meta property=\"og:locale\" content=\"es_ES\" \/>\n<meta property=\"og:type\" content=\"article\" \/>\n<meta property=\"og:title\" content=\"ThinkUPC - \u00bfQui\u00e9nes somos?\" \/>\n<meta property=\"og:description\" content=\"ThinkUPC - Somos la empresa de consultor\u00eda y servicios digitales avanzados de la Universitat Polit\u00e8cnica de Catalunya (UPC).\" \/>\n<meta property=\"og:url\" content=\"https:\/\/www.thinkupc.com\/es\/quienes-somos\/\" \/>\n<meta property=\"og:site_name\" content=\"ThinkUPC\" \/>\n<meta property=\"article:modified_time\" content=\"2026-02-10T08:58:13+00:00\" \/>\n<meta property=\"og:image\" content=\"https:\/\/www.thinkupc.com\/wp-content\/uploads\/2024\/11\/chess.jpg\" \/>\n\t<meta property=\"og:image:width\" content=\"1530\" \/>\n\t<meta property=\"og:image:height\" content=\"859\" \/>\n\t<meta property=\"og:image:type\" content=\"image\/jpeg\" \/>\n<meta name=\"twitter:card\" content=\"summary_large_image\" \/>\n<meta name=\"twitter:label1\" content=\"Tiempo de lectura\" \/>\n\t<meta name=\"twitter:data1\" content=\"4 minutos\" \/>\n<script type=\"application\/ld+json\" class=\"yoast-schema-graph\">{\"@context\":\"https:\\\/\\\/schema.org\",\"@graph\":[{\"@type\":\"WebPage\",\"@id\":\"https:\\\/\\\/www.thinkupc.com\\\/es\\\/quienes-somos\\\/\",\"url\":\"https:\\\/\\\/www.thinkupc.com\\\/es\\\/quienes-somos\\\/\",\"name\":\"ThinkUPC - \u00bfQui\u00e9nes somos?\",\"isPartOf\":{\"@id\":\"https:\\\/\\\/www.thinkupc.com\\\/es\\\/#website\"},\"primaryImageOfPage\":{\"@id\":\"https:\\\/\\\/www.thinkupc.com\\\/es\\\/quienes-somos\\\/#primaryimage\"},\"image\":{\"@id\":\"https:\\\/\\\/www.thinkupc.com\\\/es\\\/quienes-somos\\\/#primaryimage\"},\"thumbnailUrl\":\"https:\\\/\\\/www.thinkupc.com\\\/wp-content\\\/uploads\\\/2024\\\/11\\\/chess.jpg\",\"datePublished\":\"2025-01-16T14:20:16+00:00\",\"dateModified\":\"2026-02-10T08:58:13+00:00\",\"description\":\"ThinkUPC - Somos la empresa de consultor\u00eda y servicios digitales avanzados de la Universitat Polit\u00e8cnica de Catalunya (UPC).\",\"breadcrumb\":{\"@id\":\"https:\\\/\\\/www.thinkupc.com\\\/es\\\/quienes-somos\\\/#breadcrumb\"},\"inLanguage\":\"es\",\"potentialAction\":[{\"@type\":\"ReadAction\",\"target\":[\"https:\\\/\\\/www.thinkupc.com\\\/es\\\/quienes-somos\\\/\"]}]},{\"@type\":\"ImageObject\",\"inLanguage\":\"es\",\"@id\":\"https:\\\/\\\/www.thinkupc.com\\\/es\\\/quienes-somos\\\/#primaryimage\",\"url\":\"https:\\\/\\\/www.thinkupc.com\\\/wp-content\\\/uploads\\\/2024\\\/11\\\/chess.jpg\",\"contentUrl\":\"https:\\\/\\\/www.thinkupc.com\\\/wp-content\\\/uploads\\\/2024\\\/11\\\/chess.jpg\",\"width\":1530,\"height\":859},{\"@type\":\"BreadcrumbList\",\"@id\":\"https:\\\/\\\/www.thinkupc.com\\\/es\\\/quienes-somos\\\/#breadcrumb\",\"itemListElement\":[{\"@type\":\"ListItem\",\"position\":1,\"name\":\"Home\",\"item\":\"https:\\\/\\\/www.thinkupc.com\\\/es\\\/thinkupc\\\/\"},{\"@type\":\"ListItem\",\"position\":2,\"name\":\"\u00bfQui\u00e9nes somos?\"}]},{\"@type\":\"WebSite\",\"@id\":\"https:\\\/\\\/www.thinkupc.com\\\/es\\\/#website\",\"url\":\"https:\\\/\\\/www.thinkupc.com\\\/es\\\/\",\"name\":\"ThinkUPC\",\"description\":\"One Step Ahead in the Digital World\",\"publisher\":{\"@id\":\"https:\\\/\\\/www.thinkupc.com\\\/es\\\/#organization\"},\"potentialAction\":[{\"@type\":\"SearchAction\",\"target\":{\"@type\":\"EntryPoint\",\"urlTemplate\":\"https:\\\/\\\/www.thinkupc.com\\\/es\\\/?s={search_term_string}\"},\"query-input\":{\"@type\":\"PropertyValueSpecification\",\"valueRequired\":true,\"valueName\":\"search_term_string\"}}],\"inLanguage\":\"es\"},{\"@type\":\"Organization\",\"@id\":\"https:\\\/\\\/www.thinkupc.com\\\/es\\\/#organization\",\"name\":\"ThinkUPC\",\"url\":\"https:\\\/\\\/www.thinkupc.com\\\/es\\\/\",\"logo\":{\"@type\":\"ImageObject\",\"inLanguage\":\"es\",\"@id\":\"https:\\\/\\\/www.thinkupc.com\\\/es\\\/#\\\/schema\\\/logo\\\/image\\\/\",\"url\":\"https:\\\/\\\/www.thinkupc.com\\\/wp-content\\\/uploads\\\/2025\\\/03\\\/logo-claim_B.png\",\"contentUrl\":\"https:\\\/\\\/www.thinkupc.com\\\/wp-content\\\/uploads\\\/2025\\\/03\\\/logo-claim_B.png\",\"width\":2325,\"height\":1027,\"caption\":\"ThinkUPC\"},\"image\":{\"@id\":\"https:\\\/\\\/www.thinkupc.com\\\/es\\\/#\\\/schema\\\/logo\\\/image\\\/\"},\"sameAs\":[\"https:\\\/\\\/bsky.app\\\/profile\\\/thinkupc.com\",\"https:\\\/\\\/es.linkedin.com\\\/company\\\/thinkupc\"]}]}<\/script>\n<!-- \/ Yoast SEO plugin. -->","yoast_head_json":{"title":"ThinkUPC - \u00bfQui\u00e9nes somos?","description":"ThinkUPC - Somos la empresa de consultor\u00eda y servicios digitales avanzados de la Universitat Polit\u00e8cnica de Catalunya (UPC).","robots":{"index":"index","follow":"follow","max-snippet":"max-snippet:-1","max-image-preview":"max-image-preview:large","max-video-preview":"max-video-preview:-1"},"canonical":"https:\/\/www.thinkupc.com\/es\/quienes-somos\/","og_locale":"es_ES","og_type":"article","og_title":"ThinkUPC - \u00bfQui\u00e9nes somos?","og_description":"ThinkUPC - Somos la empresa de consultor\u00eda y servicios digitales avanzados de la Universitat Polit\u00e8cnica de Catalunya (UPC).","og_url":"https:\/\/www.thinkupc.com\/es\/quienes-somos\/","og_site_name":"ThinkUPC","article_modified_time":"2026-02-10T08:58:13+00:00","og_image":[{"width":1530,"height":859,"url":"https:\/\/www.thinkupc.com\/wp-content\/uploads\/2024\/11\/chess.jpg","type":"image\/jpeg"}],"twitter_card":"summary_large_image","twitter_misc":{"Tiempo de lectura":"4 minutos"},"schema":{"@context":"https:\/\/schema.org","@graph":[{"@type":"WebPage","@id":"https:\/\/www.thinkupc.com\/es\/quienes-somos\/","url":"https:\/\/www.thinkupc.com\/es\/quienes-somos\/","name":"ThinkUPC - \u00bfQui\u00e9nes somos?","isPartOf":{"@id":"https:\/\/www.thinkupc.com\/es\/#website"},"primaryImageOfPage":{"@id":"https:\/\/www.thinkupc.com\/es\/quienes-somos\/#primaryimage"},"image":{"@id":"https:\/\/www.thinkupc.com\/es\/quienes-somos\/#primaryimage"},"thumbnailUrl":"https:\/\/www.thinkupc.com\/wp-content\/uploads\/2024\/11\/chess.jpg","datePublished":"2025-01-16T14:20:16+00:00","dateModified":"2026-02-10T08:58:13+00:00","description":"ThinkUPC - Somos la empresa de consultor\u00eda y servicios digitales avanzados de la Universitat Polit\u00e8cnica de Catalunya (UPC).","breadcrumb":{"@id":"https:\/\/www.thinkupc.com\/es\/quienes-somos\/#breadcrumb"},"inLanguage":"es","potentialAction":[{"@type":"ReadAction","target":["https:\/\/www.thinkupc.com\/es\/quienes-somos\/"]}]},{"@type":"ImageObject","inLanguage":"es","@id":"https:\/\/www.thinkupc.com\/es\/quienes-somos\/#primaryimage","url":"https:\/\/www.thinkupc.com\/wp-content\/uploads\/2024\/11\/chess.jpg","contentUrl":"https:\/\/www.thinkupc.com\/wp-content\/uploads\/2024\/11\/chess.jpg","width":1530,"height":859},{"@type":"BreadcrumbList","@id":"https:\/\/www.thinkupc.com\/es\/quienes-somos\/#breadcrumb","itemListElement":[{"@type":"ListItem","position":1,"name":"Home","item":"https:\/\/www.thinkupc.com\/es\/thinkupc\/"},{"@type":"ListItem","position":2,"name":"\u00bfQui\u00e9nes somos?"}]},{"@type":"WebSite","@id":"https:\/\/www.thinkupc.com\/es\/#website","url":"https:\/\/www.thinkupc.com\/es\/","name":"ThinkUPC","description":"One Step Ahead in the Digital World","publisher":{"@id":"https:\/\/www.thinkupc.com\/es\/#organization"},"potentialAction":[{"@type":"SearchAction","target":{"@type":"EntryPoint","urlTemplate":"https:\/\/www.thinkupc.com\/es\/?s={search_term_string}"},"query-input":{"@type":"PropertyValueSpecification","valueRequired":true,"valueName":"search_term_string"}}],"inLanguage":"es"},{"@type":"Organization","@id":"https:\/\/www.thinkupc.com\/es\/#organization","name":"ThinkUPC","url":"https:\/\/www.thinkupc.com\/es\/","logo":{"@type":"ImageObject","inLanguage":"es","@id":"https:\/\/www.thinkupc.com\/es\/#\/schema\/logo\/image\/","url":"https:\/\/www.thinkupc.com\/wp-content\/uploads\/2025\/03\/logo-claim_B.png","contentUrl":"https:\/\/www.thinkupc.com\/wp-content\/uploads\/2025\/03\/logo-claim_B.png","width":2325,"height":1027,"caption":"ThinkUPC"},"image":{"@id":"https:\/\/www.thinkupc.com\/es\/#\/schema\/logo\/image\/"},"sameAs":["https:\/\/bsky.app\/profile\/thinkupc.com","https:\/\/es.linkedin.com\/company\/thinkupc"]}]}},"_links":{"self":[{"href":"https:\/\/www.thinkupc.com\/es\/wp-json\/wp\/v2\/pages\/5745","targetHints":{"allow":["GET"]}}],"collection":[{"href":"https:\/\/www.thinkupc.com\/es\/wp-json\/wp\/v2\/pages"}],"about":[{"href":"https:\/\/www.thinkupc.com\/es\/wp-json\/wp\/v2\/types\/page"}],"author":[{"embeddable":true,"href":"https:\/\/www.thinkupc.com\/es\/wp-json\/wp\/v2\/users\/2"}],"replies":[{"embeddable":true,"href":"https:\/\/www.thinkupc.com\/es\/wp-json\/wp\/v2\/comments?post=5745"}],"version-history":[{"count":6,"href":"https:\/\/www.thinkupc.com\/es\/wp-json\/wp\/v2\/pages\/5745\/revisions"}],"predecessor-version":[{"id":13511,"href":"https:\/\/www.thinkupc.com\/es\/wp-json\/wp\/v2\/pages\/5745\/revisions\/13511"}],"wp:featuredmedia":[{"embeddable":true,"href":"https:\/\/www.thinkupc.com\/es\/wp-json\/wp\/v2\/media\/4447"}],"wp:attachment":[{"href":"https:\/\/www.thinkupc.com\/es\/wp-json\/wp\/v2\/media?parent=5745"}],"wp:term":[{"taxonomy":"category","embeddable":true,"href":"https:\/\/www.thinkupc.com\/es\/wp-json\/wp\/v2\/categories?post=5745"},{"taxonomy":"post_tag","embeddable":true,"href":"https:\/\/www.thinkupc.com\/es\/wp-json\/wp\/v2\/tags?post=5745"}],"curies":[{"name":"wp","href":"https:\/\/api.w.org\/{rel}","templated":true}]}}