{"id":5585,"date":"2024-10-31T14:46:55","date_gmt":"2024-10-31T13:46:55","guid":{"rendered":"https:\/\/thinkupc.com\/contacto\/"},"modified":"2025-03-06T15:53:41","modified_gmt":"2025-03-06T14:53:41","slug":"contacto","status":"publish","type":"page","link":"https:\/\/www.thinkupc.com\/es\/contacto\/","title":{"rendered":"Contacto"},"content":{"rendered":"\t\t<div data-elementor-type=\"wp-page\" data-elementor-id=\"5585\" class=\"elementor elementor-5585 elementor-130\" data-elementor-post-type=\"page\">\n\t\t\t\t<div class=\"elementor-element elementor-element-4e1fc16 e-flex e-con-boxed e-con e-parent\" data-id=\"4e1fc16\" data-element_type=\"container\" data-e-type=\"container\">\n\t\t\t\t\t<div class=\"e-con-inner\">\n\t\t\t\t<div class=\"elementor-element elementor-element-e860cea elementor-widget elementor-widget-heading\" data-id=\"e860cea\" data-element_type=\"widget\" data-e-type=\"widget\" data-widget_type=\"heading.default\">\n\t\t\t\t\t<h2 class=\"elementor-heading-title elementor-size-default\">Formulario de contacto<\/h2>\t\t\t\t<\/div>\n\t\t\t\t<div class=\"elementor-element elementor-element-b52a822 elementor-button-align-center elementor-widget elementor-widget-form\" data-id=\"b52a822\" data-element_type=\"widget\" data-e-type=\"widget\" data-settings=\"{&quot;step_next_label&quot;:&quot;Siguiente&quot;,&quot;step_previous_label&quot;:&quot;Previo&quot;,&quot;button_width&quot;:&quot;100&quot;,&quot;step_type&quot;:&quot;number_text&quot;,&quot;step_icon_shape&quot;:&quot;circle&quot;}\" data-widget_type=\"form.default\">\n\t\t\t\t\t\t\t<form class=\"elementor-form\" method=\"post\" name=\"New Form\" aria-label=\"New Form\">\n\t\t\t<input type=\"hidden\" name=\"post_id\" value=\"5585\"\/>\n\t\t\t<input type=\"hidden\" name=\"form_id\" value=\"b52a822\"\/>\n\t\t\t<input type=\"hidden\" name=\"referer_title\" value=\"Contacto - ThinkUPC\" \/>\n\n\t\t\t\t\t\t\t<input type=\"hidden\" name=\"queried_id\" value=\"5585\"\/>\n\t\t\t\n\t\t\t<div class=\"elementor-form-fields-wrapper elementor-labels-above\">\n\t\t\t\t\t\t\t\t<div class=\"elementor-field-type-text elementor-field-group elementor-column elementor-field-group-name elementor-col-100 elementor-field-required elementor-mark-required\">\n\t\t\t\t\t\t\t\t\t\t\t\t<label for=\"form-field-name\" class=\"elementor-field-label\">\n\t\t\t\t\t\t\t\tNombre\t\t\t\t\t\t\t<\/label>\n\t\t\t\t\t\t\t\t\t\t\t\t\t\t<input size=\"1\" type=\"text\" name=\"form_fields[name]\" id=\"form-field-name\" class=\"elementor-field elementor-size-md  elementor-field-textual\" placeholder=\"Nombre\" required=\"required\">\n\t\t\t\t\t\t\t\t\t\t\t<\/div>\n\t\t\t\t\t\t\t\t<div class=\"elementor-field-type-email elementor-field-group elementor-column elementor-field-group-email elementor-col-100 elementor-field-required elementor-mark-required\">\n\t\t\t\t\t\t\t\t\t\t\t\t<label for=\"form-field-email\" class=\"elementor-field-label\">\n\t\t\t\t\t\t\t\tCorreo de empresa\t\t\t\t\t\t\t<\/label>\n\t\t\t\t\t\t\t\t\t\t\t\t\t\t<input size=\"1\" type=\"email\" name=\"form_fields[email]\" id=\"form-field-email\" class=\"elementor-field elementor-size-md  elementor-field-textual\" placeholder=\"Correo de empresa\" required=\"required\">\n\t\t\t\t\t\t\t\t\t\t\t<\/div>\n\t\t\t\t\t\t\t\t<div class=\"elementor-field-type-textarea elementor-field-group elementor-column elementor-field-group-message elementor-col-100 elementor-field-required elementor-mark-required\">\n\t\t\t\t\t\t\t\t\t\t\t\t<label for=\"form-field-message\" class=\"elementor-field-label\">\n\t\t\t\t\t\t\t\tComentario\t\t\t\t\t\t\t<\/label>\n\t\t\t\t\t\t<textarea class=\"elementor-field-textual elementor-field  elementor-size-md\" name=\"form_fields[message]\" id=\"form-field-message\" rows=\"4\" placeholder=\"Comentario\" required=\"required\"><\/textarea>\t\t\t\t<\/div>\n\t\t\t\t\t\t\t\t<div class=\"elementor-field-type-acceptance elementor-field-group elementor-column elementor-field-group-field_7866a22 elementor-col-100 elementor-field-required elementor-mark-required\">\n\t\t\t\t\t\t\t<div class=\"elementor-field-subgroup\">\n\t\t\t<span class=\"elementor-field-option\">\n\t\t\t\t<input type=\"checkbox\" name=\"form_fields[field_7866a22]\" id=\"form-field-field_7866a22\" class=\"elementor-field elementor-size-md  elementor-acceptance-field\" required=\"required\">\n\t\t\t\t<label for=\"form-field-field_7866a22\">He le\u00eddo y acepto la pol\u00edtica de privacidad<span style=\"color:red; padding-left:5px;\">*<\/span><\/label>\t\t\t<\/span>\n\t\t<\/div>\n\t\t\t\t\t\t<\/div>\n\t\t\t\t\t\t\t\t<div class=\"elementor-field-type-checkbox elementor-field-group elementor-column elementor-field-group-field_e5be2fe elementor-col-100\">\n\t\t\t\t\t<div class=\"elementor-field-subgroup  \"><span class=\"elementor-field-option\"><input type=\"checkbox\" value=\"Autorizo \u200b\u200bel env\u00edo de comunicaciones informativas sobre los productos y servicios que ofrece ThinkUPC\" id=\"form-field-field_e5be2fe-0\" name=\"form_fields[field_e5be2fe]\"> <label for=\"form-field-field_e5be2fe-0\">Autorizo \u200b\u200bel env\u00edo de comunicaciones informativas sobre los productos y servicios que ofrece ThinkUPC<\/label><\/span><\/div>\t\t\t\t<\/div>\n\t\t\t\t\t\t\t\t<div class=\"elementor-field-type-html elementor-field-group elementor-column elementor-field-group-field_eadecad elementor-col-100\">\n\t\t\t\t\t<div style=\"font-size:75%; border:1px solid lightgrey; padding:15px  \"><span class=\"titol-proteccio-dades\">INFORMACI\u00d3N B\u00c1SICA SOBRE PROTECCI\u00d3N DE DATOS<\/span><br> <strong>1. Responsable<\/strong> : ThinkUPC, SL Sociedad Unipersonal.  <br>       <strong>2. Finalidad:<\/strong> atender consultas y solicitudes.<br>       <strong>3. Base legal:<\/strong> la autorizaci\u00f3n mediante la aceptaci\u00f3n de la presente pol\u00edtica de protecci\u00f3n de datos.<br>      <strong>4. Destinatarios:<\/strong> no cederemos datos a terceros, salvo por obligaci\u00f3n legal y los estrictamente necesarios.<br>      <strong>5. Derechos:<\/strong> puedes ejercer tus derechos de acceso, rectificaci\u00f3n y supresi\u00f3n, as\u00ed como los dem\u00e1s derechos reconocidos en la normativa vigente, envi\u00e1ndonos un mensaje a  <span class=\"correu\">privacy<img decoding=\"async\" src=\"https:\/\/thinkupc.com\/wp-content\/uploads\/2025\/02\/arroba@2x.png\" style=\"height:12px; vertical-align:middle; margin:1px\">ithinkupc.com.<br> <strong>6. M\u00e1s Informaci\u00f3n:<\/strong> consulta la nuestra<\/span> <strong data-v-00dad9df=\"\"> <a data-v-00dad9df=\"\" href=\"https:\/\/thinkupc.com\/es\/politica-de-privacidad\/\" class=\"\">pol\u00edtica completa de protecci\u00f3n de datos<\/a> .<\/strong><\/div>\t\t\t\t<\/div>\n\t\t\t\t\t\t\t\t<div class=\"elementor-field-type-recaptcha_v3 elementor-field-group elementor-column elementor-field-group-field_64d284e elementor-col-100 recaptcha_v3-bottomright\">\n\t\t\t\t\t<div class=\"elementor-field\" id=\"form-field-field_64d284e\"><div class=\"elementor-g-recaptcha\" data-sitekey=\"6Lcv7HEsAAAAAD1ZhvVjg6iWLCWg3dOMYqNC1Y2W\" data-type=\"v3\" data-action=\"Form\" data-badge=\"bottomright\" data-size=\"invisible\"><\/div><\/div>\t\t\t\t<\/div>\n\t\t\t\t\t\t\t\t<div class=\"elementor-field-group elementor-column elementor-field-type-submit elementor-col-100 e-form__buttons\">\n\t\t\t\t\t<button class=\"elementor-button elementor-size-sm\" type=\"submit\" id=\"contacte\">\n\t\t\t\t\t\t<span class=\"elementor-button-content-wrapper\">\n\t\t\t\t\t\t\t\t\t\t\t\t\t\t\t\t\t\t\t\t\t\t<span class=\"elementor-button-text\">Env\u00eda el formulario<\/span>\n\t\t\t\t\t\t\t\t\t\t\t\t\t<\/span>\n\t\t\t\t\t<\/button>\n\t\t\t\t<\/div>\n\t\t\t<\/div>\n\t\t<\/form>\n\t\t\t\t\t\t<\/div>\n\t\t\t\t\t<\/div>\n\t\t\t\t<\/div>\n\t\t\t\t<\/div>\n\t\t","protected":false},"excerpt":{"rendered":"<p>Formulario de contacto<\/p>\n","protected":false},"author":2,"featured_media":4447,"parent":0,"menu_order":0,"comment_status":"closed","ping_status":"closed","template":"","meta":{"_acf_changed":false,"footnotes":""},"categories":[1,133],"tags":[180],"class_list":["post-5585","page","type-page","status-publish","has-post-thumbnail","hentry","category-sense-categoria","category-sin-categoria","tag-contacto"],"acf":[],"yoast_head":"<!-- This site is optimized with the Yoast SEO plugin v27.0 - https:\/\/yoast.com\/product\/yoast-seo-wordpress\/ -->\n<title>Contacto - ThinkUPC<\/title>\n<meta name=\"robots\" content=\"index, follow, max-snippet:-1, max-image-preview:large, max-video-preview:-1\" \/>\n<link rel=\"canonical\" href=\"https:\/\/www.thinkupc.com\/es\/contacto\/\" \/>\n<meta property=\"og:locale\" content=\"es_ES\" \/>\n<meta property=\"og:type\" content=\"article\" \/>\n<meta property=\"og:title\" content=\"Contacto - ThinkUPC\" \/>\n<meta property=\"og:description\" content=\"Formulario de contacto\" \/>\n<meta property=\"og:url\" content=\"https:\/\/www.thinkupc.com\/es\/contacto\/\" \/>\n<meta property=\"og:site_name\" content=\"ThinkUPC\" \/>\n<meta property=\"article:modified_time\" content=\"2025-03-06T14:53:41+00:00\" \/>\n<meta property=\"og:image\" content=\"https:\/\/www.thinkupc.com\/wp-content\/uploads\/2024\/11\/chess.jpg\" \/>\n\t<meta property=\"og:image:width\" content=\"1530\" \/>\n\t<meta property=\"og:image:height\" content=\"859\" \/>\n\t<meta property=\"og:image:type\" content=\"image\/jpeg\" \/>\n<meta name=\"twitter:card\" content=\"summary_large_image\" \/>\n<script type=\"application\/ld+json\" class=\"yoast-schema-graph\">{\"@context\":\"https:\/\/schema.org\",\"@graph\":[{\"@type\":\"WebPage\",\"@id\":\"https:\/\/www.thinkupc.com\/es\/contacto\/\",\"url\":\"https:\/\/www.thinkupc.com\/es\/contacto\/\",\"name\":\"Contacto - ThinkUPC\",\"isPartOf\":{\"@id\":\"https:\/\/www.thinkupc.com\/es\/#website\"},\"primaryImageOfPage\":{\"@id\":\"https:\/\/www.thinkupc.com\/es\/contacto\/#primaryimage\"},\"image\":{\"@id\":\"https:\/\/www.thinkupc.com\/es\/contacto\/#primaryimage\"},\"thumbnailUrl\":\"https:\/\/www.thinkupc.com\/wp-content\/uploads\/2024\/11\/chess.jpg\",\"datePublished\":\"2024-10-31T13:46:55+00:00\",\"dateModified\":\"2025-03-06T14:53:41+00:00\",\"breadcrumb\":{\"@id\":\"https:\/\/www.thinkupc.com\/es\/contacto\/#breadcrumb\"},\"inLanguage\":\"es\",\"potentialAction\":[{\"@type\":\"ReadAction\",\"target\":[\"https:\/\/www.thinkupc.com\/es\/contacto\/\"]}]},{\"@type\":\"ImageObject\",\"inLanguage\":\"es\",\"@id\":\"https:\/\/www.thinkupc.com\/es\/contacto\/#primaryimage\",\"url\":\"https:\/\/www.thinkupc.com\/wp-content\/uploads\/2024\/11\/chess.jpg\",\"contentUrl\":\"https:\/\/www.thinkupc.com\/wp-content\/uploads\/2024\/11\/chess.jpg\",\"width\":1530,\"height\":859},{\"@type\":\"BreadcrumbList\",\"@id\":\"https:\/\/www.thinkupc.com\/es\/contacto\/#breadcrumb\",\"itemListElement\":[{\"@type\":\"ListItem\",\"position\":1,\"name\":\"Home\",\"item\":\"https:\/\/www.thinkupc.com\/es\/thinkupc\/\"},{\"@type\":\"ListItem\",\"position\":2,\"name\":\"Contacto\"}]},{\"@type\":\"WebSite\",\"@id\":\"https:\/\/www.thinkupc.com\/es\/#website\",\"url\":\"https:\/\/www.thinkupc.com\/es\/\",\"name\":\"ThinkUPC\",\"description\":\"One Step Ahead in the Digital World\",\"publisher\":{\"@id\":\"https:\/\/www.thinkupc.com\/es\/#organization\"},\"potentialAction\":[{\"@type\":\"SearchAction\",\"target\":{\"@type\":\"EntryPoint\",\"urlTemplate\":\"https:\/\/www.thinkupc.com\/es\/?s={search_term_string}\"},\"query-input\":{\"@type\":\"PropertyValueSpecification\",\"valueRequired\":true,\"valueName\":\"search_term_string\"}}],\"inLanguage\":\"es\"},{\"@type\":\"Organization\",\"@id\":\"https:\/\/www.thinkupc.com\/es\/#organization\",\"name\":\"ThinkUPC\",\"url\":\"https:\/\/www.thinkupc.com\/es\/\",\"logo\":{\"@type\":\"ImageObject\",\"inLanguage\":\"es\",\"@id\":\"https:\/\/www.thinkupc.com\/es\/#\/schema\/logo\/image\/\",\"url\":\"https:\/\/www.thinkupc.com\/wp-content\/uploads\/2025\/03\/logo-claim_B.png\",\"contentUrl\":\"https:\/\/www.thinkupc.com\/wp-content\/uploads\/2025\/03\/logo-claim_B.png\",\"width\":2325,\"height\":1027,\"caption\":\"ThinkUPC\"},\"image\":{\"@id\":\"https:\/\/www.thinkupc.com\/es\/#\/schema\/logo\/image\/\"},\"sameAs\":[\"https:\/\/bsky.app\/profile\/thinkupc.com\",\"https:\/\/es.linkedin.com\/company\/thinkupc\"]}]}<\/script>\n<!-- \/ Yoast SEO plugin. -->","yoast_head_json":{"title":"Contacto - ThinkUPC","robots":{"index":"index","follow":"follow","max-snippet":"max-snippet:-1","max-image-preview":"max-image-preview:large","max-video-preview":"max-video-preview:-1"},"canonical":"https:\/\/www.thinkupc.com\/es\/contacto\/","og_locale":"es_ES","og_type":"article","og_title":"Contacto - ThinkUPC","og_description":"Formulario de contacto","og_url":"https:\/\/www.thinkupc.com\/es\/contacto\/","og_site_name":"ThinkUPC","article_modified_time":"2025-03-06T14:53:41+00:00","og_image":[{"width":1530,"height":859,"url":"https:\/\/www.thinkupc.com\/wp-content\/uploads\/2024\/11\/chess.jpg","type":"image\/jpeg"}],"twitter_card":"summary_large_image","schema":{"@context":"https:\/\/schema.org","@graph":[{"@type":"WebPage","@id":"https:\/\/www.thinkupc.com\/es\/contacto\/","url":"https:\/\/www.thinkupc.com\/es\/contacto\/","name":"Contacto - ThinkUPC","isPartOf":{"@id":"https:\/\/www.thinkupc.com\/es\/#website"},"primaryImageOfPage":{"@id":"https:\/\/www.thinkupc.com\/es\/contacto\/#primaryimage"},"image":{"@id":"https:\/\/www.thinkupc.com\/es\/contacto\/#primaryimage"},"thumbnailUrl":"https:\/\/www.thinkupc.com\/wp-content\/uploads\/2024\/11\/chess.jpg","datePublished":"2024-10-31T13:46:55+00:00","dateModified":"2025-03-06T14:53:41+00:00","breadcrumb":{"@id":"https:\/\/www.thinkupc.com\/es\/contacto\/#breadcrumb"},"inLanguage":"es","potentialAction":[{"@type":"ReadAction","target":["https:\/\/www.thinkupc.com\/es\/contacto\/"]}]},{"@type":"ImageObject","inLanguage":"es","@id":"https:\/\/www.thinkupc.com\/es\/contacto\/#primaryimage","url":"https:\/\/www.thinkupc.com\/wp-content\/uploads\/2024\/11\/chess.jpg","contentUrl":"https:\/\/www.thinkupc.com\/wp-content\/uploads\/2024\/11\/chess.jpg","width":1530,"height":859},{"@type":"BreadcrumbList","@id":"https:\/\/www.thinkupc.com\/es\/contacto\/#breadcrumb","itemListElement":[{"@type":"ListItem","position":1,"name":"Home","item":"https:\/\/www.thinkupc.com\/es\/thinkupc\/"},{"@type":"ListItem","position":2,"name":"Contacto"}]},{"@type":"WebSite","@id":"https:\/\/www.thinkupc.com\/es\/#website","url":"https:\/\/www.thinkupc.com\/es\/","name":"ThinkUPC","description":"One Step Ahead in the Digital World","publisher":{"@id":"https:\/\/www.thinkupc.com\/es\/#organization"},"potentialAction":[{"@type":"SearchAction","target":{"@type":"EntryPoint","urlTemplate":"https:\/\/www.thinkupc.com\/es\/?s={search_term_string}"},"query-input":{"@type":"PropertyValueSpecification","valueRequired":true,"valueName":"search_term_string"}}],"inLanguage":"es"},{"@type":"Organization","@id":"https:\/\/www.thinkupc.com\/es\/#organization","name":"ThinkUPC","url":"https:\/\/www.thinkupc.com\/es\/","logo":{"@type":"ImageObject","inLanguage":"es","@id":"https:\/\/www.thinkupc.com\/es\/#\/schema\/logo\/image\/","url":"https:\/\/www.thinkupc.com\/wp-content\/uploads\/2025\/03\/logo-claim_B.png","contentUrl":"https:\/\/www.thinkupc.com\/wp-content\/uploads\/2025\/03\/logo-claim_B.png","width":2325,"height":1027,"caption":"ThinkUPC"},"image":{"@id":"https:\/\/www.thinkupc.com\/es\/#\/schema\/logo\/image\/"},"sameAs":["https:\/\/bsky.app\/profile\/thinkupc.com","https:\/\/es.linkedin.com\/company\/thinkupc"]}]}},"_links":{"self":[{"href":"https:\/\/www.thinkupc.com\/es\/wp-json\/wp\/v2\/pages\/5585","targetHints":{"allow":["GET"]}}],"collection":[{"href":"https:\/\/www.thinkupc.com\/es\/wp-json\/wp\/v2\/pages"}],"about":[{"href":"https:\/\/www.thinkupc.com\/es\/wp-json\/wp\/v2\/types\/page"}],"author":[{"embeddable":true,"href":"https:\/\/www.thinkupc.com\/es\/wp-json\/wp\/v2\/users\/2"}],"replies":[{"embeddable":true,"href":"https:\/\/www.thinkupc.com\/es\/wp-json\/wp\/v2\/comments?post=5585"}],"version-history":[{"count":0,"href":"https:\/\/www.thinkupc.com\/es\/wp-json\/wp\/v2\/pages\/5585\/revisions"}],"wp:featuredmedia":[{"embeddable":true,"href":"https:\/\/www.thinkupc.com\/es\/wp-json\/wp\/v2\/media\/4447"}],"wp:attachment":[{"href":"https:\/\/www.thinkupc.com\/es\/wp-json\/wp\/v2\/media?parent=5585"}],"wp:term":[{"taxonomy":"category","embeddable":true,"href":"https:\/\/www.thinkupc.com\/es\/wp-json\/wp\/v2\/categories?post=5585"},{"taxonomy":"post_tag","embeddable":true,"href":"https:\/\/www.thinkupc.com\/es\/wp-json\/wp\/v2\/tags?post=5585"}],"curies":[{"name":"wp","href":"https:\/\/api.w.org\/{rel}","templated":true}]}}