{"id":5253,"date":"2025-01-17T10:06:28","date_gmt":"2025-01-17T09:06:28","guid":{"rendered":"https:\/\/thinkupc.com\/transparencia\/"},"modified":"2026-04-23T11:23:36","modified_gmt":"2026-04-23T10:23:36","slug":"transparencia","status":"publish","type":"page","link":"https:\/\/www.thinkupc.com\/es\/transparencia\/","title":{"rendered":"Transparencia"},"content":{"rendered":"\t\t<div data-elementor-type=\"wp-page\" data-elementor-id=\"5253\" class=\"elementor elementor-5253 elementor-1953\" data-elementor-post-type=\"page\">\n\t\t\t\t<div class=\"elementor-element elementor-element-626f9a6 e-flex e-con-boxed e-con e-parent\" data-id=\"626f9a6\" data-element_type=\"container\" data-e-type=\"container\">\n\t\t\t\t\t<div class=\"e-con-inner\">\n\t\t\t\t<div class=\"elementor-element elementor-element-9c2cf6f elementor-widget elementor-widget-text-editor\" data-id=\"9c2cf6f\" data-element_type=\"widget\" data-e-type=\"widget\" data-widget_type=\"text-editor.default\">\n\t\t\t\t\t\t\t\t\t<h2>Informaci\u00f3n institucional de ThinkUPC<\/h2><h3>La Sociedad <\/h3><p>La Sociedad se constituy\u00f3 el 11 de octubre de 2016, como resultado de la escisi\u00f3n de la empresa UPCnet, constituida el 24 de noviembre de 1999. El 100% de las participaciones es propiedad de la Universidad Polit\u00e9cnica de Catalunya \u00b7 BarcelonaTech (UPC). <\/p><p>El domicilio fiscal y social est\u00e1 en la calle Gran Capit\u00e1n, n\u00famero 2-4, Edificio LEIA UPC, Barcelona 08034. El NIF es B66869033.<\/p><p>El 22 de diciembre de 2025 se modifica la denominaci\u00f3n social de IThinkUPC por la de ThinkUPC S.L., Sociedad Unipersonal. <\/p><h3>Funciones y actividad<\/h3><p>El objeto Social de la Sociedad como entidad del grupo de la Universidad Polit\u00e9cnica de Catalu\u00f1a, es la valoraci\u00f3n de la tecnolog\u00eda generada por \u00e9sta, y la transferencia al sector productivo de los resultados de la investigaci\u00f3n en el \u00e1rea de las TIC.<\/p><p>Esta valoraci\u00f3n y transferencia de conocimiento al sector productivo, se considera como actividad de inter\u00e9s general, de conformidad con lo dispuesto en el art.1.2 de la Ley Org\u00e1nica 6\/2001, de 21 de diciembre, que la conforma como funci\u00f3n de la Universidad al servicio de la sociedad, todo ello en el marco de la coordinaci\u00f3n con los agentes del sistema de ciencia y tecnolog\u00eda.<\/p><p>\u00c9sta, se concreta en la aportaci\u00f3n al sector productivo, de las aplicaciones resultantes de la investigaci\u00f3n cient\u00edfica en el \u00e1rea de las TIC; del desarrollo tecnol\u00f3gico y la innovaci\u00f3n; en el \u00e1mbito de conocimiento de la Universidad Polit\u00e9cnica de Catalu\u00f1a, de las aplicaciones de la investigaci\u00f3n en tecnolog\u00edas de anal\u00edtica y Big Data, aprendizaje continuo y gesti\u00f3n de infraestructuras TIC.<\/p><h3>Marco legal<\/h3><p>La Sociedad se rige por sus estatutos sociales y por la vigente Ley de Sociedades de Capital y la Ley de Contratos del Sector P\u00fablico.<\/p><h2>\u00d3rganos de gobierno<\/h2><h3>Junta de Socios<\/h3><p>La Junta de Socios es el \u00f3rgano que representa la propiedad de la empresa y nombra su administraci\u00f3n en el Consejo de Administraci\u00f3n. Est\u00e1 compuesta por el rector\/a de la UPC, como representante del socio \u00fanico de la Sociedad. <\/p><h3>Consejo de Administraci\u00f3n<\/h3><p>La designaci\u00f3n y composici\u00f3n de los miembros que integran el Consejo de Administraci\u00f3n de ThinkUPC se rigen por el Acuerdo n\u00fam. 124\/2004 del Consejo de Gobierno de la UPC; atendiendo al art\u00edculo 40 de los Estatutos de la UPC, aprobados por Decreto 225\/2003, de 23 de septiembre. Este art\u00edculo establece que \u00abla creaci\u00f3n, modificaci\u00f3n y supresi\u00f3n de las personas jur\u00eddicas del Grupo UPC, as\u00ed como la integraci\u00f3n de \u00e9stas en otras entidades, requiere la aprobaci\u00f3n del Consejo de Gobierno y la del Consejo Social, a propuesta del rector o la rectora\u00bb.  <\/p><p>Los miembros del Consejo de Administraci\u00f3n no perciben remuneraci\u00f3n alguna por este cargo.<\/p><p>Los miembros actuales del Consejo de Administraci\u00f3n son:<\/p><ul><li>Sr. Francesc Torres i Torres (Presidente y Consejero Delegado) <\/li><li>Sr. Agust\u00edn Fern\u00e1ndez Jim\u00e9nez (Consejero Delegado) <\/li><li>Sr. Francisco Javier Navallas Ramos <\/li><li>Sr. Josep Maria Vil\u00e0 Solanes <\/li><li>Sra. Montserrat Gu\u00e0rdia G\u00fcell <\/li><\/ul><p>Las funciones del Consejo de Administraci\u00f3n son:<\/p><ul><li>Liderar la empresa al m\u00e1ximo nivel y aprobar la Estrategia Corporativa<\/li><li>Representar a la empresa frente a terceros<\/li><li>Supervisar la gesti\u00f3n de la empresa<\/li><li>Aprobar los nombramientos y ceses de los Altos Directivos y supervisar su gesti\u00f3n<\/li><\/ul><h3>Direcci\u00f3n General<\/h3><p>Nombrado por el Consejo de Administraci\u00f3n, el Director General es la m\u00e1xima autoridad ejecutiva de la empresa. Elabora los planes a corto, medio y largo plazo siguiendo las directrices marcadas por el Consejo de Administraci\u00f3n y toma las decisiones referentes a la gesti\u00f3n y direcci\u00f3n administrativa de la empresa. El actual Director General de ThinkUPC es el sr. Jos\u00e9 Mar\u00eda Ciervo y Ruedas.   <\/p><h2>Informaci\u00f3n econ\u00f3mica<\/h2><h3>Cuentas anuales<\/h3><p>Las \u00faltimas cuentas auditadas y aprobadas son las siguientes: <\/p><p><a href=\"https:\/\/thinkupc.com\/wp-content\/uploads\/2025\/02\/comptes-anuals-auditats-ithinkupc-2021.pdf\">Cuentas anuales auditadas 2021<\/a><\/p><p><a href=\"https:\/\/thinkupc.com\/wp-content\/uploads\/2025\/02\/comptes-anuals-auditats-ithinkupc-2022.pdf\">Cuentas anuales auditadas 2022<\/a><\/p><p><a href=\"https:\/\/thinkupc.com\/wp-content\/uploads\/2025\/02\/comptes-anuals-auditats-ithinkupc-2023.pdf\">Cuentas anuales auditadas 2023<\/a><\/p><p><a href=\"https:\/\/www.thinkupc.com\/wp-content\/uploads\/2026\/04\/comptes-anuals-auditats-ithinkupc-2024.pdf\">Cuentas anuales auditadas 2023<\/a><\/p><h3>Contrataci\u00f3n <\/h3><p>En el espacio del <a href=\"https:\/\/contractaciopublica.gencat.cat\/ecofin_pscp\/AppJava\/cap.pscp?reqCode=viewDetail&amp;keyword=ithinkupc&amp;idCap=34655062&amp;ambit=&amp;\">perfil del contratante<\/a> puede encontrarse todo lo relacionado con la contrataci\u00f3n p\u00fablica, como los anuncios de licitaci\u00f3n, pliegos de cl\u00e1usulas administrativas particulares, pliegos de prescripciones t\u00e9cnicas, adjudicaciones, as\u00ed como cualquier otra documentaci\u00f3n necesaria para licitar.<\/p>\t\t\t\t\t\t\t\t<\/div>\n\t\t\t\t<div class=\"elementor-element elementor-element-c06820e elementor-widget elementor-widget-heading\" data-id=\"c06820e\" data-element_type=\"widget\" data-e-type=\"widget\" data-widget_type=\"heading.default\">\n\t\t\t\t\t<h2 class=\"elementor-heading-title elementor-size-default\">M\u00e1s informaci\u00f3n<\/h2>\t\t\t\t<\/div>\n\t\t\t\t\t<\/div>\n\t\t\t\t<\/div>\n\t\t<div class=\"elementor-element elementor-element-b4b42cc e-flex e-con-boxed e-con e-parent\" data-id=\"b4b42cc\" data-element_type=\"container\" data-e-type=\"container\">\n\t\t\t\t\t<div class=\"e-con-inner\">\n\t\t\t\t<div class=\"elementor-element elementor-element-31e2e08 elementor-button-align-center elementor-widget elementor-widget-form\" data-id=\"31e2e08\" data-element_type=\"widget\" data-e-type=\"widget\" data-settings=\"{&quot;step_next_label&quot;:&quot;Siguiente&quot;,&quot;step_previous_label&quot;:&quot;Previo&quot;,&quot;button_width&quot;:&quot;100&quot;,&quot;step_type&quot;:&quot;number_text&quot;,&quot;step_icon_shape&quot;:&quot;circle&quot;}\" data-widget_type=\"form.default\">\n\t\t\t\t\t\t\t<form class=\"elementor-form\" method=\"post\" name=\"Transparencia formulario\" aria-label=\"Transparencia formulario\">\n\t\t\t<input type=\"hidden\" name=\"post_id\" value=\"5253\"\/>\n\t\t\t<input type=\"hidden\" name=\"form_id\" value=\"31e2e08\"\/>\n\t\t\t<input type=\"hidden\" name=\"referer_title\" value=\"Transparencia - ThinkUPC\" \/>\n\n\t\t\t\t\t\t\t<input type=\"hidden\" name=\"queried_id\" value=\"5253\"\/>\n\t\t\t\n\t\t\t<div class=\"elementor-form-fields-wrapper elementor-labels-above\">\n\t\t\t\t\t\t\t\t<div class=\"elementor-field-type-text elementor-field-group elementor-column elementor-field-group-name elementor-col-50 elementor-field-required elementor-mark-required\">\n\t\t\t\t\t\t\t\t\t\t\t\t<label for=\"form-field-name\" class=\"elementor-field-label\">\n\t\t\t\t\t\t\t\tNombre\t\t\t\t\t\t\t<\/label>\n\t\t\t\t\t\t\t\t\t\t\t\t\t\t<input size=\"1\" type=\"text\" name=\"form_fields[name]\" id=\"form-field-name\" class=\"elementor-field elementor-size-md  elementor-field-textual\" placeholder=\"Nombre\" required=\"required\">\n\t\t\t\t\t\t\t\t\t\t\t<\/div>\n\t\t\t\t\t\t\t\t<div class=\"elementor-field-type-email elementor-field-group elementor-column elementor-field-group-email elementor-col-50 elementor-field-required elementor-mark-required\">\n\t\t\t\t\t\t\t\t\t\t\t\t<label for=\"form-field-email\" class=\"elementor-field-label\">\n\t\t\t\t\t\t\t\tCorreo de empresa\t\t\t\t\t\t\t<\/label>\n\t\t\t\t\t\t\t\t\t\t\t\t\t\t<input size=\"1\" type=\"email\" name=\"form_fields[email]\" id=\"form-field-email\" class=\"elementor-field elementor-size-md  elementor-field-textual\" placeholder=\"Correo de empresa\" required=\"required\">\n\t\t\t\t\t\t\t\t\t\t\t<\/div>\n\t\t\t\t\t\t\t\t<div class=\"elementor-field-type-textarea elementor-field-group elementor-column elementor-field-group-message elementor-col-100 elementor-field-required elementor-mark-required\">\n\t\t\t\t\t\t\t\t\t\t\t\t<label for=\"form-field-message\" class=\"elementor-field-label\">\n\t\t\t\t\t\t\t\tComentario\t\t\t\t\t\t\t<\/label>\n\t\t\t\t\t\t<textarea class=\"elementor-field-textual elementor-field  elementor-size-md\" name=\"form_fields[message]\" id=\"form-field-message\" rows=\"4\" placeholder=\"Comentario\" required=\"required\"><\/textarea>\t\t\t\t<\/div>\n\t\t\t\t\t\t\t\t<div class=\"elementor-field-type-acceptance elementor-field-group elementor-column elementor-field-group-field_7866a22 elementor-col-100 elementor-field-required elementor-mark-required\">\n\t\t\t\t\t\t\t<div class=\"elementor-field-subgroup\">\n\t\t\t<span class=\"elementor-field-option\">\n\t\t\t\t<input type=\"checkbox\" name=\"form_fields[field_7866a22]\" id=\"form-field-field_7866a22\" class=\"elementor-field elementor-size-md  elementor-acceptance-field\" required=\"required\">\n\t\t\t\t<label for=\"form-field-field_7866a22\">He le\u00eddo y acepto la pol\u00edtica de privacidad*<\/label>\t\t\t<\/span>\n\t\t<\/div>\n\t\t\t\t\t\t<\/div>\n\t\t\t\t\t\t\t\t<div class=\"elementor-field-type-checkbox elementor-field-group elementor-column elementor-field-group-field_e5be2fe elementor-col-100\">\n\t\t\t\t\t<div class=\"elementor-field-subgroup  \"><span class=\"elementor-field-option\"><input type=\"checkbox\" value=\"Autorizo \u200b\u200bel env\u00edo de comunicaciones informativas sobre los productos y servicios que ofrece ThinkUPC\" id=\"form-field-field_e5be2fe-0\" name=\"form_fields[field_e5be2fe]\"> <label for=\"form-field-field_e5be2fe-0\">Autorizo \u200b\u200bel env\u00edo de comunicaciones informativas sobre los productos y servicios que ofrece ThinkUPC<\/label><\/span><\/div>\t\t\t\t<\/div>\n\t\t\t\t\t\t\t\t<div class=\"elementor-field-type-html elementor-field-group elementor-column elementor-field-group-field_eadecad elementor-col-100\">\n\t\t\t\t\t<div style=\"font-size:75%; border:1px solid lightgrey; padding:15px  \">INFORMACI\u00d3N B\u00c1SICA SOBRE PROTECCI\u00d3N DE DATOS<br><strong>1. Responsable<\/strong>: ThinkUPC, S.L. Sociedad Unipersonal. <br>       <strong>2. Finalidad:<\/strong> atender consultas y solicitudes.<br>       <strong>3. Base legal:<\/strong> la autorizaci\u00f3n mediante la aceptaci\u00f3n de la presente pol\u00edtica de protecci\u00f3n de datos.<br>      <strong>4. Destinatarios:<\/strong> no cederemos datos a terceros, salvo por obligaci\u00f3n legal y los estrictamente necesarios.<br>      <strong>5. Derechos:<\/strong> puedes ejercer tus derechos de acceso, rectificaci\u00f3n y supresi\u00f3n, as\u00ed como los dem\u00e1s derechos reconocidos en la normativa vigente, envi\u00e1ndonos un mensaje a  <span class=\"correu\">privacy<img decoding=\"async\" src=\"https:\/\/thinkupc.com\/wp-content\/uploads\/2025\/02\/arroba@2x.png\" style=\"height:12px; vertical-align:middle; margin:1px\"> ithinkupc.com.<br><strong>6. M\u00e1s Informaci\u00f3n:<\/strong> consulta nuestra<\/span> <strong data-v-00dad9df=\"\"> <a data-v-00dad9df=\"\" href=\"https:\/\/www.thinkupc.com\/es\/politica-de-privacidad\/\" class=\"\">pol\u00edtica completa de protecci\u00f3n de datos.<\/a><\/strong><\/div>\t\t\t\t<\/div>\n\t\t\t\t\t\t\t\t<div class=\"elementor-field-type-recaptcha_v3 elementor-field-group elementor-column elementor-field-group-field_64d284e elementor-col-100 recaptcha_v3-bottomright\">\n\t\t\t\t\t<div class=\"elementor-field\" id=\"form-field-field_64d284e\"><div class=\"elementor-g-recaptcha\" data-sitekey=\"6Lcv7HEsAAAAAD1ZhvVjg6iWLCWg3dOMYqNC1Y2W\" data-type=\"v3\" data-action=\"Form\" data-badge=\"bottomright\" data-size=\"invisible\"><\/div><\/div>\t\t\t\t<\/div>\n\t\t\t\t\t\t\t\t<div class=\"elementor-field-group elementor-column elementor-field-type-submit elementor-col-100 e-form__buttons\">\n\t\t\t\t\t<button class=\"elementor-button elementor-size-sm\" type=\"submit\" id=\"contacte\">\n\t\t\t\t\t\t<span class=\"elementor-button-content-wrapper\">\n\t\t\t\t\t\t\t\t\t\t\t\t\t\t\t\t\t\t\t\t\t\t<span class=\"elementor-button-text\">Env\u00eda el formulario<\/span>\n\t\t\t\t\t\t\t\t\t\t\t\t\t<\/span>\n\t\t\t\t\t<\/button>\n\t\t\t\t<\/div>\n\t\t\t<\/div>\n\t\t<\/form>\n\t\t\t\t\t\t<\/div>\n\t\t\t\t\t<\/div>\n\t\t\t\t<\/div>\n\t\t\t\t<\/div>\n\t\t","protected":false},"excerpt":{"rendered":"<p>Informaci\u00f3n institucional de ThinkUPC, \u00f3rgans de gobierno e informaci\u00f3n econ\u00f3mica de ThinkUPC.<\/p>\n","protected":false},"author":2,"featured_media":4737,"parent":0,"menu_order":0,"comment_status":"closed","ping_status":"closed","template":"","meta":{"_acf_changed":false,"footnotes":""},"categories":[133],"tags":[244],"class_list":["post-5253","page","type-page","status-publish","has-post-thumbnail","hentry","category-sin-categoria","tag-transparencia-es"],"acf":[],"yoast_head":"<!-- This site is optimized with the Yoast SEO plugin v27.4 - https:\/\/yoast.com\/product\/yoast-seo-wordpress\/ -->\n<title>Transparencia - ThinkUPC<\/title>\n<meta name=\"description\" content=\"Informaci\u00f3 institucional, \u00f2rgans de govern i informaci\u00f3 econ\u00f2mica de ThinkUPC.\" \/>\n<meta name=\"robots\" content=\"index, follow, max-snippet:-1, max-image-preview:large, max-video-preview:-1\" \/>\n<link rel=\"canonical\" href=\"https:\/\/www.thinkupc.com\/es\/transparencia\/\" \/>\n<meta property=\"og:locale\" content=\"es_ES\" \/>\n<meta property=\"og:type\" content=\"article\" \/>\n<meta property=\"og:title\" content=\"Transparencia - ThinkUPC\" \/>\n<meta property=\"og:description\" content=\"Informaci\u00f3 institucional, \u00f2rgans de govern i informaci\u00f3 econ\u00f2mica de ThinkUPC.\" \/>\n<meta property=\"og:url\" content=\"https:\/\/www.thinkupc.com\/es\/transparencia\/\" \/>\n<meta property=\"og:site_name\" content=\"ThinkUPC\" \/>\n<meta property=\"article:modified_time\" content=\"2026-04-23T10:23:36+00:00\" \/>\n<meta property=\"og:image\" content=\"https:\/\/www.thinkupc.com\/wp-content\/uploads\/2025\/01\/universitat-corporativa-suez.jpg\" \/>\n\t<meta property=\"og:image:width\" content=\"800\" \/>\n\t<meta property=\"og:image:height\" content=\"450\" \/>\n\t<meta property=\"og:image:type\" content=\"image\/jpeg\" \/>\n<meta name=\"twitter:card\" content=\"summary_large_image\" \/>\n<meta name=\"twitter:label1\" content=\"Tiempo de lectura\" \/>\n\t<meta name=\"twitter:data1\" content=\"4 minutos\" \/>\n<script type=\"application\/ld+json\" class=\"yoast-schema-graph\">{\"@context\":\"https:\\\/\\\/schema.org\",\"@graph\":[{\"@type\":\"WebPage\",\"@id\":\"https:\\\/\\\/www.thinkupc.com\\\/es\\\/transparencia\\\/\",\"url\":\"https:\\\/\\\/www.thinkupc.com\\\/es\\\/transparencia\\\/\",\"name\":\"Transparencia - ThinkUPC\",\"isPartOf\":{\"@id\":\"https:\\\/\\\/www.thinkupc.com\\\/es\\\/#website\"},\"primaryImageOfPage\":{\"@id\":\"https:\\\/\\\/www.thinkupc.com\\\/es\\\/transparencia\\\/#primaryimage\"},\"image\":{\"@id\":\"https:\\\/\\\/www.thinkupc.com\\\/es\\\/transparencia\\\/#primaryimage\"},\"thumbnailUrl\":\"https:\\\/\\\/www.thinkupc.com\\\/wp-content\\\/uploads\\\/2025\\\/01\\\/universitat-corporativa-suez.jpg\",\"datePublished\":\"2025-01-17T09:06:28+00:00\",\"dateModified\":\"2026-04-23T10:23:36+00:00\",\"description\":\"Informaci\u00f3 institucional, \u00f2rgans de govern i informaci\u00f3 econ\u00f2mica de ThinkUPC.\",\"breadcrumb\":{\"@id\":\"https:\\\/\\\/www.thinkupc.com\\\/es\\\/transparencia\\\/#breadcrumb\"},\"inLanguage\":\"es\",\"potentialAction\":[{\"@type\":\"ReadAction\",\"target\":[\"https:\\\/\\\/www.thinkupc.com\\\/es\\\/transparencia\\\/\"]}]},{\"@type\":\"ImageObject\",\"inLanguage\":\"es\",\"@id\":\"https:\\\/\\\/www.thinkupc.com\\\/es\\\/transparencia\\\/#primaryimage\",\"url\":\"https:\\\/\\\/www.thinkupc.com\\\/wp-content\\\/uploads\\\/2025\\\/01\\\/universitat-corporativa-suez.jpg\",\"contentUrl\":\"https:\\\/\\\/www.thinkupc.com\\\/wp-content\\\/uploads\\\/2025\\\/01\\\/universitat-corporativa-suez.jpg\",\"width\":800,\"height\":450,\"caption\":\"Universidad Corporativa de Suez Spain\"},{\"@type\":\"BreadcrumbList\",\"@id\":\"https:\\\/\\\/www.thinkupc.com\\\/es\\\/transparencia\\\/#breadcrumb\",\"itemListElement\":[{\"@type\":\"ListItem\",\"position\":1,\"name\":\"Home\",\"item\":\"https:\\\/\\\/www.thinkupc.com\\\/es\\\/thinkupc\\\/\"},{\"@type\":\"ListItem\",\"position\":2,\"name\":\"Transparencia\"}]},{\"@type\":\"WebSite\",\"@id\":\"https:\\\/\\\/www.thinkupc.com\\\/es\\\/#website\",\"url\":\"https:\\\/\\\/www.thinkupc.com\\\/es\\\/\",\"name\":\"ThinkUPC\",\"description\":\"One Step Ahead in the Digital World\",\"publisher\":{\"@id\":\"https:\\\/\\\/www.thinkupc.com\\\/es\\\/#organization\"},\"potentialAction\":[{\"@type\":\"SearchAction\",\"target\":{\"@type\":\"EntryPoint\",\"urlTemplate\":\"https:\\\/\\\/www.thinkupc.com\\\/es\\\/?s={search_term_string}\"},\"query-input\":{\"@type\":\"PropertyValueSpecification\",\"valueRequired\":true,\"valueName\":\"search_term_string\"}}],\"inLanguage\":\"es\"},{\"@type\":\"Organization\",\"@id\":\"https:\\\/\\\/www.thinkupc.com\\\/es\\\/#organization\",\"name\":\"ThinkUPC\",\"url\":\"https:\\\/\\\/www.thinkupc.com\\\/es\\\/\",\"logo\":{\"@type\":\"ImageObject\",\"inLanguage\":\"es\",\"@id\":\"https:\\\/\\\/www.thinkupc.com\\\/es\\\/#\\\/schema\\\/logo\\\/image\\\/\",\"url\":\"https:\\\/\\\/www.thinkupc.com\\\/wp-content\\\/uploads\\\/2025\\\/03\\\/logo-claim_B.png\",\"contentUrl\":\"https:\\\/\\\/www.thinkupc.com\\\/wp-content\\\/uploads\\\/2025\\\/03\\\/logo-claim_B.png\",\"width\":2325,\"height\":1027,\"caption\":\"ThinkUPC\"},\"image\":{\"@id\":\"https:\\\/\\\/www.thinkupc.com\\\/es\\\/#\\\/schema\\\/logo\\\/image\\\/\"},\"sameAs\":[\"https:\\\/\\\/bsky.app\\\/profile\\\/thinkupc.com\",\"https:\\\/\\\/es.linkedin.com\\\/company\\\/thinkupc\"]}]}<\/script>\n<!-- \/ Yoast SEO plugin. -->","yoast_head_json":{"title":"Transparencia - ThinkUPC","description":"Informaci\u00f3 institucional, \u00f2rgans de govern i informaci\u00f3 econ\u00f2mica de ThinkUPC.","robots":{"index":"index","follow":"follow","max-snippet":"max-snippet:-1","max-image-preview":"max-image-preview:large","max-video-preview":"max-video-preview:-1"},"canonical":"https:\/\/www.thinkupc.com\/es\/transparencia\/","og_locale":"es_ES","og_type":"article","og_title":"Transparencia - ThinkUPC","og_description":"Informaci\u00f3 institucional, \u00f2rgans de govern i informaci\u00f3 econ\u00f2mica de ThinkUPC.","og_url":"https:\/\/www.thinkupc.com\/es\/transparencia\/","og_site_name":"ThinkUPC","article_modified_time":"2026-04-23T10:23:36+00:00","og_image":[{"width":800,"height":450,"url":"https:\/\/www.thinkupc.com\/wp-content\/uploads\/2025\/01\/universitat-corporativa-suez.jpg","type":"image\/jpeg"}],"twitter_card":"summary_large_image","twitter_misc":{"Tiempo de lectura":"4 minutos"},"schema":{"@context":"https:\/\/schema.org","@graph":[{"@type":"WebPage","@id":"https:\/\/www.thinkupc.com\/es\/transparencia\/","url":"https:\/\/www.thinkupc.com\/es\/transparencia\/","name":"Transparencia - ThinkUPC","isPartOf":{"@id":"https:\/\/www.thinkupc.com\/es\/#website"},"primaryImageOfPage":{"@id":"https:\/\/www.thinkupc.com\/es\/transparencia\/#primaryimage"},"image":{"@id":"https:\/\/www.thinkupc.com\/es\/transparencia\/#primaryimage"},"thumbnailUrl":"https:\/\/www.thinkupc.com\/wp-content\/uploads\/2025\/01\/universitat-corporativa-suez.jpg","datePublished":"2025-01-17T09:06:28+00:00","dateModified":"2026-04-23T10:23:36+00:00","description":"Informaci\u00f3 institucional, \u00f2rgans de govern i informaci\u00f3 econ\u00f2mica de ThinkUPC.","breadcrumb":{"@id":"https:\/\/www.thinkupc.com\/es\/transparencia\/#breadcrumb"},"inLanguage":"es","potentialAction":[{"@type":"ReadAction","target":["https:\/\/www.thinkupc.com\/es\/transparencia\/"]}]},{"@type":"ImageObject","inLanguage":"es","@id":"https:\/\/www.thinkupc.com\/es\/transparencia\/#primaryimage","url":"https:\/\/www.thinkupc.com\/wp-content\/uploads\/2025\/01\/universitat-corporativa-suez.jpg","contentUrl":"https:\/\/www.thinkupc.com\/wp-content\/uploads\/2025\/01\/universitat-corporativa-suez.jpg","width":800,"height":450,"caption":"Universidad Corporativa de Suez Spain"},{"@type":"BreadcrumbList","@id":"https:\/\/www.thinkupc.com\/es\/transparencia\/#breadcrumb","itemListElement":[{"@type":"ListItem","position":1,"name":"Home","item":"https:\/\/www.thinkupc.com\/es\/thinkupc\/"},{"@type":"ListItem","position":2,"name":"Transparencia"}]},{"@type":"WebSite","@id":"https:\/\/www.thinkupc.com\/es\/#website","url":"https:\/\/www.thinkupc.com\/es\/","name":"ThinkUPC","description":"One Step Ahead in the Digital World","publisher":{"@id":"https:\/\/www.thinkupc.com\/es\/#organization"},"potentialAction":[{"@type":"SearchAction","target":{"@type":"EntryPoint","urlTemplate":"https:\/\/www.thinkupc.com\/es\/?s={search_term_string}"},"query-input":{"@type":"PropertyValueSpecification","valueRequired":true,"valueName":"search_term_string"}}],"inLanguage":"es"},{"@type":"Organization","@id":"https:\/\/www.thinkupc.com\/es\/#organization","name":"ThinkUPC","url":"https:\/\/www.thinkupc.com\/es\/","logo":{"@type":"ImageObject","inLanguage":"es","@id":"https:\/\/www.thinkupc.com\/es\/#\/schema\/logo\/image\/","url":"https:\/\/www.thinkupc.com\/wp-content\/uploads\/2025\/03\/logo-claim_B.png","contentUrl":"https:\/\/www.thinkupc.com\/wp-content\/uploads\/2025\/03\/logo-claim_B.png","width":2325,"height":1027,"caption":"ThinkUPC"},"image":{"@id":"https:\/\/www.thinkupc.com\/es\/#\/schema\/logo\/image\/"},"sameAs":["https:\/\/bsky.app\/profile\/thinkupc.com","https:\/\/es.linkedin.com\/company\/thinkupc"]}]}},"_links":{"self":[{"href":"https:\/\/www.thinkupc.com\/es\/wp-json\/wp\/v2\/pages\/5253","targetHints":{"allow":["GET"]}}],"collection":[{"href":"https:\/\/www.thinkupc.com\/es\/wp-json\/wp\/v2\/pages"}],"about":[{"href":"https:\/\/www.thinkupc.com\/es\/wp-json\/wp\/v2\/types\/page"}],"author":[{"embeddable":true,"href":"https:\/\/www.thinkupc.com\/es\/wp-json\/wp\/v2\/users\/2"}],"replies":[{"embeddable":true,"href":"https:\/\/www.thinkupc.com\/es\/wp-json\/wp\/v2\/comments?post=5253"}],"version-history":[{"count":16,"href":"https:\/\/www.thinkupc.com\/es\/wp-json\/wp\/v2\/pages\/5253\/revisions"}],"predecessor-version":[{"id":14466,"href":"https:\/\/www.thinkupc.com\/es\/wp-json\/wp\/v2\/pages\/5253\/revisions\/14466"}],"wp:featuredmedia":[{"embeddable":true,"href":"https:\/\/www.thinkupc.com\/es\/wp-json\/wp\/v2\/media\/4737"}],"wp:attachment":[{"href":"https:\/\/www.thinkupc.com\/es\/wp-json\/wp\/v2\/media?parent=5253"}],"wp:term":[{"taxonomy":"category","embeddable":true,"href":"https:\/\/www.thinkupc.com\/es\/wp-json\/wp\/v2\/categories?post=5253"},{"taxonomy":"post_tag","embeddable":true,"href":"https:\/\/www.thinkupc.com\/es\/wp-json\/wp\/v2\/tags?post=5253"}],"curies":[{"name":"wp","href":"https:\/\/api.w.org\/{rel}","templated":true}]}}