{"id":5215,"date":"2025-01-15T11:06:38","date_gmt":"2025-01-15T10:06:38","guid":{"rendered":"https:\/\/thinkupc.com\/security-operations-center\/"},"modified":"2025-02-28T12:39:37","modified_gmt":"2025-02-28T11:39:37","slug":"security-operations-center","status":"publish","type":"page","link":"https:\/\/www.thinkupc.com\/es\/servicios\/cybersecurity-everywhere\/security-operations-center\/","title":{"rendered":"Security Operations Center"},"content":{"rendered":"\t\t<div data-elementor-type=\"wp-page\" data-elementor-id=\"5215\" class=\"elementor elementor-5215 elementor-1666\" data-elementor-post-type=\"page\">\n\t\t\t\t<div class=\"elementor-element elementor-element-ed295c7 e-flex e-con-boxed e-con e-parent\" data-id=\"ed295c7\" data-element_type=\"container\" data-e-type=\"container\">\n\t\t\t\t\t<div class=\"e-con-inner\">\n\t\t\t\t<div class=\"elementor-element elementor-element-584dc96 elementor-widget elementor-widget-heading\" data-id=\"584dc96\" data-element_type=\"widget\" data-e-type=\"widget\" data-widget_type=\"heading.default\">\n\t\t\t\t\t<h2 class=\"elementor-heading-title elementor-size-default\">Gesti\u00f3n integral de las operaciones de seguridad: monitorizaci\u00f3n, detecci\u00f3n y respuesta a incidentes, an\u00e1lisis experto, etc.\n\n\n<\/h2>\t\t\t\t<\/div>\n\t\t\t\t\t<\/div>\n\t\t\t\t<\/div>\n\t\t<div class=\"elementor-element elementor-element-6e28fcd e-flex e-con-boxed e-con e-parent\" data-id=\"6e28fcd\" data-element_type=\"container\" data-e-type=\"container\">\n\t\t\t\t\t<div class=\"e-con-inner\">\n\t\t\t\t<div class=\"elementor-element elementor-element-1f964c5 elementor-widget elementor-widget-image\" data-id=\"1f964c5\" data-element_type=\"widget\" data-e-type=\"widget\" data-widget_type=\"image.default\">\n\t\t\t\t\t\t\t\t\t\t\t\t\t\t\t<img fetchpriority=\"high\" decoding=\"async\" width=\"677\" height=\"383\" src=\"https:\/\/www.thinkupc.com\/wp-content\/uploads\/2025\/01\/img-ce-soc.png\" class=\"attachment-full size-full wp-image-4896\" alt=\"\" srcset=\"https:\/\/www.thinkupc.com\/wp-content\/uploads\/2025\/01\/img-ce-soc.png 677w, https:\/\/www.thinkupc.com\/wp-content\/uploads\/2025\/01\/img-ce-soc-300x170.png 300w\" sizes=\"(max-width: 677px) 100vw, 677px\" \/>\t\t\t\t\t\t\t\t\t\t\t\t\t\t\t<\/div>\n\t\t\t\t\t<\/div>\n\t\t\t\t<\/div>\n\t\t<div class=\"elementor-element elementor-element-60f8e3e e-flex e-con-boxed e-con e-parent\" data-id=\"60f8e3e\" data-element_type=\"container\" data-e-type=\"container\">\n\t\t\t\t\t<div class=\"e-con-inner\">\n\t\t\t\t<div class=\"elementor-element elementor-element-29f33a8 elementor-widget elementor-widget-text-editor\" data-id=\"29f33a8\" data-element_type=\"widget\" data-e-type=\"widget\" data-widget_type=\"text-editor.default\">\n\t\t\t\t\t\t\t\t\t<p><strong>SOC-as-a-Service<\/strong> flexible y adaptable para gestionar con agilidad y precisi\u00f3n, sin intervenciones ni personal dedicado.\n<\/p>\n<ol>\n \t<li>Uso de herramientas de IA que permitan una <strong>detecci\u00f3n proactiva y en tiempo real <\/strong>de incidentes y ataques.<\/li>\n \t<li>Con un <strong>equipo de analistas expertos<\/strong> que monitorizan todos los eventos y detectan falsos positivos.<\/li>\n \t<li><strong>Visibilidad global <\/strong>con informes, an\u00e1lisis detallados y dashboards dise\u00f1ados para cada perfil.<\/li>\n \t<li>Con procedimientos espec\u00edficos y <strong>horarios a medida<\/strong> de las necesidades de cada cliente, incluido 24&#215;7.<\/li>\n<\/ol>\t\t\t\t\t\t\t\t<\/div>\n\t\t\t\t\t<\/div>\n\t\t\t\t<\/div>\n\t\t\t\t<\/div>\n\t\t","protected":false},"excerpt":{"rendered":"<p>Gesti\u00f3n integral de las operaciones de seguridad: monitorizaci\u00f3n, detecci\u00f3n y respuesta a incidentes, an\u00e1lisis experto, etc. SOC-as-a-Service flexible y adaptable para gestionar con agilidad y precisi\u00f3n, sin intervenciones ni personal dedicado. Uso de herramientas de IA que permitan una detecci\u00f3n proactiva y en tiempo real de incidentes y ataques. Con un equipo de analistas expertos [&hellip;]<\/p>\n","protected":false},"author":2,"featured_media":0,"parent":5242,"menu_order":2,"comment_status":"closed","ping_status":"closed","template":"","meta":{"_acf_changed":false,"footnotes":""},"categories":[159,161,148],"tags":[227],"class_list":["post-5215","page","type-page","status-publish","hentry","category-cybersecurity-everywhere-es","category-security-operations-center-es","category-servicios","tag-security-operations-center-es"],"acf":[],"yoast_head":"<!-- This site is optimized with the Yoast SEO plugin v27.4 - https:\/\/yoast.com\/product\/yoast-seo-wordpress\/ -->\n<title>Security Operations Center - ThinkUPC<\/title>\n<meta name=\"robots\" content=\"index, follow, max-snippet:-1, max-image-preview:large, max-video-preview:-1\" \/>\n<link rel=\"canonical\" href=\"https:\/\/www.thinkupc.com\/es\/servicios\/cybersecurity-everywhere\/security-operations-center\/\" \/>\n<meta property=\"og:locale\" content=\"es_ES\" \/>\n<meta property=\"og:type\" content=\"article\" \/>\n<meta property=\"og:title\" content=\"Security Operations Center - ThinkUPC\" \/>\n<meta property=\"og:description\" content=\"Gesti\u00f3n integral de las operaciones de seguridad: monitorizaci\u00f3n, detecci\u00f3n y respuesta a incidentes, an\u00e1lisis experto, etc. SOC-as-a-Service flexible y adaptable para gestionar con agilidad y precisi\u00f3n, sin intervenciones ni personal dedicado. Uso de herramientas de IA que permitan una detecci\u00f3n proactiva y en tiempo real de incidentes y ataques. Con un equipo de analistas expertos [&hellip;]\" \/>\n<meta property=\"og:url\" content=\"https:\/\/www.thinkupc.com\/es\/servicios\/cybersecurity-everywhere\/security-operations-center\/\" \/>\n<meta property=\"og:site_name\" content=\"ThinkUPC\" \/>\n<meta property=\"article:modified_time\" content=\"2025-02-28T11:39:37+00:00\" \/>\n<meta property=\"og:image\" content=\"https:\/\/www.thinkupc.com\/wp-content\/uploads\/2025\/01\/img-ce-soc.png\" \/>\n<meta name=\"twitter:card\" content=\"summary_large_image\" \/>\n<meta name=\"twitter:label1\" content=\"Tiempo de lectura\" \/>\n\t<meta name=\"twitter:data1\" content=\"1 minuto\" \/>\n<script type=\"application\/ld+json\" class=\"yoast-schema-graph\">{\"@context\":\"https:\\\/\\\/schema.org\",\"@graph\":[{\"@type\":\"WebPage\",\"@id\":\"https:\\\/\\\/www.thinkupc.com\\\/es\\\/servicios\\\/cybersecurity-everywhere\\\/security-operations-center\\\/\",\"url\":\"https:\\\/\\\/www.thinkupc.com\\\/es\\\/servicios\\\/cybersecurity-everywhere\\\/security-operations-center\\\/\",\"name\":\"Security Operations Center - ThinkUPC\",\"isPartOf\":{\"@id\":\"https:\\\/\\\/www.thinkupc.com\\\/es\\\/#website\"},\"primaryImageOfPage\":{\"@id\":\"https:\\\/\\\/www.thinkupc.com\\\/es\\\/servicios\\\/cybersecurity-everywhere\\\/security-operations-center\\\/#primaryimage\"},\"image\":{\"@id\":\"https:\\\/\\\/www.thinkupc.com\\\/es\\\/servicios\\\/cybersecurity-everywhere\\\/security-operations-center\\\/#primaryimage\"},\"thumbnailUrl\":\"https:\\\/\\\/www.thinkupc.com\\\/wp-content\\\/uploads\\\/2025\\\/01\\\/img-ce-soc.png\",\"datePublished\":\"2025-01-15T10:06:38+00:00\",\"dateModified\":\"2025-02-28T11:39:37+00:00\",\"breadcrumb\":{\"@id\":\"https:\\\/\\\/www.thinkupc.com\\\/es\\\/servicios\\\/cybersecurity-everywhere\\\/security-operations-center\\\/#breadcrumb\"},\"inLanguage\":\"es\",\"potentialAction\":[{\"@type\":\"ReadAction\",\"target\":[\"https:\\\/\\\/www.thinkupc.com\\\/es\\\/servicios\\\/cybersecurity-everywhere\\\/security-operations-center\\\/\"]}]},{\"@type\":\"ImageObject\",\"inLanguage\":\"es\",\"@id\":\"https:\\\/\\\/www.thinkupc.com\\\/es\\\/servicios\\\/cybersecurity-everywhere\\\/security-operations-center\\\/#primaryimage\",\"url\":\"https:\\\/\\\/www.thinkupc.com\\\/wp-content\\\/uploads\\\/2025\\\/01\\\/img-ce-soc.png\",\"contentUrl\":\"https:\\\/\\\/www.thinkupc.com\\\/wp-content\\\/uploads\\\/2025\\\/01\\\/img-ce-soc.png\"},{\"@type\":\"BreadcrumbList\",\"@id\":\"https:\\\/\\\/www.thinkupc.com\\\/es\\\/servicios\\\/cybersecurity-everywhere\\\/security-operations-center\\\/#breadcrumb\",\"itemListElement\":[{\"@type\":\"ListItem\",\"position\":1,\"name\":\"Home\",\"item\":\"https:\\\/\\\/www.thinkupc.com\\\/es\\\/thinkupc\\\/\"},{\"@type\":\"ListItem\",\"position\":2,\"name\":\"Servicios\",\"item\":\"https:\\\/\\\/www.thinkupc.com\\\/es\\\/serveis\\\/\"},{\"@type\":\"ListItem\",\"position\":3,\"name\":\"Cybersecurity Everywhere\",\"item\":\"https:\\\/\\\/www.thinkupc.com\\\/es\\\/serveis\\\/cybersecurity-everywhere\\\/\"},{\"@type\":\"ListItem\",\"position\":4,\"name\":\"Security Operations Center\"}]},{\"@type\":\"WebSite\",\"@id\":\"https:\\\/\\\/www.thinkupc.com\\\/es\\\/#website\",\"url\":\"https:\\\/\\\/www.thinkupc.com\\\/es\\\/\",\"name\":\"ThinkUPC\",\"description\":\"One Step Ahead in the Digital World\",\"publisher\":{\"@id\":\"https:\\\/\\\/www.thinkupc.com\\\/es\\\/#organization\"},\"potentialAction\":[{\"@type\":\"SearchAction\",\"target\":{\"@type\":\"EntryPoint\",\"urlTemplate\":\"https:\\\/\\\/www.thinkupc.com\\\/es\\\/?s={search_term_string}\"},\"query-input\":{\"@type\":\"PropertyValueSpecification\",\"valueRequired\":true,\"valueName\":\"search_term_string\"}}],\"inLanguage\":\"es\"},{\"@type\":\"Organization\",\"@id\":\"https:\\\/\\\/www.thinkupc.com\\\/es\\\/#organization\",\"name\":\"ThinkUPC\",\"url\":\"https:\\\/\\\/www.thinkupc.com\\\/es\\\/\",\"logo\":{\"@type\":\"ImageObject\",\"inLanguage\":\"es\",\"@id\":\"https:\\\/\\\/www.thinkupc.com\\\/es\\\/#\\\/schema\\\/logo\\\/image\\\/\",\"url\":\"https:\\\/\\\/www.thinkupc.com\\\/wp-content\\\/uploads\\\/2025\\\/03\\\/logo-claim_B.png\",\"contentUrl\":\"https:\\\/\\\/www.thinkupc.com\\\/wp-content\\\/uploads\\\/2025\\\/03\\\/logo-claim_B.png\",\"width\":2325,\"height\":1027,\"caption\":\"ThinkUPC\"},\"image\":{\"@id\":\"https:\\\/\\\/www.thinkupc.com\\\/es\\\/#\\\/schema\\\/logo\\\/image\\\/\"},\"sameAs\":[\"https:\\\/\\\/bsky.app\\\/profile\\\/thinkupc.com\",\"https:\\\/\\\/es.linkedin.com\\\/company\\\/thinkupc\"]}]}<\/script>\n<!-- \/ Yoast SEO plugin. -->","yoast_head_json":{"title":"Security Operations Center - ThinkUPC","robots":{"index":"index","follow":"follow","max-snippet":"max-snippet:-1","max-image-preview":"max-image-preview:large","max-video-preview":"max-video-preview:-1"},"canonical":"https:\/\/www.thinkupc.com\/es\/servicios\/cybersecurity-everywhere\/security-operations-center\/","og_locale":"es_ES","og_type":"article","og_title":"Security Operations Center - ThinkUPC","og_description":"Gesti\u00f3n integral de las operaciones de seguridad: monitorizaci\u00f3n, detecci\u00f3n y respuesta a incidentes, an\u00e1lisis experto, etc. SOC-as-a-Service flexible y adaptable para gestionar con agilidad y precisi\u00f3n, sin intervenciones ni personal dedicado. Uso de herramientas de IA que permitan una detecci\u00f3n proactiva y en tiempo real de incidentes y ataques. Con un equipo de analistas expertos [&hellip;]","og_url":"https:\/\/www.thinkupc.com\/es\/servicios\/cybersecurity-everywhere\/security-operations-center\/","og_site_name":"ThinkUPC","article_modified_time":"2025-02-28T11:39:37+00:00","og_image":[{"url":"https:\/\/www.thinkupc.com\/wp-content\/uploads\/2025\/01\/img-ce-soc.png","type":"","width":"","height":""}],"twitter_card":"summary_large_image","twitter_misc":{"Tiempo de lectura":"1 minuto"},"schema":{"@context":"https:\/\/schema.org","@graph":[{"@type":"WebPage","@id":"https:\/\/www.thinkupc.com\/es\/servicios\/cybersecurity-everywhere\/security-operations-center\/","url":"https:\/\/www.thinkupc.com\/es\/servicios\/cybersecurity-everywhere\/security-operations-center\/","name":"Security Operations Center - ThinkUPC","isPartOf":{"@id":"https:\/\/www.thinkupc.com\/es\/#website"},"primaryImageOfPage":{"@id":"https:\/\/www.thinkupc.com\/es\/servicios\/cybersecurity-everywhere\/security-operations-center\/#primaryimage"},"image":{"@id":"https:\/\/www.thinkupc.com\/es\/servicios\/cybersecurity-everywhere\/security-operations-center\/#primaryimage"},"thumbnailUrl":"https:\/\/www.thinkupc.com\/wp-content\/uploads\/2025\/01\/img-ce-soc.png","datePublished":"2025-01-15T10:06:38+00:00","dateModified":"2025-02-28T11:39:37+00:00","breadcrumb":{"@id":"https:\/\/www.thinkupc.com\/es\/servicios\/cybersecurity-everywhere\/security-operations-center\/#breadcrumb"},"inLanguage":"es","potentialAction":[{"@type":"ReadAction","target":["https:\/\/www.thinkupc.com\/es\/servicios\/cybersecurity-everywhere\/security-operations-center\/"]}]},{"@type":"ImageObject","inLanguage":"es","@id":"https:\/\/www.thinkupc.com\/es\/servicios\/cybersecurity-everywhere\/security-operations-center\/#primaryimage","url":"https:\/\/www.thinkupc.com\/wp-content\/uploads\/2025\/01\/img-ce-soc.png","contentUrl":"https:\/\/www.thinkupc.com\/wp-content\/uploads\/2025\/01\/img-ce-soc.png"},{"@type":"BreadcrumbList","@id":"https:\/\/www.thinkupc.com\/es\/servicios\/cybersecurity-everywhere\/security-operations-center\/#breadcrumb","itemListElement":[{"@type":"ListItem","position":1,"name":"Home","item":"https:\/\/www.thinkupc.com\/es\/thinkupc\/"},{"@type":"ListItem","position":2,"name":"Servicios","item":"https:\/\/www.thinkupc.com\/es\/serveis\/"},{"@type":"ListItem","position":3,"name":"Cybersecurity Everywhere","item":"https:\/\/www.thinkupc.com\/es\/serveis\/cybersecurity-everywhere\/"},{"@type":"ListItem","position":4,"name":"Security Operations Center"}]},{"@type":"WebSite","@id":"https:\/\/www.thinkupc.com\/es\/#website","url":"https:\/\/www.thinkupc.com\/es\/","name":"ThinkUPC","description":"One Step Ahead in the Digital World","publisher":{"@id":"https:\/\/www.thinkupc.com\/es\/#organization"},"potentialAction":[{"@type":"SearchAction","target":{"@type":"EntryPoint","urlTemplate":"https:\/\/www.thinkupc.com\/es\/?s={search_term_string}"},"query-input":{"@type":"PropertyValueSpecification","valueRequired":true,"valueName":"search_term_string"}}],"inLanguage":"es"},{"@type":"Organization","@id":"https:\/\/www.thinkupc.com\/es\/#organization","name":"ThinkUPC","url":"https:\/\/www.thinkupc.com\/es\/","logo":{"@type":"ImageObject","inLanguage":"es","@id":"https:\/\/www.thinkupc.com\/es\/#\/schema\/logo\/image\/","url":"https:\/\/www.thinkupc.com\/wp-content\/uploads\/2025\/03\/logo-claim_B.png","contentUrl":"https:\/\/www.thinkupc.com\/wp-content\/uploads\/2025\/03\/logo-claim_B.png","width":2325,"height":1027,"caption":"ThinkUPC"},"image":{"@id":"https:\/\/www.thinkupc.com\/es\/#\/schema\/logo\/image\/"},"sameAs":["https:\/\/bsky.app\/profile\/thinkupc.com","https:\/\/es.linkedin.com\/company\/thinkupc"]}]}},"_links":{"self":[{"href":"https:\/\/www.thinkupc.com\/es\/wp-json\/wp\/v2\/pages\/5215","targetHints":{"allow":["GET"]}}],"collection":[{"href":"https:\/\/www.thinkupc.com\/es\/wp-json\/wp\/v2\/pages"}],"about":[{"href":"https:\/\/www.thinkupc.com\/es\/wp-json\/wp\/v2\/types\/page"}],"author":[{"embeddable":true,"href":"https:\/\/www.thinkupc.com\/es\/wp-json\/wp\/v2\/users\/2"}],"replies":[{"embeddable":true,"href":"https:\/\/www.thinkupc.com\/es\/wp-json\/wp\/v2\/comments?post=5215"}],"version-history":[{"count":0,"href":"https:\/\/www.thinkupc.com\/es\/wp-json\/wp\/v2\/pages\/5215\/revisions"}],"up":[{"embeddable":true,"href":"https:\/\/www.thinkupc.com\/es\/wp-json\/wp\/v2\/pages\/5242"}],"wp:attachment":[{"href":"https:\/\/www.thinkupc.com\/es\/wp-json\/wp\/v2\/media?parent=5215"}],"wp:term":[{"taxonomy":"category","embeddable":true,"href":"https:\/\/www.thinkupc.com\/es\/wp-json\/wp\/v2\/categories?post=5215"},{"taxonomy":"post_tag","embeddable":true,"href":"https:\/\/www.thinkupc.com\/es\/wp-json\/wp\/v2\/tags?post=5215"}],"curies":[{"name":"wp","href":"https:\/\/api.w.org\/{rel}","templated":true}]}}