{"id":5209,"date":"2025-01-15T11:05:58","date_gmt":"2025-01-15T10:05:58","guid":{"rendered":"https:\/\/thinkupc.com\/technical-security-office\/"},"modified":"2025-03-06T20:29:53","modified_gmt":"2025-03-06T19:29:53","slug":"technical-security-office","status":"publish","type":"page","link":"https:\/\/www.thinkupc.com\/es\/servicios\/cybersecurity-everywhere\/technical-security-office\/","title":{"rendered":"Technical Security Office"},"content":{"rendered":"\t\t<div data-elementor-type=\"wp-page\" data-elementor-id=\"5209\" class=\"elementor elementor-5209 elementor-1663\" data-elementor-post-type=\"page\">\n\t\t\t\t<div class=\"elementor-element elementor-element-49e467f e-flex e-con-boxed e-con e-parent\" data-id=\"49e467f\" data-element_type=\"container\" data-e-type=\"container\">\n\t\t\t\t\t<div class=\"e-con-inner\">\n\t\t\t\t<div class=\"elementor-element elementor-element-d895602 elementor-widget elementor-widget-heading\" data-id=\"d895602\" data-element_type=\"widget\" data-e-type=\"widget\" data-widget_type=\"heading.default\">\n\t\t\t\t\t<h2 class=\"elementor-heading-title elementor-size-default\">An\u00e1lisis de situaci\u00f3n, planes directores y servicios de consultor\u00eda para una buena gobernanza de la seguridad con visi\u00f3n de 360\u00ba\n\n<\/h2>\t\t\t\t<\/div>\n\t\t\t\t\t<\/div>\n\t\t\t\t<\/div>\n\t\t<div class=\"elementor-element elementor-element-a1bcb5e e-grid e-con-boxed e-con e-parent\" data-id=\"a1bcb5e\" data-element_type=\"container\" data-e-type=\"container\">\n\t\t\t\t\t<div class=\"e-con-inner\">\n\t\t\t\t<div class=\"elementor-element elementor-element-463942d elementor-position-top elementor-widget elementor-widget-image-box\" data-id=\"463942d\" data-element_type=\"widget\" data-e-type=\"widget\" data-widget_type=\"image-box.default\">\n\t\t\t\t\t<div class=\"elementor-image-box-wrapper\"><figure class=\"elementor-image-box-img\"><img decoding=\"async\" width=\"85\" height=\"85\" src=\"https:\/\/www.thinkupc.com\/wp-content\/uploads\/2025\/01\/img-ce-tso-icon1.png\" class=\"attachment-full size-full wp-image-3746\" alt=\"\" \/><\/figure><div class=\"elementor-image-box-content\"><h3 class=\"elementor-image-box-title\">Soporte estrat\u00e9gico<\/h3><p class=\"elementor-image-box-description\">Visi\u00f3n estrat\u00e9gica, planificaci\u00f3n de acciones a corto, medio y largo plazo y elaboraci\u00f3n de hojas de ruta alineadas con la estrategia de la organizaci\u00f3n.<\/p><\/div><\/div>\t\t\t\t<\/div>\n\t\t\t\t<div class=\"elementor-element elementor-element-49f9c95 elementor-position-top elementor-widget elementor-widget-image-box\" data-id=\"49f9c95\" data-element_type=\"widget\" data-e-type=\"widget\" data-widget_type=\"image-box.default\">\n\t\t\t\t\t<div class=\"elementor-image-box-wrapper\"><figure class=\"elementor-image-box-img\"><img decoding=\"async\" width=\"83\" height=\"85\" src=\"https:\/\/www.thinkupc.com\/wp-content\/uploads\/2025\/01\/img-ce-tso-icon2.png\" class=\"attachment-full size-full wp-image-3749\" alt=\"\" \/><\/figure><div class=\"elementor-image-box-content\"><h3 class=\"elementor-image-box-title\">Planes directores de seguridad<\/h3><p class=\"elementor-image-box-description\">Definici\u00f3n e implantaci\u00f3n coordinada de las medidas de seguridad asociadas a la reducci\u00f3n de costes y estudios sobre el estado de la ciberseguridad.<\/p><\/div><\/div>\t\t\t\t<\/div>\n\t\t\t\t<div class=\"elementor-element elementor-element-be3c516 elementor-position-top elementor-widget elementor-widget-image-box\" data-id=\"be3c516\" data-element_type=\"widget\" data-e-type=\"widget\" data-widget_type=\"image-box.default\">\n\t\t\t\t\t<div class=\"elementor-image-box-wrapper\"><figure class=\"elementor-image-box-img\"><img decoding=\"async\" width=\"85\" height=\"85\" src=\"https:\/\/www.thinkupc.com\/wp-content\/uploads\/2025\/01\/img-ce-tso-icon3.png\" class=\"attachment-full size-full wp-image-3748\" alt=\"\" \/><\/figure><div class=\"elementor-image-box-content\"><h3 class=\"elementor-image-box-title\">Soporte a los equipos IT<\/h3><p class=\"elementor-image-box-description\">Soporte t\u00e9cnico en el d\u00eda a d\u00eda: elaboraci\u00f3n de procedimientos, gu\u00edas, protocolos, etc.\n\nSupervisi\u00f3n del cumplimiento de medidas y normativas.\n<\/p><\/div><\/div>\t\t\t\t<\/div>\n\t\t\t\t<div class=\"elementor-element elementor-element-019385e elementor-position-top elementor-widget elementor-widget-image-box\" data-id=\"019385e\" data-element_type=\"widget\" data-e-type=\"widget\" data-widget_type=\"image-box.default\">\n\t\t\t\t\t<div class=\"elementor-image-box-wrapper\"><figure class=\"elementor-image-box-img\"><img loading=\"lazy\" decoding=\"async\" width=\"83\" height=\"85\" src=\"https:\/\/www.thinkupc.com\/wp-content\/uploads\/2025\/01\/img-ce-tso-icon4.png\" class=\"attachment-full size-full wp-image-3747\" alt=\"\" \/><\/figure><div class=\"elementor-image-box-content\"><h3 class=\"elementor-image-box-title\">Vigilancia tecnol\u00f3gica<\/h3><p class=\"elementor-image-box-description\">Servicio continuo para identificar informaci\u00f3n relevante: tendencias, oportunidades, nuevas herramientas, nuevas amenazas etc.\n<\/p><\/div><\/div>\t\t\t\t<\/div>\n\t\t\t\t<div class=\"elementor-element elementor-element-d32856d elementor-position-top elementor-widget elementor-widget-image-box\" data-id=\"d32856d\" data-element_type=\"widget\" data-e-type=\"widget\" data-widget_type=\"image-box.default\">\n\t\t\t\t\t<div class=\"elementor-image-box-wrapper\"><figure class=\"elementor-image-box-img\"><img loading=\"lazy\" decoding=\"async\" width=\"83\" height=\"85\" src=\"https:\/\/www.thinkupc.com\/wp-content\/uploads\/2025\/01\/img-ce-tso-icon5.png\" class=\"attachment-full size-full wp-image-3750\" alt=\"\" \/><\/figure><div class=\"elementor-image-box-content\"><h3 class=\"elementor-image-box-title\">Soporte tecnol\u00f3gico y legal<\/h3><p class=\"elementor-image-box-description\">Dise\u00f1o y construcci\u00f3n de sistemas para la protecci\u00f3n de datos.<br>Asesoramiento ante violaciones de seguridad y resoluci\u00f3n de dudas legales.\n<\/p><\/div><\/div>\t\t\t\t<\/div>\n\t\t\t\t\t<\/div>\n\t\t\t\t<\/div>\n\t\t\t\t<\/div>\n\t\t","protected":false},"excerpt":{"rendered":"<p>An\u00e1lisis de situaci\u00f3n, planes directores y servicios de consultor\u00eda para una buena gobernanza de la seguridad con visi\u00f3n de 360\u00ba Soporte estrat\u00e9gico Visi\u00f3n estrat\u00e9gica, planificaci\u00f3n de acciones a corto, medio y largo plazo y elaboraci\u00f3n de hojas de ruta alineadas con la estrategia de la organizaci\u00f3n. Planes directores de seguridad Definici\u00f3n e implantaci\u00f3n coordinada de [&hellip;]<\/p>\n","protected":false},"author":2,"featured_media":0,"parent":5242,"menu_order":2,"comment_status":"closed","ping_status":"closed","template":"","meta":{"_acf_changed":false,"footnotes":""},"categories":[159,148,162],"tags":[237],"class_list":["post-5209","page","type-page","status-publish","hentry","category-cybersecurity-everywhere-es","category-servicios","category-technical-security-office-es","tag-technical-security-office-es"],"acf":[],"yoast_head":"<!-- This site is optimized with the Yoast SEO plugin v27.4 - https:\/\/yoast.com\/product\/yoast-seo-wordpress\/ -->\n<title>Technical Security Office - ThinkUPC<\/title>\n<meta name=\"robots\" content=\"index, follow, max-snippet:-1, max-image-preview:large, max-video-preview:-1\" \/>\n<link rel=\"canonical\" href=\"https:\/\/www.thinkupc.com\/es\/servicios\/cybersecurity-everywhere\/technical-security-office\/\" \/>\n<meta property=\"og:locale\" content=\"es_ES\" \/>\n<meta property=\"og:type\" content=\"article\" \/>\n<meta property=\"og:title\" content=\"Technical Security Office - ThinkUPC\" \/>\n<meta property=\"og:description\" content=\"An\u00e1lisis de situaci\u00f3n, planes directores y servicios de consultor\u00eda para una buena gobernanza de la seguridad con visi\u00f3n de 360\u00ba Soporte estrat\u00e9gico Visi\u00f3n estrat\u00e9gica, planificaci\u00f3n de acciones a corto, medio y largo plazo y elaboraci\u00f3n de hojas de ruta alineadas con la estrategia de la organizaci\u00f3n. Planes directores de seguridad Definici\u00f3n e implantaci\u00f3n coordinada de [&hellip;]\" \/>\n<meta property=\"og:url\" content=\"https:\/\/www.thinkupc.com\/es\/servicios\/cybersecurity-everywhere\/technical-security-office\/\" \/>\n<meta property=\"og:site_name\" content=\"ThinkUPC\" \/>\n<meta property=\"article:modified_time\" content=\"2025-03-06T19:29:53+00:00\" \/>\n<meta property=\"og:image\" content=\"https:\/\/www.thinkupc.com\/wp-content\/uploads\/2025\/01\/img-ce-tso-icon1.png\" \/>\n<meta name=\"twitter:card\" content=\"summary_large_image\" \/>\n<meta name=\"twitter:label1\" content=\"Tiempo de lectura\" \/>\n\t<meta name=\"twitter:data1\" content=\"1 minuto\" \/>\n<script type=\"application\/ld+json\" class=\"yoast-schema-graph\">{\"@context\":\"https:\\\/\\\/schema.org\",\"@graph\":[{\"@type\":\"WebPage\",\"@id\":\"https:\\\/\\\/www.thinkupc.com\\\/es\\\/servicios\\\/cybersecurity-everywhere\\\/technical-security-office\\\/\",\"url\":\"https:\\\/\\\/www.thinkupc.com\\\/es\\\/servicios\\\/cybersecurity-everywhere\\\/technical-security-office\\\/\",\"name\":\"Technical Security Office - ThinkUPC\",\"isPartOf\":{\"@id\":\"https:\\\/\\\/www.thinkupc.com\\\/es\\\/#website\"},\"primaryImageOfPage\":{\"@id\":\"https:\\\/\\\/www.thinkupc.com\\\/es\\\/servicios\\\/cybersecurity-everywhere\\\/technical-security-office\\\/#primaryimage\"},\"image\":{\"@id\":\"https:\\\/\\\/www.thinkupc.com\\\/es\\\/servicios\\\/cybersecurity-everywhere\\\/technical-security-office\\\/#primaryimage\"},\"thumbnailUrl\":\"https:\\\/\\\/www.thinkupc.com\\\/wp-content\\\/uploads\\\/2025\\\/01\\\/img-ce-tso-icon1.png\",\"datePublished\":\"2025-01-15T10:05:58+00:00\",\"dateModified\":\"2025-03-06T19:29:53+00:00\",\"breadcrumb\":{\"@id\":\"https:\\\/\\\/www.thinkupc.com\\\/es\\\/servicios\\\/cybersecurity-everywhere\\\/technical-security-office\\\/#breadcrumb\"},\"inLanguage\":\"es\",\"potentialAction\":[{\"@type\":\"ReadAction\",\"target\":[\"https:\\\/\\\/www.thinkupc.com\\\/es\\\/servicios\\\/cybersecurity-everywhere\\\/technical-security-office\\\/\"]}]},{\"@type\":\"ImageObject\",\"inLanguage\":\"es\",\"@id\":\"https:\\\/\\\/www.thinkupc.com\\\/es\\\/servicios\\\/cybersecurity-everywhere\\\/technical-security-office\\\/#primaryimage\",\"url\":\"https:\\\/\\\/www.thinkupc.com\\\/wp-content\\\/uploads\\\/2025\\\/01\\\/img-ce-tso-icon1.png\",\"contentUrl\":\"https:\\\/\\\/www.thinkupc.com\\\/wp-content\\\/uploads\\\/2025\\\/01\\\/img-ce-tso-icon1.png\"},{\"@type\":\"BreadcrumbList\",\"@id\":\"https:\\\/\\\/www.thinkupc.com\\\/es\\\/servicios\\\/cybersecurity-everywhere\\\/technical-security-office\\\/#breadcrumb\",\"itemListElement\":[{\"@type\":\"ListItem\",\"position\":1,\"name\":\"Home\",\"item\":\"https:\\\/\\\/www.thinkupc.com\\\/es\\\/thinkupc\\\/\"},{\"@type\":\"ListItem\",\"position\":2,\"name\":\"Servicios\",\"item\":\"https:\\\/\\\/www.thinkupc.com\\\/es\\\/serveis\\\/\"},{\"@type\":\"ListItem\",\"position\":3,\"name\":\"Cybersecurity Everywhere\",\"item\":\"https:\\\/\\\/www.thinkupc.com\\\/es\\\/serveis\\\/cybersecurity-everywhere\\\/\"},{\"@type\":\"ListItem\",\"position\":4,\"name\":\"Technical Security Office\"}]},{\"@type\":\"WebSite\",\"@id\":\"https:\\\/\\\/www.thinkupc.com\\\/es\\\/#website\",\"url\":\"https:\\\/\\\/www.thinkupc.com\\\/es\\\/\",\"name\":\"ThinkUPC\",\"description\":\"One Step Ahead in the Digital World\",\"publisher\":{\"@id\":\"https:\\\/\\\/www.thinkupc.com\\\/es\\\/#organization\"},\"potentialAction\":[{\"@type\":\"SearchAction\",\"target\":{\"@type\":\"EntryPoint\",\"urlTemplate\":\"https:\\\/\\\/www.thinkupc.com\\\/es\\\/?s={search_term_string}\"},\"query-input\":{\"@type\":\"PropertyValueSpecification\",\"valueRequired\":true,\"valueName\":\"search_term_string\"}}],\"inLanguage\":\"es\"},{\"@type\":\"Organization\",\"@id\":\"https:\\\/\\\/www.thinkupc.com\\\/es\\\/#organization\",\"name\":\"ThinkUPC\",\"url\":\"https:\\\/\\\/www.thinkupc.com\\\/es\\\/\",\"logo\":{\"@type\":\"ImageObject\",\"inLanguage\":\"es\",\"@id\":\"https:\\\/\\\/www.thinkupc.com\\\/es\\\/#\\\/schema\\\/logo\\\/image\\\/\",\"url\":\"https:\\\/\\\/www.thinkupc.com\\\/wp-content\\\/uploads\\\/2025\\\/03\\\/logo-claim_B.png\",\"contentUrl\":\"https:\\\/\\\/www.thinkupc.com\\\/wp-content\\\/uploads\\\/2025\\\/03\\\/logo-claim_B.png\",\"width\":2325,\"height\":1027,\"caption\":\"ThinkUPC\"},\"image\":{\"@id\":\"https:\\\/\\\/www.thinkupc.com\\\/es\\\/#\\\/schema\\\/logo\\\/image\\\/\"},\"sameAs\":[\"https:\\\/\\\/bsky.app\\\/profile\\\/thinkupc.com\",\"https:\\\/\\\/es.linkedin.com\\\/company\\\/thinkupc\"]}]}<\/script>\n<!-- \/ Yoast SEO plugin. -->","yoast_head_json":{"title":"Technical Security Office - ThinkUPC","robots":{"index":"index","follow":"follow","max-snippet":"max-snippet:-1","max-image-preview":"max-image-preview:large","max-video-preview":"max-video-preview:-1"},"canonical":"https:\/\/www.thinkupc.com\/es\/servicios\/cybersecurity-everywhere\/technical-security-office\/","og_locale":"es_ES","og_type":"article","og_title":"Technical Security Office - ThinkUPC","og_description":"An\u00e1lisis de situaci\u00f3n, planes directores y servicios de consultor\u00eda para una buena gobernanza de la seguridad con visi\u00f3n de 360\u00ba Soporte estrat\u00e9gico Visi\u00f3n estrat\u00e9gica, planificaci\u00f3n de acciones a corto, medio y largo plazo y elaboraci\u00f3n de hojas de ruta alineadas con la estrategia de la organizaci\u00f3n. Planes directores de seguridad Definici\u00f3n e implantaci\u00f3n coordinada de [&hellip;]","og_url":"https:\/\/www.thinkupc.com\/es\/servicios\/cybersecurity-everywhere\/technical-security-office\/","og_site_name":"ThinkUPC","article_modified_time":"2025-03-06T19:29:53+00:00","og_image":[{"url":"https:\/\/www.thinkupc.com\/wp-content\/uploads\/2025\/01\/img-ce-tso-icon1.png","type":"","width":"","height":""}],"twitter_card":"summary_large_image","twitter_misc":{"Tiempo de lectura":"1 minuto"},"schema":{"@context":"https:\/\/schema.org","@graph":[{"@type":"WebPage","@id":"https:\/\/www.thinkupc.com\/es\/servicios\/cybersecurity-everywhere\/technical-security-office\/","url":"https:\/\/www.thinkupc.com\/es\/servicios\/cybersecurity-everywhere\/technical-security-office\/","name":"Technical Security Office - ThinkUPC","isPartOf":{"@id":"https:\/\/www.thinkupc.com\/es\/#website"},"primaryImageOfPage":{"@id":"https:\/\/www.thinkupc.com\/es\/servicios\/cybersecurity-everywhere\/technical-security-office\/#primaryimage"},"image":{"@id":"https:\/\/www.thinkupc.com\/es\/servicios\/cybersecurity-everywhere\/technical-security-office\/#primaryimage"},"thumbnailUrl":"https:\/\/www.thinkupc.com\/wp-content\/uploads\/2025\/01\/img-ce-tso-icon1.png","datePublished":"2025-01-15T10:05:58+00:00","dateModified":"2025-03-06T19:29:53+00:00","breadcrumb":{"@id":"https:\/\/www.thinkupc.com\/es\/servicios\/cybersecurity-everywhere\/technical-security-office\/#breadcrumb"},"inLanguage":"es","potentialAction":[{"@type":"ReadAction","target":["https:\/\/www.thinkupc.com\/es\/servicios\/cybersecurity-everywhere\/technical-security-office\/"]}]},{"@type":"ImageObject","inLanguage":"es","@id":"https:\/\/www.thinkupc.com\/es\/servicios\/cybersecurity-everywhere\/technical-security-office\/#primaryimage","url":"https:\/\/www.thinkupc.com\/wp-content\/uploads\/2025\/01\/img-ce-tso-icon1.png","contentUrl":"https:\/\/www.thinkupc.com\/wp-content\/uploads\/2025\/01\/img-ce-tso-icon1.png"},{"@type":"BreadcrumbList","@id":"https:\/\/www.thinkupc.com\/es\/servicios\/cybersecurity-everywhere\/technical-security-office\/#breadcrumb","itemListElement":[{"@type":"ListItem","position":1,"name":"Home","item":"https:\/\/www.thinkupc.com\/es\/thinkupc\/"},{"@type":"ListItem","position":2,"name":"Servicios","item":"https:\/\/www.thinkupc.com\/es\/serveis\/"},{"@type":"ListItem","position":3,"name":"Cybersecurity Everywhere","item":"https:\/\/www.thinkupc.com\/es\/serveis\/cybersecurity-everywhere\/"},{"@type":"ListItem","position":4,"name":"Technical Security Office"}]},{"@type":"WebSite","@id":"https:\/\/www.thinkupc.com\/es\/#website","url":"https:\/\/www.thinkupc.com\/es\/","name":"ThinkUPC","description":"One Step Ahead in the Digital World","publisher":{"@id":"https:\/\/www.thinkupc.com\/es\/#organization"},"potentialAction":[{"@type":"SearchAction","target":{"@type":"EntryPoint","urlTemplate":"https:\/\/www.thinkupc.com\/es\/?s={search_term_string}"},"query-input":{"@type":"PropertyValueSpecification","valueRequired":true,"valueName":"search_term_string"}}],"inLanguage":"es"},{"@type":"Organization","@id":"https:\/\/www.thinkupc.com\/es\/#organization","name":"ThinkUPC","url":"https:\/\/www.thinkupc.com\/es\/","logo":{"@type":"ImageObject","inLanguage":"es","@id":"https:\/\/www.thinkupc.com\/es\/#\/schema\/logo\/image\/","url":"https:\/\/www.thinkupc.com\/wp-content\/uploads\/2025\/03\/logo-claim_B.png","contentUrl":"https:\/\/www.thinkupc.com\/wp-content\/uploads\/2025\/03\/logo-claim_B.png","width":2325,"height":1027,"caption":"ThinkUPC"},"image":{"@id":"https:\/\/www.thinkupc.com\/es\/#\/schema\/logo\/image\/"},"sameAs":["https:\/\/bsky.app\/profile\/thinkupc.com","https:\/\/es.linkedin.com\/company\/thinkupc"]}]}},"_links":{"self":[{"href":"https:\/\/www.thinkupc.com\/es\/wp-json\/wp\/v2\/pages\/5209","targetHints":{"allow":["GET"]}}],"collection":[{"href":"https:\/\/www.thinkupc.com\/es\/wp-json\/wp\/v2\/pages"}],"about":[{"href":"https:\/\/www.thinkupc.com\/es\/wp-json\/wp\/v2\/types\/page"}],"author":[{"embeddable":true,"href":"https:\/\/www.thinkupc.com\/es\/wp-json\/wp\/v2\/users\/2"}],"replies":[{"embeddable":true,"href":"https:\/\/www.thinkupc.com\/es\/wp-json\/wp\/v2\/comments?post=5209"}],"version-history":[{"count":0,"href":"https:\/\/www.thinkupc.com\/es\/wp-json\/wp\/v2\/pages\/5209\/revisions"}],"up":[{"embeddable":true,"href":"https:\/\/www.thinkupc.com\/es\/wp-json\/wp\/v2\/pages\/5242"}],"wp:attachment":[{"href":"https:\/\/www.thinkupc.com\/es\/wp-json\/wp\/v2\/media?parent=5209"}],"wp:term":[{"taxonomy":"category","embeddable":true,"href":"https:\/\/www.thinkupc.com\/es\/wp-json\/wp\/v2\/categories?post=5209"},{"taxonomy":"post_tag","embeddable":true,"href":"https:\/\/www.thinkupc.com\/es\/wp-json\/wp\/v2\/tags?post=5209"}],"curies":[{"name":"wp","href":"https:\/\/api.w.org\/{rel}","templated":true}]}}