{"id":5197,"date":"2025-01-15T08:45:40","date_gmt":"2025-01-15T07:45:40","guid":{"rendered":"https:\/\/thinkupc.com\/systems-integration\/"},"modified":"2025-03-06T16:54:12","modified_gmt":"2025-03-06T15:54:12","slug":"systems-integration","status":"publish","type":"page","link":"https:\/\/www.thinkupc.com\/es\/servicios\/cloud-it-infrastructure\/systems-integration\/","title":{"rendered":"Systems Integration"},"content":{"rendered":"\t\t<div data-elementor-type=\"wp-page\" data-elementor-id=\"5197\" class=\"elementor elementor-5197 elementor-1617\" data-elementor-post-type=\"page\">\n\t\t\t\t<div class=\"elementor-element elementor-element-5f4bc87 e-flex e-con-boxed e-con e-parent\" data-id=\"5f4bc87\" data-element_type=\"container\" data-e-type=\"container\">\n\t\t\t\t\t<div class=\"e-con-inner\">\n\t\t\t\t<div class=\"elementor-element elementor-element-c51c4b2 elementor-widget elementor-widget-heading\" data-id=\"c51c4b2\" data-element_type=\"widget\" data-e-type=\"widget\" data-widget_type=\"heading.default\">\n\t\t\t\t\t<h2 class=\"elementor-heading-title elementor-size-default\">Herramientas y arquitecturas para la interconexi\u00f3n de aplicaciones y sistemas\n\n\n<\/h2>\t\t\t\t<\/div>\n\t\t\t\t\t<\/div>\n\t\t\t\t<\/div>\n\t\t<div class=\"elementor-element elementor-element-d6d411d e-flex e-con-boxed e-con e-parent\" data-id=\"d6d411d\" data-element_type=\"container\" data-e-type=\"container\">\n\t\t\t\t\t<div class=\"e-con-inner\">\n\t\t\t\t<div class=\"elementor-element elementor-element-e152d55 elementor-widget elementor-widget-text-editor\" data-id=\"e152d55\" data-element_type=\"widget\" data-e-type=\"widget\" data-widget_type=\"text-editor.default\">\n\t\t\t\t\t\t\t\t\t<p>La integraci\u00f3n entre aplicaciones es clave para optimizar el funcionamiento de los procesos de negocio. Disponer de una arquitectura distribuida es fundamental para garantizar el adecuado aprovechamiento de los datos de la organizaci\u00f3n, el desarrollo de nuevas funcionalidades o sistemas y, por supuesto, garantizar la seguridad y la escalabilidad futura de los servicios. <\/p><p><span style=\"text-align: var(--text-align); background-color: var( --e-global-color-c696dce ); color: var( --e-global-color-text );\">Por eso nos apoyamos en 3 pilares fundamentales: el desarrollo desacoplado basado en microservicios, los sistemas de soporte al acceso y gesti\u00f3n integral de las APIs y el despliegue y la orquestaci\u00f3n eficiente de los sistemas gracias a las tecnolog\u00edas de contenedores.<\/span><\/p>\t\t\t\t\t\t\t\t<\/div>\n\t\t\t\t\t<\/div>\n\t\t\t\t<\/div>\n\t\t<div class=\"elementor-element elementor-element-0a35f98 e-grid e-con-boxed e-con e-parent\" data-id=\"0a35f98\" data-element_type=\"container\" data-e-type=\"container\">\n\t\t\t\t\t<div class=\"e-con-inner\">\n\t\t\t\t<div class=\"elementor-element elementor-element-b37c818 elementor-widget elementor-widget-image\" data-id=\"b37c818\" data-element_type=\"widget\" data-e-type=\"widget\" data-widget_type=\"image.default\">\n\t\t\t\t\t\t\t\t\t\t\t\t\t\t\t<img decoding=\"async\" width=\"83\" height=\"83\" src=\"https:\/\/www.thinkupc.com\/wp-content\/uploads\/2025\/01\/img-ate-si-icon1.png\" class=\"attachment-large size-large wp-image-4866\" alt=\"\" \/>\t\t\t\t\t\t\t\t\t\t\t\t\t\t\t<\/div>\n\t\t\t\t<div class=\"elementor-element elementor-element-b9c711d elementor-widget elementor-widget-text-editor\" data-id=\"b9c711d\" data-element_type=\"widget\" data-e-type=\"widget\" data-widget_type=\"text-editor.default\">\n\t\t\t\t\t\t\t\t\t<div class=\"column is-10\"><p><strong>Dise\u00f1o de arquitecturas<\/strong> multicapa basadas en APIs a nivel corporativo: API Manager, API Gateway, API Portal\u2026<\/p><\/div>\t\t\t\t\t\t\t\t<\/div>\n\t\t\t\t\t<\/div>\n\t\t\t\t<\/div>\n\t\t<div class=\"elementor-element elementor-element-20a07bd e-grid e-con-boxed e-con e-parent\" data-id=\"20a07bd\" data-element_type=\"container\" data-e-type=\"container\">\n\t\t\t\t\t<div class=\"e-con-inner\">\n\t\t\t\t<div class=\"elementor-element elementor-element-8633c2a elementor-widget elementor-widget-image\" data-id=\"8633c2a\" data-element_type=\"widget\" data-e-type=\"widget\" data-widget_type=\"image.default\">\n\t\t\t\t\t\t\t\t\t\t\t\t\t\t\t<img decoding=\"async\" width=\"79\" height=\"79\" src=\"https:\/\/www.thinkupc.com\/wp-content\/uploads\/2025\/01\/img-ate-si-icon2.png\" class=\"attachment-large size-large wp-image-4864\" alt=\"\" \/>\t\t\t\t\t\t\t\t\t\t\t\t\t\t\t<\/div>\n\t\t\t\t<div class=\"elementor-element elementor-element-c9a51ad elementor-widget elementor-widget-text-editor\" data-id=\"c9a51ad\" data-element_type=\"widget\" data-e-type=\"widget\" data-widget_type=\"text-editor.default\">\n\t\t\t\t\t\t\t\t\t<div class=\"column is-10\"><div class=\"column is-10\"><p>Apoyo al dise\u00f1o de aplicaciones basadas en <strong>API REST y microservicios<\/strong>: formatos de datos, estructura de los m\u00e9todos, modelos de datos, autenticaci\u00f3n, pol\u00edticas de uso\u2026<\/p><\/div><\/div>\t\t\t\t\t\t\t\t<\/div>\n\t\t\t\t\t<\/div>\n\t\t\t\t<\/div>\n\t\t<div class=\"elementor-element elementor-element-c8225c8 e-grid e-con-boxed e-con e-parent\" data-id=\"c8225c8\" data-element_type=\"container\" data-e-type=\"container\">\n\t\t\t\t\t<div class=\"e-con-inner\">\n\t\t\t\t<div class=\"elementor-element elementor-element-b3064a7 elementor-widget elementor-widget-image\" data-id=\"b3064a7\" data-element_type=\"widget\" data-e-type=\"widget\" data-widget_type=\"image.default\">\n\t\t\t\t\t\t\t\t\t\t\t\t\t\t\t<img decoding=\"async\" width=\"85\" height=\"83\" src=\"https:\/\/www.thinkupc.com\/wp-content\/uploads\/2025\/01\/img-ate-si-icon3.png\" class=\"attachment-large size-large wp-image-4862\" alt=\"\" \/>\t\t\t\t\t\t\t\t\t\t\t\t\t\t\t<\/div>\n\t\t\t\t<div class=\"elementor-element elementor-element-297060a elementor-widget elementor-widget-text-editor\" data-id=\"297060a\" data-element_type=\"widget\" data-e-type=\"widget\" data-widget_type=\"text-editor.default\">\n\t\t\t\t\t\t\t\t\t<div class=\"column is-10\"><div class=\"columns is-multiline\"><div class=\"column is-10\"><p><strong>Contenerizaci\u00f3n de aplicaciones<\/strong> sobre plataformas cloud y on-prem utilizando Docker, Kubernetes, etc.<\/p><\/div><\/div><\/div>\t\t\t\t\t\t\t\t<\/div>\n\t\t\t\t\t<\/div>\n\t\t\t\t<\/div>\n\t\t<div class=\"elementor-element elementor-element-80d2de5 e-flex e-con-boxed e-con e-parent\" data-id=\"80d2de5\" data-element_type=\"container\" data-e-type=\"container\">\n\t\t\t\t\t<div class=\"e-con-inner\">\n\t\t\t\t<div class=\"elementor-element elementor-element-f993884 elementor-widget elementor-widget-image\" data-id=\"f993884\" data-element_type=\"widget\" data-e-type=\"widget\" data-widget_type=\"image.default\">\n\t\t\t\t\t\t\t\t\t\t\t\t\t\t\t<img loading=\"lazy\" decoding=\"async\" width=\"616\" height=\"524\" src=\"https:\/\/www.thinkupc.com\/wp-content\/uploads\/2025\/03\/img-ate-si-es.png\" class=\"attachment-full size-full wp-image-6629\" alt=\"\" srcset=\"https:\/\/www.thinkupc.com\/wp-content\/uploads\/2025\/03\/img-ate-si-es.png 616w, https:\/\/www.thinkupc.com\/wp-content\/uploads\/2025\/03\/img-ate-si-es-300x255.png 300w\" sizes=\"(max-width: 616px) 100vw, 616px\" \/>\t\t\t\t\t\t\t\t\t\t\t\t\t\t\t<\/div>\n\t\t\t\t\t<\/div>\n\t\t\t\t<\/div>\n\t\t\t\t<\/div>\n\t\t","protected":false},"excerpt":{"rendered":"<p>Herramientas y arquitecturas para la interconexi\u00f3n de aplicaciones y sistemas La integraci\u00f3n entre aplicaciones es clave para optimizar el funcionamiento de los procesos de negocio. Disponer de una arquitectura distribuida es fundamental para garantizar el adecuado aprovechamiento de los datos de la organizaci\u00f3n, el desarrollo de nuevas funcionalidades o sistemas y, por supuesto, garantizar la [&hellip;]<\/p>\n","protected":false},"author":2,"featured_media":0,"parent":5236,"menu_order":2,"comment_status":"closed","ping_status":"closed","template":"","meta":{"_acf_changed":false,"footnotes":""},"categories":[154,148,158],"tags":[230],"class_list":["post-5197","page","type-page","status-publish","hentry","category-cloud-it-infrastructure-es","category-servicios","category-systems-integration-es","tag-systems-integration-es"],"acf":[],"yoast_head":"<!-- This site is optimized with the Yoast SEO plugin v27.0 - https:\/\/yoast.com\/product\/yoast-seo-wordpress\/ -->\n<title>Systems Integration - ThinkUPC<\/title>\n<meta name=\"robots\" content=\"index, follow, max-snippet:-1, max-image-preview:large, max-video-preview:-1\" \/>\n<link rel=\"canonical\" href=\"https:\/\/www.thinkupc.com\/es\/servicios\/cloud-it-infrastructure\/systems-integration\/\" \/>\n<meta property=\"og:locale\" content=\"es_ES\" \/>\n<meta property=\"og:type\" content=\"article\" \/>\n<meta property=\"og:title\" content=\"Systems Integration - ThinkUPC\" \/>\n<meta property=\"og:description\" content=\"Herramientas y arquitecturas para la interconexi\u00f3n de aplicaciones y sistemas La integraci\u00f3n entre aplicaciones es clave para optimizar el funcionamiento de los procesos de negocio. Disponer de una arquitectura distribuida es fundamental para garantizar el adecuado aprovechamiento de los datos de la organizaci\u00f3n, el desarrollo de nuevas funcionalidades o sistemas y, por supuesto, garantizar la [&hellip;]\" \/>\n<meta property=\"og:url\" content=\"https:\/\/www.thinkupc.com\/es\/servicios\/cloud-it-infrastructure\/systems-integration\/\" \/>\n<meta property=\"og:site_name\" content=\"ThinkUPC\" \/>\n<meta property=\"article:modified_time\" content=\"2025-03-06T15:54:12+00:00\" \/>\n<meta property=\"og:image\" content=\"https:\/\/www.thinkupc.com\/wp-content\/uploads\/2025\/01\/img-ate-si-icon1.png\" \/>\n<meta name=\"twitter:card\" content=\"summary_large_image\" \/>\n<script type=\"application\/ld+json\" class=\"yoast-schema-graph\">{\"@context\":\"https:\/\/schema.org\",\"@graph\":[{\"@type\":\"WebPage\",\"@id\":\"https:\/\/www.thinkupc.com\/es\/servicios\/cloud-it-infrastructure\/systems-integration\/\",\"url\":\"https:\/\/www.thinkupc.com\/es\/servicios\/cloud-it-infrastructure\/systems-integration\/\",\"name\":\"Systems Integration - ThinkUPC\",\"isPartOf\":{\"@id\":\"https:\/\/www.thinkupc.com\/es\/#website\"},\"primaryImageOfPage\":{\"@id\":\"https:\/\/www.thinkupc.com\/es\/servicios\/cloud-it-infrastructure\/systems-integration\/#primaryimage\"},\"image\":{\"@id\":\"https:\/\/www.thinkupc.com\/es\/servicios\/cloud-it-infrastructure\/systems-integration\/#primaryimage\"},\"thumbnailUrl\":\"https:\/\/www.thinkupc.com\/wp-content\/uploads\/2025\/01\/img-ate-si-icon1.png\",\"datePublished\":\"2025-01-15T07:45:40+00:00\",\"dateModified\":\"2025-03-06T15:54:12+00:00\",\"breadcrumb\":{\"@id\":\"https:\/\/www.thinkupc.com\/es\/servicios\/cloud-it-infrastructure\/systems-integration\/#breadcrumb\"},\"inLanguage\":\"es\",\"potentialAction\":[{\"@type\":\"ReadAction\",\"target\":[\"https:\/\/www.thinkupc.com\/es\/servicios\/cloud-it-infrastructure\/systems-integration\/\"]}]},{\"@type\":\"ImageObject\",\"inLanguage\":\"es\",\"@id\":\"https:\/\/www.thinkupc.com\/es\/servicios\/cloud-it-infrastructure\/systems-integration\/#primaryimage\",\"url\":\"https:\/\/www.thinkupc.com\/wp-content\/uploads\/2025\/01\/img-ate-si-icon1.png\",\"contentUrl\":\"https:\/\/www.thinkupc.com\/wp-content\/uploads\/2025\/01\/img-ate-si-icon1.png\"},{\"@type\":\"BreadcrumbList\",\"@id\":\"https:\/\/www.thinkupc.com\/es\/servicios\/cloud-it-infrastructure\/systems-integration\/#breadcrumb\",\"itemListElement\":[{\"@type\":\"ListItem\",\"position\":1,\"name\":\"Home\",\"item\":\"https:\/\/www.thinkupc.com\/es\/thinkupc\/\"},{\"@type\":\"ListItem\",\"position\":2,\"name\":\"Servicios\",\"item\":\"https:\/\/www.thinkupc.com\/es\/serveis\/\"},{\"@type\":\"ListItem\",\"position\":3,\"name\":\"Cloud &amp; IT Infrastructure\",\"item\":\"https:\/\/www.thinkupc.com\/es\/serveis\/cloud-and-it-infrastructure\/\"},{\"@type\":\"ListItem\",\"position\":4,\"name\":\"Systems Integration\"}]},{\"@type\":\"WebSite\",\"@id\":\"https:\/\/www.thinkupc.com\/es\/#website\",\"url\":\"https:\/\/www.thinkupc.com\/es\/\",\"name\":\"ThinkUPC\",\"description\":\"One Step Ahead in the Digital World\",\"publisher\":{\"@id\":\"https:\/\/www.thinkupc.com\/es\/#organization\"},\"potentialAction\":[{\"@type\":\"SearchAction\",\"target\":{\"@type\":\"EntryPoint\",\"urlTemplate\":\"https:\/\/www.thinkupc.com\/es\/?s={search_term_string}\"},\"query-input\":{\"@type\":\"PropertyValueSpecification\",\"valueRequired\":true,\"valueName\":\"search_term_string\"}}],\"inLanguage\":\"es\"},{\"@type\":\"Organization\",\"@id\":\"https:\/\/www.thinkupc.com\/es\/#organization\",\"name\":\"ThinkUPC\",\"url\":\"https:\/\/www.thinkupc.com\/es\/\",\"logo\":{\"@type\":\"ImageObject\",\"inLanguage\":\"es\",\"@id\":\"https:\/\/www.thinkupc.com\/es\/#\/schema\/logo\/image\/\",\"url\":\"https:\/\/www.thinkupc.com\/wp-content\/uploads\/2025\/03\/logo-claim_B.png\",\"contentUrl\":\"https:\/\/www.thinkupc.com\/wp-content\/uploads\/2025\/03\/logo-claim_B.png\",\"width\":2325,\"height\":1027,\"caption\":\"ThinkUPC\"},\"image\":{\"@id\":\"https:\/\/www.thinkupc.com\/es\/#\/schema\/logo\/image\/\"},\"sameAs\":[\"https:\/\/bsky.app\/profile\/thinkupc.com\",\"https:\/\/es.linkedin.com\/company\/thinkupc\"]}]}<\/script>\n<!-- \/ Yoast SEO plugin. -->","yoast_head_json":{"title":"Systems Integration - ThinkUPC","robots":{"index":"index","follow":"follow","max-snippet":"max-snippet:-1","max-image-preview":"max-image-preview:large","max-video-preview":"max-video-preview:-1"},"canonical":"https:\/\/www.thinkupc.com\/es\/servicios\/cloud-it-infrastructure\/systems-integration\/","og_locale":"es_ES","og_type":"article","og_title":"Systems Integration - ThinkUPC","og_description":"Herramientas y arquitecturas para la interconexi\u00f3n de aplicaciones y sistemas La integraci\u00f3n entre aplicaciones es clave para optimizar el funcionamiento de los procesos de negocio. Disponer de una arquitectura distribuida es fundamental para garantizar el adecuado aprovechamiento de los datos de la organizaci\u00f3n, el desarrollo de nuevas funcionalidades o sistemas y, por supuesto, garantizar la [&hellip;]","og_url":"https:\/\/www.thinkupc.com\/es\/servicios\/cloud-it-infrastructure\/systems-integration\/","og_site_name":"ThinkUPC","article_modified_time":"2025-03-06T15:54:12+00:00","og_image":[{"url":"https:\/\/www.thinkupc.com\/wp-content\/uploads\/2025\/01\/img-ate-si-icon1.png","type":"","width":"","height":""}],"twitter_card":"summary_large_image","schema":{"@context":"https:\/\/schema.org","@graph":[{"@type":"WebPage","@id":"https:\/\/www.thinkupc.com\/es\/servicios\/cloud-it-infrastructure\/systems-integration\/","url":"https:\/\/www.thinkupc.com\/es\/servicios\/cloud-it-infrastructure\/systems-integration\/","name":"Systems Integration - ThinkUPC","isPartOf":{"@id":"https:\/\/www.thinkupc.com\/es\/#website"},"primaryImageOfPage":{"@id":"https:\/\/www.thinkupc.com\/es\/servicios\/cloud-it-infrastructure\/systems-integration\/#primaryimage"},"image":{"@id":"https:\/\/www.thinkupc.com\/es\/servicios\/cloud-it-infrastructure\/systems-integration\/#primaryimage"},"thumbnailUrl":"https:\/\/www.thinkupc.com\/wp-content\/uploads\/2025\/01\/img-ate-si-icon1.png","datePublished":"2025-01-15T07:45:40+00:00","dateModified":"2025-03-06T15:54:12+00:00","breadcrumb":{"@id":"https:\/\/www.thinkupc.com\/es\/servicios\/cloud-it-infrastructure\/systems-integration\/#breadcrumb"},"inLanguage":"es","potentialAction":[{"@type":"ReadAction","target":["https:\/\/www.thinkupc.com\/es\/servicios\/cloud-it-infrastructure\/systems-integration\/"]}]},{"@type":"ImageObject","inLanguage":"es","@id":"https:\/\/www.thinkupc.com\/es\/servicios\/cloud-it-infrastructure\/systems-integration\/#primaryimage","url":"https:\/\/www.thinkupc.com\/wp-content\/uploads\/2025\/01\/img-ate-si-icon1.png","contentUrl":"https:\/\/www.thinkupc.com\/wp-content\/uploads\/2025\/01\/img-ate-si-icon1.png"},{"@type":"BreadcrumbList","@id":"https:\/\/www.thinkupc.com\/es\/servicios\/cloud-it-infrastructure\/systems-integration\/#breadcrumb","itemListElement":[{"@type":"ListItem","position":1,"name":"Home","item":"https:\/\/www.thinkupc.com\/es\/thinkupc\/"},{"@type":"ListItem","position":2,"name":"Servicios","item":"https:\/\/www.thinkupc.com\/es\/serveis\/"},{"@type":"ListItem","position":3,"name":"Cloud &amp; IT Infrastructure","item":"https:\/\/www.thinkupc.com\/es\/serveis\/cloud-and-it-infrastructure\/"},{"@type":"ListItem","position":4,"name":"Systems Integration"}]},{"@type":"WebSite","@id":"https:\/\/www.thinkupc.com\/es\/#website","url":"https:\/\/www.thinkupc.com\/es\/","name":"ThinkUPC","description":"One Step Ahead in the Digital World","publisher":{"@id":"https:\/\/www.thinkupc.com\/es\/#organization"},"potentialAction":[{"@type":"SearchAction","target":{"@type":"EntryPoint","urlTemplate":"https:\/\/www.thinkupc.com\/es\/?s={search_term_string}"},"query-input":{"@type":"PropertyValueSpecification","valueRequired":true,"valueName":"search_term_string"}}],"inLanguage":"es"},{"@type":"Organization","@id":"https:\/\/www.thinkupc.com\/es\/#organization","name":"ThinkUPC","url":"https:\/\/www.thinkupc.com\/es\/","logo":{"@type":"ImageObject","inLanguage":"es","@id":"https:\/\/www.thinkupc.com\/es\/#\/schema\/logo\/image\/","url":"https:\/\/www.thinkupc.com\/wp-content\/uploads\/2025\/03\/logo-claim_B.png","contentUrl":"https:\/\/www.thinkupc.com\/wp-content\/uploads\/2025\/03\/logo-claim_B.png","width":2325,"height":1027,"caption":"ThinkUPC"},"image":{"@id":"https:\/\/www.thinkupc.com\/es\/#\/schema\/logo\/image\/"},"sameAs":["https:\/\/bsky.app\/profile\/thinkupc.com","https:\/\/es.linkedin.com\/company\/thinkupc"]}]}},"_links":{"self":[{"href":"https:\/\/www.thinkupc.com\/es\/wp-json\/wp\/v2\/pages\/5197","targetHints":{"allow":["GET"]}}],"collection":[{"href":"https:\/\/www.thinkupc.com\/es\/wp-json\/wp\/v2\/pages"}],"about":[{"href":"https:\/\/www.thinkupc.com\/es\/wp-json\/wp\/v2\/types\/page"}],"author":[{"embeddable":true,"href":"https:\/\/www.thinkupc.com\/es\/wp-json\/wp\/v2\/users\/2"}],"replies":[{"embeddable":true,"href":"https:\/\/www.thinkupc.com\/es\/wp-json\/wp\/v2\/comments?post=5197"}],"version-history":[{"count":0,"href":"https:\/\/www.thinkupc.com\/es\/wp-json\/wp\/v2\/pages\/5197\/revisions"}],"up":[{"embeddable":true,"href":"https:\/\/www.thinkupc.com\/es\/wp-json\/wp\/v2\/pages\/5236"}],"wp:attachment":[{"href":"https:\/\/www.thinkupc.com\/es\/wp-json\/wp\/v2\/media?parent=5197"}],"wp:term":[{"taxonomy":"category","embeddable":true,"href":"https:\/\/www.thinkupc.com\/es\/wp-json\/wp\/v2\/categories?post=5197"},{"taxonomy":"post_tag","embeddable":true,"href":"https:\/\/www.thinkupc.com\/es\/wp-json\/wp\/v2\/tags?post=5197"}],"curies":[{"name":"wp","href":"https:\/\/api.w.org\/{rel}","templated":true}]}}