{"id":5182,"date":"2025-01-15T08:33:49","date_gmt":"2025-01-15T07:33:49","guid":{"rendered":"https:\/\/thinkupc.com\/robotic-process-automation\/"},"modified":"2025-03-06T16:53:36","modified_gmt":"2025-03-06T15:53:36","slug":"robotic-process-automation","status":"publish","type":"page","link":"https:\/\/www.thinkupc.com\/es\/servicios\/ai-powered-applications\/robotic-process-automation\/","title":{"rendered":"Robotic Process Automation"},"content":{"rendered":"\t\t<div data-elementor-type=\"wp-page\" data-elementor-id=\"5182\" class=\"elementor elementor-5182 elementor-1587\" data-elementor-post-type=\"page\">\n\t\t\t\t<div class=\"elementor-element elementor-element-2af1bac e-flex e-con-boxed e-con e-parent\" data-id=\"2af1bac\" data-element_type=\"container\" data-e-type=\"container\">\n\t\t\t\t\t<div class=\"e-con-inner\">\n\t\t\t\t<div class=\"elementor-element elementor-element-72d6fe0 elementor-widget elementor-widget-heading\" data-id=\"72d6fe0\" data-element_type=\"widget\" data-e-type=\"widget\" data-widget_type=\"heading.default\">\n\t\t\t\t\t<h2 class=\"elementor-heading-title elementor-size-default\">RPA es m\u00e1s que un proyecto. Es un camino\u2026 para ahorrar y mejorar la productividad. \n\n\n<\/h2>\t\t\t\t<\/div>\n\t\t\t\t\t<\/div>\n\t\t\t\t<\/div>\n\t\t<div class=\"elementor-element elementor-element-61a0a4b e-grid e-con-boxed e-con e-parent\" data-id=\"61a0a4b\" data-element_type=\"container\" data-e-type=\"container\">\n\t\t\t\t\t<div class=\"e-con-inner\">\n\t\t\t\t<div class=\"elementor-element elementor-element-643e039 elementor-widget elementor-widget-image\" data-id=\"643e039\" data-element_type=\"widget\" data-e-type=\"widget\" data-widget_type=\"image.default\">\n\t\t\t\t\t\t\t\t\t\t\t\t\t\t\t<img fetchpriority=\"high\" decoding=\"async\" width=\"800\" height=\"340\" src=\"https:\/\/www.thinkupc.com\/wp-content\/uploads\/2025\/03\/img-apa-rpa-es-1024x435.png\" class=\"attachment-large size-large wp-image-6623\" alt=\"\" srcset=\"https:\/\/www.thinkupc.com\/wp-content\/uploads\/2025\/03\/img-apa-rpa-es-1024x435.png 1024w, https:\/\/www.thinkupc.com\/wp-content\/uploads\/2025\/03\/img-apa-rpa-es-300x127.png 300w, https:\/\/www.thinkupc.com\/wp-content\/uploads\/2025\/03\/img-apa-rpa-es-768x326.png 768w, https:\/\/www.thinkupc.com\/wp-content\/uploads\/2025\/03\/img-apa-rpa-es.png 1370w\" sizes=\"(max-width: 800px) 100vw, 800px\" \/>\t\t\t\t\t\t\t\t\t\t\t\t\t\t\t<\/div>\n\t\t\t\t<div class=\"elementor-element elementor-element-4441b23 elementor-widget elementor-widget-text-editor\" data-id=\"4441b23\" data-element_type=\"widget\" data-e-type=\"widget\" data-widget_type=\"text-editor.default\">\n\t\t\t\t\t\t\t\t\t<ol>\n<li><b>Reducci\u00f3n de costes<br><\/b><span style=\"text-align: var(--text-align); background-color: var( --e-global-color-c696dce ); color: var( --e-global-color-text );\">Tareas repetitivas automatizadas<br><br><\/span><\/li>\n<li><b>M\u00e1s productividad<br><\/b>Personas m\u00e1s eficientes que aportan m\u00e1s valor a la organizaci\u00f3n<br><br><\/li>\n<li><b>M\u00e1s precisi\u00f3n<br><\/b>Menos errores humanos involuntarios<br><br><\/li>\n<li><b>M\u00e1s resiliencia<br><\/b>Los bots escalan delante de picos de carga puntuales<\/li>\n<\/ol>\t\t\t\t\t\t\t\t<\/div>\n\t\t\t\t\t<\/div>\n\t\t\t\t<\/div>\n\t\t\t\t<\/div>\n\t\t","protected":false},"excerpt":{"rendered":"<p>RPA es m\u00e1s que un proyecto. Es un camino\u2026 para ahorrar y mejorar la productividad. Reducci\u00f3n de costesTareas repetitivas automatizadas M\u00e1s productividadPersonas m\u00e1s eficientes que aportan m\u00e1s valor a la organizaci\u00f3n M\u00e1s precisi\u00f3nMenos errores humanos involuntarios M\u00e1s resilienciaLos bots escalan delante de picos de carga puntuales<\/p>\n","protected":false},"author":2,"featured_media":0,"parent":5915,"menu_order":1,"comment_status":"closed","ping_status":"closed","template":"","meta":{"_acf_changed":false,"footnotes":""},"categories":[149,152,148],"tags":[224],"class_list":["post-5182","page","type-page","status-publish","hentry","category-ai-powered-applications-es","category-robotic-process-automation-es","category-servicios","tag-robotic-process-automation-es"],"acf":[],"yoast_head":"<!-- This site is optimized with the Yoast SEO plugin v27.0 - https:\/\/yoast.com\/product\/yoast-seo-wordpress\/ -->\n<title>Robotic Process Automation - ThinkUPC<\/title>\n<meta name=\"robots\" content=\"index, follow, max-snippet:-1, max-image-preview:large, max-video-preview:-1\" \/>\n<link rel=\"canonical\" href=\"https:\/\/www.thinkupc.com\/es\/servicios\/ai-powered-applications\/robotic-process-automation\/\" \/>\n<meta property=\"og:locale\" content=\"es_ES\" \/>\n<meta property=\"og:type\" content=\"article\" \/>\n<meta property=\"og:title\" content=\"Robotic Process Automation - ThinkUPC\" \/>\n<meta property=\"og:description\" content=\"RPA es m\u00e1s que un proyecto. Es un camino\u2026 para ahorrar y mejorar la productividad. Reducci\u00f3n de costesTareas repetitivas automatizadas M\u00e1s productividadPersonas m\u00e1s eficientes que aportan m\u00e1s valor a la organizaci\u00f3n M\u00e1s precisi\u00f3nMenos errores humanos involuntarios M\u00e1s resilienciaLos bots escalan delante de picos de carga puntuales\" \/>\n<meta property=\"og:url\" content=\"https:\/\/www.thinkupc.com\/es\/servicios\/ai-powered-applications\/robotic-process-automation\/\" \/>\n<meta property=\"og:site_name\" content=\"ThinkUPC\" \/>\n<meta property=\"article:modified_time\" content=\"2025-03-06T15:53:36+00:00\" \/>\n<meta property=\"og:image\" content=\"https:\/\/www.thinkupc.com\/wp-content\/uploads\/2025\/03\/img-apa-rpa-es-1024x435.png\" \/>\n<meta name=\"twitter:card\" content=\"summary_large_image\" \/>\n<script type=\"application\/ld+json\" class=\"yoast-schema-graph\">{\"@context\":\"https:\/\/schema.org\",\"@graph\":[{\"@type\":\"WebPage\",\"@id\":\"https:\/\/www.thinkupc.com\/es\/servicios\/ai-powered-applications\/robotic-process-automation\/\",\"url\":\"https:\/\/www.thinkupc.com\/es\/servicios\/ai-powered-applications\/robotic-process-automation\/\",\"name\":\"Robotic Process Automation - ThinkUPC\",\"isPartOf\":{\"@id\":\"https:\/\/www.thinkupc.com\/es\/#website\"},\"primaryImageOfPage\":{\"@id\":\"https:\/\/www.thinkupc.com\/es\/servicios\/ai-powered-applications\/robotic-process-automation\/#primaryimage\"},\"image\":{\"@id\":\"https:\/\/www.thinkupc.com\/es\/servicios\/ai-powered-applications\/robotic-process-automation\/#primaryimage\"},\"thumbnailUrl\":\"https:\/\/www.thinkupc.com\/wp-content\/uploads\/2025\/03\/img-apa-rpa-es-1024x435.png\",\"datePublished\":\"2025-01-15T07:33:49+00:00\",\"dateModified\":\"2025-03-06T15:53:36+00:00\",\"breadcrumb\":{\"@id\":\"https:\/\/www.thinkupc.com\/es\/servicios\/ai-powered-applications\/robotic-process-automation\/#breadcrumb\"},\"inLanguage\":\"es\",\"potentialAction\":[{\"@type\":\"ReadAction\",\"target\":[\"https:\/\/www.thinkupc.com\/es\/servicios\/ai-powered-applications\/robotic-process-automation\/\"]}]},{\"@type\":\"ImageObject\",\"inLanguage\":\"es\",\"@id\":\"https:\/\/www.thinkupc.com\/es\/servicios\/ai-powered-applications\/robotic-process-automation\/#primaryimage\",\"url\":\"https:\/\/www.thinkupc.com\/wp-content\/uploads\/2025\/03\/img-apa-rpa-es-1024x435.png\",\"contentUrl\":\"https:\/\/www.thinkupc.com\/wp-content\/uploads\/2025\/03\/img-apa-rpa-es-1024x435.png\"},{\"@type\":\"BreadcrumbList\",\"@id\":\"https:\/\/www.thinkupc.com\/es\/servicios\/ai-powered-applications\/robotic-process-automation\/#breadcrumb\",\"itemListElement\":[{\"@type\":\"ListItem\",\"position\":1,\"name\":\"Home\",\"item\":\"https:\/\/www.thinkupc.com\/es\/thinkupc\/\"},{\"@type\":\"ListItem\",\"position\":2,\"name\":\"Servicios\",\"item\":\"https:\/\/www.thinkupc.com\/es\/serveis\/\"},{\"@type\":\"ListItem\",\"position\":3,\"name\":\"AI-powered Applications\",\"item\":\"https:\/\/www.thinkupc.com\/es\/serveis\/ai-powered-applications\/\"},{\"@type\":\"ListItem\",\"position\":4,\"name\":\"Robotic Process Automation\"}]},{\"@type\":\"WebSite\",\"@id\":\"https:\/\/www.thinkupc.com\/es\/#website\",\"url\":\"https:\/\/www.thinkupc.com\/es\/\",\"name\":\"ThinkUPC\",\"description\":\"One Step Ahead in the Digital World\",\"publisher\":{\"@id\":\"https:\/\/www.thinkupc.com\/es\/#organization\"},\"potentialAction\":[{\"@type\":\"SearchAction\",\"target\":{\"@type\":\"EntryPoint\",\"urlTemplate\":\"https:\/\/www.thinkupc.com\/es\/?s={search_term_string}\"},\"query-input\":{\"@type\":\"PropertyValueSpecification\",\"valueRequired\":true,\"valueName\":\"search_term_string\"}}],\"inLanguage\":\"es\"},{\"@type\":\"Organization\",\"@id\":\"https:\/\/www.thinkupc.com\/es\/#organization\",\"name\":\"ThinkUPC\",\"url\":\"https:\/\/www.thinkupc.com\/es\/\",\"logo\":{\"@type\":\"ImageObject\",\"inLanguage\":\"es\",\"@id\":\"https:\/\/www.thinkupc.com\/es\/#\/schema\/logo\/image\/\",\"url\":\"https:\/\/www.thinkupc.com\/wp-content\/uploads\/2025\/03\/logo-claim_B.png\",\"contentUrl\":\"https:\/\/www.thinkupc.com\/wp-content\/uploads\/2025\/03\/logo-claim_B.png\",\"width\":2325,\"height\":1027,\"caption\":\"ThinkUPC\"},\"image\":{\"@id\":\"https:\/\/www.thinkupc.com\/es\/#\/schema\/logo\/image\/\"},\"sameAs\":[\"https:\/\/bsky.app\/profile\/thinkupc.com\",\"https:\/\/es.linkedin.com\/company\/thinkupc\"]}]}<\/script>\n<!-- \/ Yoast SEO plugin. -->","yoast_head_json":{"title":"Robotic Process Automation - ThinkUPC","robots":{"index":"index","follow":"follow","max-snippet":"max-snippet:-1","max-image-preview":"max-image-preview:large","max-video-preview":"max-video-preview:-1"},"canonical":"https:\/\/www.thinkupc.com\/es\/servicios\/ai-powered-applications\/robotic-process-automation\/","og_locale":"es_ES","og_type":"article","og_title":"Robotic Process Automation - ThinkUPC","og_description":"RPA es m\u00e1s que un proyecto. Es un camino\u2026 para ahorrar y mejorar la productividad. Reducci\u00f3n de costesTareas repetitivas automatizadas M\u00e1s productividadPersonas m\u00e1s eficientes que aportan m\u00e1s valor a la organizaci\u00f3n M\u00e1s precisi\u00f3nMenos errores humanos involuntarios M\u00e1s resilienciaLos bots escalan delante de picos de carga puntuales","og_url":"https:\/\/www.thinkupc.com\/es\/servicios\/ai-powered-applications\/robotic-process-automation\/","og_site_name":"ThinkUPC","article_modified_time":"2025-03-06T15:53:36+00:00","og_image":[{"url":"https:\/\/www.thinkupc.com\/wp-content\/uploads\/2025\/03\/img-apa-rpa-es-1024x435.png","type":"","width":"","height":""}],"twitter_card":"summary_large_image","schema":{"@context":"https:\/\/schema.org","@graph":[{"@type":"WebPage","@id":"https:\/\/www.thinkupc.com\/es\/servicios\/ai-powered-applications\/robotic-process-automation\/","url":"https:\/\/www.thinkupc.com\/es\/servicios\/ai-powered-applications\/robotic-process-automation\/","name":"Robotic Process Automation - ThinkUPC","isPartOf":{"@id":"https:\/\/www.thinkupc.com\/es\/#website"},"primaryImageOfPage":{"@id":"https:\/\/www.thinkupc.com\/es\/servicios\/ai-powered-applications\/robotic-process-automation\/#primaryimage"},"image":{"@id":"https:\/\/www.thinkupc.com\/es\/servicios\/ai-powered-applications\/robotic-process-automation\/#primaryimage"},"thumbnailUrl":"https:\/\/www.thinkupc.com\/wp-content\/uploads\/2025\/03\/img-apa-rpa-es-1024x435.png","datePublished":"2025-01-15T07:33:49+00:00","dateModified":"2025-03-06T15:53:36+00:00","breadcrumb":{"@id":"https:\/\/www.thinkupc.com\/es\/servicios\/ai-powered-applications\/robotic-process-automation\/#breadcrumb"},"inLanguage":"es","potentialAction":[{"@type":"ReadAction","target":["https:\/\/www.thinkupc.com\/es\/servicios\/ai-powered-applications\/robotic-process-automation\/"]}]},{"@type":"ImageObject","inLanguage":"es","@id":"https:\/\/www.thinkupc.com\/es\/servicios\/ai-powered-applications\/robotic-process-automation\/#primaryimage","url":"https:\/\/www.thinkupc.com\/wp-content\/uploads\/2025\/03\/img-apa-rpa-es-1024x435.png","contentUrl":"https:\/\/www.thinkupc.com\/wp-content\/uploads\/2025\/03\/img-apa-rpa-es-1024x435.png"},{"@type":"BreadcrumbList","@id":"https:\/\/www.thinkupc.com\/es\/servicios\/ai-powered-applications\/robotic-process-automation\/#breadcrumb","itemListElement":[{"@type":"ListItem","position":1,"name":"Home","item":"https:\/\/www.thinkupc.com\/es\/thinkupc\/"},{"@type":"ListItem","position":2,"name":"Servicios","item":"https:\/\/www.thinkupc.com\/es\/serveis\/"},{"@type":"ListItem","position":3,"name":"AI-powered Applications","item":"https:\/\/www.thinkupc.com\/es\/serveis\/ai-powered-applications\/"},{"@type":"ListItem","position":4,"name":"Robotic Process Automation"}]},{"@type":"WebSite","@id":"https:\/\/www.thinkupc.com\/es\/#website","url":"https:\/\/www.thinkupc.com\/es\/","name":"ThinkUPC","description":"One Step Ahead in the Digital World","publisher":{"@id":"https:\/\/www.thinkupc.com\/es\/#organization"},"potentialAction":[{"@type":"SearchAction","target":{"@type":"EntryPoint","urlTemplate":"https:\/\/www.thinkupc.com\/es\/?s={search_term_string}"},"query-input":{"@type":"PropertyValueSpecification","valueRequired":true,"valueName":"search_term_string"}}],"inLanguage":"es"},{"@type":"Organization","@id":"https:\/\/www.thinkupc.com\/es\/#organization","name":"ThinkUPC","url":"https:\/\/www.thinkupc.com\/es\/","logo":{"@type":"ImageObject","inLanguage":"es","@id":"https:\/\/www.thinkupc.com\/es\/#\/schema\/logo\/image\/","url":"https:\/\/www.thinkupc.com\/wp-content\/uploads\/2025\/03\/logo-claim_B.png","contentUrl":"https:\/\/www.thinkupc.com\/wp-content\/uploads\/2025\/03\/logo-claim_B.png","width":2325,"height":1027,"caption":"ThinkUPC"},"image":{"@id":"https:\/\/www.thinkupc.com\/es\/#\/schema\/logo\/image\/"},"sameAs":["https:\/\/bsky.app\/profile\/thinkupc.com","https:\/\/es.linkedin.com\/company\/thinkupc"]}]}},"_links":{"self":[{"href":"https:\/\/www.thinkupc.com\/es\/wp-json\/wp\/v2\/pages\/5182","targetHints":{"allow":["GET"]}}],"collection":[{"href":"https:\/\/www.thinkupc.com\/es\/wp-json\/wp\/v2\/pages"}],"about":[{"href":"https:\/\/www.thinkupc.com\/es\/wp-json\/wp\/v2\/types\/page"}],"author":[{"embeddable":true,"href":"https:\/\/www.thinkupc.com\/es\/wp-json\/wp\/v2\/users\/2"}],"replies":[{"embeddable":true,"href":"https:\/\/www.thinkupc.com\/es\/wp-json\/wp\/v2\/comments?post=5182"}],"version-history":[{"count":0,"href":"https:\/\/www.thinkupc.com\/es\/wp-json\/wp\/v2\/pages\/5182\/revisions"}],"up":[{"embeddable":true,"href":"https:\/\/www.thinkupc.com\/es\/wp-json\/wp\/v2\/pages\/5915"}],"wp:attachment":[{"href":"https:\/\/www.thinkupc.com\/es\/wp-json\/wp\/v2\/media?parent=5182"}],"wp:term":[{"taxonomy":"category","embeddable":true,"href":"https:\/\/www.thinkupc.com\/es\/wp-json\/wp\/v2\/categories?post=5182"},{"taxonomy":"post_tag","embeddable":true,"href":"https:\/\/www.thinkupc.com\/es\/wp-json\/wp\/v2\/tags?post=5182"}],"curies":[{"name":"wp","href":"https:\/\/api.w.org\/{rel}","templated":true}]}}