{"id":5178,"date":"2025-01-15T08:33:10","date_gmt":"2025-01-15T07:33:10","guid":{"rendered":"https:\/\/thinkupc.com\/apps-webs-corporate-portals\/"},"modified":"2025-03-06T16:52:44","modified_gmt":"2025-03-06T15:52:44","slug":"apps-webs-corporate-portals","status":"publish","type":"page","link":"https:\/\/www.thinkupc.com\/es\/servicios\/ai-powered-applications\/apps-webs-corporate-portals\/","title":{"rendered":"Apps, Webs &amp; Corporate Portals"},"content":{"rendered":"\t\t<div data-elementor-type=\"wp-page\" data-elementor-id=\"5178\" class=\"elementor elementor-5178 elementor-1585\" data-elementor-post-type=\"page\">\n\t\t\t\t<div class=\"elementor-element elementor-element-c9a7200 e-flex e-con-boxed e-con e-parent\" data-id=\"c9a7200\" data-element_type=\"container\" data-e-type=\"container\">\n\t\t\t\t\t<div class=\"e-con-inner\">\n\t\t\t\t<div class=\"elementor-element elementor-element-fcffc14 elementor-widget elementor-widget-heading\" data-id=\"fcffc14\" data-element_type=\"widget\" data-e-type=\"widget\" data-widget_type=\"heading.default\">\n\t\t\t\t\t<h2 class=\"elementor-heading-title elementor-size-default\">Sistemas de comunicaci\u00f3n y colaboraci\u00f3n centrados en la UX\n\n\n\n<\/h2>\t\t\t\t<\/div>\n\t\t\t\t\t<\/div>\n\t\t\t\t<\/div>\n\t\t<div class=\"elementor-element elementor-element-1dcae6c e-flex e-con-boxed e-con e-parent\" data-id=\"1dcae6c\" data-element_type=\"container\" data-e-type=\"container\">\n\t\t\t\t\t<div class=\"e-con-inner\">\n\t\t\t\t<div class=\"elementor-element elementor-element-f32644d elementor-widget elementor-widget-image\" data-id=\"f32644d\" data-element_type=\"widget\" data-e-type=\"widget\" data-widget_type=\"image.default\">\n\t\t\t\t\t\t\t\t\t\t\t\t\t\t\t<img fetchpriority=\"high\" decoding=\"async\" width=\"489\" height=\"459\" src=\"https:\/\/www.thinkupc.com\/wp-content\/uploads\/2025\/03\/img-apa-awcp1-es.png\" class=\"attachment-full size-full wp-image-6617\" alt=\"\" srcset=\"https:\/\/www.thinkupc.com\/wp-content\/uploads\/2025\/03\/img-apa-awcp1-es.png 489w, https:\/\/www.thinkupc.com\/wp-content\/uploads\/2025\/03\/img-apa-awcp1-es-300x282.png 300w\" sizes=\"(max-width: 489px) 100vw, 489px\" \/>\t\t\t\t\t\t\t\t\t\t\t\t\t\t\t<\/div>\n\t\t\t\t\t<\/div>\n\t\t\t\t<\/div>\n\t\t<div class=\"elementor-element elementor-element-5e1a2201 e-flex e-con-boxed e-con e-parent\" data-id=\"5e1a2201\" data-element_type=\"container\" data-e-type=\"container\">\n\t\t\t\t\t<div class=\"e-con-inner\">\n\t\t\t\t<div class=\"elementor-element elementor-element-204d6ae2 elementor-widget elementor-widget-text-editor\" data-id=\"204d6ae2\" data-element_type=\"widget\" data-e-type=\"widget\" data-widget_type=\"text-editor.default\">\n\t\t\t\t\t\t\t\t\t<p>Las apps y portales corporativos son <strong>sistemas cr\u00edticos<\/strong>: canalizan gran parte de la comunicaci\u00f3n y colaboraci\u00f3n entre las personas, dentro y fuera de la organizaci\u00f3n. Es necesario adaptarlos a la experiencia de uso, a los dispositivos y al lenguaje visual y funcional de cada colectivo para establecer una relaci\u00f3n adecuada con las personas usuarias y garantizar el \u00e9xito de los servicios que ofrecen. <\/p>\n<p><strong>Desarrollamos apps, webs y portales corporativos<\/strong> a medida de las necesidades de nuestros clientes, con&nbsp;<strong> la movilidad y agilidad de uso como prioridades<\/strong> desde el dise\u00f1o.<\/p>\n<p>Aplicamos las mejores pr\u00e1cticas de UX, Responsive Design, Usability, Interaction Design, Visual Feedback, etc. y generamos prototipos realistas que permiten al cliente visualizar con garant\u00edas el producto final antes de iniciar su desarrollo.<\/p>\n<p>Incorporamos t\u00e9cnicas y tecnolog\u00edas, como las notificaciones push, el bluetooth, o la autenticaci\u00f3n por Face ID, que faciliten la adopci\u00f3n de los servicios y los acerquen a las personas.<\/p>\n<p>Y, por supuesto, incluimos <strong>chatbots<\/strong>&nbsp;de IA generativa donde puedan ser \u00fatiles para facilitar el uso de las aplicaciones y reducir los costes de asistencia.<\/p>\t\t\t\t\t\t\t\t<\/div>\n\t\t\t\t\t<\/div>\n\t\t\t\t<\/div>\n\t\t\t\t<\/div>\n\t\t","protected":false},"excerpt":{"rendered":"<p>Sistemas de comunicaci\u00f3n y colaboraci\u00f3n centrados en la UX Las apps y portales corporativos son sistemas cr\u00edticos: canalizan gran parte de la comunicaci\u00f3n y colaboraci\u00f3n entre las personas, dentro y fuera de la organizaci\u00f3n. Es necesario adaptarlos a la experiencia de uso, a los dispositivos y al lenguaje visual y funcional de cada colectivo para [&hellip;]<\/p>\n","protected":false},"author":2,"featured_media":0,"parent":5915,"menu_order":1,"comment_status":"closed","ping_status":"closed","template":"","meta":{"_acf_changed":false,"footnotes":""},"categories":[149,150,148],"tags":[181,187,251,246],"class_list":["post-5178","page","type-page","status-publish","hentry","category-ai-powered-applications-es","category-apps-webs-corporate-portals-es","category-servicios","tag-ai-powered-applications-es","tag-apps-es","tag-servicios","tag-webs-corporate-portals-es"],"acf":[],"yoast_head":"<!-- This site is optimized with the Yoast SEO plugin v27.0 - https:\/\/yoast.com\/product\/yoast-seo-wordpress\/ -->\n<title>Apps, Webs &amp; Corporate Portals - ThinkUPC<\/title>\n<meta name=\"robots\" content=\"index, follow, max-snippet:-1, max-image-preview:large, max-video-preview:-1\" \/>\n<link rel=\"canonical\" href=\"https:\/\/www.thinkupc.com\/es\/servicios\/ai-powered-applications\/apps-webs-corporate-portals\/\" \/>\n<meta property=\"og:locale\" content=\"es_ES\" \/>\n<meta property=\"og:type\" content=\"article\" \/>\n<meta property=\"og:title\" content=\"Apps, Webs &amp; Corporate Portals - ThinkUPC\" \/>\n<meta property=\"og:description\" content=\"Sistemas de comunicaci\u00f3n y colaboraci\u00f3n centrados en la UX Las apps y portales corporativos son sistemas cr\u00edticos: canalizan gran parte de la comunicaci\u00f3n y colaboraci\u00f3n entre las personas, dentro y fuera de la organizaci\u00f3n. Es necesario adaptarlos a la experiencia de uso, a los dispositivos y al lenguaje visual y funcional de cada colectivo para [&hellip;]\" \/>\n<meta property=\"og:url\" content=\"https:\/\/www.thinkupc.com\/es\/servicios\/ai-powered-applications\/apps-webs-corporate-portals\/\" \/>\n<meta property=\"og:site_name\" content=\"ThinkUPC\" \/>\n<meta property=\"article:modified_time\" content=\"2025-03-06T15:52:44+00:00\" \/>\n<meta property=\"og:image\" content=\"https:\/\/www.thinkupc.com\/wp-content\/uploads\/2025\/03\/img-apa-awcp1-es.png\" \/>\n<meta name=\"twitter:card\" content=\"summary_large_image\" \/>\n<script type=\"application\/ld+json\" class=\"yoast-schema-graph\">{\"@context\":\"https:\/\/schema.org\",\"@graph\":[{\"@type\":\"WebPage\",\"@id\":\"https:\/\/www.thinkupc.com\/es\/servicios\/ai-powered-applications\/apps-webs-corporate-portals\/\",\"url\":\"https:\/\/www.thinkupc.com\/es\/servicios\/ai-powered-applications\/apps-webs-corporate-portals\/\",\"name\":\"Apps, Webs &amp; Corporate Portals - ThinkUPC\",\"isPartOf\":{\"@id\":\"https:\/\/www.thinkupc.com\/es\/#website\"},\"primaryImageOfPage\":{\"@id\":\"https:\/\/www.thinkupc.com\/es\/servicios\/ai-powered-applications\/apps-webs-corporate-portals\/#primaryimage\"},\"image\":{\"@id\":\"https:\/\/www.thinkupc.com\/es\/servicios\/ai-powered-applications\/apps-webs-corporate-portals\/#primaryimage\"},\"thumbnailUrl\":\"https:\/\/www.thinkupc.com\/wp-content\/uploads\/2025\/03\/img-apa-awcp1-es.png\",\"datePublished\":\"2025-01-15T07:33:10+00:00\",\"dateModified\":\"2025-03-06T15:52:44+00:00\",\"breadcrumb\":{\"@id\":\"https:\/\/www.thinkupc.com\/es\/servicios\/ai-powered-applications\/apps-webs-corporate-portals\/#breadcrumb\"},\"inLanguage\":\"es\",\"potentialAction\":[{\"@type\":\"ReadAction\",\"target\":[\"https:\/\/www.thinkupc.com\/es\/servicios\/ai-powered-applications\/apps-webs-corporate-portals\/\"]}]},{\"@type\":\"ImageObject\",\"inLanguage\":\"es\",\"@id\":\"https:\/\/www.thinkupc.com\/es\/servicios\/ai-powered-applications\/apps-webs-corporate-portals\/#primaryimage\",\"url\":\"https:\/\/www.thinkupc.com\/wp-content\/uploads\/2025\/03\/img-apa-awcp1-es.png\",\"contentUrl\":\"https:\/\/www.thinkupc.com\/wp-content\/uploads\/2025\/03\/img-apa-awcp1-es.png\"},{\"@type\":\"BreadcrumbList\",\"@id\":\"https:\/\/www.thinkupc.com\/es\/servicios\/ai-powered-applications\/apps-webs-corporate-portals\/#breadcrumb\",\"itemListElement\":[{\"@type\":\"ListItem\",\"position\":1,\"name\":\"Home\",\"item\":\"https:\/\/www.thinkupc.com\/es\/thinkupc\/\"},{\"@type\":\"ListItem\",\"position\":2,\"name\":\"Servicios\",\"item\":\"https:\/\/www.thinkupc.com\/es\/serveis\/\"},{\"@type\":\"ListItem\",\"position\":3,\"name\":\"AI-powered Applications\",\"item\":\"https:\/\/www.thinkupc.com\/es\/serveis\/ai-powered-applications\/\"},{\"@type\":\"ListItem\",\"position\":4,\"name\":\"Apps, Webs &amp; Corporate Portals\"}]},{\"@type\":\"WebSite\",\"@id\":\"https:\/\/www.thinkupc.com\/es\/#website\",\"url\":\"https:\/\/www.thinkupc.com\/es\/\",\"name\":\"ThinkUPC\",\"description\":\"One Step Ahead in the Digital World\",\"publisher\":{\"@id\":\"https:\/\/www.thinkupc.com\/es\/#organization\"},\"potentialAction\":[{\"@type\":\"SearchAction\",\"target\":{\"@type\":\"EntryPoint\",\"urlTemplate\":\"https:\/\/www.thinkupc.com\/es\/?s={search_term_string}\"},\"query-input\":{\"@type\":\"PropertyValueSpecification\",\"valueRequired\":true,\"valueName\":\"search_term_string\"}}],\"inLanguage\":\"es\"},{\"@type\":\"Organization\",\"@id\":\"https:\/\/www.thinkupc.com\/es\/#organization\",\"name\":\"ThinkUPC\",\"url\":\"https:\/\/www.thinkupc.com\/es\/\",\"logo\":{\"@type\":\"ImageObject\",\"inLanguage\":\"es\",\"@id\":\"https:\/\/www.thinkupc.com\/es\/#\/schema\/logo\/image\/\",\"url\":\"https:\/\/www.thinkupc.com\/wp-content\/uploads\/2025\/03\/logo-claim_B.png\",\"contentUrl\":\"https:\/\/www.thinkupc.com\/wp-content\/uploads\/2025\/03\/logo-claim_B.png\",\"width\":2325,\"height\":1027,\"caption\":\"ThinkUPC\"},\"image\":{\"@id\":\"https:\/\/www.thinkupc.com\/es\/#\/schema\/logo\/image\/\"},\"sameAs\":[\"https:\/\/bsky.app\/profile\/thinkupc.com\",\"https:\/\/es.linkedin.com\/company\/thinkupc\"]}]}<\/script>\n<!-- \/ Yoast SEO plugin. -->","yoast_head_json":{"title":"Apps, Webs &amp; Corporate Portals - ThinkUPC","robots":{"index":"index","follow":"follow","max-snippet":"max-snippet:-1","max-image-preview":"max-image-preview:large","max-video-preview":"max-video-preview:-1"},"canonical":"https:\/\/www.thinkupc.com\/es\/servicios\/ai-powered-applications\/apps-webs-corporate-portals\/","og_locale":"es_ES","og_type":"article","og_title":"Apps, Webs &amp; Corporate Portals - ThinkUPC","og_description":"Sistemas de comunicaci\u00f3n y colaboraci\u00f3n centrados en la UX Las apps y portales corporativos son sistemas cr\u00edticos: canalizan gran parte de la comunicaci\u00f3n y colaboraci\u00f3n entre las personas, dentro y fuera de la organizaci\u00f3n. Es necesario adaptarlos a la experiencia de uso, a los dispositivos y al lenguaje visual y funcional de cada colectivo para [&hellip;]","og_url":"https:\/\/www.thinkupc.com\/es\/servicios\/ai-powered-applications\/apps-webs-corporate-portals\/","og_site_name":"ThinkUPC","article_modified_time":"2025-03-06T15:52:44+00:00","og_image":[{"url":"https:\/\/www.thinkupc.com\/wp-content\/uploads\/2025\/03\/img-apa-awcp1-es.png","type":"","width":"","height":""}],"twitter_card":"summary_large_image","schema":{"@context":"https:\/\/schema.org","@graph":[{"@type":"WebPage","@id":"https:\/\/www.thinkupc.com\/es\/servicios\/ai-powered-applications\/apps-webs-corporate-portals\/","url":"https:\/\/www.thinkupc.com\/es\/servicios\/ai-powered-applications\/apps-webs-corporate-portals\/","name":"Apps, Webs &amp; Corporate Portals - ThinkUPC","isPartOf":{"@id":"https:\/\/www.thinkupc.com\/es\/#website"},"primaryImageOfPage":{"@id":"https:\/\/www.thinkupc.com\/es\/servicios\/ai-powered-applications\/apps-webs-corporate-portals\/#primaryimage"},"image":{"@id":"https:\/\/www.thinkupc.com\/es\/servicios\/ai-powered-applications\/apps-webs-corporate-portals\/#primaryimage"},"thumbnailUrl":"https:\/\/www.thinkupc.com\/wp-content\/uploads\/2025\/03\/img-apa-awcp1-es.png","datePublished":"2025-01-15T07:33:10+00:00","dateModified":"2025-03-06T15:52:44+00:00","breadcrumb":{"@id":"https:\/\/www.thinkupc.com\/es\/servicios\/ai-powered-applications\/apps-webs-corporate-portals\/#breadcrumb"},"inLanguage":"es","potentialAction":[{"@type":"ReadAction","target":["https:\/\/www.thinkupc.com\/es\/servicios\/ai-powered-applications\/apps-webs-corporate-portals\/"]}]},{"@type":"ImageObject","inLanguage":"es","@id":"https:\/\/www.thinkupc.com\/es\/servicios\/ai-powered-applications\/apps-webs-corporate-portals\/#primaryimage","url":"https:\/\/www.thinkupc.com\/wp-content\/uploads\/2025\/03\/img-apa-awcp1-es.png","contentUrl":"https:\/\/www.thinkupc.com\/wp-content\/uploads\/2025\/03\/img-apa-awcp1-es.png"},{"@type":"BreadcrumbList","@id":"https:\/\/www.thinkupc.com\/es\/servicios\/ai-powered-applications\/apps-webs-corporate-portals\/#breadcrumb","itemListElement":[{"@type":"ListItem","position":1,"name":"Home","item":"https:\/\/www.thinkupc.com\/es\/thinkupc\/"},{"@type":"ListItem","position":2,"name":"Servicios","item":"https:\/\/www.thinkupc.com\/es\/serveis\/"},{"@type":"ListItem","position":3,"name":"AI-powered Applications","item":"https:\/\/www.thinkupc.com\/es\/serveis\/ai-powered-applications\/"},{"@type":"ListItem","position":4,"name":"Apps, Webs &amp; Corporate Portals"}]},{"@type":"WebSite","@id":"https:\/\/www.thinkupc.com\/es\/#website","url":"https:\/\/www.thinkupc.com\/es\/","name":"ThinkUPC","description":"One Step Ahead in the Digital World","publisher":{"@id":"https:\/\/www.thinkupc.com\/es\/#organization"},"potentialAction":[{"@type":"SearchAction","target":{"@type":"EntryPoint","urlTemplate":"https:\/\/www.thinkupc.com\/es\/?s={search_term_string}"},"query-input":{"@type":"PropertyValueSpecification","valueRequired":true,"valueName":"search_term_string"}}],"inLanguage":"es"},{"@type":"Organization","@id":"https:\/\/www.thinkupc.com\/es\/#organization","name":"ThinkUPC","url":"https:\/\/www.thinkupc.com\/es\/","logo":{"@type":"ImageObject","inLanguage":"es","@id":"https:\/\/www.thinkupc.com\/es\/#\/schema\/logo\/image\/","url":"https:\/\/www.thinkupc.com\/wp-content\/uploads\/2025\/03\/logo-claim_B.png","contentUrl":"https:\/\/www.thinkupc.com\/wp-content\/uploads\/2025\/03\/logo-claim_B.png","width":2325,"height":1027,"caption":"ThinkUPC"},"image":{"@id":"https:\/\/www.thinkupc.com\/es\/#\/schema\/logo\/image\/"},"sameAs":["https:\/\/bsky.app\/profile\/thinkupc.com","https:\/\/es.linkedin.com\/company\/thinkupc"]}]}},"_links":{"self":[{"href":"https:\/\/www.thinkupc.com\/es\/wp-json\/wp\/v2\/pages\/5178","targetHints":{"allow":["GET"]}}],"collection":[{"href":"https:\/\/www.thinkupc.com\/es\/wp-json\/wp\/v2\/pages"}],"about":[{"href":"https:\/\/www.thinkupc.com\/es\/wp-json\/wp\/v2\/types\/page"}],"author":[{"embeddable":true,"href":"https:\/\/www.thinkupc.com\/es\/wp-json\/wp\/v2\/users\/2"}],"replies":[{"embeddable":true,"href":"https:\/\/www.thinkupc.com\/es\/wp-json\/wp\/v2\/comments?post=5178"}],"version-history":[{"count":0,"href":"https:\/\/www.thinkupc.com\/es\/wp-json\/wp\/v2\/pages\/5178\/revisions"}],"up":[{"embeddable":true,"href":"https:\/\/www.thinkupc.com\/es\/wp-json\/wp\/v2\/pages\/5915"}],"wp:attachment":[{"href":"https:\/\/www.thinkupc.com\/es\/wp-json\/wp\/v2\/media?parent=5178"}],"wp:term":[{"taxonomy":"category","embeddable":true,"href":"https:\/\/www.thinkupc.com\/es\/wp-json\/wp\/v2\/categories?post=5178"},{"taxonomy":"post_tag","embeddable":true,"href":"https:\/\/www.thinkupc.com\/es\/wp-json\/wp\/v2\/tags?post=5178"}],"curies":[{"name":"wp","href":"https:\/\/api.w.org\/{rel}","templated":true}]}}