{"id":5167,"date":"2025-01-15T08:32:11","date_gmt":"2025-01-15T07:32:11","guid":{"rendered":"https:\/\/thinkupc.com\/business-applications\/"},"modified":"2025-02-28T12:28:31","modified_gmt":"2025-02-28T11:28:31","slug":"business-applications","status":"publish","type":"page","link":"https:\/\/www.thinkupc.com\/es\/servicios\/ai-powered-applications\/business-applications\/","title":{"rendered":"Business Applications"},"content":{"rendered":"\t\t<div data-elementor-type=\"wp-page\" data-elementor-id=\"5167\" class=\"elementor elementor-5167 elementor-1583\" data-elementor-post-type=\"page\">\n\t\t\t\t<div class=\"elementor-element elementor-element-16d4d35 e-flex e-con-boxed e-con e-parent\" data-id=\"16d4d35\" data-element_type=\"container\" data-e-type=\"container\">\n\t\t\t\t\t<div class=\"e-con-inner\">\n\t\t\t\t<div class=\"elementor-element elementor-element-8956c33 elementor-widget elementor-widget-heading\" data-id=\"8956c33\" data-element_type=\"widget\" data-e-type=\"widget\" data-widget_type=\"heading.default\">\n\t\t\t\t\t<h2 class=\"elementor-heading-title elementor-size-default\">Desarrollo de aplicaciones y servicios corporativos integrando capacidades de IA\n\n\n\n\n<\/h2>\t\t\t\t<\/div>\n\t\t\t\t\t<\/div>\n\t\t\t\t<\/div>\n\t\t<div class=\"elementor-element elementor-element-e1c04ae e-flex e-con-boxed e-con e-parent\" data-id=\"e1c04ae\" data-element_type=\"container\" data-e-type=\"container\">\n\t\t\t\t\t<div class=\"e-con-inner\">\n\t\t\t\t<div class=\"elementor-element elementor-element-096913e elementor-widget elementor-widget-image\" data-id=\"096913e\" data-element_type=\"widget\" data-e-type=\"widget\" data-widget_type=\"image.default\">\n\t\t\t\t\t\t\t\t\t\t\t\t\t\t\t<img fetchpriority=\"high\" decoding=\"async\" width=\"669\" height=\"459\" src=\"https:\/\/www.thinkupc.com\/wp-content\/uploads\/2025\/01\/img-apa-ba.png\" class=\"attachment-full size-full wp-image-4832\" alt=\"\" srcset=\"https:\/\/www.thinkupc.com\/wp-content\/uploads\/2025\/01\/img-apa-ba.png 669w, https:\/\/www.thinkupc.com\/wp-content\/uploads\/2025\/01\/img-apa-ba-300x206.png 300w\" sizes=\"(max-width: 669px) 100vw, 669px\" \/>\t\t\t\t\t\t\t\t\t\t\t\t\t\t\t<\/div>\n\t\t\t\t\t<\/div>\n\t\t\t\t<\/div>\n\t\t<div class=\"elementor-element elementor-element-5e1a2201 e-flex e-con-boxed e-con e-parent\" data-id=\"5e1a2201\" data-element_type=\"container\" data-e-type=\"container\">\n\t\t\t\t\t<div class=\"e-con-inner\">\n\t\t\t\t<div class=\"elementor-element elementor-element-204d6ae2 elementor-widget elementor-widget-text-editor\" data-id=\"204d6ae2\" data-element_type=\"widget\" data-e-type=\"widget\" data-widget_type=\"text-editor.default\">\n\t\t\t\t\t\t\t\t\t<section id=\"id-business-applications\" class=\"mb-6 pb-4 has-background-light\" style=\"box-sizing: border-box; display: block; scroll-margin-top: 10rem !important; scroll-padding-top: 10rem !important; background-color: #ffffff !important; padding-bottom: 1rem !important; margin: 0px 0px 3rem !important 0px;\">\n<div style=\"box-sizing: border-box; margin: 0px;\">\n<div class=\"columns\" style=\"box-sizing: border-box; margin: -0.75rem; display: flex;\">\n<div class=\"column\" style=\"box-sizing: border-box; margin: 0px; display: block; flex: 1 1 0px; padding: 0.75rem;\">\n<p>Conseguimos la satisfacci\u00f3n de los clientes creando <strong>soluciones de software valiosas y eficientes<\/strong>, adaptadas a sus necesidades y objetivos. Desde aplicaciones de alta complejidad, desarrolladas mediante los frameworks y tecnolog\u00edas m\u00e1s avanzadas, hasta desarrollos sencillos para la optimizaci\u00f3n de procesos de negocio a partir de herramientas Low Code\/No Code. <\/p>\n<p><span style=\"text-align: var(--text-align); color: var( --e-global-color-text );\">Gracias a nuestra experiencia, identificamos d\u00f3nde conviene <\/span><strong style=\"text-align: var(--text-align); color: var( --e-global-color-text );\">integrar la IA<\/strong><span style=\"text-align: var(--text-align); color: var( --e-global-color-text );\"> en los proyectos, ya sea para ofrecer predicciones, reconocer patrones a los datos, automatizar tareas, personalizar la experiencia de usuario o transformarla con asistentes conversacionales.<\/span><\/p>\n<p>Nuestros equipos de desarrollo son pioneros en la adopci\u00f3n de herramientas copilotos con IA para aumentar <strong>la eficiencia, calidad del c\u00f3digo y seguridad de las aplicaciones<\/strong>. Adem\u00e1s, priorizamos la seguridad de los datos desde la etapa de dise\u00f1o. <\/p>\n<\/div>\n<\/div>\n<\/div>\n<\/section>\n<p><\/p>\t\t\t\t\t\t\t\t<\/div>\n\t\t\t\t\t<\/div>\n\t\t\t\t<\/div>\n\t\t\t\t<\/div>\n\t\t","protected":false},"excerpt":{"rendered":"<p>Desarrollo de aplicaciones y servicios corporativos integrando capacidades de IA Conseguimos la satisfacci\u00f3n de los clientes creando soluciones de software valiosas y eficientes, adaptadas a sus necesidades y objetivos. Desde aplicaciones de alta complejidad, desarrolladas mediante los frameworks y tecnolog\u00edas m\u00e1s avanzadas, hasta desarrollos sencillos para la optimizaci\u00f3n de procesos de negocio a partir de [&hellip;]<\/p>\n","protected":false},"author":2,"featured_media":0,"parent":5915,"menu_order":1,"comment_status":"closed","ping_status":"closed","template":"","meta":{"_acf_changed":false,"footnotes":""},"categories":[149,151,148],"tags":[189],"class_list":["post-5167","page","type-page","status-publish","hentry","category-ai-powered-applications-es","category-business-applications-es","category-servicios","tag-business-applications-es"],"acf":[],"yoast_head":"<!-- This site is optimized with the Yoast SEO plugin v27.0 - https:\/\/yoast.com\/product\/yoast-seo-wordpress\/ -->\n<title>Business Applications - ThinkUPC<\/title>\n<meta name=\"robots\" content=\"index, follow, max-snippet:-1, max-image-preview:large, max-video-preview:-1\" \/>\n<link rel=\"canonical\" href=\"https:\/\/www.thinkupc.com\/es\/servicios\/ai-powered-applications\/business-applications\/\" \/>\n<meta property=\"og:locale\" content=\"es_ES\" \/>\n<meta property=\"og:type\" content=\"article\" \/>\n<meta property=\"og:title\" content=\"Business Applications - ThinkUPC\" \/>\n<meta property=\"og:description\" content=\"Desarrollo de aplicaciones y servicios corporativos integrando capacidades de IA Conseguimos la satisfacci\u00f3n de los clientes creando soluciones de software valiosas y eficientes, adaptadas a sus necesidades y objetivos. Desde aplicaciones de alta complejidad, desarrolladas mediante los frameworks y tecnolog\u00edas m\u00e1s avanzadas, hasta desarrollos sencillos para la optimizaci\u00f3n de procesos de negocio a partir de [&hellip;]\" \/>\n<meta property=\"og:url\" content=\"https:\/\/www.thinkupc.com\/es\/servicios\/ai-powered-applications\/business-applications\/\" \/>\n<meta property=\"og:site_name\" content=\"ThinkUPC\" \/>\n<meta property=\"article:modified_time\" content=\"2025-02-28T11:28:31+00:00\" \/>\n<meta property=\"og:image\" content=\"https:\/\/www.thinkupc.com\/wp-content\/uploads\/2025\/01\/img-apa-ba.png\" \/>\n<meta name=\"twitter:card\" content=\"summary_large_image\" \/>\n<meta name=\"twitter:label1\" content=\"Tiempo de lectura\" \/>\n\t<meta name=\"twitter:data1\" content=\"1 minuto\" \/>\n<script type=\"application\/ld+json\" class=\"yoast-schema-graph\">{\"@context\":\"https:\/\/schema.org\",\"@graph\":[{\"@type\":\"WebPage\",\"@id\":\"https:\/\/www.thinkupc.com\/es\/servicios\/ai-powered-applications\/business-applications\/\",\"url\":\"https:\/\/www.thinkupc.com\/es\/servicios\/ai-powered-applications\/business-applications\/\",\"name\":\"Business Applications - ThinkUPC\",\"isPartOf\":{\"@id\":\"https:\/\/www.thinkupc.com\/es\/#website\"},\"primaryImageOfPage\":{\"@id\":\"https:\/\/www.thinkupc.com\/es\/servicios\/ai-powered-applications\/business-applications\/#primaryimage\"},\"image\":{\"@id\":\"https:\/\/www.thinkupc.com\/es\/servicios\/ai-powered-applications\/business-applications\/#primaryimage\"},\"thumbnailUrl\":\"https:\/\/www.thinkupc.com\/wp-content\/uploads\/2025\/01\/img-apa-ba.png\",\"datePublished\":\"2025-01-15T07:32:11+00:00\",\"dateModified\":\"2025-02-28T11:28:31+00:00\",\"breadcrumb\":{\"@id\":\"https:\/\/www.thinkupc.com\/es\/servicios\/ai-powered-applications\/business-applications\/#breadcrumb\"},\"inLanguage\":\"es\",\"potentialAction\":[{\"@type\":\"ReadAction\",\"target\":[\"https:\/\/www.thinkupc.com\/es\/servicios\/ai-powered-applications\/business-applications\/\"]}]},{\"@type\":\"ImageObject\",\"inLanguage\":\"es\",\"@id\":\"https:\/\/www.thinkupc.com\/es\/servicios\/ai-powered-applications\/business-applications\/#primaryimage\",\"url\":\"https:\/\/www.thinkupc.com\/wp-content\/uploads\/2025\/01\/img-apa-ba.png\",\"contentUrl\":\"https:\/\/www.thinkupc.com\/wp-content\/uploads\/2025\/01\/img-apa-ba.png\"},{\"@type\":\"BreadcrumbList\",\"@id\":\"https:\/\/www.thinkupc.com\/es\/servicios\/ai-powered-applications\/business-applications\/#breadcrumb\",\"itemListElement\":[{\"@type\":\"ListItem\",\"position\":1,\"name\":\"Home\",\"item\":\"https:\/\/www.thinkupc.com\/es\/thinkupc\/\"},{\"@type\":\"ListItem\",\"position\":2,\"name\":\"Servicios\",\"item\":\"https:\/\/www.thinkupc.com\/es\/serveis\/\"},{\"@type\":\"ListItem\",\"position\":3,\"name\":\"AI-powered Applications\",\"item\":\"https:\/\/www.thinkupc.com\/es\/serveis\/ai-powered-applications\/\"},{\"@type\":\"ListItem\",\"position\":4,\"name\":\"Business Applications\"}]},{\"@type\":\"WebSite\",\"@id\":\"https:\/\/www.thinkupc.com\/es\/#website\",\"url\":\"https:\/\/www.thinkupc.com\/es\/\",\"name\":\"ThinkUPC\",\"description\":\"One Step Ahead in the Digital World\",\"publisher\":{\"@id\":\"https:\/\/www.thinkupc.com\/es\/#organization\"},\"potentialAction\":[{\"@type\":\"SearchAction\",\"target\":{\"@type\":\"EntryPoint\",\"urlTemplate\":\"https:\/\/www.thinkupc.com\/es\/?s={search_term_string}\"},\"query-input\":{\"@type\":\"PropertyValueSpecification\",\"valueRequired\":true,\"valueName\":\"search_term_string\"}}],\"inLanguage\":\"es\"},{\"@type\":\"Organization\",\"@id\":\"https:\/\/www.thinkupc.com\/es\/#organization\",\"name\":\"ThinkUPC\",\"url\":\"https:\/\/www.thinkupc.com\/es\/\",\"logo\":{\"@type\":\"ImageObject\",\"inLanguage\":\"es\",\"@id\":\"https:\/\/www.thinkupc.com\/es\/#\/schema\/logo\/image\/\",\"url\":\"https:\/\/www.thinkupc.com\/wp-content\/uploads\/2025\/03\/logo-claim_B.png\",\"contentUrl\":\"https:\/\/www.thinkupc.com\/wp-content\/uploads\/2025\/03\/logo-claim_B.png\",\"width\":2325,\"height\":1027,\"caption\":\"ThinkUPC\"},\"image\":{\"@id\":\"https:\/\/www.thinkupc.com\/es\/#\/schema\/logo\/image\/\"},\"sameAs\":[\"https:\/\/bsky.app\/profile\/thinkupc.com\",\"https:\/\/es.linkedin.com\/company\/thinkupc\"]}]}<\/script>\n<!-- \/ Yoast SEO plugin. -->","yoast_head_json":{"title":"Business Applications - ThinkUPC","robots":{"index":"index","follow":"follow","max-snippet":"max-snippet:-1","max-image-preview":"max-image-preview:large","max-video-preview":"max-video-preview:-1"},"canonical":"https:\/\/www.thinkupc.com\/es\/servicios\/ai-powered-applications\/business-applications\/","og_locale":"es_ES","og_type":"article","og_title":"Business Applications - ThinkUPC","og_description":"Desarrollo de aplicaciones y servicios corporativos integrando capacidades de IA Conseguimos la satisfacci\u00f3n de los clientes creando soluciones de software valiosas y eficientes, adaptadas a sus necesidades y objetivos. Desde aplicaciones de alta complejidad, desarrolladas mediante los frameworks y tecnolog\u00edas m\u00e1s avanzadas, hasta desarrollos sencillos para la optimizaci\u00f3n de procesos de negocio a partir de [&hellip;]","og_url":"https:\/\/www.thinkupc.com\/es\/servicios\/ai-powered-applications\/business-applications\/","og_site_name":"ThinkUPC","article_modified_time":"2025-02-28T11:28:31+00:00","og_image":[{"url":"https:\/\/www.thinkupc.com\/wp-content\/uploads\/2025\/01\/img-apa-ba.png","type":"","width":"","height":""}],"twitter_card":"summary_large_image","twitter_misc":{"Tiempo de lectura":"1 minuto"},"schema":{"@context":"https:\/\/schema.org","@graph":[{"@type":"WebPage","@id":"https:\/\/www.thinkupc.com\/es\/servicios\/ai-powered-applications\/business-applications\/","url":"https:\/\/www.thinkupc.com\/es\/servicios\/ai-powered-applications\/business-applications\/","name":"Business Applications - ThinkUPC","isPartOf":{"@id":"https:\/\/www.thinkupc.com\/es\/#website"},"primaryImageOfPage":{"@id":"https:\/\/www.thinkupc.com\/es\/servicios\/ai-powered-applications\/business-applications\/#primaryimage"},"image":{"@id":"https:\/\/www.thinkupc.com\/es\/servicios\/ai-powered-applications\/business-applications\/#primaryimage"},"thumbnailUrl":"https:\/\/www.thinkupc.com\/wp-content\/uploads\/2025\/01\/img-apa-ba.png","datePublished":"2025-01-15T07:32:11+00:00","dateModified":"2025-02-28T11:28:31+00:00","breadcrumb":{"@id":"https:\/\/www.thinkupc.com\/es\/servicios\/ai-powered-applications\/business-applications\/#breadcrumb"},"inLanguage":"es","potentialAction":[{"@type":"ReadAction","target":["https:\/\/www.thinkupc.com\/es\/servicios\/ai-powered-applications\/business-applications\/"]}]},{"@type":"ImageObject","inLanguage":"es","@id":"https:\/\/www.thinkupc.com\/es\/servicios\/ai-powered-applications\/business-applications\/#primaryimage","url":"https:\/\/www.thinkupc.com\/wp-content\/uploads\/2025\/01\/img-apa-ba.png","contentUrl":"https:\/\/www.thinkupc.com\/wp-content\/uploads\/2025\/01\/img-apa-ba.png"},{"@type":"BreadcrumbList","@id":"https:\/\/www.thinkupc.com\/es\/servicios\/ai-powered-applications\/business-applications\/#breadcrumb","itemListElement":[{"@type":"ListItem","position":1,"name":"Home","item":"https:\/\/www.thinkupc.com\/es\/thinkupc\/"},{"@type":"ListItem","position":2,"name":"Servicios","item":"https:\/\/www.thinkupc.com\/es\/serveis\/"},{"@type":"ListItem","position":3,"name":"AI-powered Applications","item":"https:\/\/www.thinkupc.com\/es\/serveis\/ai-powered-applications\/"},{"@type":"ListItem","position":4,"name":"Business Applications"}]},{"@type":"WebSite","@id":"https:\/\/www.thinkupc.com\/es\/#website","url":"https:\/\/www.thinkupc.com\/es\/","name":"ThinkUPC","description":"One Step Ahead in the Digital World","publisher":{"@id":"https:\/\/www.thinkupc.com\/es\/#organization"},"potentialAction":[{"@type":"SearchAction","target":{"@type":"EntryPoint","urlTemplate":"https:\/\/www.thinkupc.com\/es\/?s={search_term_string}"},"query-input":{"@type":"PropertyValueSpecification","valueRequired":true,"valueName":"search_term_string"}}],"inLanguage":"es"},{"@type":"Organization","@id":"https:\/\/www.thinkupc.com\/es\/#organization","name":"ThinkUPC","url":"https:\/\/www.thinkupc.com\/es\/","logo":{"@type":"ImageObject","inLanguage":"es","@id":"https:\/\/www.thinkupc.com\/es\/#\/schema\/logo\/image\/","url":"https:\/\/www.thinkupc.com\/wp-content\/uploads\/2025\/03\/logo-claim_B.png","contentUrl":"https:\/\/www.thinkupc.com\/wp-content\/uploads\/2025\/03\/logo-claim_B.png","width":2325,"height":1027,"caption":"ThinkUPC"},"image":{"@id":"https:\/\/www.thinkupc.com\/es\/#\/schema\/logo\/image\/"},"sameAs":["https:\/\/bsky.app\/profile\/thinkupc.com","https:\/\/es.linkedin.com\/company\/thinkupc"]}]}},"_links":{"self":[{"href":"https:\/\/www.thinkupc.com\/es\/wp-json\/wp\/v2\/pages\/5167","targetHints":{"allow":["GET"]}}],"collection":[{"href":"https:\/\/www.thinkupc.com\/es\/wp-json\/wp\/v2\/pages"}],"about":[{"href":"https:\/\/www.thinkupc.com\/es\/wp-json\/wp\/v2\/types\/page"}],"author":[{"embeddable":true,"href":"https:\/\/www.thinkupc.com\/es\/wp-json\/wp\/v2\/users\/2"}],"replies":[{"embeddable":true,"href":"https:\/\/www.thinkupc.com\/es\/wp-json\/wp\/v2\/comments?post=5167"}],"version-history":[{"count":0,"href":"https:\/\/www.thinkupc.com\/es\/wp-json\/wp\/v2\/pages\/5167\/revisions"}],"up":[{"embeddable":true,"href":"https:\/\/www.thinkupc.com\/es\/wp-json\/wp\/v2\/pages\/5915"}],"wp:attachment":[{"href":"https:\/\/www.thinkupc.com\/es\/wp-json\/wp\/v2\/media?parent=5167"}],"wp:term":[{"taxonomy":"category","embeddable":true,"href":"https:\/\/www.thinkupc.com\/es\/wp-json\/wp\/v2\/categories?post=5167"},{"taxonomy":"post_tag","embeddable":true,"href":"https:\/\/www.thinkupc.com\/es\/wp-json\/wp\/v2\/tags?post=5167"}],"curies":[{"name":"wp","href":"https:\/\/api.w.org\/{rel}","templated":true}]}}