{"id":5159,"date":"2024-11-27T07:12:39","date_gmt":"2024-11-27T06:12:39","guid":{"rendered":"https:\/\/thinkupc.com\/data-governance\/"},"modified":"2025-03-06T11:35:33","modified_gmt":"2025-03-06T10:35:33","slug":"data-governance","status":"publish","type":"page","link":"https:\/\/www.thinkupc.com\/es\/servicios\/data-services\/data-governance\/","title":{"rendered":"Data Governance"},"content":{"rendered":"\t\t<div data-elementor-type=\"wp-page\" data-elementor-id=\"5159\" class=\"elementor elementor-5159 elementor-641\" data-elementor-post-type=\"page\">\n\t\t\t\t<div class=\"elementor-element elementor-element-b9492a5 e-flex e-con-boxed e-con e-parent\" data-id=\"b9492a5\" data-element_type=\"container\" data-e-type=\"container\">\n\t\t\t\t\t<div class=\"e-con-inner\">\n\t\t\t\t<div class=\"elementor-element elementor-element-759b3a4 elementor-widget elementor-widget-heading\" data-id=\"759b3a4\" data-element_type=\"widget\" data-e-type=\"widget\" data-widget_type=\"heading.default\">\n\t\t\t\t\t<h2 class=\"elementor-heading-title elementor-size-default\">Metodolog\u00edas, herramientas y soporte para la gesti\u00f3n integral del ciclo de vida de los datos\n\n\n\n<\/h2>\t\t\t\t<\/div>\n\t\t\t\t\t<\/div>\n\t\t\t\t<\/div>\n\t\t<div class=\"elementor-element elementor-element-c640c0e e-grid e-con-boxed e-con e-parent\" data-id=\"c640c0e\" data-element_type=\"container\" data-e-type=\"container\">\n\t\t\t\t\t<div class=\"e-con-inner\">\n\t\t\t\t<div class=\"elementor-element elementor-element-3aa554f elementor-position-top elementor-widget elementor-widget-image-box\" data-id=\"3aa554f\" data-element_type=\"widget\" data-e-type=\"widget\" data-widget_type=\"image-box.default\">\n\t\t\t\t\t<div class=\"elementor-image-box-wrapper\"><figure class=\"elementor-image-box-img\"><img decoding=\"async\" width=\"76\" height=\"77\" src=\"https:\/\/www.thinkupc.com\/wp-content\/uploads\/2025\/01\/img-dpp-dg-icon1-1.png\" class=\"attachment-full size-full wp-image-3629\" alt=\"\" \/><\/figure><div class=\"elementor-image-box-content\"><h3 class=\"elementor-image-box-title\">Estrategia de gobierno de los datos<\/h3><p class=\"elementor-image-box-description\">Que est\u00e9 alineada con los objetivos y las necesidades de la organizaci\u00f3n y facilite la priorizaci\u00f3n de acciones a ejecutar y la asignaci\u00f3n de recursos.<\/p><\/div><\/div>\t\t\t\t<\/div>\n\t\t\t\t<div class=\"elementor-element elementor-element-be2e2c8 elementor-position-top elementor-widget elementor-widget-image-box\" data-id=\"be2e2c8\" data-element_type=\"widget\" data-e-type=\"widget\" data-widget_type=\"image-box.default\">\n\t\t\t\t\t<div class=\"elementor-image-box-wrapper\"><figure class=\"elementor-image-box-img\"><img decoding=\"async\" width=\"76\" height=\"77\" src=\"https:\/\/www.thinkupc.com\/wp-content\/uploads\/2025\/01\/img-dpp-dg-icon2-1.png\" class=\"attachment-full size-full wp-image-3628\" alt=\"\" \/><\/figure><div class=\"elementor-image-box-content\"><h3 class=\"elementor-image-box-title\">Roles, funciones y responsabilidades<\/h3><p class=\"elementor-image-box-description\">Que permitan garantizar la calidad y la seguridad de los datos, mejorar la colaboraci\u00f3n y comunicaci\u00f3n e impulsar la toma de decisiones.<\/p><\/div><\/div>\t\t\t\t<\/div>\n\t\t\t\t<div class=\"elementor-element elementor-element-bb2ec07 elementor-position-top elementor-widget elementor-widget-image-box\" data-id=\"bb2ec07\" data-element_type=\"widget\" data-e-type=\"widget\" data-widget_type=\"image-box.default\">\n\t\t\t\t\t<div class=\"elementor-image-box-wrapper\"><figure class=\"elementor-image-box-img\"><img decoding=\"async\" width=\"76\" height=\"77\" src=\"https:\/\/www.thinkupc.com\/wp-content\/uploads\/2025\/01\/img-dpp-dg-icon3-1.png\" class=\"attachment-full size-full wp-image-3625\" alt=\"\" \/><\/figure><div class=\"elementor-image-box-content\"><h3 class=\"elementor-image-box-title\">Marco de gobierno de los datos<\/h3><p class=\"elementor-image-box-description\">Que incluya principios, normas, procesos, indicadores y m\u00e9tricas para gestionar el ciclo de vida de los datos de forma completa.\n\n<\/p><\/div><\/div>\t\t\t\t<\/div>\n\t\t\t\t<div class=\"elementor-element elementor-element-87073db elementor-position-top elementor-widget elementor-widget-image-box\" data-id=\"87073db\" data-element_type=\"widget\" data-e-type=\"widget\" data-widget_type=\"image-box.default\">\n\t\t\t\t\t<div class=\"elementor-image-box-wrapper\"><figure class=\"elementor-image-box-img\"><img loading=\"lazy\" decoding=\"async\" width=\"76\" height=\"77\" src=\"https:\/\/www.thinkupc.com\/wp-content\/uploads\/2025\/01\/img-dpp-dg-icon4-1.png\" class=\"attachment-full size-full wp-image-3627\" alt=\"\" \/><\/figure><div class=\"elementor-image-box-content\"><h3 class=\"elementor-image-box-title\">Herramientas y plataformas<\/h3><p class=\"elementor-image-box-description\">Que permitan implementar y supervisar la estrategia; plataformas de gesti\u00f3n de metadatos, cat\u00e1logos de datos, soluciones de calidad y seguridad.\n\n<\/p><\/div><\/div>\t\t\t\t<\/div>\n\t\t\t\t<div class=\"elementor-element elementor-element-8ae925b elementor-position-top elementor-widget elementor-widget-image-box\" data-id=\"8ae925b\" data-element_type=\"widget\" data-e-type=\"widget\" data-widget_type=\"image-box.default\">\n\t\t\t\t\t<div class=\"elementor-image-box-wrapper\"><figure class=\"elementor-image-box-img\"><img loading=\"lazy\" decoding=\"async\" width=\"76\" height=\"77\" src=\"https:\/\/www.thinkupc.com\/wp-content\/uploads\/2025\/01\/img-dpp-dg-icon5-1.png\" class=\"attachment-full size-full wp-image-3626\" alt=\"\" \/><\/figure><div class=\"elementor-image-box-content\"><h3 class=\"elementor-image-box-title\">Cultura de gobierno de los datos<\/h3><p class=\"elementor-image-box-description\">Que valore los datos como un activo estrat\u00e9gico, que fomente el uso \u00e9tico y responsable y que impulse la innovaci\u00f3n y el aprendizaje basado en datos.\n\n<\/p><\/div><\/div>\t\t\t\t<\/div>\n\t\t\t\t\t<\/div>\n\t\t\t\t<\/div>\n\t\t\t\t<\/div>\n\t\t","protected":false},"excerpt":{"rendered":"<p>Metodolog\u00edas, herramientas y soporte para la gesti\u00f3n integral del ciclo de vida de los datos Estrategia de gobierno de los datos Que est\u00e9 alineada con los objetivos y las necesidades de la organizaci\u00f3n y facilite la priorizaci\u00f3n de acciones a ejecutar y la asignaci\u00f3n de recursos. Roles, funciones y responsabilidades Que permitan garantizar la calidad [&hellip;]<\/p>\n","protected":false},"author":2,"featured_media":0,"parent":5910,"menu_order":2,"comment_status":"closed","ping_status":"closed","template":"","meta":{"_acf_changed":false,"footnotes":""},"categories":[167,164,148],"tags":[193],"class_list":["post-5159","page","type-page","status-publish","hentry","category-data-governance-es","category-data-services-es","category-servicios","tag-data-governance-es"],"acf":[],"yoast_head":"<!-- This site is optimized with the Yoast SEO plugin v27.0 - https:\/\/yoast.com\/product\/yoast-seo-wordpress\/ -->\n<title>Data Governance - ThinkUPC<\/title>\n<meta name=\"robots\" content=\"index, follow, max-snippet:-1, max-image-preview:large, max-video-preview:-1\" \/>\n<link rel=\"canonical\" href=\"https:\/\/www.thinkupc.com\/es\/servicios\/data-services\/data-governance\/\" \/>\n<meta property=\"og:locale\" content=\"es_ES\" \/>\n<meta property=\"og:type\" content=\"article\" \/>\n<meta property=\"og:title\" content=\"Data Governance - ThinkUPC\" \/>\n<meta property=\"og:description\" content=\"Metodolog\u00edas, herramientas y soporte para la gesti\u00f3n integral del ciclo de vida de los datos Estrategia de gobierno de los datos Que est\u00e9 alineada con los objetivos y las necesidades de la organizaci\u00f3n y facilite la priorizaci\u00f3n de acciones a ejecutar y la asignaci\u00f3n de recursos. Roles, funciones y responsabilidades Que permitan garantizar la calidad [&hellip;]\" \/>\n<meta property=\"og:url\" content=\"https:\/\/www.thinkupc.com\/es\/servicios\/data-services\/data-governance\/\" \/>\n<meta property=\"og:site_name\" content=\"ThinkUPC\" \/>\n<meta property=\"article:modified_time\" content=\"2025-03-06T10:35:33+00:00\" \/>\n<meta property=\"og:image\" content=\"https:\/\/www.thinkupc.com\/wp-content\/uploads\/2025\/01\/img-dpp-dg-icon1-1.png\" \/>\n<meta name=\"twitter:card\" content=\"summary_large_image\" \/>\n<meta name=\"twitter:label1\" content=\"Tiempo de lectura\" \/>\n\t<meta name=\"twitter:data1\" content=\"1 minuto\" \/>\n<script type=\"application\/ld+json\" class=\"yoast-schema-graph\">{\"@context\":\"https:\/\/schema.org\",\"@graph\":[{\"@type\":\"WebPage\",\"@id\":\"https:\/\/www.thinkupc.com\/es\/servicios\/data-services\/data-governance\/\",\"url\":\"https:\/\/www.thinkupc.com\/es\/servicios\/data-services\/data-governance\/\",\"name\":\"Data Governance - ThinkUPC\",\"isPartOf\":{\"@id\":\"https:\/\/www.thinkupc.com\/es\/#website\"},\"primaryImageOfPage\":{\"@id\":\"https:\/\/www.thinkupc.com\/es\/servicios\/data-services\/data-governance\/#primaryimage\"},\"image\":{\"@id\":\"https:\/\/www.thinkupc.com\/es\/servicios\/data-services\/data-governance\/#primaryimage\"},\"thumbnailUrl\":\"https:\/\/www.thinkupc.com\/wp-content\/uploads\/2025\/01\/img-dpp-dg-icon1-1.png\",\"datePublished\":\"2024-11-27T06:12:39+00:00\",\"dateModified\":\"2025-03-06T10:35:33+00:00\",\"breadcrumb\":{\"@id\":\"https:\/\/www.thinkupc.com\/es\/servicios\/data-services\/data-governance\/#breadcrumb\"},\"inLanguage\":\"es\",\"potentialAction\":[{\"@type\":\"ReadAction\",\"target\":[\"https:\/\/www.thinkupc.com\/es\/servicios\/data-services\/data-governance\/\"]}]},{\"@type\":\"ImageObject\",\"inLanguage\":\"es\",\"@id\":\"https:\/\/www.thinkupc.com\/es\/servicios\/data-services\/data-governance\/#primaryimage\",\"url\":\"https:\/\/www.thinkupc.com\/wp-content\/uploads\/2025\/01\/img-dpp-dg-icon1-1.png\",\"contentUrl\":\"https:\/\/www.thinkupc.com\/wp-content\/uploads\/2025\/01\/img-dpp-dg-icon1-1.png\"},{\"@type\":\"BreadcrumbList\",\"@id\":\"https:\/\/www.thinkupc.com\/es\/servicios\/data-services\/data-governance\/#breadcrumb\",\"itemListElement\":[{\"@type\":\"ListItem\",\"position\":1,\"name\":\"Home\",\"item\":\"https:\/\/www.thinkupc.com\/es\/thinkupc\/\"},{\"@type\":\"ListItem\",\"position\":2,\"name\":\"Servicios\",\"item\":\"https:\/\/www.thinkupc.com\/es\/serveis\/\"},{\"@type\":\"ListItem\",\"position\":3,\"name\":\"Data Services\",\"item\":\"https:\/\/www.thinkupc.com\/es\/serveis\/data-services\/\"},{\"@type\":\"ListItem\",\"position\":4,\"name\":\"Data Governance\"}]},{\"@type\":\"WebSite\",\"@id\":\"https:\/\/www.thinkupc.com\/es\/#website\",\"url\":\"https:\/\/www.thinkupc.com\/es\/\",\"name\":\"ThinkUPC\",\"description\":\"One Step Ahead in the Digital World\",\"publisher\":{\"@id\":\"https:\/\/www.thinkupc.com\/es\/#organization\"},\"potentialAction\":[{\"@type\":\"SearchAction\",\"target\":{\"@type\":\"EntryPoint\",\"urlTemplate\":\"https:\/\/www.thinkupc.com\/es\/?s={search_term_string}\"},\"query-input\":{\"@type\":\"PropertyValueSpecification\",\"valueRequired\":true,\"valueName\":\"search_term_string\"}}],\"inLanguage\":\"es\"},{\"@type\":\"Organization\",\"@id\":\"https:\/\/www.thinkupc.com\/es\/#organization\",\"name\":\"ThinkUPC\",\"url\":\"https:\/\/www.thinkupc.com\/es\/\",\"logo\":{\"@type\":\"ImageObject\",\"inLanguage\":\"es\",\"@id\":\"https:\/\/www.thinkupc.com\/es\/#\/schema\/logo\/image\/\",\"url\":\"https:\/\/www.thinkupc.com\/wp-content\/uploads\/2025\/03\/logo-claim_B.png\",\"contentUrl\":\"https:\/\/www.thinkupc.com\/wp-content\/uploads\/2025\/03\/logo-claim_B.png\",\"width\":2325,\"height\":1027,\"caption\":\"ThinkUPC\"},\"image\":{\"@id\":\"https:\/\/www.thinkupc.com\/es\/#\/schema\/logo\/image\/\"},\"sameAs\":[\"https:\/\/bsky.app\/profile\/thinkupc.com\",\"https:\/\/es.linkedin.com\/company\/thinkupc\"]}]}<\/script>\n<!-- \/ Yoast SEO plugin. -->","yoast_head_json":{"title":"Data Governance - ThinkUPC","robots":{"index":"index","follow":"follow","max-snippet":"max-snippet:-1","max-image-preview":"max-image-preview:large","max-video-preview":"max-video-preview:-1"},"canonical":"https:\/\/www.thinkupc.com\/es\/servicios\/data-services\/data-governance\/","og_locale":"es_ES","og_type":"article","og_title":"Data Governance - ThinkUPC","og_description":"Metodolog\u00edas, herramientas y soporte para la gesti\u00f3n integral del ciclo de vida de los datos Estrategia de gobierno de los datos Que est\u00e9 alineada con los objetivos y las necesidades de la organizaci\u00f3n y facilite la priorizaci\u00f3n de acciones a ejecutar y la asignaci\u00f3n de recursos. Roles, funciones y responsabilidades Que permitan garantizar la calidad [&hellip;]","og_url":"https:\/\/www.thinkupc.com\/es\/servicios\/data-services\/data-governance\/","og_site_name":"ThinkUPC","article_modified_time":"2025-03-06T10:35:33+00:00","og_image":[{"url":"https:\/\/www.thinkupc.com\/wp-content\/uploads\/2025\/01\/img-dpp-dg-icon1-1.png","type":"","width":"","height":""}],"twitter_card":"summary_large_image","twitter_misc":{"Tiempo de lectura":"1 minuto"},"schema":{"@context":"https:\/\/schema.org","@graph":[{"@type":"WebPage","@id":"https:\/\/www.thinkupc.com\/es\/servicios\/data-services\/data-governance\/","url":"https:\/\/www.thinkupc.com\/es\/servicios\/data-services\/data-governance\/","name":"Data Governance - ThinkUPC","isPartOf":{"@id":"https:\/\/www.thinkupc.com\/es\/#website"},"primaryImageOfPage":{"@id":"https:\/\/www.thinkupc.com\/es\/servicios\/data-services\/data-governance\/#primaryimage"},"image":{"@id":"https:\/\/www.thinkupc.com\/es\/servicios\/data-services\/data-governance\/#primaryimage"},"thumbnailUrl":"https:\/\/www.thinkupc.com\/wp-content\/uploads\/2025\/01\/img-dpp-dg-icon1-1.png","datePublished":"2024-11-27T06:12:39+00:00","dateModified":"2025-03-06T10:35:33+00:00","breadcrumb":{"@id":"https:\/\/www.thinkupc.com\/es\/servicios\/data-services\/data-governance\/#breadcrumb"},"inLanguage":"es","potentialAction":[{"@type":"ReadAction","target":["https:\/\/www.thinkupc.com\/es\/servicios\/data-services\/data-governance\/"]}]},{"@type":"ImageObject","inLanguage":"es","@id":"https:\/\/www.thinkupc.com\/es\/servicios\/data-services\/data-governance\/#primaryimage","url":"https:\/\/www.thinkupc.com\/wp-content\/uploads\/2025\/01\/img-dpp-dg-icon1-1.png","contentUrl":"https:\/\/www.thinkupc.com\/wp-content\/uploads\/2025\/01\/img-dpp-dg-icon1-1.png"},{"@type":"BreadcrumbList","@id":"https:\/\/www.thinkupc.com\/es\/servicios\/data-services\/data-governance\/#breadcrumb","itemListElement":[{"@type":"ListItem","position":1,"name":"Home","item":"https:\/\/www.thinkupc.com\/es\/thinkupc\/"},{"@type":"ListItem","position":2,"name":"Servicios","item":"https:\/\/www.thinkupc.com\/es\/serveis\/"},{"@type":"ListItem","position":3,"name":"Data Services","item":"https:\/\/www.thinkupc.com\/es\/serveis\/data-services\/"},{"@type":"ListItem","position":4,"name":"Data Governance"}]},{"@type":"WebSite","@id":"https:\/\/www.thinkupc.com\/es\/#website","url":"https:\/\/www.thinkupc.com\/es\/","name":"ThinkUPC","description":"One Step Ahead in the Digital World","publisher":{"@id":"https:\/\/www.thinkupc.com\/es\/#organization"},"potentialAction":[{"@type":"SearchAction","target":{"@type":"EntryPoint","urlTemplate":"https:\/\/www.thinkupc.com\/es\/?s={search_term_string}"},"query-input":{"@type":"PropertyValueSpecification","valueRequired":true,"valueName":"search_term_string"}}],"inLanguage":"es"},{"@type":"Organization","@id":"https:\/\/www.thinkupc.com\/es\/#organization","name":"ThinkUPC","url":"https:\/\/www.thinkupc.com\/es\/","logo":{"@type":"ImageObject","inLanguage":"es","@id":"https:\/\/www.thinkupc.com\/es\/#\/schema\/logo\/image\/","url":"https:\/\/www.thinkupc.com\/wp-content\/uploads\/2025\/03\/logo-claim_B.png","contentUrl":"https:\/\/www.thinkupc.com\/wp-content\/uploads\/2025\/03\/logo-claim_B.png","width":2325,"height":1027,"caption":"ThinkUPC"},"image":{"@id":"https:\/\/www.thinkupc.com\/es\/#\/schema\/logo\/image\/"},"sameAs":["https:\/\/bsky.app\/profile\/thinkupc.com","https:\/\/es.linkedin.com\/company\/thinkupc"]}]}},"_links":{"self":[{"href":"https:\/\/www.thinkupc.com\/es\/wp-json\/wp\/v2\/pages\/5159","targetHints":{"allow":["GET"]}}],"collection":[{"href":"https:\/\/www.thinkupc.com\/es\/wp-json\/wp\/v2\/pages"}],"about":[{"href":"https:\/\/www.thinkupc.com\/es\/wp-json\/wp\/v2\/types\/page"}],"author":[{"embeddable":true,"href":"https:\/\/www.thinkupc.com\/es\/wp-json\/wp\/v2\/users\/2"}],"replies":[{"embeddable":true,"href":"https:\/\/www.thinkupc.com\/es\/wp-json\/wp\/v2\/comments?post=5159"}],"version-history":[{"count":0,"href":"https:\/\/www.thinkupc.com\/es\/wp-json\/wp\/v2\/pages\/5159\/revisions"}],"up":[{"embeddable":true,"href":"https:\/\/www.thinkupc.com\/es\/wp-json\/wp\/v2\/pages\/5910"}],"wp:attachment":[{"href":"https:\/\/www.thinkupc.com\/es\/wp-json\/wp\/v2\/media?parent=5159"}],"wp:term":[{"taxonomy":"category","embeddable":true,"href":"https:\/\/www.thinkupc.com\/es\/wp-json\/wp\/v2\/categories?post=5159"},{"taxonomy":"post_tag","embeddable":true,"href":"https:\/\/www.thinkupc.com\/es\/wp-json\/wp\/v2\/tags?post=5159"}],"curies":[{"name":"wp","href":"https:\/\/api.w.org\/{rel}","templated":true}]}}