{"id":5152,"date":"2024-11-27T07:12:39","date_gmt":"2024-11-27T06:12:39","guid":{"rendered":"https:\/\/thinkupc.com\/data-architectures\/"},"modified":"2025-03-06T11:33:21","modified_gmt":"2025-03-06T10:33:21","slug":"data-architectures","status":"publish","type":"page","link":"https:\/\/www.thinkupc.com\/es\/servicios\/data-services\/data-architectures\/","title":{"rendered":"Data Architectures"},"content":{"rendered":"\t\t<div data-elementor-type=\"wp-page\" data-elementor-id=\"5152\" class=\"elementor elementor-5152 elementor-640\" data-elementor-post-type=\"page\">\n\t\t\t\t<div class=\"elementor-element elementor-element-cec39b6 e-flex e-con-boxed e-con e-parent\" data-id=\"cec39b6\" data-element_type=\"container\" data-e-type=\"container\">\n\t\t\t\t\t<div class=\"e-con-inner\">\n\t\t\t\t<div class=\"elementor-element elementor-element-ff85d2f elementor-widget elementor-widget-heading\" data-id=\"ff85d2f\" data-element_type=\"widget\" data-e-type=\"widget\" data-widget_type=\"heading.default\">\n\t\t\t\t\t<h2 class=\"elementor-heading-title elementor-size-default\">Apps personalizadas para reforzar la cultura corporativa y el compromiso de las personas\n\n\n\n\n<\/h2>\t\t\t\t<\/div>\n\t\t\t\t\t<\/div>\n\t\t\t\t<\/div>\n\t\t<div class=\"elementor-element elementor-element-e59ea15 e-flex e-con-boxed e-con e-parent\" data-id=\"e59ea15\" data-element_type=\"container\" data-e-type=\"container\">\n\t\t\t\t\t<div class=\"e-con-inner\">\n\t\t\t\t<div class=\"elementor-element elementor-element-fef1080 elementor-widget elementor-widget-text-editor\" data-id=\"fef1080\" data-element_type=\"widget\" data-e-type=\"widget\" data-widget_type=\"text-editor.default\">\n\t\t\t\t\t\t\t\t\t<p>Trabajamos con cada cliente para dise\u00f1ar una estrategia alineada con sus objetivos en todos los \u00e1mbitos.<\/p><ol><li><strong>Ingesta de datos<\/strong>, por la recogida sistem\u00e1tica de informaci\u00f3n proveniente de sistemas diversos: sistemas de informaci\u00f3n corporativos, <em>IoT\u2026<\/em><\/li><li><strong>Transformaci\u00f3n<\/strong> de los datos recogidos hacia un formato normalizado, susceptible de ser trasladado a otros sistemas para su tratamiento.<em> (Normalizaci\u00f3n, ETL\u2026)<\/em><\/li><li><strong>Almacenamiento <\/strong>de datos; definiendo el modelo adecuado que permita garantizar la estrategia de recogida, tratamiento, consulta y an\u00e1lisis previamente establecido.<\/li><li><strong>Productos de datos<\/strong> para ayudar a la organizaci\u00f3n a mejorar su toma de decisiones y procesos<em><em> (BI, Data API, modelos\u2026)<\/em><\/em><\/li><li><strong>Observabilidad<\/strong> de datos, para ayudar a entender el estado de un sistema en base a resultados observados.<\/li><li><strong>Gobierno de los datos<\/strong>: metodolog\u00edas, herramientas y soporte para asegurar la fiabilidad, calidad, disponibilidad y seguridad de los datos en todo su ciclo de vida<\/li><\/ol>\t\t\t\t\t\t\t\t<\/div>\n\t\t\t\t\t<\/div>\n\t\t\t\t<\/div>\n\t\t<div class=\"elementor-element elementor-element-92fed46 e-flex e-con-boxed e-con e-parent\" data-id=\"92fed46\" data-element_type=\"container\" data-e-type=\"container\">\n\t\t\t\t\t<div class=\"e-con-inner\">\n\t\t\t\t<div class=\"elementor-element elementor-element-014b419 elementor-widget elementor-widget-image\" data-id=\"014b419\" data-element_type=\"widget\" data-e-type=\"widget\" data-widget_type=\"image.default\">\n\t\t\t\t\t\t\t\t\t\t\t\t\t\t\t<img fetchpriority=\"high\" decoding=\"async\" width=\"789\" height=\"740\" src=\"https:\/\/www.thinkupc.com\/wp-content\/uploads\/2025\/01\/img-dpp-da.png\" class=\"attachment-full size-full wp-image-4808\" alt=\"\" srcset=\"https:\/\/www.thinkupc.com\/wp-content\/uploads\/2025\/01\/img-dpp-da.png 789w, https:\/\/www.thinkupc.com\/wp-content\/uploads\/2025\/01\/img-dpp-da-300x281.png 300w, https:\/\/www.thinkupc.com\/wp-content\/uploads\/2025\/01\/img-dpp-da-768x720.png 768w\" sizes=\"(max-width: 789px) 100vw, 789px\" \/>\t\t\t\t\t\t\t\t\t\t\t\t\t\t\t<\/div>\n\t\t\t\t\t<\/div>\n\t\t\t\t<\/div>\n\t\t\t\t<\/div>\n\t\t","protected":false},"excerpt":{"rendered":"<p>Apps personalizadas para reforzar la cultura corporativa y el compromiso de las personas Trabajamos con cada cliente para dise\u00f1ar una estrategia alineada con sus objetivos en todos los \u00e1mbitos. Ingesta de datos, por la recogida sistem\u00e1tica de informaci\u00f3n proveniente de sistemas diversos: sistemas de informaci\u00f3n corporativos, IoT\u2026 Transformaci\u00f3n de los datos recogidos hacia un formato [&hellip;]<\/p>\n","protected":false},"author":2,"featured_media":0,"parent":5910,"menu_order":1,"comment_status":"closed","ping_status":"closed","template":"","meta":{"_acf_changed":false,"footnotes":""},"categories":[166,164,148],"tags":[194],"class_list":["post-5152","page","type-page","status-publish","hentry","category-data-architectures-es","category-data-services-es","category-servicios","tag-data-architectures-es"],"acf":[],"yoast_head":"<!-- This site is optimized with the Yoast SEO plugin v27.0 - https:\/\/yoast.com\/product\/yoast-seo-wordpress\/ -->\n<title>Data Architectures - ThinkUPC<\/title>\n<meta name=\"robots\" content=\"index, follow, max-snippet:-1, max-image-preview:large, max-video-preview:-1\" \/>\n<link rel=\"canonical\" href=\"https:\/\/www.thinkupc.com\/es\/servicios\/data-services\/data-architectures\/\" \/>\n<meta property=\"og:locale\" content=\"es_ES\" \/>\n<meta property=\"og:type\" content=\"article\" \/>\n<meta property=\"og:title\" content=\"Data Architectures - ThinkUPC\" \/>\n<meta property=\"og:description\" content=\"Apps personalizadas para reforzar la cultura corporativa y el compromiso de las personas Trabajamos con cada cliente para dise\u00f1ar una estrategia alineada con sus objetivos en todos los \u00e1mbitos. Ingesta de datos, por la recogida sistem\u00e1tica de informaci\u00f3n proveniente de sistemas diversos: sistemas de informaci\u00f3n corporativos, IoT\u2026 Transformaci\u00f3n de los datos recogidos hacia un formato [&hellip;]\" \/>\n<meta property=\"og:url\" content=\"https:\/\/www.thinkupc.com\/es\/servicios\/data-services\/data-architectures\/\" \/>\n<meta property=\"og:site_name\" content=\"ThinkUPC\" \/>\n<meta property=\"article:modified_time\" content=\"2025-03-06T10:33:21+00:00\" \/>\n<meta property=\"og:image\" content=\"https:\/\/www.thinkupc.com\/wp-content\/uploads\/2025\/01\/img-dpp-da.png\" \/>\n<meta name=\"twitter:card\" content=\"summary_large_image\" \/>\n<meta name=\"twitter:label1\" content=\"Tiempo de lectura\" \/>\n\t<meta name=\"twitter:data1\" content=\"1 minuto\" \/>\n<script type=\"application\/ld+json\" class=\"yoast-schema-graph\">{\"@context\":\"https:\/\/schema.org\",\"@graph\":[{\"@type\":\"WebPage\",\"@id\":\"https:\/\/www.thinkupc.com\/es\/servicios\/data-services\/data-architectures\/\",\"url\":\"https:\/\/www.thinkupc.com\/es\/servicios\/data-services\/data-architectures\/\",\"name\":\"Data Architectures - ThinkUPC\",\"isPartOf\":{\"@id\":\"https:\/\/www.thinkupc.com\/es\/#website\"},\"primaryImageOfPage\":{\"@id\":\"https:\/\/www.thinkupc.com\/es\/servicios\/data-services\/data-architectures\/#primaryimage\"},\"image\":{\"@id\":\"https:\/\/www.thinkupc.com\/es\/servicios\/data-services\/data-architectures\/#primaryimage\"},\"thumbnailUrl\":\"https:\/\/www.thinkupc.com\/wp-content\/uploads\/2025\/01\/img-dpp-da.png\",\"datePublished\":\"2024-11-27T06:12:39+00:00\",\"dateModified\":\"2025-03-06T10:33:21+00:00\",\"breadcrumb\":{\"@id\":\"https:\/\/www.thinkupc.com\/es\/servicios\/data-services\/data-architectures\/#breadcrumb\"},\"inLanguage\":\"es\",\"potentialAction\":[{\"@type\":\"ReadAction\",\"target\":[\"https:\/\/www.thinkupc.com\/es\/servicios\/data-services\/data-architectures\/\"]}]},{\"@type\":\"ImageObject\",\"inLanguage\":\"es\",\"@id\":\"https:\/\/www.thinkupc.com\/es\/servicios\/data-services\/data-architectures\/#primaryimage\",\"url\":\"https:\/\/www.thinkupc.com\/wp-content\/uploads\/2025\/01\/img-dpp-da.png\",\"contentUrl\":\"https:\/\/www.thinkupc.com\/wp-content\/uploads\/2025\/01\/img-dpp-da.png\"},{\"@type\":\"BreadcrumbList\",\"@id\":\"https:\/\/www.thinkupc.com\/es\/servicios\/data-services\/data-architectures\/#breadcrumb\",\"itemListElement\":[{\"@type\":\"ListItem\",\"position\":1,\"name\":\"Home\",\"item\":\"https:\/\/www.thinkupc.com\/es\/thinkupc\/\"},{\"@type\":\"ListItem\",\"position\":2,\"name\":\"Servicios\",\"item\":\"https:\/\/www.thinkupc.com\/es\/serveis\/\"},{\"@type\":\"ListItem\",\"position\":3,\"name\":\"Data Services\",\"item\":\"https:\/\/www.thinkupc.com\/es\/serveis\/data-services\/\"},{\"@type\":\"ListItem\",\"position\":4,\"name\":\"Data Architectures\"}]},{\"@type\":\"WebSite\",\"@id\":\"https:\/\/www.thinkupc.com\/es\/#website\",\"url\":\"https:\/\/www.thinkupc.com\/es\/\",\"name\":\"ThinkUPC\",\"description\":\"One Step Ahead in the Digital World\",\"publisher\":{\"@id\":\"https:\/\/www.thinkupc.com\/es\/#organization\"},\"potentialAction\":[{\"@type\":\"SearchAction\",\"target\":{\"@type\":\"EntryPoint\",\"urlTemplate\":\"https:\/\/www.thinkupc.com\/es\/?s={search_term_string}\"},\"query-input\":{\"@type\":\"PropertyValueSpecification\",\"valueRequired\":true,\"valueName\":\"search_term_string\"}}],\"inLanguage\":\"es\"},{\"@type\":\"Organization\",\"@id\":\"https:\/\/www.thinkupc.com\/es\/#organization\",\"name\":\"ThinkUPC\",\"url\":\"https:\/\/www.thinkupc.com\/es\/\",\"logo\":{\"@type\":\"ImageObject\",\"inLanguage\":\"es\",\"@id\":\"https:\/\/www.thinkupc.com\/es\/#\/schema\/logo\/image\/\",\"url\":\"https:\/\/www.thinkupc.com\/wp-content\/uploads\/2025\/03\/logo-claim_B.png\",\"contentUrl\":\"https:\/\/www.thinkupc.com\/wp-content\/uploads\/2025\/03\/logo-claim_B.png\",\"width\":2325,\"height\":1027,\"caption\":\"ThinkUPC\"},\"image\":{\"@id\":\"https:\/\/www.thinkupc.com\/es\/#\/schema\/logo\/image\/\"},\"sameAs\":[\"https:\/\/bsky.app\/profile\/thinkupc.com\",\"https:\/\/es.linkedin.com\/company\/thinkupc\"]}]}<\/script>\n<!-- \/ Yoast SEO plugin. -->","yoast_head_json":{"title":"Data Architectures - ThinkUPC","robots":{"index":"index","follow":"follow","max-snippet":"max-snippet:-1","max-image-preview":"max-image-preview:large","max-video-preview":"max-video-preview:-1"},"canonical":"https:\/\/www.thinkupc.com\/es\/servicios\/data-services\/data-architectures\/","og_locale":"es_ES","og_type":"article","og_title":"Data Architectures - ThinkUPC","og_description":"Apps personalizadas para reforzar la cultura corporativa y el compromiso de las personas Trabajamos con cada cliente para dise\u00f1ar una estrategia alineada con sus objetivos en todos los \u00e1mbitos. Ingesta de datos, por la recogida sistem\u00e1tica de informaci\u00f3n proveniente de sistemas diversos: sistemas de informaci\u00f3n corporativos, IoT\u2026 Transformaci\u00f3n de los datos recogidos hacia un formato [&hellip;]","og_url":"https:\/\/www.thinkupc.com\/es\/servicios\/data-services\/data-architectures\/","og_site_name":"ThinkUPC","article_modified_time":"2025-03-06T10:33:21+00:00","og_image":[{"url":"https:\/\/www.thinkupc.com\/wp-content\/uploads\/2025\/01\/img-dpp-da.png","type":"","width":"","height":""}],"twitter_card":"summary_large_image","twitter_misc":{"Tiempo de lectura":"1 minuto"},"schema":{"@context":"https:\/\/schema.org","@graph":[{"@type":"WebPage","@id":"https:\/\/www.thinkupc.com\/es\/servicios\/data-services\/data-architectures\/","url":"https:\/\/www.thinkupc.com\/es\/servicios\/data-services\/data-architectures\/","name":"Data Architectures - ThinkUPC","isPartOf":{"@id":"https:\/\/www.thinkupc.com\/es\/#website"},"primaryImageOfPage":{"@id":"https:\/\/www.thinkupc.com\/es\/servicios\/data-services\/data-architectures\/#primaryimage"},"image":{"@id":"https:\/\/www.thinkupc.com\/es\/servicios\/data-services\/data-architectures\/#primaryimage"},"thumbnailUrl":"https:\/\/www.thinkupc.com\/wp-content\/uploads\/2025\/01\/img-dpp-da.png","datePublished":"2024-11-27T06:12:39+00:00","dateModified":"2025-03-06T10:33:21+00:00","breadcrumb":{"@id":"https:\/\/www.thinkupc.com\/es\/servicios\/data-services\/data-architectures\/#breadcrumb"},"inLanguage":"es","potentialAction":[{"@type":"ReadAction","target":["https:\/\/www.thinkupc.com\/es\/servicios\/data-services\/data-architectures\/"]}]},{"@type":"ImageObject","inLanguage":"es","@id":"https:\/\/www.thinkupc.com\/es\/servicios\/data-services\/data-architectures\/#primaryimage","url":"https:\/\/www.thinkupc.com\/wp-content\/uploads\/2025\/01\/img-dpp-da.png","contentUrl":"https:\/\/www.thinkupc.com\/wp-content\/uploads\/2025\/01\/img-dpp-da.png"},{"@type":"BreadcrumbList","@id":"https:\/\/www.thinkupc.com\/es\/servicios\/data-services\/data-architectures\/#breadcrumb","itemListElement":[{"@type":"ListItem","position":1,"name":"Home","item":"https:\/\/www.thinkupc.com\/es\/thinkupc\/"},{"@type":"ListItem","position":2,"name":"Servicios","item":"https:\/\/www.thinkupc.com\/es\/serveis\/"},{"@type":"ListItem","position":3,"name":"Data Services","item":"https:\/\/www.thinkupc.com\/es\/serveis\/data-services\/"},{"@type":"ListItem","position":4,"name":"Data Architectures"}]},{"@type":"WebSite","@id":"https:\/\/www.thinkupc.com\/es\/#website","url":"https:\/\/www.thinkupc.com\/es\/","name":"ThinkUPC","description":"One Step Ahead in the Digital World","publisher":{"@id":"https:\/\/www.thinkupc.com\/es\/#organization"},"potentialAction":[{"@type":"SearchAction","target":{"@type":"EntryPoint","urlTemplate":"https:\/\/www.thinkupc.com\/es\/?s={search_term_string}"},"query-input":{"@type":"PropertyValueSpecification","valueRequired":true,"valueName":"search_term_string"}}],"inLanguage":"es"},{"@type":"Organization","@id":"https:\/\/www.thinkupc.com\/es\/#organization","name":"ThinkUPC","url":"https:\/\/www.thinkupc.com\/es\/","logo":{"@type":"ImageObject","inLanguage":"es","@id":"https:\/\/www.thinkupc.com\/es\/#\/schema\/logo\/image\/","url":"https:\/\/www.thinkupc.com\/wp-content\/uploads\/2025\/03\/logo-claim_B.png","contentUrl":"https:\/\/www.thinkupc.com\/wp-content\/uploads\/2025\/03\/logo-claim_B.png","width":2325,"height":1027,"caption":"ThinkUPC"},"image":{"@id":"https:\/\/www.thinkupc.com\/es\/#\/schema\/logo\/image\/"},"sameAs":["https:\/\/bsky.app\/profile\/thinkupc.com","https:\/\/es.linkedin.com\/company\/thinkupc"]}]}},"_links":{"self":[{"href":"https:\/\/www.thinkupc.com\/es\/wp-json\/wp\/v2\/pages\/5152","targetHints":{"allow":["GET"]}}],"collection":[{"href":"https:\/\/www.thinkupc.com\/es\/wp-json\/wp\/v2\/pages"}],"about":[{"href":"https:\/\/www.thinkupc.com\/es\/wp-json\/wp\/v2\/types\/page"}],"author":[{"embeddable":true,"href":"https:\/\/www.thinkupc.com\/es\/wp-json\/wp\/v2\/users\/2"}],"replies":[{"embeddable":true,"href":"https:\/\/www.thinkupc.com\/es\/wp-json\/wp\/v2\/comments?post=5152"}],"version-history":[{"count":0,"href":"https:\/\/www.thinkupc.com\/es\/wp-json\/wp\/v2\/pages\/5152\/revisions"}],"up":[{"embeddable":true,"href":"https:\/\/www.thinkupc.com\/es\/wp-json\/wp\/v2\/pages\/5910"}],"wp:attachment":[{"href":"https:\/\/www.thinkupc.com\/es\/wp-json\/wp\/v2\/media?parent=5152"}],"wp:term":[{"taxonomy":"category","embeddable":true,"href":"https:\/\/www.thinkupc.com\/es\/wp-json\/wp\/v2\/categories?post=5152"},{"taxonomy":"post_tag","embeddable":true,"href":"https:\/\/www.thinkupc.com\/es\/wp-json\/wp\/v2\/tags?post=5152"}],"curies":[{"name":"wp","href":"https:\/\/api.w.org\/{rel}","templated":true}]}}