{"id":5138,"date":"2024-11-26T12:12:27","date_gmt":"2024-11-26T11:12:27","guid":{"rendered":"https:\/\/thinkupc.com\/culture-engagement-apps\/"},"modified":"2025-02-28T12:11:07","modified_gmt":"2025-02-28T11:11:07","slug":"culture-engagement-apps","status":"publish","type":"page","link":"https:\/\/www.thinkupc.com\/es\/servicios\/talent-management\/culture-engagement-apps\/","title":{"rendered":"Culture &amp; Engagement Apps"},"content":{"rendered":"\t\t<div data-elementor-type=\"wp-page\" data-elementor-id=\"5138\" class=\"elementor elementor-5138 elementor-588\" data-elementor-post-type=\"page\">\n\t\t\t\t<div class=\"elementor-element elementor-element-81a27c8 e-flex e-con-boxed e-con e-parent\" data-id=\"81a27c8\" data-element_type=\"container\" data-e-type=\"container\">\n\t\t\t\t\t<div class=\"e-con-inner\">\n\t\t\t\t<div class=\"elementor-element elementor-element-3975ec7 elementor-widget elementor-widget-heading\" data-id=\"3975ec7\" data-element_type=\"widget\" data-e-type=\"widget\" data-widget_type=\"heading.default\">\n\t\t\t\t\t<h2 class=\"elementor-heading-title elementor-size-default\">Apps personalizadas para reforzar la cultura corporativa y el compromiso de las personas\n\n\n\n\n<\/h2>\t\t\t\t<\/div>\n\t\t\t\t\t<\/div>\n\t\t\t\t<\/div>\n\t\t<div class=\"elementor-element elementor-element-c94afad e-flex e-con-boxed e-con e-parent\" data-id=\"c94afad\" data-element_type=\"container\" data-e-type=\"container\">\n\t\t\t\t\t<div class=\"e-con-inner\">\n\t\t\t\t<div class=\"elementor-element elementor-element-6fcbe47 elementor-widget elementor-widget-image\" data-id=\"6fcbe47\" data-element_type=\"widget\" data-e-type=\"widget\" data-widget_type=\"image.default\">\n\t\t\t\t\t\t\t\t\t\t\t\t\t\t\t<img fetchpriority=\"high\" decoding=\"async\" width=\"286\" height=\"530\" src=\"https:\/\/www.thinkupc.com\/wp-content\/uploads\/2025\/01\/img-dte-cea.jpg\" class=\"attachment-full size-full wp-image-4800\" alt=\"\" srcset=\"https:\/\/www.thinkupc.com\/wp-content\/uploads\/2025\/01\/img-dte-cea.jpg 286w, https:\/\/www.thinkupc.com\/wp-content\/uploads\/2025\/01\/img-dte-cea-162x300.jpg 162w\" sizes=\"(max-width: 286px) 100vw, 286px\" \/>\t\t\t\t\t\t\t\t\t\t\t\t\t\t\t<\/div>\n\t\t\t\t\t<\/div>\n\t\t\t\t<\/div>\n\t\t<div class=\"elementor-element elementor-element-dc322c5 e-grid e-con-boxed e-con e-parent\" data-id=\"dc322c5\" data-element_type=\"container\" data-e-type=\"container\">\n\t\t\t\t\t<div class=\"e-con-inner\">\n\t\t\t\t<div class=\"elementor-element elementor-element-be30ad6 elementor-position-left elementor-vertical-align-top elementor-widget elementor-widget-image-box\" data-id=\"be30ad6\" data-element_type=\"widget\" data-e-type=\"widget\" data-widget_type=\"image-box.default\">\n\t\t\t\t\t<div class=\"elementor-image-box-wrapper\"><figure class=\"elementor-image-box-img\"><img decoding=\"async\" width=\"102\" height=\"102\" src=\"https:\/\/www.thinkupc.com\/wp-content\/uploads\/2025\/01\/icon1-dte-cea.png\" class=\"attachment-full size-full wp-image-3601\" alt=\"\" \/><\/figure><div class=\"elementor-image-box-content\"><h3 class=\"elementor-image-box-title\">Para comunicar y dar acceso a la informaci\u00f3n corporativa<\/h3><p class=\"elementor-image-box-description\">Apps con notificaciones push y chatbots con IA: un canal \u00e1gil y moderno para que todo el mundo (incluidos aquellos que no trabajan con ordenadores), centralizado y seguro.\n\n<\/p><\/div><\/div>\t\t\t\t<\/div>\n\t\t\t\t<div class=\"elementor-element elementor-element-993a9bf elementor-position-left elementor-vertical-align-top elementor-widget elementor-widget-image-box\" data-id=\"993a9bf\" data-element_type=\"widget\" data-e-type=\"widget\" data-widget_type=\"image-box.default\">\n\t\t\t\t\t<div class=\"elementor-image-box-wrapper\"><figure class=\"elementor-image-box-img\"><img decoding=\"async\" width=\"102\" height=\"102\" src=\"https:\/\/www.thinkupc.com\/wp-content\/uploads\/2025\/01\/icon2-dte-cea.png\" class=\"attachment-full size-full wp-image-3600\" alt=\"\" \/><\/figure><div class=\"elementor-image-box-content\"><h3 class=\"elementor-image-box-title\">Para fomentar la colaboraci\u00f3n<\/h3><p class=\"elementor-image-box-description\">Mediante espacios y formas de interacci\u00f3n que permitan compartir experiencias, buenas pr\u00e1cticas y nuevas ideas. Un entorno que facilita el trabajo en equipo de las personas con independencia de d\u00f3nde se encuentren. \n\n<\/p><\/div><\/div>\t\t\t\t<\/div>\n\t\t\t\t<div class=\"elementor-element elementor-element-110f4d3 elementor-position-left elementor-vertical-align-top elementor-widget elementor-widget-image-box\" data-id=\"110f4d3\" data-element_type=\"widget\" data-e-type=\"widget\" data-widget_type=\"image-box.default\">\n\t\t\t\t\t<div class=\"elementor-image-box-wrapper\"><figure class=\"elementor-image-box-img\"><img loading=\"lazy\" decoding=\"async\" width=\"102\" height=\"102\" src=\"https:\/\/www.thinkupc.com\/wp-content\/uploads\/2025\/01\/icon3-dte-cea.png\" class=\"attachment-full size-full wp-image-3599\" alt=\"\" \/><\/figure><div class=\"elementor-image-box-content\"><h3 class=\"elementor-image-box-title\">Para recoger feedback y aumentar la motivaci\u00f3n y el compromiso<\/h3><p class=\"elementor-image-box-description\">Con sistemas \u00e1giles de encuestas y recogida de sugerencias integrados en la app y con estrategias para facilitar el reconocimiento de m\u00e9ritos y la visibilidad del trabajo; aumentando el compromiso y la motivaci\u00f3n de las personas.\n\n<\/p><\/div><\/div>\t\t\t\t<\/div>\n\t\t\t\t\t<\/div>\n\t\t\t\t<\/div>\n\t\t\t\t<\/div>\n\t\t","protected":false},"excerpt":{"rendered":"<p>Apps personalizadas para reforzar la cultura corporativa y el compromiso de las personas Para comunicar y dar acceso a la informaci\u00f3n corporativa Apps con notificaciones push y chatbots con IA: un canal \u00e1gil y moderno para que todo el mundo (incluidos aquellos que no trabajan con ordenadores), centralizado y seguro. Para fomentar la colaboraci\u00f3n Mediante [&hellip;]<\/p>\n","protected":false},"author":2,"featured_media":0,"parent":5895,"menu_order":4,"comment_status":"closed","ping_status":"closed","template":"","meta":{"_acf_changed":false,"footnotes":""},"categories":[175,148,173],"tags":[196],"class_list":["post-5138","page","type-page","status-publish","hentry","category-culture-engagement-apps-es","category-servicios","category-talent-management-es","tag-culture-engagement-apps-es"],"acf":[],"yoast_head":"<!-- This site is optimized with the Yoast SEO plugin v27.0 - https:\/\/yoast.com\/product\/yoast-seo-wordpress\/ -->\n<title>Culture &amp; Engagement Apps - ThinkUPC<\/title>\n<meta name=\"robots\" content=\"index, follow, max-snippet:-1, max-image-preview:large, max-video-preview:-1\" \/>\n<link rel=\"canonical\" href=\"https:\/\/www.thinkupc.com\/es\/servicios\/talent-management\/culture-engagement-apps\/\" \/>\n<meta property=\"og:locale\" content=\"es_ES\" \/>\n<meta property=\"og:type\" content=\"article\" \/>\n<meta property=\"og:title\" content=\"Culture &amp; Engagement Apps - ThinkUPC\" \/>\n<meta property=\"og:description\" content=\"Apps personalizadas para reforzar la cultura corporativa y el compromiso de las personas Para comunicar y dar acceso a la informaci\u00f3n corporativa Apps con notificaciones push y chatbots con IA: un canal \u00e1gil y moderno para que todo el mundo (incluidos aquellos que no trabajan con ordenadores), centralizado y seguro. Para fomentar la colaboraci\u00f3n Mediante [&hellip;]\" \/>\n<meta property=\"og:url\" content=\"https:\/\/www.thinkupc.com\/es\/servicios\/talent-management\/culture-engagement-apps\/\" \/>\n<meta property=\"og:site_name\" content=\"ThinkUPC\" \/>\n<meta property=\"article:modified_time\" content=\"2025-02-28T11:11:07+00:00\" \/>\n<meta property=\"og:image\" content=\"https:\/\/www.thinkupc.com\/wp-content\/uploads\/2025\/01\/img-dte-cea.jpg\" \/>\n<meta name=\"twitter:card\" content=\"summary_large_image\" \/>\n<meta name=\"twitter:label1\" content=\"Tiempo de lectura\" \/>\n\t<meta name=\"twitter:data1\" content=\"1 minuto\" \/>\n<script type=\"application\/ld+json\" class=\"yoast-schema-graph\">{\"@context\":\"https:\/\/schema.org\",\"@graph\":[{\"@type\":\"WebPage\",\"@id\":\"https:\/\/www.thinkupc.com\/es\/servicios\/talent-management\/culture-engagement-apps\/\",\"url\":\"https:\/\/www.thinkupc.com\/es\/servicios\/talent-management\/culture-engagement-apps\/\",\"name\":\"Culture &amp; Engagement Apps - ThinkUPC\",\"isPartOf\":{\"@id\":\"https:\/\/www.thinkupc.com\/es\/#website\"},\"primaryImageOfPage\":{\"@id\":\"https:\/\/www.thinkupc.com\/es\/servicios\/talent-management\/culture-engagement-apps\/#primaryimage\"},\"image\":{\"@id\":\"https:\/\/www.thinkupc.com\/es\/servicios\/talent-management\/culture-engagement-apps\/#primaryimage\"},\"thumbnailUrl\":\"https:\/\/www.thinkupc.com\/wp-content\/uploads\/2025\/01\/img-dte-cea.jpg\",\"datePublished\":\"2024-11-26T11:12:27+00:00\",\"dateModified\":\"2025-02-28T11:11:07+00:00\",\"breadcrumb\":{\"@id\":\"https:\/\/www.thinkupc.com\/es\/servicios\/talent-management\/culture-engagement-apps\/#breadcrumb\"},\"inLanguage\":\"es\",\"potentialAction\":[{\"@type\":\"ReadAction\",\"target\":[\"https:\/\/www.thinkupc.com\/es\/servicios\/talent-management\/culture-engagement-apps\/\"]}]},{\"@type\":\"ImageObject\",\"inLanguage\":\"es\",\"@id\":\"https:\/\/www.thinkupc.com\/es\/servicios\/talent-management\/culture-engagement-apps\/#primaryimage\",\"url\":\"https:\/\/www.thinkupc.com\/wp-content\/uploads\/2025\/01\/img-dte-cea.jpg\",\"contentUrl\":\"https:\/\/www.thinkupc.com\/wp-content\/uploads\/2025\/01\/img-dte-cea.jpg\"},{\"@type\":\"BreadcrumbList\",\"@id\":\"https:\/\/www.thinkupc.com\/es\/servicios\/talent-management\/culture-engagement-apps\/#breadcrumb\",\"itemListElement\":[{\"@type\":\"ListItem\",\"position\":1,\"name\":\"Home\",\"item\":\"https:\/\/www.thinkupc.com\/es\/thinkupc\/\"},{\"@type\":\"ListItem\",\"position\":2,\"name\":\"Servicios\",\"item\":\"https:\/\/www.thinkupc.com\/es\/serveis\/\"},{\"@type\":\"ListItem\",\"position\":3,\"name\":\"Talent Management\",\"item\":\"https:\/\/www.thinkupc.com\/es\/serveis\/talent-management\/\"},{\"@type\":\"ListItem\",\"position\":4,\"name\":\"Culture &amp; Engagement Apps\"}]},{\"@type\":\"WebSite\",\"@id\":\"https:\/\/www.thinkupc.com\/es\/#website\",\"url\":\"https:\/\/www.thinkupc.com\/es\/\",\"name\":\"ThinkUPC\",\"description\":\"One Step Ahead in the Digital World\",\"publisher\":{\"@id\":\"https:\/\/www.thinkupc.com\/es\/#organization\"},\"potentialAction\":[{\"@type\":\"SearchAction\",\"target\":{\"@type\":\"EntryPoint\",\"urlTemplate\":\"https:\/\/www.thinkupc.com\/es\/?s={search_term_string}\"},\"query-input\":{\"@type\":\"PropertyValueSpecification\",\"valueRequired\":true,\"valueName\":\"search_term_string\"}}],\"inLanguage\":\"es\"},{\"@type\":\"Organization\",\"@id\":\"https:\/\/www.thinkupc.com\/es\/#organization\",\"name\":\"ThinkUPC\",\"url\":\"https:\/\/www.thinkupc.com\/es\/\",\"logo\":{\"@type\":\"ImageObject\",\"inLanguage\":\"es\",\"@id\":\"https:\/\/www.thinkupc.com\/es\/#\/schema\/logo\/image\/\",\"url\":\"https:\/\/www.thinkupc.com\/wp-content\/uploads\/2025\/03\/logo-claim_B.png\",\"contentUrl\":\"https:\/\/www.thinkupc.com\/wp-content\/uploads\/2025\/03\/logo-claim_B.png\",\"width\":2325,\"height\":1027,\"caption\":\"ThinkUPC\"},\"image\":{\"@id\":\"https:\/\/www.thinkupc.com\/es\/#\/schema\/logo\/image\/\"},\"sameAs\":[\"https:\/\/bsky.app\/profile\/thinkupc.com\",\"https:\/\/es.linkedin.com\/company\/thinkupc\"]}]}<\/script>\n<!-- \/ Yoast SEO plugin. -->","yoast_head_json":{"title":"Culture &amp; Engagement Apps - ThinkUPC","robots":{"index":"index","follow":"follow","max-snippet":"max-snippet:-1","max-image-preview":"max-image-preview:large","max-video-preview":"max-video-preview:-1"},"canonical":"https:\/\/www.thinkupc.com\/es\/servicios\/talent-management\/culture-engagement-apps\/","og_locale":"es_ES","og_type":"article","og_title":"Culture &amp; Engagement Apps - ThinkUPC","og_description":"Apps personalizadas para reforzar la cultura corporativa y el compromiso de las personas Para comunicar y dar acceso a la informaci\u00f3n corporativa Apps con notificaciones push y chatbots con IA: un canal \u00e1gil y moderno para que todo el mundo (incluidos aquellos que no trabajan con ordenadores), centralizado y seguro. Para fomentar la colaboraci\u00f3n Mediante [&hellip;]","og_url":"https:\/\/www.thinkupc.com\/es\/servicios\/talent-management\/culture-engagement-apps\/","og_site_name":"ThinkUPC","article_modified_time":"2025-02-28T11:11:07+00:00","og_image":[{"url":"https:\/\/www.thinkupc.com\/wp-content\/uploads\/2025\/01\/img-dte-cea.jpg","type":"","width":"","height":""}],"twitter_card":"summary_large_image","twitter_misc":{"Tiempo de lectura":"1 minuto"},"schema":{"@context":"https:\/\/schema.org","@graph":[{"@type":"WebPage","@id":"https:\/\/www.thinkupc.com\/es\/servicios\/talent-management\/culture-engagement-apps\/","url":"https:\/\/www.thinkupc.com\/es\/servicios\/talent-management\/culture-engagement-apps\/","name":"Culture &amp; Engagement Apps - ThinkUPC","isPartOf":{"@id":"https:\/\/www.thinkupc.com\/es\/#website"},"primaryImageOfPage":{"@id":"https:\/\/www.thinkupc.com\/es\/servicios\/talent-management\/culture-engagement-apps\/#primaryimage"},"image":{"@id":"https:\/\/www.thinkupc.com\/es\/servicios\/talent-management\/culture-engagement-apps\/#primaryimage"},"thumbnailUrl":"https:\/\/www.thinkupc.com\/wp-content\/uploads\/2025\/01\/img-dte-cea.jpg","datePublished":"2024-11-26T11:12:27+00:00","dateModified":"2025-02-28T11:11:07+00:00","breadcrumb":{"@id":"https:\/\/www.thinkupc.com\/es\/servicios\/talent-management\/culture-engagement-apps\/#breadcrumb"},"inLanguage":"es","potentialAction":[{"@type":"ReadAction","target":["https:\/\/www.thinkupc.com\/es\/servicios\/talent-management\/culture-engagement-apps\/"]}]},{"@type":"ImageObject","inLanguage":"es","@id":"https:\/\/www.thinkupc.com\/es\/servicios\/talent-management\/culture-engagement-apps\/#primaryimage","url":"https:\/\/www.thinkupc.com\/wp-content\/uploads\/2025\/01\/img-dte-cea.jpg","contentUrl":"https:\/\/www.thinkupc.com\/wp-content\/uploads\/2025\/01\/img-dte-cea.jpg"},{"@type":"BreadcrumbList","@id":"https:\/\/www.thinkupc.com\/es\/servicios\/talent-management\/culture-engagement-apps\/#breadcrumb","itemListElement":[{"@type":"ListItem","position":1,"name":"Home","item":"https:\/\/www.thinkupc.com\/es\/thinkupc\/"},{"@type":"ListItem","position":2,"name":"Servicios","item":"https:\/\/www.thinkupc.com\/es\/serveis\/"},{"@type":"ListItem","position":3,"name":"Talent Management","item":"https:\/\/www.thinkupc.com\/es\/serveis\/talent-management\/"},{"@type":"ListItem","position":4,"name":"Culture &amp; Engagement Apps"}]},{"@type":"WebSite","@id":"https:\/\/www.thinkupc.com\/es\/#website","url":"https:\/\/www.thinkupc.com\/es\/","name":"ThinkUPC","description":"One Step Ahead in the Digital World","publisher":{"@id":"https:\/\/www.thinkupc.com\/es\/#organization"},"potentialAction":[{"@type":"SearchAction","target":{"@type":"EntryPoint","urlTemplate":"https:\/\/www.thinkupc.com\/es\/?s={search_term_string}"},"query-input":{"@type":"PropertyValueSpecification","valueRequired":true,"valueName":"search_term_string"}}],"inLanguage":"es"},{"@type":"Organization","@id":"https:\/\/www.thinkupc.com\/es\/#organization","name":"ThinkUPC","url":"https:\/\/www.thinkupc.com\/es\/","logo":{"@type":"ImageObject","inLanguage":"es","@id":"https:\/\/www.thinkupc.com\/es\/#\/schema\/logo\/image\/","url":"https:\/\/www.thinkupc.com\/wp-content\/uploads\/2025\/03\/logo-claim_B.png","contentUrl":"https:\/\/www.thinkupc.com\/wp-content\/uploads\/2025\/03\/logo-claim_B.png","width":2325,"height":1027,"caption":"ThinkUPC"},"image":{"@id":"https:\/\/www.thinkupc.com\/es\/#\/schema\/logo\/image\/"},"sameAs":["https:\/\/bsky.app\/profile\/thinkupc.com","https:\/\/es.linkedin.com\/company\/thinkupc"]}]}},"_links":{"self":[{"href":"https:\/\/www.thinkupc.com\/es\/wp-json\/wp\/v2\/pages\/5138","targetHints":{"allow":["GET"]}}],"collection":[{"href":"https:\/\/www.thinkupc.com\/es\/wp-json\/wp\/v2\/pages"}],"about":[{"href":"https:\/\/www.thinkupc.com\/es\/wp-json\/wp\/v2\/types\/page"}],"author":[{"embeddable":true,"href":"https:\/\/www.thinkupc.com\/es\/wp-json\/wp\/v2\/users\/2"}],"replies":[{"embeddable":true,"href":"https:\/\/www.thinkupc.com\/es\/wp-json\/wp\/v2\/comments?post=5138"}],"version-history":[{"count":0,"href":"https:\/\/www.thinkupc.com\/es\/wp-json\/wp\/v2\/pages\/5138\/revisions"}],"up":[{"embeddable":true,"href":"https:\/\/www.thinkupc.com\/es\/wp-json\/wp\/v2\/pages\/5895"}],"wp:attachment":[{"href":"https:\/\/www.thinkupc.com\/es\/wp-json\/wp\/v2\/media?parent=5138"}],"wp:term":[{"taxonomy":"category","embeddable":true,"href":"https:\/\/www.thinkupc.com\/es\/wp-json\/wp\/v2\/categories?post=5138"},{"taxonomy":"post_tag","embeddable":true,"href":"https:\/\/www.thinkupc.com\/es\/wp-json\/wp\/v2\/tags?post=5138"}],"curies":[{"name":"wp","href":"https:\/\/api.w.org\/{rel}","templated":true}]}}