{"id":5133,"date":"2024-11-26T12:12:27","date_gmt":"2024-11-26T11:12:27","guid":{"rendered":"https:\/\/thinkupc.com\/digital-learning-platforms\/"},"modified":"2025-03-05T23:07:36","modified_gmt":"2025-03-05T22:07:36","slug":"digital-learning-platforms","status":"publish","type":"page","link":"https:\/\/www.thinkupc.com\/es\/servicios\/talent-management\/digital-learning-platforms\/","title":{"rendered":"Digital Learning Platforms"},"content":{"rendered":"\t\t<div data-elementor-type=\"wp-page\" data-elementor-id=\"5133\" class=\"elementor elementor-5133 elementor-591\" data-elementor-post-type=\"page\">\n\t\t\t\t<div class=\"elementor-element elementor-element-4c589e1 e-flex e-con-boxed e-con e-parent\" data-id=\"4c589e1\" data-element_type=\"container\" data-e-type=\"container\">\n\t\t\t\t\t<div class=\"e-con-inner\">\n\t\t\t\t<div class=\"elementor-element elementor-element-009cae2 elementor-widget elementor-widget-heading\" data-id=\"009cae2\" data-element_type=\"widget\" data-e-type=\"widget\" data-widget_type=\"heading.default\">\n\t\t\t\t\t<h2 class=\"elementor-heading-title elementor-size-default\">Universidades corporativas, plataformas y servicios de aprendizaje potenciados con IA\n\n\n\n\n\n<\/h2>\t\t\t\t<\/div>\n\t\t\t\t\t<\/div>\n\t\t\t\t<\/div>\n\t\t<div class=\"elementor-element elementor-element-57c51a9f e-flex e-con-boxed e-con e-parent\" data-id=\"57c51a9f\" data-element_type=\"container\" data-e-type=\"container\">\n\t\t\t\t\t<div class=\"e-con-inner\">\n\t\t\t\t<div class=\"elementor-element elementor-element-6123110d elementor-widget elementor-widget-text-editor\" data-id=\"6123110d\" data-element_type=\"widget\" data-e-type=\"widget\" data-widget_type=\"text-editor.default\">\n\t\t\t\t\t\t\t\t\t<p>Tenemos m\u00e1s de <strong>25 a\u00f1os de experiencia dise\u00f1ando modelos completos de formaci\u00f3n<\/strong> y desarrollo profesional alineados con las necesidades actuales y futuras de los clientes, con el aval de nuestra experiencia UPC, que nos proporciona un gran conocimiento de las metodolog\u00edas y procesos de aprendizaje y nos permite estar a la vanguardia de las tendencias formativas m\u00e1s innovadoras.<\/p>\t\t\t\t\t\t\t\t<\/div>\n\t\t\t\t\t<\/div>\n\t\t\t\t<\/div>\n\t\t<div class=\"elementor-element elementor-element-99b687a e-flex e-con-boxed e-con e-parent\" data-id=\"99b687a\" data-element_type=\"container\" data-e-type=\"container\">\n\t\t\t\t\t<div class=\"e-con-inner\">\n\t\t\t\t<div class=\"elementor-element elementor-element-f9ddf3f elementor-widget elementor-widget-image\" data-id=\"f9ddf3f\" data-element_type=\"widget\" data-e-type=\"widget\" data-widget_type=\"image.default\">\n\t\t\t\t\t\t\t\t\t\t\t\t\t\t\t<img fetchpriority=\"high\" decoding=\"async\" width=\"472\" height=\"422\" src=\"https:\/\/www.thinkupc.com\/wp-content\/uploads\/2025\/01\/img-dte-dtp.png\" class=\"attachment-full size-full wp-image-4793\" alt=\"\" srcset=\"https:\/\/www.thinkupc.com\/wp-content\/uploads\/2025\/01\/img-dte-dtp.png 472w, https:\/\/www.thinkupc.com\/wp-content\/uploads\/2025\/01\/img-dte-dtp-300x268.png 300w\" sizes=\"(max-width: 472px) 100vw, 472px\" \/>\t\t\t\t\t\t\t\t\t\t\t\t\t\t\t<\/div>\n\t\t\t\t\t<\/div>\n\t\t\t\t<\/div>\n\t\t<div class=\"elementor-element elementor-element-264fb5e e-flex e-con-boxed e-con e-parent\" data-id=\"264fb5e\" data-element_type=\"container\" data-e-type=\"container\">\n\t\t\t\t\t<div class=\"e-con-inner\">\n\t\t\t\t<div class=\"elementor-element elementor-element-b5dfd89 elementor-widget elementor-widget-text-editor\" data-id=\"b5dfd89\" data-element_type=\"widget\" data-e-type=\"widget\" data-widget_type=\"text-editor.default\">\n\t\t\t\t\t\t\t\t\t<p><strong>Somos expertos en la implantaci\u00f3n de plataformas LMS y partners de referencia en Espa\u00f1a de Moodle y Cornerstone<\/strong>, l\u00edderes mundiales en este tipo de soluciones, lo que nos permite aportar la soluci\u00f3n tecnol\u00f3gica que mejor se adapta a cada organizaci\u00f3n y necesidad. Asimismo, ayudamos a definir la estrategia de contenidos, desde el dise\u00f1o instruccional, la mejora de contenidos ya existentes, la creaci\u00f3n de nuevos contenidos online, y el acceso a un amplio cat\u00e1logo de los principales creadores de contenidos a escala mundial. <\/p>\n<p>De esta forma, conseguimos implementar el mejor modelo tecnol\u00f3gico, organizativo y de gobernanza, complementado con los contenidos, itinerarios y estrategias que faciliten el establecimiento del camino hacia la creaci\u00f3n de una Universidad Corporativa.<\/p>\t\t\t\t\t\t\t\t<\/div>\n\t\t\t\t\t<\/div>\n\t\t\t\t<\/div>\n\t\t<div class=\"elementor-element elementor-element-cc82ff1 e-flex e-con-boxed e-con e-parent\" data-id=\"cc82ff1\" data-element_type=\"container\" data-e-type=\"container\" data-settings=\"{&quot;background_background&quot;:&quot;classic&quot;}\">\n\t\t\t\t\t<div class=\"e-con-inner\">\n\t\t<div class=\"elementor-element elementor-element-1a15c86 e-grid e-con-full e-con e-child\" data-id=\"1a15c86\" data-element_type=\"container\" data-e-type=\"container\">\n\t\t\t\t<div class=\"elementor-element elementor-element-403fcd2 elementor-widget elementor-widget-image\" data-id=\"403fcd2\" data-element_type=\"widget\" data-e-type=\"widget\" data-widget_type=\"image.default\">\n\t\t\t\t\t\t\t\t\t\t\t\t\t\t\t<img decoding=\"async\" width=\"230\" height=\"57\" src=\"https:\/\/www.thinkupc.com\/wp-content\/uploads\/2025\/01\/logo-dte-dlp-moodle.png\" class=\"attachment-large size-large wp-image-4791\" alt=\"\" \/>\t\t\t\t\t\t\t\t\t\t\t\t\t\t\t<\/div>\n\t\t\t\t<div class=\"elementor-element elementor-element-e765777 elementor-widget elementor-widget-text-editor\" data-id=\"e765777\" data-element_type=\"widget\" data-e-type=\"widget\" data-widget_type=\"text-editor.default\">\n\t\t\t\t\t\t\t\t\t<section id=\"id-ai-powered-talent-management\" class=\"mb-6 pb-4 class-impar\"><div class=\"notification\"><div class=\"columns is-vcentered\"><div class=\"column\"><section id=\"id-digital-learning-platforms\" class=\"mb-6 pb-4 has-background-light\"><div><div class=\"columns is-vcentered\"><div class=\"column\"><div class=\"notification\"><div class=\"columns is-vcentered\"><div class=\"column\"><p>Somos <strong>Premium Partner de Moodle<\/strong>, la plataforma de aprendizaje m\u00e1s usada del mundo, y somos la \u00fanica empresa en Espa\u00f1a con el servicio SaaS de <a href=\"https:\/\/thinkupc.com\/es\/servicios\/talent-management\/moodle-workplace\/\"><strong>Moodle Workplace<\/strong><\/a> validado por Amazon Web Services.<\/p><\/div><\/div><\/div><\/div><\/div><\/div><\/section><section id=\"id-culture-and-engagement-apps\" class=\"mb-6 pb-4 class-impar\"><\/section><\/div><\/div><\/div><\/section><section id=\"id-digital-learning-platforms\" class=\"mb-6 pb-4 has-background-light\"><\/section>\t\t\t\t\t\t\t\t<\/div>\n\t\t\t\t<\/div>\n\t\t\t\t\t<\/div>\n\t\t\t\t<\/div>\n\t\t\t\t<\/div>\n\t\t","protected":false},"excerpt":{"rendered":"<p>Universidades corporativas, plataformas y servicios de aprendizaje potenciados con IA Tenemos m\u00e1s de 25 a\u00f1os de experiencia dise\u00f1ando modelos completos de formaci\u00f3n y desarrollo profesional alineados con las necesidades actuales y futuras de los clientes, con el aval de nuestra experiencia UPC, que nos proporciona un gran conocimiento de las metodolog\u00edas y procesos de aprendizaje [&hellip;]<\/p>\n","protected":false},"author":2,"featured_media":0,"parent":5895,"menu_order":3,"comment_status":"closed","ping_status":"closed","template":"","meta":{"_acf_changed":false,"footnotes":""},"categories":[176,148,173],"tags":[206],"class_list":["post-5133","page","type-page","status-publish","hentry","category-digital-learning-platforms-es","category-servicios","category-talent-management-es","tag-digital-learning-platforms-es"],"acf":[],"yoast_head":"<!-- This site is optimized with the Yoast SEO plugin v27.0 - https:\/\/yoast.com\/product\/yoast-seo-wordpress\/ -->\n<title>Digital Learning Platforms - ThinkUPC<\/title>\n<meta name=\"robots\" content=\"index, follow, max-snippet:-1, max-image-preview:large, max-video-preview:-1\" \/>\n<link rel=\"canonical\" href=\"https:\/\/www.thinkupc.com\/es\/servicios\/talent-management\/digital-learning-platforms\/\" \/>\n<meta property=\"og:locale\" content=\"es_ES\" \/>\n<meta property=\"og:type\" content=\"article\" \/>\n<meta property=\"og:title\" content=\"Digital Learning Platforms - ThinkUPC\" \/>\n<meta property=\"og:description\" content=\"Universidades corporativas, plataformas y servicios de aprendizaje potenciados con IA Tenemos m\u00e1s de 25 a\u00f1os de experiencia dise\u00f1ando modelos completos de formaci\u00f3n y desarrollo profesional alineados con las necesidades actuales y futuras de los clientes, con el aval de nuestra experiencia UPC, que nos proporciona un gran conocimiento de las metodolog\u00edas y procesos de aprendizaje [&hellip;]\" \/>\n<meta property=\"og:url\" content=\"https:\/\/www.thinkupc.com\/es\/servicios\/talent-management\/digital-learning-platforms\/\" \/>\n<meta property=\"og:site_name\" content=\"ThinkUPC\" \/>\n<meta property=\"article:modified_time\" content=\"2025-03-05T22:07:36+00:00\" \/>\n<meta property=\"og:image\" content=\"https:\/\/www.thinkupc.com\/wp-content\/uploads\/2025\/01\/img-dte-dtp.png\" \/>\n<meta name=\"twitter:card\" content=\"summary_large_image\" \/>\n<meta name=\"twitter:label1\" content=\"Tiempo de lectura\" \/>\n\t<meta name=\"twitter:data1\" content=\"1 minuto\" \/>\n<script type=\"application\/ld+json\" class=\"yoast-schema-graph\">{\"@context\":\"https:\/\/schema.org\",\"@graph\":[{\"@type\":\"WebPage\",\"@id\":\"https:\/\/www.thinkupc.com\/es\/servicios\/talent-management\/digital-learning-platforms\/\",\"url\":\"https:\/\/www.thinkupc.com\/es\/servicios\/talent-management\/digital-learning-platforms\/\",\"name\":\"Digital Learning Platforms - ThinkUPC\",\"isPartOf\":{\"@id\":\"https:\/\/www.thinkupc.com\/es\/#website\"},\"primaryImageOfPage\":{\"@id\":\"https:\/\/www.thinkupc.com\/es\/servicios\/talent-management\/digital-learning-platforms\/#primaryimage\"},\"image\":{\"@id\":\"https:\/\/www.thinkupc.com\/es\/servicios\/talent-management\/digital-learning-platforms\/#primaryimage\"},\"thumbnailUrl\":\"https:\/\/www.thinkupc.com\/wp-content\/uploads\/2025\/01\/img-dte-dtp.png\",\"datePublished\":\"2024-11-26T11:12:27+00:00\",\"dateModified\":\"2025-03-05T22:07:36+00:00\",\"breadcrumb\":{\"@id\":\"https:\/\/www.thinkupc.com\/es\/servicios\/talent-management\/digital-learning-platforms\/#breadcrumb\"},\"inLanguage\":\"es\",\"potentialAction\":[{\"@type\":\"ReadAction\",\"target\":[\"https:\/\/www.thinkupc.com\/es\/servicios\/talent-management\/digital-learning-platforms\/\"]}]},{\"@type\":\"ImageObject\",\"inLanguage\":\"es\",\"@id\":\"https:\/\/www.thinkupc.com\/es\/servicios\/talent-management\/digital-learning-platforms\/#primaryimage\",\"url\":\"https:\/\/www.thinkupc.com\/wp-content\/uploads\/2025\/01\/img-dte-dtp.png\",\"contentUrl\":\"https:\/\/www.thinkupc.com\/wp-content\/uploads\/2025\/01\/img-dte-dtp.png\"},{\"@type\":\"BreadcrumbList\",\"@id\":\"https:\/\/www.thinkupc.com\/es\/servicios\/talent-management\/digital-learning-platforms\/#breadcrumb\",\"itemListElement\":[{\"@type\":\"ListItem\",\"position\":1,\"name\":\"Home\",\"item\":\"https:\/\/www.thinkupc.com\/es\/thinkupc\/\"},{\"@type\":\"ListItem\",\"position\":2,\"name\":\"Servicios\",\"item\":\"https:\/\/www.thinkupc.com\/es\/serveis\/\"},{\"@type\":\"ListItem\",\"position\":3,\"name\":\"Talent Management\",\"item\":\"https:\/\/www.thinkupc.com\/es\/serveis\/talent-management\/\"},{\"@type\":\"ListItem\",\"position\":4,\"name\":\"Digital Learning Platforms\"}]},{\"@type\":\"WebSite\",\"@id\":\"https:\/\/www.thinkupc.com\/es\/#website\",\"url\":\"https:\/\/www.thinkupc.com\/es\/\",\"name\":\"ThinkUPC\",\"description\":\"One Step Ahead in the Digital World\",\"publisher\":{\"@id\":\"https:\/\/www.thinkupc.com\/es\/#organization\"},\"potentialAction\":[{\"@type\":\"SearchAction\",\"target\":{\"@type\":\"EntryPoint\",\"urlTemplate\":\"https:\/\/www.thinkupc.com\/es\/?s={search_term_string}\"},\"query-input\":{\"@type\":\"PropertyValueSpecification\",\"valueRequired\":true,\"valueName\":\"search_term_string\"}}],\"inLanguage\":\"es\"},{\"@type\":\"Organization\",\"@id\":\"https:\/\/www.thinkupc.com\/es\/#organization\",\"name\":\"ThinkUPC\",\"url\":\"https:\/\/www.thinkupc.com\/es\/\",\"logo\":{\"@type\":\"ImageObject\",\"inLanguage\":\"es\",\"@id\":\"https:\/\/www.thinkupc.com\/es\/#\/schema\/logo\/image\/\",\"url\":\"https:\/\/www.thinkupc.com\/wp-content\/uploads\/2025\/03\/logo-claim_B.png\",\"contentUrl\":\"https:\/\/www.thinkupc.com\/wp-content\/uploads\/2025\/03\/logo-claim_B.png\",\"width\":2325,\"height\":1027,\"caption\":\"ThinkUPC\"},\"image\":{\"@id\":\"https:\/\/www.thinkupc.com\/es\/#\/schema\/logo\/image\/\"},\"sameAs\":[\"https:\/\/bsky.app\/profile\/thinkupc.com\",\"https:\/\/es.linkedin.com\/company\/thinkupc\"]}]}<\/script>\n<!-- \/ Yoast SEO plugin. -->","yoast_head_json":{"title":"Digital Learning Platforms - ThinkUPC","robots":{"index":"index","follow":"follow","max-snippet":"max-snippet:-1","max-image-preview":"max-image-preview:large","max-video-preview":"max-video-preview:-1"},"canonical":"https:\/\/www.thinkupc.com\/es\/servicios\/talent-management\/digital-learning-platforms\/","og_locale":"es_ES","og_type":"article","og_title":"Digital Learning Platforms - ThinkUPC","og_description":"Universidades corporativas, plataformas y servicios de aprendizaje potenciados con IA Tenemos m\u00e1s de 25 a\u00f1os de experiencia dise\u00f1ando modelos completos de formaci\u00f3n y desarrollo profesional alineados con las necesidades actuales y futuras de los clientes, con el aval de nuestra experiencia UPC, que nos proporciona un gran conocimiento de las metodolog\u00edas y procesos de aprendizaje [&hellip;]","og_url":"https:\/\/www.thinkupc.com\/es\/servicios\/talent-management\/digital-learning-platforms\/","og_site_name":"ThinkUPC","article_modified_time":"2025-03-05T22:07:36+00:00","og_image":[{"url":"https:\/\/www.thinkupc.com\/wp-content\/uploads\/2025\/01\/img-dte-dtp.png","type":"","width":"","height":""}],"twitter_card":"summary_large_image","twitter_misc":{"Tiempo de lectura":"1 minuto"},"schema":{"@context":"https:\/\/schema.org","@graph":[{"@type":"WebPage","@id":"https:\/\/www.thinkupc.com\/es\/servicios\/talent-management\/digital-learning-platforms\/","url":"https:\/\/www.thinkupc.com\/es\/servicios\/talent-management\/digital-learning-platforms\/","name":"Digital Learning Platforms - ThinkUPC","isPartOf":{"@id":"https:\/\/www.thinkupc.com\/es\/#website"},"primaryImageOfPage":{"@id":"https:\/\/www.thinkupc.com\/es\/servicios\/talent-management\/digital-learning-platforms\/#primaryimage"},"image":{"@id":"https:\/\/www.thinkupc.com\/es\/servicios\/talent-management\/digital-learning-platforms\/#primaryimage"},"thumbnailUrl":"https:\/\/www.thinkupc.com\/wp-content\/uploads\/2025\/01\/img-dte-dtp.png","datePublished":"2024-11-26T11:12:27+00:00","dateModified":"2025-03-05T22:07:36+00:00","breadcrumb":{"@id":"https:\/\/www.thinkupc.com\/es\/servicios\/talent-management\/digital-learning-platforms\/#breadcrumb"},"inLanguage":"es","potentialAction":[{"@type":"ReadAction","target":["https:\/\/www.thinkupc.com\/es\/servicios\/talent-management\/digital-learning-platforms\/"]}]},{"@type":"ImageObject","inLanguage":"es","@id":"https:\/\/www.thinkupc.com\/es\/servicios\/talent-management\/digital-learning-platforms\/#primaryimage","url":"https:\/\/www.thinkupc.com\/wp-content\/uploads\/2025\/01\/img-dte-dtp.png","contentUrl":"https:\/\/www.thinkupc.com\/wp-content\/uploads\/2025\/01\/img-dte-dtp.png"},{"@type":"BreadcrumbList","@id":"https:\/\/www.thinkupc.com\/es\/servicios\/talent-management\/digital-learning-platforms\/#breadcrumb","itemListElement":[{"@type":"ListItem","position":1,"name":"Home","item":"https:\/\/www.thinkupc.com\/es\/thinkupc\/"},{"@type":"ListItem","position":2,"name":"Servicios","item":"https:\/\/www.thinkupc.com\/es\/serveis\/"},{"@type":"ListItem","position":3,"name":"Talent Management","item":"https:\/\/www.thinkupc.com\/es\/serveis\/talent-management\/"},{"@type":"ListItem","position":4,"name":"Digital Learning Platforms"}]},{"@type":"WebSite","@id":"https:\/\/www.thinkupc.com\/es\/#website","url":"https:\/\/www.thinkupc.com\/es\/","name":"ThinkUPC","description":"One Step Ahead in the Digital World","publisher":{"@id":"https:\/\/www.thinkupc.com\/es\/#organization"},"potentialAction":[{"@type":"SearchAction","target":{"@type":"EntryPoint","urlTemplate":"https:\/\/www.thinkupc.com\/es\/?s={search_term_string}"},"query-input":{"@type":"PropertyValueSpecification","valueRequired":true,"valueName":"search_term_string"}}],"inLanguage":"es"},{"@type":"Organization","@id":"https:\/\/www.thinkupc.com\/es\/#organization","name":"ThinkUPC","url":"https:\/\/www.thinkupc.com\/es\/","logo":{"@type":"ImageObject","inLanguage":"es","@id":"https:\/\/www.thinkupc.com\/es\/#\/schema\/logo\/image\/","url":"https:\/\/www.thinkupc.com\/wp-content\/uploads\/2025\/03\/logo-claim_B.png","contentUrl":"https:\/\/www.thinkupc.com\/wp-content\/uploads\/2025\/03\/logo-claim_B.png","width":2325,"height":1027,"caption":"ThinkUPC"},"image":{"@id":"https:\/\/www.thinkupc.com\/es\/#\/schema\/logo\/image\/"},"sameAs":["https:\/\/bsky.app\/profile\/thinkupc.com","https:\/\/es.linkedin.com\/company\/thinkupc"]}]}},"_links":{"self":[{"href":"https:\/\/www.thinkupc.com\/es\/wp-json\/wp\/v2\/pages\/5133","targetHints":{"allow":["GET"]}}],"collection":[{"href":"https:\/\/www.thinkupc.com\/es\/wp-json\/wp\/v2\/pages"}],"about":[{"href":"https:\/\/www.thinkupc.com\/es\/wp-json\/wp\/v2\/types\/page"}],"author":[{"embeddable":true,"href":"https:\/\/www.thinkupc.com\/es\/wp-json\/wp\/v2\/users\/2"}],"replies":[{"embeddable":true,"href":"https:\/\/www.thinkupc.com\/es\/wp-json\/wp\/v2\/comments?post=5133"}],"version-history":[{"count":0,"href":"https:\/\/www.thinkupc.com\/es\/wp-json\/wp\/v2\/pages\/5133\/revisions"}],"up":[{"embeddable":true,"href":"https:\/\/www.thinkupc.com\/es\/wp-json\/wp\/v2\/pages\/5895"}],"wp:attachment":[{"href":"https:\/\/www.thinkupc.com\/es\/wp-json\/wp\/v2\/media?parent=5133"}],"wp:term":[{"taxonomy":"category","embeddable":true,"href":"https:\/\/www.thinkupc.com\/es\/wp-json\/wp\/v2\/categories?post=5133"},{"taxonomy":"post_tag","embeddable":true,"href":"https:\/\/www.thinkupc.com\/es\/wp-json\/wp\/v2\/tags?post=5133"}],"curies":[{"name":"wp","href":"https:\/\/api.w.org\/{rel}","templated":true}]}}