{"id":5128,"date":"2024-11-26T12:12:26","date_gmt":"2024-11-26T11:12:26","guid":{"rendered":"https:\/\/thinkupc.com\/ai-powered-talent-management\/"},"modified":"2025-03-06T10:22:10","modified_gmt":"2025-03-06T09:22:10","slug":"ai-powered-talent-management","status":"publish","type":"page","link":"https:\/\/www.thinkupc.com\/es\/servicios\/talent-management\/ai-powered-talent-management\/","title":{"rendered":"AI-powered Talent Management"},"content":{"rendered":"\t\t<div data-elementor-type=\"wp-page\" data-elementor-id=\"5128\" class=\"elementor elementor-5128 elementor-589\" data-elementor-post-type=\"page\">\n\t\t\t\t<div class=\"elementor-element elementor-element-b719556 e-flex e-con-boxed e-con e-parent\" data-id=\"b719556\" data-element_type=\"container\" data-e-type=\"container\">\n\t\t\t\t\t<div class=\"e-con-inner\">\n\t\t\t\t<div class=\"elementor-element elementor-element-30838c6 elementor-widget elementor-widget-heading\" data-id=\"30838c6\" data-element_type=\"widget\" data-e-type=\"widget\" data-widget_type=\"heading.default\">\n\t\t\t\t\t<h2 class=\"elementor-heading-title elementor-size-default\">Soluciones digitales para alinear el capital humano con los objetivos de la organizaci\u00f3n\n\n\n\n\n<\/h2>\t\t\t\t<\/div>\n\t\t\t\t\t<\/div>\n\t\t\t\t<\/div>\n\t\t<div class=\"elementor-element elementor-element-4b8f6503 e-flex e-con-boxed e-con e-parent\" data-id=\"4b8f6503\" data-element_type=\"container\" data-e-type=\"container\">\n\t\t\t\t\t<div class=\"e-con-inner\">\n\t\t\t\t<div class=\"elementor-element elementor-element-49445aaf elementor-widget elementor-widget-text-editor\" data-id=\"49445aaf\" data-element_type=\"widget\" data-e-type=\"widget\" data-widget_type=\"text-editor.default\">\n\t\t\t\t\t\t\t\t\t<p>Introducimos las metodolog\u00edas y tendencias m\u00e1s innovadoras con las Learning eXperience Platforms (<strong>LXP<\/strong>) y las Talent eXperience Platforms (<strong>TXP<\/strong>), soluciones en las que la IA es un elemento clave para crear una experiencia de desarrollo profesional personalizada.<\/p>\t\t\t\t\t\t\t\t<\/div>\n\t\t\t\t\t<\/div>\n\t\t\t\t<\/div>\n\t\t<div class=\"elementor-element elementor-element-b37577a e-flex e-con-boxed e-con e-parent\" data-id=\"b37577a\" data-element_type=\"container\" data-e-type=\"container\">\n\t\t\t\t\t<div class=\"e-con-inner\">\n\t\t\t\t<div class=\"elementor-element elementor-element-8477729 elementor-widget elementor-widget-image\" data-id=\"8477729\" data-element_type=\"widget\" data-e-type=\"widget\" data-widget_type=\"image.default\">\n\t\t\t\t\t\t\t\t\t\t\t\t\t\t\t<img fetchpriority=\"high\" decoding=\"async\" width=\"1254\" height=\"227\" src=\"https:\/\/www.thinkupc.com\/wp-content\/uploads\/2025\/01\/img-dte-aptm.png\" class=\"attachment-full size-full wp-image-4787\" alt=\"\" srcset=\"https:\/\/www.thinkupc.com\/wp-content\/uploads\/2025\/01\/img-dte-aptm.png 1254w, https:\/\/www.thinkupc.com\/wp-content\/uploads\/2025\/01\/img-dte-aptm-300x54.png 300w, https:\/\/www.thinkupc.com\/wp-content\/uploads\/2025\/01\/img-dte-aptm-1024x185.png 1024w, https:\/\/www.thinkupc.com\/wp-content\/uploads\/2025\/01\/img-dte-aptm-768x139.png 768w\" sizes=\"(max-width: 1254px) 100vw, 1254px\" \/>\t\t\t\t\t\t\t\t\t\t\t\t\t\t\t<\/div>\n\t\t\t\t\t<\/div>\n\t\t\t\t<\/div>\n\t\t<div class=\"elementor-element elementor-element-7e7da21 e-flex e-con-boxed e-con e-parent\" data-id=\"7e7da21\" data-element_type=\"container\" data-e-type=\"container\" data-settings=\"{&quot;background_background&quot;:&quot;classic&quot;}\">\n\t\t\t\t\t<div class=\"e-con-inner\">\n\t\t<div class=\"elementor-element elementor-element-aee6b1d e-grid e-con-full e-con e-child\" data-id=\"aee6b1d\" data-element_type=\"container\" data-e-type=\"container\">\n\t\t\t\t<div class=\"elementor-element elementor-element-9582575 elementor-widget elementor-widget-image\" data-id=\"9582575\" data-element_type=\"widget\" data-e-type=\"widget\" data-widget_type=\"image.default\">\n\t\t\t\t\t\t\t\t\t\t\t\t\t\t\t<img decoding=\"async\" width=\"266\" height=\"57\" src=\"https:\/\/www.thinkupc.com\/wp-content\/uploads\/2025\/01\/logo-cornerstone.png\" class=\"attachment-large size-large wp-image-4789\" alt=\"\" \/>\t\t\t\t\t\t\t\t\t\t\t\t\t\t\t<\/div>\n\t\t\t\t<div class=\"elementor-element elementor-element-cc65b55 elementor-widget elementor-widget-text-editor\" data-id=\"cc65b55\" data-element_type=\"widget\" data-e-type=\"widget\" data-widget_type=\"text-editor.default\">\n\t\t\t\t\t\t\t\t\t<section id=\"id-ai-powered-talent-management\" class=\"mb-6 pb-4 class-impar\"><div><div class=\"notification\"><div class=\"columns is-vcentered\"><div class=\"column\"><p>Somos <strong>Partner de referencia en Espa\u00f1a de <a href=\"https:\/\/thinkupc.com\/es\/servicios\/talent-management\/cornerstone\/\">Cornerstone<\/a><\/strong>, l\u00edder a nivel mundial en soluciones HCM, LXP y TXP y disponemos de un gran equipo de consultores expertos y certificados para implementarlo y llevar a cabo la digitalizaci\u00f3n de los procesos de RH y de gesti\u00f3n del talento en organizaciones de cualquier tama\u00f1o y sector.<\/p><\/div><\/div><\/div><\/div><\/section><section id=\"id-digital-learning-platforms\" class=\"mb-6 pb-4 has-background-light\"><\/section>\t\t\t\t\t\t\t\t<\/div>\n\t\t\t\t<\/div>\n\t\t\t\t\t<\/div>\n\t\t\t\t<\/div>\n\t\t\t\t<\/div>\n\t\t","protected":false},"excerpt":{"rendered":"<p>Soluciones digitales para alinear el capital humano con los objetivos de la organizaci\u00f3n Introducimos las metodolog\u00edas y tendencias m\u00e1s innovadoras con las Learning eXperience Platforms (LXP) y las Talent eXperience Platforms (TXP), soluciones en las que la IA es un elemento clave para crear una experiencia de desarrollo profesional personalizada. Somos Partner de referencia en [&hellip;]<\/p>\n","protected":false},"author":2,"featured_media":0,"parent":5895,"menu_order":2,"comment_status":"closed","ping_status":"closed","template":"","meta":{"_acf_changed":false,"footnotes":""},"categories":[174,148,173],"tags":[182],"class_list":["post-5128","page","type-page","status-publish","hentry","category-ai-powered-talent-management-es","category-servicios","category-talent-management-es","tag-ai-powered-talent-management-es"],"acf":[],"yoast_head":"<!-- This site is optimized with the Yoast SEO plugin v27.0 - https:\/\/yoast.com\/product\/yoast-seo-wordpress\/ -->\n<title>AI-powered Talent Management - ThinkUPC<\/title>\n<meta name=\"robots\" content=\"index, follow, max-snippet:-1, max-image-preview:large, max-video-preview:-1\" \/>\n<link rel=\"canonical\" href=\"https:\/\/www.thinkupc.com\/es\/servicios\/talent-management\/ai-powered-talent-management\/\" \/>\n<meta property=\"og:locale\" content=\"es_ES\" \/>\n<meta property=\"og:type\" content=\"article\" \/>\n<meta property=\"og:title\" content=\"AI-powered Talent Management - ThinkUPC\" \/>\n<meta property=\"og:description\" content=\"Soluciones digitales para alinear el capital humano con los objetivos de la organizaci\u00f3n Introducimos las metodolog\u00edas y tendencias m\u00e1s innovadoras con las Learning eXperience Platforms (LXP) y las Talent eXperience Platforms (TXP), soluciones en las que la IA es un elemento clave para crear una experiencia de desarrollo profesional personalizada. Somos Partner de referencia en [&hellip;]\" \/>\n<meta property=\"og:url\" content=\"https:\/\/www.thinkupc.com\/es\/servicios\/talent-management\/ai-powered-talent-management\/\" \/>\n<meta property=\"og:site_name\" content=\"ThinkUPC\" \/>\n<meta property=\"article:modified_time\" content=\"2025-03-06T09:22:10+00:00\" \/>\n<meta property=\"og:image\" content=\"https:\/\/www.thinkupc.com\/wp-content\/uploads\/2025\/01\/img-dte-aptm.png\" \/>\n<meta name=\"twitter:card\" content=\"summary_large_image\" \/>\n<meta name=\"twitter:label1\" content=\"Tiempo de lectura\" \/>\n\t<meta name=\"twitter:data1\" content=\"1 minuto\" \/>\n<script type=\"application\/ld+json\" class=\"yoast-schema-graph\">{\"@context\":\"https:\/\/schema.org\",\"@graph\":[{\"@type\":\"WebPage\",\"@id\":\"https:\/\/www.thinkupc.com\/es\/servicios\/talent-management\/ai-powered-talent-management\/\",\"url\":\"https:\/\/www.thinkupc.com\/es\/servicios\/talent-management\/ai-powered-talent-management\/\",\"name\":\"AI-powered Talent Management - ThinkUPC\",\"isPartOf\":{\"@id\":\"https:\/\/www.thinkupc.com\/es\/#website\"},\"primaryImageOfPage\":{\"@id\":\"https:\/\/www.thinkupc.com\/es\/servicios\/talent-management\/ai-powered-talent-management\/#primaryimage\"},\"image\":{\"@id\":\"https:\/\/www.thinkupc.com\/es\/servicios\/talent-management\/ai-powered-talent-management\/#primaryimage\"},\"thumbnailUrl\":\"https:\/\/www.thinkupc.com\/wp-content\/uploads\/2025\/01\/img-dte-aptm.png\",\"datePublished\":\"2024-11-26T11:12:26+00:00\",\"dateModified\":\"2025-03-06T09:22:10+00:00\",\"breadcrumb\":{\"@id\":\"https:\/\/www.thinkupc.com\/es\/servicios\/talent-management\/ai-powered-talent-management\/#breadcrumb\"},\"inLanguage\":\"es\",\"potentialAction\":[{\"@type\":\"ReadAction\",\"target\":[\"https:\/\/www.thinkupc.com\/es\/servicios\/talent-management\/ai-powered-talent-management\/\"]}]},{\"@type\":\"ImageObject\",\"inLanguage\":\"es\",\"@id\":\"https:\/\/www.thinkupc.com\/es\/servicios\/talent-management\/ai-powered-talent-management\/#primaryimage\",\"url\":\"https:\/\/www.thinkupc.com\/wp-content\/uploads\/2025\/01\/img-dte-aptm.png\",\"contentUrl\":\"https:\/\/www.thinkupc.com\/wp-content\/uploads\/2025\/01\/img-dte-aptm.png\"},{\"@type\":\"BreadcrumbList\",\"@id\":\"https:\/\/www.thinkupc.com\/es\/servicios\/talent-management\/ai-powered-talent-management\/#breadcrumb\",\"itemListElement\":[{\"@type\":\"ListItem\",\"position\":1,\"name\":\"Home\",\"item\":\"https:\/\/www.thinkupc.com\/es\/thinkupc\/\"},{\"@type\":\"ListItem\",\"position\":2,\"name\":\"Servicios\",\"item\":\"https:\/\/www.thinkupc.com\/es\/serveis\/\"},{\"@type\":\"ListItem\",\"position\":3,\"name\":\"Talent Management\",\"item\":\"https:\/\/www.thinkupc.com\/es\/serveis\/talent-management\/\"},{\"@type\":\"ListItem\",\"position\":4,\"name\":\"AI-powered Talent Management\"}]},{\"@type\":\"WebSite\",\"@id\":\"https:\/\/www.thinkupc.com\/es\/#website\",\"url\":\"https:\/\/www.thinkupc.com\/es\/\",\"name\":\"ThinkUPC\",\"description\":\"One Step Ahead in the Digital World\",\"publisher\":{\"@id\":\"https:\/\/www.thinkupc.com\/es\/#organization\"},\"potentialAction\":[{\"@type\":\"SearchAction\",\"target\":{\"@type\":\"EntryPoint\",\"urlTemplate\":\"https:\/\/www.thinkupc.com\/es\/?s={search_term_string}\"},\"query-input\":{\"@type\":\"PropertyValueSpecification\",\"valueRequired\":true,\"valueName\":\"search_term_string\"}}],\"inLanguage\":\"es\"},{\"@type\":\"Organization\",\"@id\":\"https:\/\/www.thinkupc.com\/es\/#organization\",\"name\":\"ThinkUPC\",\"url\":\"https:\/\/www.thinkupc.com\/es\/\",\"logo\":{\"@type\":\"ImageObject\",\"inLanguage\":\"es\",\"@id\":\"https:\/\/www.thinkupc.com\/es\/#\/schema\/logo\/image\/\",\"url\":\"https:\/\/www.thinkupc.com\/wp-content\/uploads\/2025\/03\/logo-claim_B.png\",\"contentUrl\":\"https:\/\/www.thinkupc.com\/wp-content\/uploads\/2025\/03\/logo-claim_B.png\",\"width\":2325,\"height\":1027,\"caption\":\"ThinkUPC\"},\"image\":{\"@id\":\"https:\/\/www.thinkupc.com\/es\/#\/schema\/logo\/image\/\"},\"sameAs\":[\"https:\/\/bsky.app\/profile\/thinkupc.com\",\"https:\/\/es.linkedin.com\/company\/thinkupc\"]}]}<\/script>\n<!-- \/ Yoast SEO plugin. -->","yoast_head_json":{"title":"AI-powered Talent Management - ThinkUPC","robots":{"index":"index","follow":"follow","max-snippet":"max-snippet:-1","max-image-preview":"max-image-preview:large","max-video-preview":"max-video-preview:-1"},"canonical":"https:\/\/www.thinkupc.com\/es\/servicios\/talent-management\/ai-powered-talent-management\/","og_locale":"es_ES","og_type":"article","og_title":"AI-powered Talent Management - ThinkUPC","og_description":"Soluciones digitales para alinear el capital humano con los objetivos de la organizaci\u00f3n Introducimos las metodolog\u00edas y tendencias m\u00e1s innovadoras con las Learning eXperience Platforms (LXP) y las Talent eXperience Platforms (TXP), soluciones en las que la IA es un elemento clave para crear una experiencia de desarrollo profesional personalizada. Somos Partner de referencia en [&hellip;]","og_url":"https:\/\/www.thinkupc.com\/es\/servicios\/talent-management\/ai-powered-talent-management\/","og_site_name":"ThinkUPC","article_modified_time":"2025-03-06T09:22:10+00:00","og_image":[{"url":"https:\/\/www.thinkupc.com\/wp-content\/uploads\/2025\/01\/img-dte-aptm.png","type":"","width":"","height":""}],"twitter_card":"summary_large_image","twitter_misc":{"Tiempo de lectura":"1 minuto"},"schema":{"@context":"https:\/\/schema.org","@graph":[{"@type":"WebPage","@id":"https:\/\/www.thinkupc.com\/es\/servicios\/talent-management\/ai-powered-talent-management\/","url":"https:\/\/www.thinkupc.com\/es\/servicios\/talent-management\/ai-powered-talent-management\/","name":"AI-powered Talent Management - ThinkUPC","isPartOf":{"@id":"https:\/\/www.thinkupc.com\/es\/#website"},"primaryImageOfPage":{"@id":"https:\/\/www.thinkupc.com\/es\/servicios\/talent-management\/ai-powered-talent-management\/#primaryimage"},"image":{"@id":"https:\/\/www.thinkupc.com\/es\/servicios\/talent-management\/ai-powered-talent-management\/#primaryimage"},"thumbnailUrl":"https:\/\/www.thinkupc.com\/wp-content\/uploads\/2025\/01\/img-dte-aptm.png","datePublished":"2024-11-26T11:12:26+00:00","dateModified":"2025-03-06T09:22:10+00:00","breadcrumb":{"@id":"https:\/\/www.thinkupc.com\/es\/servicios\/talent-management\/ai-powered-talent-management\/#breadcrumb"},"inLanguage":"es","potentialAction":[{"@type":"ReadAction","target":["https:\/\/www.thinkupc.com\/es\/servicios\/talent-management\/ai-powered-talent-management\/"]}]},{"@type":"ImageObject","inLanguage":"es","@id":"https:\/\/www.thinkupc.com\/es\/servicios\/talent-management\/ai-powered-talent-management\/#primaryimage","url":"https:\/\/www.thinkupc.com\/wp-content\/uploads\/2025\/01\/img-dte-aptm.png","contentUrl":"https:\/\/www.thinkupc.com\/wp-content\/uploads\/2025\/01\/img-dte-aptm.png"},{"@type":"BreadcrumbList","@id":"https:\/\/www.thinkupc.com\/es\/servicios\/talent-management\/ai-powered-talent-management\/#breadcrumb","itemListElement":[{"@type":"ListItem","position":1,"name":"Home","item":"https:\/\/www.thinkupc.com\/es\/thinkupc\/"},{"@type":"ListItem","position":2,"name":"Servicios","item":"https:\/\/www.thinkupc.com\/es\/serveis\/"},{"@type":"ListItem","position":3,"name":"Talent Management","item":"https:\/\/www.thinkupc.com\/es\/serveis\/talent-management\/"},{"@type":"ListItem","position":4,"name":"AI-powered Talent Management"}]},{"@type":"WebSite","@id":"https:\/\/www.thinkupc.com\/es\/#website","url":"https:\/\/www.thinkupc.com\/es\/","name":"ThinkUPC","description":"One Step Ahead in the Digital World","publisher":{"@id":"https:\/\/www.thinkupc.com\/es\/#organization"},"potentialAction":[{"@type":"SearchAction","target":{"@type":"EntryPoint","urlTemplate":"https:\/\/www.thinkupc.com\/es\/?s={search_term_string}"},"query-input":{"@type":"PropertyValueSpecification","valueRequired":true,"valueName":"search_term_string"}}],"inLanguage":"es"},{"@type":"Organization","@id":"https:\/\/www.thinkupc.com\/es\/#organization","name":"ThinkUPC","url":"https:\/\/www.thinkupc.com\/es\/","logo":{"@type":"ImageObject","inLanguage":"es","@id":"https:\/\/www.thinkupc.com\/es\/#\/schema\/logo\/image\/","url":"https:\/\/www.thinkupc.com\/wp-content\/uploads\/2025\/03\/logo-claim_B.png","contentUrl":"https:\/\/www.thinkupc.com\/wp-content\/uploads\/2025\/03\/logo-claim_B.png","width":2325,"height":1027,"caption":"ThinkUPC"},"image":{"@id":"https:\/\/www.thinkupc.com\/es\/#\/schema\/logo\/image\/"},"sameAs":["https:\/\/bsky.app\/profile\/thinkupc.com","https:\/\/es.linkedin.com\/company\/thinkupc"]}]}},"_links":{"self":[{"href":"https:\/\/www.thinkupc.com\/es\/wp-json\/wp\/v2\/pages\/5128","targetHints":{"allow":["GET"]}}],"collection":[{"href":"https:\/\/www.thinkupc.com\/es\/wp-json\/wp\/v2\/pages"}],"about":[{"href":"https:\/\/www.thinkupc.com\/es\/wp-json\/wp\/v2\/types\/page"}],"author":[{"embeddable":true,"href":"https:\/\/www.thinkupc.com\/es\/wp-json\/wp\/v2\/users\/2"}],"replies":[{"embeddable":true,"href":"https:\/\/www.thinkupc.com\/es\/wp-json\/wp\/v2\/comments?post=5128"}],"version-history":[{"count":0,"href":"https:\/\/www.thinkupc.com\/es\/wp-json\/wp\/v2\/pages\/5128\/revisions"}],"up":[{"embeddable":true,"href":"https:\/\/www.thinkupc.com\/es\/wp-json\/wp\/v2\/pages\/5895"}],"wp:attachment":[{"href":"https:\/\/www.thinkupc.com\/es\/wp-json\/wp\/v2\/media?parent=5128"}],"wp:term":[{"taxonomy":"category","embeddable":true,"href":"https:\/\/www.thinkupc.com\/es\/wp-json\/wp\/v2\/categories?post=5128"},{"taxonomy":"post_tag","embeddable":true,"href":"https:\/\/www.thinkupc.com\/es\/wp-json\/wp\/v2\/tags?post=5128"}],"curies":[{"name":"wp","href":"https:\/\/api.w.org\/{rel}","templated":true}]}}