{"id":5124,"date":"2024-11-26T12:12:26","date_gmt":"2024-11-26T11:12:26","guid":{"rendered":"https:\/\/thinkupc.com\/talent-assessments\/"},"modified":"2025-02-28T12:09:22","modified_gmt":"2025-02-28T11:09:22","slug":"talent-assessments","status":"publish","type":"page","link":"https:\/\/www.thinkupc.com\/es\/servicios\/talent-management\/talent-assessments\/","title":{"rendered":"Talent Assessments"},"content":{"rendered":"\t\t<div data-elementor-type=\"wp-page\" data-elementor-id=\"5124\" class=\"elementor elementor-5124 elementor-590\" data-elementor-post-type=\"page\">\n\t\t\t\t<div class=\"elementor-element elementor-element-be0085c e-flex e-con-boxed e-con e-parent\" data-id=\"be0085c\" data-element_type=\"container\" data-e-type=\"container\">\n\t\t\t\t\t<div class=\"e-con-inner\">\n\t\t\t\t<div class=\"elementor-element elementor-element-77bce45 elementor-widget elementor-widget-heading\" data-id=\"77bce45\" data-element_type=\"widget\" data-e-type=\"widget\" data-widget_type=\"heading.default\">\n\t\t\t\t\t<h2 class=\"elementor-heading-title elementor-size-default\">Evaluaci\u00f3n 360\u00ba de las capacidades y talentos existentes y las necesidades de la organizaci\u00f3n\n\n\n\n\n\n<\/h2>\t\t\t\t<\/div>\n\t\t\t\t\t<\/div>\n\t\t\t\t<\/div>\n\t\t<div class=\"elementor-element elementor-element-cc75763 e-flex e-con-boxed e-con e-parent\" data-id=\"cc75763\" data-element_type=\"container\" data-e-type=\"container\">\n\t\t\t\t\t<div class=\"e-con-inner\">\n\t\t\t\t<div class=\"elementor-element elementor-element-3868030 elementor-widget elementor-widget-text-editor\" data-id=\"3868030\" data-element_type=\"widget\" data-e-type=\"widget\" data-widget_type=\"text-editor.default\">\n\t\t\t\t\t\t\t\t\t<p>Determinar las habilidades, competencias y aptitudes de las personas de nuestra organizaci\u00f3n es clave para alinear su talento con las necesidades y objetivos estrat\u00e9gicos y permite:<\/p>\t\t\t\t\t\t\t\t<\/div>\n\t\t\t\t\t<\/div>\n\t\t\t\t<\/div>\n\t\t<div class=\"elementor-element elementor-element-4d12fd8 e-grid e-con-boxed e-con e-parent\" data-id=\"4d12fd8\" data-element_type=\"container\" data-e-type=\"container\">\n\t\t\t\t\t<div class=\"e-con-inner\">\n\t\t\t\t<div class=\"elementor-element elementor-element-d261e74 elementor-position-top elementor-widget elementor-widget-image-box\" data-id=\"d261e74\" data-element_type=\"widget\" data-e-type=\"widget\" data-widget_type=\"image-box.default\">\n\t\t\t\t\t<div class=\"elementor-image-box-wrapper\"><figure class=\"elementor-image-box-img\"><img decoding=\"async\" width=\"83\" height=\"85\" src=\"https:\/\/www.thinkupc.com\/wp-content\/uploads\/2025\/01\/img-dte-ta-icon1.png\" class=\"attachment-full size-full wp-image-3569\" alt=\"\" \/><\/figure><div class=\"elementor-image-box-content\"><h3 class=\"elementor-image-box-title\">Identificar necesidades de aprendizaje y desarrollo <\/h3><p class=\"elementor-image-box-description\">de las personas y dise\u00f1ar planes de formaci\u00f3n personalizados y eficaces.<\/p><\/div><\/div>\t\t\t\t<\/div>\n\t\t\t\t<div class=\"elementor-element elementor-element-d815248 elementor-position-top elementor-widget elementor-widget-image-box\" data-id=\"d815248\" data-element_type=\"widget\" data-e-type=\"widget\" data-widget_type=\"image-box.default\">\n\t\t\t\t\t<div class=\"elementor-image-box-wrapper\"><figure class=\"elementor-image-box-img\"><img decoding=\"async\" width=\"85\" height=\"85\" src=\"https:\/\/www.thinkupc.com\/wp-content\/uploads\/2025\/01\/img-dte-ta-icon2.png\" class=\"attachment-full size-full wp-image-3568\" alt=\"\" \/><\/figure><div class=\"elementor-image-box-content\"><h3 class=\"elementor-image-box-title\">Potenciar y reconocer el talento interno<\/h3><p class=\"elementor-image-box-description\">y la movilidad de las personas y as\u00ed facilitar su acceso a funciones o proyectos que se ajusten a sus habilidades.<\/p><\/div><\/div>\t\t\t\t<\/div>\n\t\t\t\t<div class=\"elementor-element elementor-element-d6a7d9b elementor-position-top elementor-widget elementor-widget-image-box\" data-id=\"d6a7d9b\" data-element_type=\"widget\" data-e-type=\"widget\" data-widget_type=\"image-box.default\">\n\t\t\t\t\t<div class=\"elementor-image-box-wrapper\"><figure class=\"elementor-image-box-img\"><img decoding=\"async\" width=\"85\" height=\"85\" src=\"https:\/\/www.thinkupc.com\/wp-content\/uploads\/2025\/01\/img-dte-ta-icon3.png\" class=\"attachment-full size-full wp-image-3567\" alt=\"\" \/><\/figure><div class=\"elementor-image-box-content\"><h3 class=\"elementor-image-box-title\">Facilitar el crecimiento profesional<\/h3><p class=\"elementor-image-box-description\">y aumentar la motivaci\u00f3n y compromiso de las personas, ofreciendo oportunidades de mejora.\n<\/p><\/div><\/div>\t\t\t\t<\/div>\n\t\t\t\t\t<\/div>\n\t\t\t\t<\/div>\n\t\t\t\t<\/div>\n\t\t","protected":false},"excerpt":{"rendered":"<p>Evaluaci\u00f3n 360\u00ba de las capacidades y talentos existentes y las necesidades de la organizaci\u00f3n Determinar las habilidades, competencias y aptitudes de las personas de nuestra organizaci\u00f3n es clave para alinear su talento con las necesidades y objetivos estrat\u00e9gicos y permite: Identificar necesidades de aprendizaje y desarrollo de las personas y dise\u00f1ar planes de formaci\u00f3n personalizados [&hellip;]<\/p>\n","protected":false},"author":2,"featured_media":0,"parent":5895,"menu_order":1,"comment_status":"closed","ping_status":"closed","template":"","meta":{"_acf_changed":false,"footnotes":""},"categories":[148,177,173],"tags":[233],"class_list":["post-5124","page","type-page","status-publish","hentry","category-servicios","category-talent-assessments-es","category-talent-management-es","tag-talent-assessments-es"],"acf":[],"yoast_head":"<!-- This site is optimized with the Yoast SEO plugin v27.0 - https:\/\/yoast.com\/product\/yoast-seo-wordpress\/ -->\n<title>Talent Assessments - ThinkUPC<\/title>\n<meta name=\"robots\" content=\"index, follow, max-snippet:-1, max-image-preview:large, max-video-preview:-1\" \/>\n<link rel=\"canonical\" href=\"https:\/\/www.thinkupc.com\/es\/servicios\/talent-management\/talent-assessments\/\" \/>\n<meta property=\"og:locale\" content=\"es_ES\" \/>\n<meta property=\"og:type\" content=\"article\" \/>\n<meta property=\"og:title\" content=\"Talent Assessments - ThinkUPC\" \/>\n<meta property=\"og:description\" content=\"Evaluaci\u00f3n 360\u00ba de las capacidades y talentos existentes y las necesidades de la organizaci\u00f3n Determinar las habilidades, competencias y aptitudes de las personas de nuestra organizaci\u00f3n es clave para alinear su talento con las necesidades y objetivos estrat\u00e9gicos y permite: Identificar necesidades de aprendizaje y desarrollo de las personas y dise\u00f1ar planes de formaci\u00f3n personalizados [&hellip;]\" \/>\n<meta property=\"og:url\" content=\"https:\/\/www.thinkupc.com\/es\/servicios\/talent-management\/talent-assessments\/\" \/>\n<meta property=\"og:site_name\" content=\"ThinkUPC\" \/>\n<meta property=\"article:modified_time\" content=\"2025-02-28T11:09:22+00:00\" \/>\n<meta property=\"og:image\" content=\"https:\/\/www.thinkupc.com\/wp-content\/uploads\/2025\/01\/img-dte-ta-icon1.png\" \/>\n<meta name=\"twitter:card\" content=\"summary_large_image\" \/>\n<meta name=\"twitter:label1\" content=\"Tiempo de lectura\" \/>\n\t<meta name=\"twitter:data1\" content=\"1 minuto\" \/>\n<script type=\"application\/ld+json\" class=\"yoast-schema-graph\">{\"@context\":\"https:\/\/schema.org\",\"@graph\":[{\"@type\":\"WebPage\",\"@id\":\"https:\/\/www.thinkupc.com\/es\/servicios\/talent-management\/talent-assessments\/\",\"url\":\"https:\/\/www.thinkupc.com\/es\/servicios\/talent-management\/talent-assessments\/\",\"name\":\"Talent Assessments - ThinkUPC\",\"isPartOf\":{\"@id\":\"https:\/\/www.thinkupc.com\/es\/#website\"},\"primaryImageOfPage\":{\"@id\":\"https:\/\/www.thinkupc.com\/es\/servicios\/talent-management\/talent-assessments\/#primaryimage\"},\"image\":{\"@id\":\"https:\/\/www.thinkupc.com\/es\/servicios\/talent-management\/talent-assessments\/#primaryimage\"},\"thumbnailUrl\":\"https:\/\/www.thinkupc.com\/wp-content\/uploads\/2025\/01\/img-dte-ta-icon1.png\",\"datePublished\":\"2024-11-26T11:12:26+00:00\",\"dateModified\":\"2025-02-28T11:09:22+00:00\",\"breadcrumb\":{\"@id\":\"https:\/\/www.thinkupc.com\/es\/servicios\/talent-management\/talent-assessments\/#breadcrumb\"},\"inLanguage\":\"es\",\"potentialAction\":[{\"@type\":\"ReadAction\",\"target\":[\"https:\/\/www.thinkupc.com\/es\/servicios\/talent-management\/talent-assessments\/\"]}]},{\"@type\":\"ImageObject\",\"inLanguage\":\"es\",\"@id\":\"https:\/\/www.thinkupc.com\/es\/servicios\/talent-management\/talent-assessments\/#primaryimage\",\"url\":\"https:\/\/www.thinkupc.com\/wp-content\/uploads\/2025\/01\/img-dte-ta-icon1.png\",\"contentUrl\":\"https:\/\/www.thinkupc.com\/wp-content\/uploads\/2025\/01\/img-dte-ta-icon1.png\"},{\"@type\":\"BreadcrumbList\",\"@id\":\"https:\/\/www.thinkupc.com\/es\/servicios\/talent-management\/talent-assessments\/#breadcrumb\",\"itemListElement\":[{\"@type\":\"ListItem\",\"position\":1,\"name\":\"Home\",\"item\":\"https:\/\/www.thinkupc.com\/es\/thinkupc\/\"},{\"@type\":\"ListItem\",\"position\":2,\"name\":\"Servicios\",\"item\":\"https:\/\/www.thinkupc.com\/es\/serveis\/\"},{\"@type\":\"ListItem\",\"position\":3,\"name\":\"Talent Management\",\"item\":\"https:\/\/www.thinkupc.com\/es\/serveis\/talent-management\/\"},{\"@type\":\"ListItem\",\"position\":4,\"name\":\"Talent Assessments\"}]},{\"@type\":\"WebSite\",\"@id\":\"https:\/\/www.thinkupc.com\/es\/#website\",\"url\":\"https:\/\/www.thinkupc.com\/es\/\",\"name\":\"ThinkUPC\",\"description\":\"One Step Ahead in the Digital World\",\"publisher\":{\"@id\":\"https:\/\/www.thinkupc.com\/es\/#organization\"},\"potentialAction\":[{\"@type\":\"SearchAction\",\"target\":{\"@type\":\"EntryPoint\",\"urlTemplate\":\"https:\/\/www.thinkupc.com\/es\/?s={search_term_string}\"},\"query-input\":{\"@type\":\"PropertyValueSpecification\",\"valueRequired\":true,\"valueName\":\"search_term_string\"}}],\"inLanguage\":\"es\"},{\"@type\":\"Organization\",\"@id\":\"https:\/\/www.thinkupc.com\/es\/#organization\",\"name\":\"ThinkUPC\",\"url\":\"https:\/\/www.thinkupc.com\/es\/\",\"logo\":{\"@type\":\"ImageObject\",\"inLanguage\":\"es\",\"@id\":\"https:\/\/www.thinkupc.com\/es\/#\/schema\/logo\/image\/\",\"url\":\"https:\/\/www.thinkupc.com\/wp-content\/uploads\/2025\/03\/logo-claim_B.png\",\"contentUrl\":\"https:\/\/www.thinkupc.com\/wp-content\/uploads\/2025\/03\/logo-claim_B.png\",\"width\":2325,\"height\":1027,\"caption\":\"ThinkUPC\"},\"image\":{\"@id\":\"https:\/\/www.thinkupc.com\/es\/#\/schema\/logo\/image\/\"},\"sameAs\":[\"https:\/\/bsky.app\/profile\/thinkupc.com\",\"https:\/\/es.linkedin.com\/company\/thinkupc\"]}]}<\/script>\n<!-- \/ Yoast SEO plugin. -->","yoast_head_json":{"title":"Talent Assessments - ThinkUPC","robots":{"index":"index","follow":"follow","max-snippet":"max-snippet:-1","max-image-preview":"max-image-preview:large","max-video-preview":"max-video-preview:-1"},"canonical":"https:\/\/www.thinkupc.com\/es\/servicios\/talent-management\/talent-assessments\/","og_locale":"es_ES","og_type":"article","og_title":"Talent Assessments - ThinkUPC","og_description":"Evaluaci\u00f3n 360\u00ba de las capacidades y talentos existentes y las necesidades de la organizaci\u00f3n Determinar las habilidades, competencias y aptitudes de las personas de nuestra organizaci\u00f3n es clave para alinear su talento con las necesidades y objetivos estrat\u00e9gicos y permite: Identificar necesidades de aprendizaje y desarrollo de las personas y dise\u00f1ar planes de formaci\u00f3n personalizados [&hellip;]","og_url":"https:\/\/www.thinkupc.com\/es\/servicios\/talent-management\/talent-assessments\/","og_site_name":"ThinkUPC","article_modified_time":"2025-02-28T11:09:22+00:00","og_image":[{"url":"https:\/\/www.thinkupc.com\/wp-content\/uploads\/2025\/01\/img-dte-ta-icon1.png","type":"","width":"","height":""}],"twitter_card":"summary_large_image","twitter_misc":{"Tiempo de lectura":"1 minuto"},"schema":{"@context":"https:\/\/schema.org","@graph":[{"@type":"WebPage","@id":"https:\/\/www.thinkupc.com\/es\/servicios\/talent-management\/talent-assessments\/","url":"https:\/\/www.thinkupc.com\/es\/servicios\/talent-management\/talent-assessments\/","name":"Talent Assessments - ThinkUPC","isPartOf":{"@id":"https:\/\/www.thinkupc.com\/es\/#website"},"primaryImageOfPage":{"@id":"https:\/\/www.thinkupc.com\/es\/servicios\/talent-management\/talent-assessments\/#primaryimage"},"image":{"@id":"https:\/\/www.thinkupc.com\/es\/servicios\/talent-management\/talent-assessments\/#primaryimage"},"thumbnailUrl":"https:\/\/www.thinkupc.com\/wp-content\/uploads\/2025\/01\/img-dte-ta-icon1.png","datePublished":"2024-11-26T11:12:26+00:00","dateModified":"2025-02-28T11:09:22+00:00","breadcrumb":{"@id":"https:\/\/www.thinkupc.com\/es\/servicios\/talent-management\/talent-assessments\/#breadcrumb"},"inLanguage":"es","potentialAction":[{"@type":"ReadAction","target":["https:\/\/www.thinkupc.com\/es\/servicios\/talent-management\/talent-assessments\/"]}]},{"@type":"ImageObject","inLanguage":"es","@id":"https:\/\/www.thinkupc.com\/es\/servicios\/talent-management\/talent-assessments\/#primaryimage","url":"https:\/\/www.thinkupc.com\/wp-content\/uploads\/2025\/01\/img-dte-ta-icon1.png","contentUrl":"https:\/\/www.thinkupc.com\/wp-content\/uploads\/2025\/01\/img-dte-ta-icon1.png"},{"@type":"BreadcrumbList","@id":"https:\/\/www.thinkupc.com\/es\/servicios\/talent-management\/talent-assessments\/#breadcrumb","itemListElement":[{"@type":"ListItem","position":1,"name":"Home","item":"https:\/\/www.thinkupc.com\/es\/thinkupc\/"},{"@type":"ListItem","position":2,"name":"Servicios","item":"https:\/\/www.thinkupc.com\/es\/serveis\/"},{"@type":"ListItem","position":3,"name":"Talent Management","item":"https:\/\/www.thinkupc.com\/es\/serveis\/talent-management\/"},{"@type":"ListItem","position":4,"name":"Talent Assessments"}]},{"@type":"WebSite","@id":"https:\/\/www.thinkupc.com\/es\/#website","url":"https:\/\/www.thinkupc.com\/es\/","name":"ThinkUPC","description":"One Step Ahead in the Digital World","publisher":{"@id":"https:\/\/www.thinkupc.com\/es\/#organization"},"potentialAction":[{"@type":"SearchAction","target":{"@type":"EntryPoint","urlTemplate":"https:\/\/www.thinkupc.com\/es\/?s={search_term_string}"},"query-input":{"@type":"PropertyValueSpecification","valueRequired":true,"valueName":"search_term_string"}}],"inLanguage":"es"},{"@type":"Organization","@id":"https:\/\/www.thinkupc.com\/es\/#organization","name":"ThinkUPC","url":"https:\/\/www.thinkupc.com\/es\/","logo":{"@type":"ImageObject","inLanguage":"es","@id":"https:\/\/www.thinkupc.com\/es\/#\/schema\/logo\/image\/","url":"https:\/\/www.thinkupc.com\/wp-content\/uploads\/2025\/03\/logo-claim_B.png","contentUrl":"https:\/\/www.thinkupc.com\/wp-content\/uploads\/2025\/03\/logo-claim_B.png","width":2325,"height":1027,"caption":"ThinkUPC"},"image":{"@id":"https:\/\/www.thinkupc.com\/es\/#\/schema\/logo\/image\/"},"sameAs":["https:\/\/bsky.app\/profile\/thinkupc.com","https:\/\/es.linkedin.com\/company\/thinkupc"]}]}},"_links":{"self":[{"href":"https:\/\/www.thinkupc.com\/es\/wp-json\/wp\/v2\/pages\/5124","targetHints":{"allow":["GET"]}}],"collection":[{"href":"https:\/\/www.thinkupc.com\/es\/wp-json\/wp\/v2\/pages"}],"about":[{"href":"https:\/\/www.thinkupc.com\/es\/wp-json\/wp\/v2\/types\/page"}],"author":[{"embeddable":true,"href":"https:\/\/www.thinkupc.com\/es\/wp-json\/wp\/v2\/users\/2"}],"replies":[{"embeddable":true,"href":"https:\/\/www.thinkupc.com\/es\/wp-json\/wp\/v2\/comments?post=5124"}],"version-history":[{"count":0,"href":"https:\/\/www.thinkupc.com\/es\/wp-json\/wp\/v2\/pages\/5124\/revisions"}],"up":[{"embeddable":true,"href":"https:\/\/www.thinkupc.com\/es\/wp-json\/wp\/v2\/pages\/5895"}],"wp:attachment":[{"href":"https:\/\/www.thinkupc.com\/es\/wp-json\/wp\/v2\/media?parent=5124"}],"wp:term":[{"taxonomy":"category","embeddable":true,"href":"https:\/\/www.thinkupc.com\/es\/wp-json\/wp\/v2\/categories?post=5124"},{"taxonomy":"post_tag","embeddable":true,"href":"https:\/\/www.thinkupc.com\/es\/wp-json\/wp\/v2\/tags?post=5124"}],"curies":[{"name":"wp","href":"https:\/\/api.w.org\/{rel}","templated":true}]}}