{"id":5120,"date":"2024-11-26T12:06:09","date_gmt":"2024-11-26T11:06:09","guid":{"rendered":"https:\/\/thinkupc.com\/transformation-management-office\/"},"modified":"2025-03-05T22:33:13","modified_gmt":"2025-03-05T21:33:13","slug":"transformation-management-office","status":"publish","type":"page","link":"https:\/\/www.thinkupc.com\/es\/servicios\/digital-strategy\/transformation-management-office\/","title":{"rendered":"Transformation Management Office"},"content":{"rendered":"\t\t<div data-elementor-type=\"wp-page\" data-elementor-id=\"5120\" class=\"elementor elementor-5120 elementor-575\" data-elementor-post-type=\"page\">\n\t\t\t\t<div class=\"elementor-element elementor-element-ece0993 e-flex e-con-boxed e-con e-parent\" data-id=\"ece0993\" data-element_type=\"container\" data-e-type=\"container\">\n\t\t\t\t\t<div class=\"e-con-inner\">\n\t\t\t\t<div class=\"elementor-element elementor-element-6afbc30 elementor-widget elementor-widget-heading\" data-id=\"6afbc30\" data-element_type=\"widget\" data-e-type=\"widget\" data-widget_type=\"heading.default\">\n\t\t\t\t\t<h2 class=\"elementor-heading-title elementor-size-default\">Soporte a la transformaci\u00f3n permanente, facilitando la adopci\u00f3n y el escalado de las soluciones \n\n\n\n\n<\/h2>\t\t\t\t<\/div>\n\t\t\t\t\t<\/div>\n\t\t\t\t<\/div>\n\t\t<div class=\"elementor-element elementor-element-676a33c3 e-flex e-con-boxed e-con e-parent\" data-id=\"676a33c3\" data-element_type=\"container\" data-e-type=\"container\">\n\t\t\t\t\t<div class=\"e-con-inner\">\n\t\t\t\t<div class=\"elementor-element elementor-element-46ebd0a5 elementor-widget elementor-widget-text-editor\" data-id=\"46ebd0a5\" data-element_type=\"widget\" data-e-type=\"widget\" data-widget_type=\"text-editor.default\">\n\t\t\t\t\t\t\t\t\t<p class=\"subtitol-trans\">Ayudamos a gobernar el portafolio de proyectos de los clientes ya plantear la innovaci\u00f3n como un proceso de mejora continua. Esto impulsa la transformaci\u00f3n permanente de su actividad, permiti\u00e9ndoles adaptarse de forma \u00e1gil a los cambios que pide el mercado y aprovechar las nuevas oportunidades que se derivan de la aplicaci\u00f3n de las tecnolog\u00edas emergentes. <br><br><\/p>\n<p><\/p>\t\t\t\t\t\t\t\t<\/div>\n\t\t\t\t\t<\/div>\n\t\t\t\t<\/div>\n\t\t<div class=\"elementor-element elementor-element-55a2235 e-grid e-con-boxed e-con e-parent\" data-id=\"55a2235\" data-element_type=\"container\" data-e-type=\"container\">\n\t\t\t\t\t<div class=\"e-con-inner\">\n\t\t\t\t<div class=\"elementor-element elementor-element-f55fada elementor-position-left elementor-vertical-align-top elementor-widget elementor-widget-image-box\" data-id=\"f55fada\" data-element_type=\"widget\" data-e-type=\"widget\" data-widget_type=\"image-box.default\">\n\t\t\t\t\t<div class=\"elementor-image-box-wrapper\"><figure class=\"elementor-image-box-img\"><img decoding=\"async\" width=\"72\" height=\"72\" src=\"https:\/\/www.thinkupc.com\/wp-content\/uploads\/2025\/01\/img-cm-tmo-icon1.png\" class=\"attachment-full size-full wp-image-3550\" alt=\"\" \/><\/figure><div class=\"elementor-image-box-content\"><h3 class=\"elementor-image-box-title\">Oficinas de gesti\u00f3n de proyectos<\/h3><p class=\"elementor-image-box-description\">Proporcionamos una estructura estrat\u00e9gica y metodol\u00f3gica para la gesti\u00f3n eficaz de proyectos complejos y portafolios completos. Estas oficinas permiten llevar a cabo una adecuada supervisi\u00f3n y seguimiento de todas las etapas del proyecto, ofreciendo informaci\u00f3n detallada y reporting directo a la Direcci\u00f3n, facilitando la colaboraci\u00f3n entre los departamentos implicados as\u00ed como la gesti\u00f3n del cambio necesaria para garantizar el \u00e9xito.  \n\n<\/p><\/div><\/div>\t\t\t\t<\/div>\n\t\t\t\t<div class=\"elementor-element elementor-element-9628de9 elementor-position-left elementor-vertical-align-top elementor-widget elementor-widget-image-box\" data-id=\"9628de9\" data-element_type=\"widget\" data-e-type=\"widget\" data-widget_type=\"image-box.default\">\n\t\t\t\t\t<div class=\"elementor-image-box-wrapper\"><figure class=\"elementor-image-box-img\"><img decoding=\"async\" width=\"72\" height=\"72\" src=\"https:\/\/www.thinkupc.com\/wp-content\/uploads\/2025\/01\/img-cm-tmo-icon2.png\" class=\"attachment-full size-full wp-image-3549\" alt=\"\" \/><\/figure><div class=\"elementor-image-box-content\"><h3 class=\"elementor-image-box-title\">Oficinas de transformaci\u00f3n permanente<\/h3><p class=\"elementor-image-box-description\">Para explorar nuevas oportunidades de aplicaci\u00f3n de las \u00faltimas tecnolog\u00edas digitales y de Inteligencia Artificial. Tienen como objetivo el dise\u00f1o, la creaci\u00f3n, el despliegue y escalado de nuevos servicios que ayuden a nuestros clientes a mejorar su competitividad y eficiencia en un entorno empresarial en constante evoluci\u00f3n. \n<\/p><\/div><\/div>\t\t\t\t<\/div>\n\t\t\t\t\t<\/div>\n\t\t\t\t<\/div>\n\t\t\t\t<\/div>\n\t\t","protected":false},"excerpt":{"rendered":"<p>Soporte a la transformaci\u00f3n permanente, facilitando la adopci\u00f3n y el escalado de las soluciones Ayudamos a gobernar el portafolio de proyectos de los clientes ya plantear la innovaci\u00f3n como un proceso de mejora continua. Esto impulsa la transformaci\u00f3n permanente de su actividad, permiti\u00e9ndoles adaptarse de forma \u00e1gil a los cambios que pide el mercado y [&hellip;]<\/p>\n","protected":false},"author":2,"featured_media":0,"parent":5766,"menu_order":4,"comment_status":"closed","ping_status":"closed","template":"","meta":{"_acf_changed":false,"footnotes":""},"categories":[168,148,171],"tags":[241],"class_list":["post-5120","page","type-page","status-publish","hentry","category-digital-strategy-es","category-servicios","category-transformation-management-office-es","tag-transformation-management-office-es"],"acf":[],"yoast_head":"<!-- This site is optimized with the Yoast SEO plugin v27.0 - https:\/\/yoast.com\/product\/yoast-seo-wordpress\/ -->\n<title>Transformation Management Office - ThinkUPC<\/title>\n<meta name=\"robots\" content=\"index, follow, max-snippet:-1, max-image-preview:large, max-video-preview:-1\" \/>\n<link rel=\"canonical\" href=\"https:\/\/www.thinkupc.com\/es\/servicios\/digital-strategy\/transformation-management-office\/\" \/>\n<meta property=\"og:locale\" content=\"es_ES\" \/>\n<meta property=\"og:type\" content=\"article\" \/>\n<meta property=\"og:title\" content=\"Transformation Management Office - ThinkUPC\" \/>\n<meta property=\"og:description\" content=\"Soporte a la transformaci\u00f3n permanente, facilitando la adopci\u00f3n y el escalado de las soluciones Ayudamos a gobernar el portafolio de proyectos de los clientes ya plantear la innovaci\u00f3n como un proceso de mejora continua. Esto impulsa la transformaci\u00f3n permanente de su actividad, permiti\u00e9ndoles adaptarse de forma \u00e1gil a los cambios que pide el mercado y [&hellip;]\" \/>\n<meta property=\"og:url\" content=\"https:\/\/www.thinkupc.com\/es\/servicios\/digital-strategy\/transformation-management-office\/\" \/>\n<meta property=\"og:site_name\" content=\"ThinkUPC\" \/>\n<meta property=\"article:modified_time\" content=\"2025-03-05T21:33:13+00:00\" \/>\n<meta property=\"og:image\" content=\"https:\/\/www.thinkupc.com\/wp-content\/uploads\/2025\/01\/img-cm-tmo-icon1.png\" \/>\n<meta name=\"twitter:card\" content=\"summary_large_image\" \/>\n<meta name=\"twitter:label1\" content=\"Tiempo de lectura\" \/>\n\t<meta name=\"twitter:data1\" content=\"1 minuto\" \/>\n<script type=\"application\/ld+json\" class=\"yoast-schema-graph\">{\"@context\":\"https:\/\/schema.org\",\"@graph\":[{\"@type\":\"WebPage\",\"@id\":\"https:\/\/www.thinkupc.com\/es\/servicios\/digital-strategy\/transformation-management-office\/\",\"url\":\"https:\/\/www.thinkupc.com\/es\/servicios\/digital-strategy\/transformation-management-office\/\",\"name\":\"Transformation Management Office - ThinkUPC\",\"isPartOf\":{\"@id\":\"https:\/\/www.thinkupc.com\/es\/#website\"},\"primaryImageOfPage\":{\"@id\":\"https:\/\/www.thinkupc.com\/es\/servicios\/digital-strategy\/transformation-management-office\/#primaryimage\"},\"image\":{\"@id\":\"https:\/\/www.thinkupc.com\/es\/servicios\/digital-strategy\/transformation-management-office\/#primaryimage\"},\"thumbnailUrl\":\"https:\/\/www.thinkupc.com\/wp-content\/uploads\/2025\/01\/img-cm-tmo-icon1.png\",\"datePublished\":\"2024-11-26T11:06:09+00:00\",\"dateModified\":\"2025-03-05T21:33:13+00:00\",\"breadcrumb\":{\"@id\":\"https:\/\/www.thinkupc.com\/es\/servicios\/digital-strategy\/transformation-management-office\/#breadcrumb\"},\"inLanguage\":\"es\",\"potentialAction\":[{\"@type\":\"ReadAction\",\"target\":[\"https:\/\/www.thinkupc.com\/es\/servicios\/digital-strategy\/transformation-management-office\/\"]}]},{\"@type\":\"ImageObject\",\"inLanguage\":\"es\",\"@id\":\"https:\/\/www.thinkupc.com\/es\/servicios\/digital-strategy\/transformation-management-office\/#primaryimage\",\"url\":\"https:\/\/www.thinkupc.com\/wp-content\/uploads\/2025\/01\/img-cm-tmo-icon1.png\",\"contentUrl\":\"https:\/\/www.thinkupc.com\/wp-content\/uploads\/2025\/01\/img-cm-tmo-icon1.png\"},{\"@type\":\"BreadcrumbList\",\"@id\":\"https:\/\/www.thinkupc.com\/es\/servicios\/digital-strategy\/transformation-management-office\/#breadcrumb\",\"itemListElement\":[{\"@type\":\"ListItem\",\"position\":1,\"name\":\"Home\",\"item\":\"https:\/\/www.thinkupc.com\/es\/thinkupc\/\"},{\"@type\":\"ListItem\",\"position\":2,\"name\":\"Servicios\",\"item\":\"https:\/\/www.thinkupc.com\/es\/serveis\/\"},{\"@type\":\"ListItem\",\"position\":3,\"name\":\"Digital Strategy\",\"item\":\"https:\/\/www.thinkupc.com\/es\/serveis\/digital-strategy\/\"},{\"@type\":\"ListItem\",\"position\":4,\"name\":\"Transformation Management Office\"}]},{\"@type\":\"WebSite\",\"@id\":\"https:\/\/www.thinkupc.com\/es\/#website\",\"url\":\"https:\/\/www.thinkupc.com\/es\/\",\"name\":\"ThinkUPC\",\"description\":\"One Step Ahead in the Digital World\",\"publisher\":{\"@id\":\"https:\/\/www.thinkupc.com\/es\/#organization\"},\"potentialAction\":[{\"@type\":\"SearchAction\",\"target\":{\"@type\":\"EntryPoint\",\"urlTemplate\":\"https:\/\/www.thinkupc.com\/es\/?s={search_term_string}\"},\"query-input\":{\"@type\":\"PropertyValueSpecification\",\"valueRequired\":true,\"valueName\":\"search_term_string\"}}],\"inLanguage\":\"es\"},{\"@type\":\"Organization\",\"@id\":\"https:\/\/www.thinkupc.com\/es\/#organization\",\"name\":\"ThinkUPC\",\"url\":\"https:\/\/www.thinkupc.com\/es\/\",\"logo\":{\"@type\":\"ImageObject\",\"inLanguage\":\"es\",\"@id\":\"https:\/\/www.thinkupc.com\/es\/#\/schema\/logo\/image\/\",\"url\":\"https:\/\/www.thinkupc.com\/wp-content\/uploads\/2025\/03\/logo-claim_B.png\",\"contentUrl\":\"https:\/\/www.thinkupc.com\/wp-content\/uploads\/2025\/03\/logo-claim_B.png\",\"width\":2325,\"height\":1027,\"caption\":\"ThinkUPC\"},\"image\":{\"@id\":\"https:\/\/www.thinkupc.com\/es\/#\/schema\/logo\/image\/\"},\"sameAs\":[\"https:\/\/bsky.app\/profile\/thinkupc.com\",\"https:\/\/es.linkedin.com\/company\/thinkupc\"]}]}<\/script>\n<!-- \/ Yoast SEO plugin. -->","yoast_head_json":{"title":"Transformation Management Office - ThinkUPC","robots":{"index":"index","follow":"follow","max-snippet":"max-snippet:-1","max-image-preview":"max-image-preview:large","max-video-preview":"max-video-preview:-1"},"canonical":"https:\/\/www.thinkupc.com\/es\/servicios\/digital-strategy\/transformation-management-office\/","og_locale":"es_ES","og_type":"article","og_title":"Transformation Management Office - ThinkUPC","og_description":"Soporte a la transformaci\u00f3n permanente, facilitando la adopci\u00f3n y el escalado de las soluciones Ayudamos a gobernar el portafolio de proyectos de los clientes ya plantear la innovaci\u00f3n como un proceso de mejora continua. Esto impulsa la transformaci\u00f3n permanente de su actividad, permiti\u00e9ndoles adaptarse de forma \u00e1gil a los cambios que pide el mercado y [&hellip;]","og_url":"https:\/\/www.thinkupc.com\/es\/servicios\/digital-strategy\/transformation-management-office\/","og_site_name":"ThinkUPC","article_modified_time":"2025-03-05T21:33:13+00:00","og_image":[{"url":"https:\/\/www.thinkupc.com\/wp-content\/uploads\/2025\/01\/img-cm-tmo-icon1.png","type":"","width":"","height":""}],"twitter_card":"summary_large_image","twitter_misc":{"Tiempo de lectura":"1 minuto"},"schema":{"@context":"https:\/\/schema.org","@graph":[{"@type":"WebPage","@id":"https:\/\/www.thinkupc.com\/es\/servicios\/digital-strategy\/transformation-management-office\/","url":"https:\/\/www.thinkupc.com\/es\/servicios\/digital-strategy\/transformation-management-office\/","name":"Transformation Management Office - ThinkUPC","isPartOf":{"@id":"https:\/\/www.thinkupc.com\/es\/#website"},"primaryImageOfPage":{"@id":"https:\/\/www.thinkupc.com\/es\/servicios\/digital-strategy\/transformation-management-office\/#primaryimage"},"image":{"@id":"https:\/\/www.thinkupc.com\/es\/servicios\/digital-strategy\/transformation-management-office\/#primaryimage"},"thumbnailUrl":"https:\/\/www.thinkupc.com\/wp-content\/uploads\/2025\/01\/img-cm-tmo-icon1.png","datePublished":"2024-11-26T11:06:09+00:00","dateModified":"2025-03-05T21:33:13+00:00","breadcrumb":{"@id":"https:\/\/www.thinkupc.com\/es\/servicios\/digital-strategy\/transformation-management-office\/#breadcrumb"},"inLanguage":"es","potentialAction":[{"@type":"ReadAction","target":["https:\/\/www.thinkupc.com\/es\/servicios\/digital-strategy\/transformation-management-office\/"]}]},{"@type":"ImageObject","inLanguage":"es","@id":"https:\/\/www.thinkupc.com\/es\/servicios\/digital-strategy\/transformation-management-office\/#primaryimage","url":"https:\/\/www.thinkupc.com\/wp-content\/uploads\/2025\/01\/img-cm-tmo-icon1.png","contentUrl":"https:\/\/www.thinkupc.com\/wp-content\/uploads\/2025\/01\/img-cm-tmo-icon1.png"},{"@type":"BreadcrumbList","@id":"https:\/\/www.thinkupc.com\/es\/servicios\/digital-strategy\/transformation-management-office\/#breadcrumb","itemListElement":[{"@type":"ListItem","position":1,"name":"Home","item":"https:\/\/www.thinkupc.com\/es\/thinkupc\/"},{"@type":"ListItem","position":2,"name":"Servicios","item":"https:\/\/www.thinkupc.com\/es\/serveis\/"},{"@type":"ListItem","position":3,"name":"Digital Strategy","item":"https:\/\/www.thinkupc.com\/es\/serveis\/digital-strategy\/"},{"@type":"ListItem","position":4,"name":"Transformation Management Office"}]},{"@type":"WebSite","@id":"https:\/\/www.thinkupc.com\/es\/#website","url":"https:\/\/www.thinkupc.com\/es\/","name":"ThinkUPC","description":"One Step Ahead in the Digital World","publisher":{"@id":"https:\/\/www.thinkupc.com\/es\/#organization"},"potentialAction":[{"@type":"SearchAction","target":{"@type":"EntryPoint","urlTemplate":"https:\/\/www.thinkupc.com\/es\/?s={search_term_string}"},"query-input":{"@type":"PropertyValueSpecification","valueRequired":true,"valueName":"search_term_string"}}],"inLanguage":"es"},{"@type":"Organization","@id":"https:\/\/www.thinkupc.com\/es\/#organization","name":"ThinkUPC","url":"https:\/\/www.thinkupc.com\/es\/","logo":{"@type":"ImageObject","inLanguage":"es","@id":"https:\/\/www.thinkupc.com\/es\/#\/schema\/logo\/image\/","url":"https:\/\/www.thinkupc.com\/wp-content\/uploads\/2025\/03\/logo-claim_B.png","contentUrl":"https:\/\/www.thinkupc.com\/wp-content\/uploads\/2025\/03\/logo-claim_B.png","width":2325,"height":1027,"caption":"ThinkUPC"},"image":{"@id":"https:\/\/www.thinkupc.com\/es\/#\/schema\/logo\/image\/"},"sameAs":["https:\/\/bsky.app\/profile\/thinkupc.com","https:\/\/es.linkedin.com\/company\/thinkupc"]}]}},"_links":{"self":[{"href":"https:\/\/www.thinkupc.com\/es\/wp-json\/wp\/v2\/pages\/5120","targetHints":{"allow":["GET"]}}],"collection":[{"href":"https:\/\/www.thinkupc.com\/es\/wp-json\/wp\/v2\/pages"}],"about":[{"href":"https:\/\/www.thinkupc.com\/es\/wp-json\/wp\/v2\/types\/page"}],"author":[{"embeddable":true,"href":"https:\/\/www.thinkupc.com\/es\/wp-json\/wp\/v2\/users\/2"}],"replies":[{"embeddable":true,"href":"https:\/\/www.thinkupc.com\/es\/wp-json\/wp\/v2\/comments?post=5120"}],"version-history":[{"count":0,"href":"https:\/\/www.thinkupc.com\/es\/wp-json\/wp\/v2\/pages\/5120\/revisions"}],"up":[{"embeddable":true,"href":"https:\/\/www.thinkupc.com\/es\/wp-json\/wp\/v2\/pages\/5766"}],"wp:attachment":[{"href":"https:\/\/www.thinkupc.com\/es\/wp-json\/wp\/v2\/media?parent=5120"}],"wp:term":[{"taxonomy":"category","embeddable":true,"href":"https:\/\/www.thinkupc.com\/es\/wp-json\/wp\/v2\/categories?post=5120"},{"taxonomy":"post_tag","embeddable":true,"href":"https:\/\/www.thinkupc.com\/es\/wp-json\/wp\/v2\/tags?post=5120"}],"curies":[{"name":"wp","href":"https:\/\/api.w.org\/{rel}","templated":true}]}}