{"id":5110,"date":"2024-11-26T12:06:10","date_gmt":"2024-11-26T11:06:10","guid":{"rendered":"https:\/\/thinkupc.com\/transformation-roadmaps\/"},"modified":"2025-03-05T15:35:19","modified_gmt":"2025-03-05T14:35:19","slug":"transformation-roadmaps","status":"publish","type":"page","link":"https:\/\/www.thinkupc.com\/es\/servicios\/digital-strategy\/transformation-roadmaps\/","title":{"rendered":"Transformation Roadmaps"},"content":{"rendered":"\t\t<div data-elementor-type=\"wp-page\" data-elementor-id=\"5110\" class=\"elementor elementor-5110 elementor-577\" data-elementor-post-type=\"page\">\n\t\t\t\t<div class=\"elementor-element elementor-element-3093e5e e-flex e-con-boxed e-con e-parent\" data-id=\"3093e5e\" data-element_type=\"container\" data-e-type=\"container\">\n\t\t\t\t\t<div class=\"e-con-inner\">\n\t\t\t\t<div class=\"elementor-element elementor-element-ad1f1fd elementor-widget elementor-widget-heading\" data-id=\"ad1f1fd\" data-element_type=\"widget\" data-e-type=\"widget\" data-widget_type=\"heading.default\">\n\t\t\t\t\t<h2 class=\"elementor-heading-title elementor-size-default\">Marca el camino de transformaci\u00f3n de tu empresa\n\n\n<\/h2>\t\t\t\t<\/div>\n\t\t\t\t\t<\/div>\n\t\t\t\t<\/div>\n\t\t<div class=\"elementor-element elementor-element-deec09d e-flex e-con-boxed e-con e-parent\" data-id=\"deec09d\" data-element_type=\"container\" data-e-type=\"container\">\n\t\t\t\t\t<div class=\"e-con-inner\">\n\t\t\t\t<div class=\"elementor-element elementor-element-172d888 elementor-widget elementor-widget-image\" data-id=\"172d888\" data-element_type=\"widget\" data-e-type=\"widget\" data-widget_type=\"image.default\">\n\t\t\t\t\t\t\t\t\t\t\t\t\t\t\t<img fetchpriority=\"high\" decoding=\"async\" width=\"800\" height=\"468\" src=\"https:\/\/www.thinkupc.com\/wp-content\/uploads\/2025\/03\/img-ds-tr-es.png\" class=\"attachment-large size-large wp-image-6299\" alt=\"\" srcset=\"https:\/\/www.thinkupc.com\/wp-content\/uploads\/2025\/03\/img-ds-tr-es.png 821w, https:\/\/www.thinkupc.com\/wp-content\/uploads\/2025\/03\/img-ds-tr-es-300x175.png 300w, https:\/\/www.thinkupc.com\/wp-content\/uploads\/2025\/03\/img-ds-tr-es-768x449.png 768w\" sizes=\"(max-width: 800px) 100vw, 800px\" \/>\t\t\t\t\t\t\t\t\t\t\t\t\t\t\t<\/div>\n\t\t\t\t\t<\/div>\n\t\t\t\t<\/div>\n\t\t<div class=\"elementor-element elementor-element-3b5cd687 e-flex e-con-boxed e-con e-parent\" data-id=\"3b5cd687\" data-element_type=\"container\" data-e-type=\"container\">\n\t\t\t\t\t<div class=\"e-con-inner\">\n\t\t\t\t<div class=\"elementor-element elementor-element-3116e832 elementor-widget elementor-widget-text-editor\" data-id=\"3116e832\" data-element_type=\"widget\" data-e-type=\"widget\" data-widget_type=\"text-editor.default\">\n\t\t\t\t\t\t\t\t\t<p>Materializamos la visi\u00f3n digital de nuestros clientes, anticipando las necesidades futuras y planificando e integrando de forma eficaz la tecnolog\u00eda y las posibilidades de la inteligencia artificial en la transformaci\u00f3n del negocio.<\/p><p>Nuestros servicios de <strong>consultor\u00eda y planes de transformaci\u00f3n<\/strong> le permitir\u00e1n identificar los retos, proyectos y servicios clave de los pr\u00f3ximos a\u00f1os y establecer la estrategia adecuada para llevarlos a cabo.<\/p><p>Te ayudamos a identificar las necesidades de tu organizaci\u00f3n y definir las mejores propuestas para satisfacerlas adecuadamente visualizando aquellos \u00e1mbitos donde es adecuada la integraci\u00f3n de la inteligencia artificial, sin olvidar el resto de tecnolog\u00edas que permitir\u00e1n establecer la mejor estrategia digital para tu negocio y conseguir la ventaja competitiva que necesita.<\/p><p><\/p>\t\t\t\t\t\t\t\t<\/div>\n\t\t\t\t\t<\/div>\n\t\t\t\t<\/div>\n\t\t\t\t<\/div>\n\t\t","protected":false},"excerpt":{"rendered":"<p>Marca el camino de transformaci\u00f3n de tu empresa Materializamos la visi\u00f3n digital de nuestros clientes, anticipando las necesidades futuras y planificando e integrando de forma eficaz la tecnolog\u00eda y las posibilidades de la inteligencia artificial en la transformaci\u00f3n del negocio. Nuestros servicios de consultor\u00eda y planes de transformaci\u00f3n le permitir\u00e1n identificar los retos, proyectos y [&hellip;]<\/p>\n","protected":false},"author":2,"featured_media":0,"parent":5766,"menu_order":2,"comment_status":"closed","ping_status":"closed","template":"","meta":{"_acf_changed":false,"footnotes":""},"categories":[36,168,35,148,38,172],"tags":[42,242],"class_list":["post-5110","page","type-page","status-publish","hentry","category-digital-strategy","category-digital-strategy-es","category-serveis","category-servicios","category-transformation-roadmaps","category-transformation-roadmaps-es","tag-transformation-roadmaps","tag-transformation-roadmaps-es"],"acf":[],"yoast_head":"<!-- This site is optimized with the Yoast SEO plugin v27.0 - https:\/\/yoast.com\/product\/yoast-seo-wordpress\/ -->\n<title>Transformation Roadmaps - ThinkUPC<\/title>\n<meta name=\"robots\" content=\"index, follow, max-snippet:-1, max-image-preview:large, max-video-preview:-1\" \/>\n<link rel=\"canonical\" href=\"https:\/\/www.thinkupc.com\/es\/servicios\/digital-strategy\/transformation-roadmaps\/\" \/>\n<meta property=\"og:locale\" content=\"es_ES\" \/>\n<meta property=\"og:type\" content=\"article\" \/>\n<meta property=\"og:title\" content=\"Transformation Roadmaps - ThinkUPC\" \/>\n<meta property=\"og:description\" content=\"Marca el camino de transformaci\u00f3n de tu empresa Materializamos la visi\u00f3n digital de nuestros clientes, anticipando las necesidades futuras y planificando e integrando de forma eficaz la tecnolog\u00eda y las posibilidades de la inteligencia artificial en la transformaci\u00f3n del negocio. Nuestros servicios de consultor\u00eda y planes de transformaci\u00f3n le permitir\u00e1n identificar los retos, proyectos y [&hellip;]\" \/>\n<meta property=\"og:url\" content=\"https:\/\/www.thinkupc.com\/es\/servicios\/digital-strategy\/transformation-roadmaps\/\" \/>\n<meta property=\"og:site_name\" content=\"ThinkUPC\" \/>\n<meta property=\"article:modified_time\" content=\"2025-03-05T14:35:19+00:00\" \/>\n<meta property=\"og:image\" content=\"https:\/\/www.thinkupc.com\/wp-content\/uploads\/2025\/03\/img-ds-tr-es.png\" \/>\n<meta name=\"twitter:card\" content=\"summary_large_image\" \/>\n<script type=\"application\/ld+json\" class=\"yoast-schema-graph\">{\"@context\":\"https:\/\/schema.org\",\"@graph\":[{\"@type\":\"WebPage\",\"@id\":\"https:\/\/www.thinkupc.com\/es\/servicios\/digital-strategy\/transformation-roadmaps\/\",\"url\":\"https:\/\/www.thinkupc.com\/es\/servicios\/digital-strategy\/transformation-roadmaps\/\",\"name\":\"Transformation Roadmaps - ThinkUPC\",\"isPartOf\":{\"@id\":\"https:\/\/www.thinkupc.com\/es\/#website\"},\"primaryImageOfPage\":{\"@id\":\"https:\/\/www.thinkupc.com\/es\/servicios\/digital-strategy\/transformation-roadmaps\/#primaryimage\"},\"image\":{\"@id\":\"https:\/\/www.thinkupc.com\/es\/servicios\/digital-strategy\/transformation-roadmaps\/#primaryimage\"},\"thumbnailUrl\":\"https:\/\/www.thinkupc.com\/wp-content\/uploads\/2025\/03\/img-ds-tr-es.png\",\"datePublished\":\"2024-11-26T11:06:10+00:00\",\"dateModified\":\"2025-03-05T14:35:19+00:00\",\"breadcrumb\":{\"@id\":\"https:\/\/www.thinkupc.com\/es\/servicios\/digital-strategy\/transformation-roadmaps\/#breadcrumb\"},\"inLanguage\":\"es\",\"potentialAction\":[{\"@type\":\"ReadAction\",\"target\":[\"https:\/\/www.thinkupc.com\/es\/servicios\/digital-strategy\/transformation-roadmaps\/\"]}]},{\"@type\":\"ImageObject\",\"inLanguage\":\"es\",\"@id\":\"https:\/\/www.thinkupc.com\/es\/servicios\/digital-strategy\/transformation-roadmaps\/#primaryimage\",\"url\":\"https:\/\/www.thinkupc.com\/wp-content\/uploads\/2025\/03\/img-ds-tr-es.png\",\"contentUrl\":\"https:\/\/www.thinkupc.com\/wp-content\/uploads\/2025\/03\/img-ds-tr-es.png\"},{\"@type\":\"BreadcrumbList\",\"@id\":\"https:\/\/www.thinkupc.com\/es\/servicios\/digital-strategy\/transformation-roadmaps\/#breadcrumb\",\"itemListElement\":[{\"@type\":\"ListItem\",\"position\":1,\"name\":\"Home\",\"item\":\"https:\/\/www.thinkupc.com\/es\/thinkupc\/\"},{\"@type\":\"ListItem\",\"position\":2,\"name\":\"Servicios\",\"item\":\"https:\/\/www.thinkupc.com\/es\/serveis\/\"},{\"@type\":\"ListItem\",\"position\":3,\"name\":\"Digital Strategy\",\"item\":\"https:\/\/www.thinkupc.com\/es\/serveis\/digital-strategy\/\"},{\"@type\":\"ListItem\",\"position\":4,\"name\":\"Transformation Roadmaps\"}]},{\"@type\":\"WebSite\",\"@id\":\"https:\/\/www.thinkupc.com\/es\/#website\",\"url\":\"https:\/\/www.thinkupc.com\/es\/\",\"name\":\"ThinkUPC\",\"description\":\"One Step Ahead in the Digital World\",\"publisher\":{\"@id\":\"https:\/\/www.thinkupc.com\/es\/#organization\"},\"potentialAction\":[{\"@type\":\"SearchAction\",\"target\":{\"@type\":\"EntryPoint\",\"urlTemplate\":\"https:\/\/www.thinkupc.com\/es\/?s={search_term_string}\"},\"query-input\":{\"@type\":\"PropertyValueSpecification\",\"valueRequired\":true,\"valueName\":\"search_term_string\"}}],\"inLanguage\":\"es\"},{\"@type\":\"Organization\",\"@id\":\"https:\/\/www.thinkupc.com\/es\/#organization\",\"name\":\"ThinkUPC\",\"url\":\"https:\/\/www.thinkupc.com\/es\/\",\"logo\":{\"@type\":\"ImageObject\",\"inLanguage\":\"es\",\"@id\":\"https:\/\/www.thinkupc.com\/es\/#\/schema\/logo\/image\/\",\"url\":\"https:\/\/www.thinkupc.com\/wp-content\/uploads\/2025\/03\/logo-claim_B.png\",\"contentUrl\":\"https:\/\/www.thinkupc.com\/wp-content\/uploads\/2025\/03\/logo-claim_B.png\",\"width\":2325,\"height\":1027,\"caption\":\"ThinkUPC\"},\"image\":{\"@id\":\"https:\/\/www.thinkupc.com\/es\/#\/schema\/logo\/image\/\"},\"sameAs\":[\"https:\/\/bsky.app\/profile\/thinkupc.com\",\"https:\/\/es.linkedin.com\/company\/thinkupc\"]}]}<\/script>\n<!-- \/ Yoast SEO plugin. -->","yoast_head_json":{"title":"Transformation Roadmaps - ThinkUPC","robots":{"index":"index","follow":"follow","max-snippet":"max-snippet:-1","max-image-preview":"max-image-preview:large","max-video-preview":"max-video-preview:-1"},"canonical":"https:\/\/www.thinkupc.com\/es\/servicios\/digital-strategy\/transformation-roadmaps\/","og_locale":"es_ES","og_type":"article","og_title":"Transformation Roadmaps - ThinkUPC","og_description":"Marca el camino de transformaci\u00f3n de tu empresa Materializamos la visi\u00f3n digital de nuestros clientes, anticipando las necesidades futuras y planificando e integrando de forma eficaz la tecnolog\u00eda y las posibilidades de la inteligencia artificial en la transformaci\u00f3n del negocio. Nuestros servicios de consultor\u00eda y planes de transformaci\u00f3n le permitir\u00e1n identificar los retos, proyectos y [&hellip;]","og_url":"https:\/\/www.thinkupc.com\/es\/servicios\/digital-strategy\/transformation-roadmaps\/","og_site_name":"ThinkUPC","article_modified_time":"2025-03-05T14:35:19+00:00","og_image":[{"url":"https:\/\/www.thinkupc.com\/wp-content\/uploads\/2025\/03\/img-ds-tr-es.png","type":"","width":"","height":""}],"twitter_card":"summary_large_image","schema":{"@context":"https:\/\/schema.org","@graph":[{"@type":"WebPage","@id":"https:\/\/www.thinkupc.com\/es\/servicios\/digital-strategy\/transformation-roadmaps\/","url":"https:\/\/www.thinkupc.com\/es\/servicios\/digital-strategy\/transformation-roadmaps\/","name":"Transformation Roadmaps - ThinkUPC","isPartOf":{"@id":"https:\/\/www.thinkupc.com\/es\/#website"},"primaryImageOfPage":{"@id":"https:\/\/www.thinkupc.com\/es\/servicios\/digital-strategy\/transformation-roadmaps\/#primaryimage"},"image":{"@id":"https:\/\/www.thinkupc.com\/es\/servicios\/digital-strategy\/transformation-roadmaps\/#primaryimage"},"thumbnailUrl":"https:\/\/www.thinkupc.com\/wp-content\/uploads\/2025\/03\/img-ds-tr-es.png","datePublished":"2024-11-26T11:06:10+00:00","dateModified":"2025-03-05T14:35:19+00:00","breadcrumb":{"@id":"https:\/\/www.thinkupc.com\/es\/servicios\/digital-strategy\/transformation-roadmaps\/#breadcrumb"},"inLanguage":"es","potentialAction":[{"@type":"ReadAction","target":["https:\/\/www.thinkupc.com\/es\/servicios\/digital-strategy\/transformation-roadmaps\/"]}]},{"@type":"ImageObject","inLanguage":"es","@id":"https:\/\/www.thinkupc.com\/es\/servicios\/digital-strategy\/transformation-roadmaps\/#primaryimage","url":"https:\/\/www.thinkupc.com\/wp-content\/uploads\/2025\/03\/img-ds-tr-es.png","contentUrl":"https:\/\/www.thinkupc.com\/wp-content\/uploads\/2025\/03\/img-ds-tr-es.png"},{"@type":"BreadcrumbList","@id":"https:\/\/www.thinkupc.com\/es\/servicios\/digital-strategy\/transformation-roadmaps\/#breadcrumb","itemListElement":[{"@type":"ListItem","position":1,"name":"Home","item":"https:\/\/www.thinkupc.com\/es\/thinkupc\/"},{"@type":"ListItem","position":2,"name":"Servicios","item":"https:\/\/www.thinkupc.com\/es\/serveis\/"},{"@type":"ListItem","position":3,"name":"Digital Strategy","item":"https:\/\/www.thinkupc.com\/es\/serveis\/digital-strategy\/"},{"@type":"ListItem","position":4,"name":"Transformation Roadmaps"}]},{"@type":"WebSite","@id":"https:\/\/www.thinkupc.com\/es\/#website","url":"https:\/\/www.thinkupc.com\/es\/","name":"ThinkUPC","description":"One Step Ahead in the Digital World","publisher":{"@id":"https:\/\/www.thinkupc.com\/es\/#organization"},"potentialAction":[{"@type":"SearchAction","target":{"@type":"EntryPoint","urlTemplate":"https:\/\/www.thinkupc.com\/es\/?s={search_term_string}"},"query-input":{"@type":"PropertyValueSpecification","valueRequired":true,"valueName":"search_term_string"}}],"inLanguage":"es"},{"@type":"Organization","@id":"https:\/\/www.thinkupc.com\/es\/#organization","name":"ThinkUPC","url":"https:\/\/www.thinkupc.com\/es\/","logo":{"@type":"ImageObject","inLanguage":"es","@id":"https:\/\/www.thinkupc.com\/es\/#\/schema\/logo\/image\/","url":"https:\/\/www.thinkupc.com\/wp-content\/uploads\/2025\/03\/logo-claim_B.png","contentUrl":"https:\/\/www.thinkupc.com\/wp-content\/uploads\/2025\/03\/logo-claim_B.png","width":2325,"height":1027,"caption":"ThinkUPC"},"image":{"@id":"https:\/\/www.thinkupc.com\/es\/#\/schema\/logo\/image\/"},"sameAs":["https:\/\/bsky.app\/profile\/thinkupc.com","https:\/\/es.linkedin.com\/company\/thinkupc"]}]}},"_links":{"self":[{"href":"https:\/\/www.thinkupc.com\/es\/wp-json\/wp\/v2\/pages\/5110","targetHints":{"allow":["GET"]}}],"collection":[{"href":"https:\/\/www.thinkupc.com\/es\/wp-json\/wp\/v2\/pages"}],"about":[{"href":"https:\/\/www.thinkupc.com\/es\/wp-json\/wp\/v2\/types\/page"}],"author":[{"embeddable":true,"href":"https:\/\/www.thinkupc.com\/es\/wp-json\/wp\/v2\/users\/2"}],"replies":[{"embeddable":true,"href":"https:\/\/www.thinkupc.com\/es\/wp-json\/wp\/v2\/comments?post=5110"}],"version-history":[{"count":0,"href":"https:\/\/www.thinkupc.com\/es\/wp-json\/wp\/v2\/pages\/5110\/revisions"}],"up":[{"embeddable":true,"href":"https:\/\/www.thinkupc.com\/es\/wp-json\/wp\/v2\/pages\/5766"}],"wp:attachment":[{"href":"https:\/\/www.thinkupc.com\/es\/wp-json\/wp\/v2\/media?parent=5110"}],"wp:term":[{"taxonomy":"category","embeddable":true,"href":"https:\/\/www.thinkupc.com\/es\/wp-json\/wp\/v2\/categories?post=5110"},{"taxonomy":"post_tag","embeddable":true,"href":"https:\/\/www.thinkupc.com\/es\/wp-json\/wp\/v2\/tags?post=5110"}],"curies":[{"name":"wp","href":"https:\/\/api.w.org\/{rel}","templated":true}]}}