{"id":5105,"date":"2024-11-26T12:06:10","date_gmt":"2024-11-26T11:06:10","guid":{"rendered":"https:\/\/thinkupc.com\/artificial-intelligence-strategy\/"},"modified":"2025-03-05T15:30:14","modified_gmt":"2025-03-05T14:30:14","slug":"artificial-intelligence-strategy","status":"publish","type":"page","link":"https:\/\/www.thinkupc.com\/es\/servicios\/digital-strategy\/artificial-intelligence-strategy\/","title":{"rendered":"Artificial Intelligence Strategy"},"content":{"rendered":"\t\t<div data-elementor-type=\"wp-page\" data-elementor-id=\"5105\" class=\"elementor elementor-5105 elementor-576\" data-elementor-post-type=\"page\">\n\t\t\t\t<div class=\"elementor-element elementor-element-495577d e-flex e-con-boxed e-con e-parent\" data-id=\"495577d\" data-element_type=\"container\" data-e-type=\"container\">\n\t\t\t\t\t<div class=\"e-con-inner\">\n\t\t\t\t<div class=\"elementor-element elementor-element-511d12d elementor-widget elementor-widget-heading\" data-id=\"511d12d\" data-element_type=\"widget\" data-e-type=\"widget\" data-widget_type=\"heading.default\">\n\t\t\t\t\t<h2 class=\"elementor-heading-title elementor-size-default\">Entender las posibilidades, establecer una visi\u00f3n y crear el plan para ejecutar los casos de uso de forma efectiva\n\n<\/h2>\t\t\t\t<\/div>\n\t\t\t\t\t<\/div>\n\t\t\t\t<\/div>\n\t\t<div class=\"elementor-element elementor-element-c95afbb e-flex e-con-boxed e-con e-parent\" data-id=\"c95afbb\" data-element_type=\"container\" data-e-type=\"container\">\n\t\t\t\t\t<div class=\"e-con-inner\">\n\t\t\t\t<div class=\"elementor-element elementor-element-859194c elementor-widget elementor-widget-image\" data-id=\"859194c\" data-element_type=\"widget\" data-e-type=\"widget\" data-widget_type=\"image.default\">\n\t\t\t\t\t\t\t\t\t\t\t\t\t\t\t<img fetchpriority=\"high\" decoding=\"async\" width=\"787\" height=\"532\" src=\"https:\/\/www.thinkupc.com\/wp-content\/uploads\/2025\/03\/img-ds-ais-es.png\" class=\"attachment-large size-large wp-image-6287\" alt=\"\" srcset=\"https:\/\/www.thinkupc.com\/wp-content\/uploads\/2025\/03\/img-ds-ais-es.png 787w, https:\/\/www.thinkupc.com\/wp-content\/uploads\/2025\/03\/img-ds-ais-es-300x203.png 300w, https:\/\/www.thinkupc.com\/wp-content\/uploads\/2025\/03\/img-ds-ais-es-768x519.png 768w\" sizes=\"(max-width: 787px) 100vw, 787px\" \/>\t\t\t\t\t\t\t\t\t\t\t\t\t\t\t<\/div>\n\t\t\t\t\t<\/div>\n\t\t\t\t<\/div>\n\t\t<div class=\"elementor-element elementor-element-3f43f2d e-flex e-con-boxed e-con e-parent\" data-id=\"3f43f2d\" data-element_type=\"container\" data-e-type=\"container\">\n\t\t\t\t\t<div class=\"e-con-inner\">\n\t\t\t\t<div class=\"elementor-element elementor-element-ee401c0 elementor-widget elementor-widget-text-editor\" data-id=\"ee401c0\" data-element_type=\"widget\" data-e-type=\"widget\" data-widget_type=\"text-editor.default\">\n\t\t\t\t\t\t\t\t\t<p>Materializamos la visi\u00f3n digital de nuestros clientes, anticipando las necesidades futuras y planificando e integrando de forma eficaz la tecnolog\u00eda y las posibilidades de la inteligencia artificial en la transformaci\u00f3n del negocio.<\/p>\n<p>Nuestros servicios de <strong>consultor\u00eda y planes de transformaci\u00f3n<\/strong> le permitir\u00e1n identificar los retos, proyectos y servicios clave de los pr\u00f3ximos a\u00f1os y establecer la estrategia adecuada para llevarlos a cabo.<\/p>\n<p>Ayudamos a dise\u00f1ar y planificar la estrategia de IA de nuestros clientes, estableciendo principios para <strong>uso \u00e9tico<\/strong> y responsable. Sabemos que, aunque con gran atractivo, la IA es a la vez una gran desconocida y puede generar cierta incertidumbre. <\/p>\n<p>Por este motivo, nuestros servicios incluyen sesiones de formaci\u00f3n adecuadas a los diferentes niveles directivos para explicar en qu\u00e9 consiste, qu\u00e9 posibilidades ofrece, cu\u00e1les son sus limitaciones y resolver dudas sobre modelos de implantaci\u00f3n o seguridad de la informaci\u00f3n.<\/p>\n<p>A partir de ah\u00ed, ayudamos a encontrar casos de uso adaptados a las necesidades de la empresa, establecer una visi\u00f3n de futuro y desarrollar los planes para llevarla a cabo. Nos centramos en la mejora de la <strong>productividad<\/strong> y en la creaci\u00f3n, despliegue y escalado de <strong>nuevos servicios <\/strong>y <strong>experiencias<\/strong> para los usuarios. <\/p>\n<p><\/p>\t\t\t\t\t\t\t\t<\/div>\n\t\t\t\t\t<\/div>\n\t\t\t\t<\/div>\n\t\t\t\t<\/div>\n\t\t","protected":false},"excerpt":{"rendered":"<p>Entender las posibilidades, establecer una visi\u00f3n y crear el plan para ejecutar los casos de uso de forma efectiva Materializamos la visi\u00f3n digital de nuestros clientes, anticipando las necesidades futuras y planificando e integrando de forma eficaz la tecnolog\u00eda y las posibilidades de la inteligencia artificial en la transformaci\u00f3n del negocio. Nuestros servicios de consultor\u00eda [&hellip;]<\/p>\n","protected":false},"author":2,"featured_media":4771,"parent":5766,"menu_order":1,"comment_status":"closed","ping_status":"closed","template":"","meta":{"_acf_changed":false,"footnotes":""},"categories":[37,169,36,168,35,148],"tags":[34,188],"class_list":["post-5105","page","type-page","status-publish","has-post-thumbnail","hentry","category-artificial-intelligence-strategy","category-artificial-intelligence-strategy-es","category-digital-strategy","category-digital-strategy-es","category-serveis","category-servicios","tag-artificial-intelligence-strategy","tag-artificial-intelligence-strategy-es"],"acf":[],"yoast_head":"<!-- This site is optimized with the Yoast SEO plugin v27.4 - https:\/\/yoast.com\/product\/yoast-seo-wordpress\/ -->\n<title>Artificial Intelligence Strategy - ThinkUPC<\/title>\n<meta name=\"robots\" content=\"index, follow, max-snippet:-1, max-image-preview:large, max-video-preview:-1\" \/>\n<link rel=\"canonical\" href=\"https:\/\/www.thinkupc.com\/es\/servicios\/digital-strategy\/artificial-intelligence-strategy\/\" \/>\n<meta property=\"og:locale\" content=\"es_ES\" \/>\n<meta property=\"og:type\" content=\"article\" \/>\n<meta property=\"og:title\" content=\"Artificial Intelligence Strategy - ThinkUPC\" \/>\n<meta property=\"og:description\" content=\"Entender las posibilidades, establecer una visi\u00f3n y crear el plan para ejecutar los casos de uso de forma efectiva Materializamos la visi\u00f3n digital de nuestros clientes, anticipando las necesidades futuras y planificando e integrando de forma eficaz la tecnolog\u00eda y las posibilidades de la inteligencia artificial en la transformaci\u00f3n del negocio. Nuestros servicios de consultor\u00eda [&hellip;]\" \/>\n<meta property=\"og:url\" content=\"https:\/\/www.thinkupc.com\/es\/servicios\/digital-strategy\/artificial-intelligence-strategy\/\" \/>\n<meta property=\"og:site_name\" content=\"ThinkUPC\" \/>\n<meta property=\"article:modified_time\" content=\"2025-03-05T14:30:14+00:00\" \/>\n<meta property=\"og:image\" content=\"https:\/\/www.thinkupc.com\/wp-content\/uploads\/2025\/01\/img-ds-ais-ca.png\" \/>\n\t<meta property=\"og:image:width\" content=\"821\" \/>\n\t<meta property=\"og:image:height\" content=\"537\" \/>\n\t<meta property=\"og:image:type\" content=\"image\/png\" \/>\n<meta name=\"twitter:card\" content=\"summary_large_image\" \/>\n<script type=\"application\/ld+json\" class=\"yoast-schema-graph\">{\"@context\":\"https:\\\/\\\/schema.org\",\"@graph\":[{\"@type\":\"WebPage\",\"@id\":\"https:\\\/\\\/www.thinkupc.com\\\/es\\\/servicios\\\/digital-strategy\\\/artificial-intelligence-strategy\\\/\",\"url\":\"https:\\\/\\\/www.thinkupc.com\\\/es\\\/servicios\\\/digital-strategy\\\/artificial-intelligence-strategy\\\/\",\"name\":\"Artificial Intelligence Strategy - ThinkUPC\",\"isPartOf\":{\"@id\":\"https:\\\/\\\/www.thinkupc.com\\\/es\\\/#website\"},\"primaryImageOfPage\":{\"@id\":\"https:\\\/\\\/www.thinkupc.com\\\/es\\\/servicios\\\/digital-strategy\\\/artificial-intelligence-strategy\\\/#primaryimage\"},\"image\":{\"@id\":\"https:\\\/\\\/www.thinkupc.com\\\/es\\\/servicios\\\/digital-strategy\\\/artificial-intelligence-strategy\\\/#primaryimage\"},\"thumbnailUrl\":\"https:\\\/\\\/www.thinkupc.com\\\/wp-content\\\/uploads\\\/2025\\\/01\\\/img-ds-ais-ca.png\",\"datePublished\":\"2024-11-26T11:06:10+00:00\",\"dateModified\":\"2025-03-05T14:30:14+00:00\",\"breadcrumb\":{\"@id\":\"https:\\\/\\\/www.thinkupc.com\\\/es\\\/servicios\\\/digital-strategy\\\/artificial-intelligence-strategy\\\/#breadcrumb\"},\"inLanguage\":\"es\",\"potentialAction\":[{\"@type\":\"ReadAction\",\"target\":[\"https:\\\/\\\/www.thinkupc.com\\\/es\\\/servicios\\\/digital-strategy\\\/artificial-intelligence-strategy\\\/\"]}]},{\"@type\":\"ImageObject\",\"inLanguage\":\"es\",\"@id\":\"https:\\\/\\\/www.thinkupc.com\\\/es\\\/servicios\\\/digital-strategy\\\/artificial-intelligence-strategy\\\/#primaryimage\",\"url\":\"https:\\\/\\\/www.thinkupc.com\\\/wp-content\\\/uploads\\\/2025\\\/01\\\/img-ds-ais-ca.png\",\"contentUrl\":\"https:\\\/\\\/www.thinkupc.com\\\/wp-content\\\/uploads\\\/2025\\\/01\\\/img-ds-ais-ca.png\",\"width\":821,\"height\":537},{\"@type\":\"BreadcrumbList\",\"@id\":\"https:\\\/\\\/www.thinkupc.com\\\/es\\\/servicios\\\/digital-strategy\\\/artificial-intelligence-strategy\\\/#breadcrumb\",\"itemListElement\":[{\"@type\":\"ListItem\",\"position\":1,\"name\":\"Home\",\"item\":\"https:\\\/\\\/www.thinkupc.com\\\/es\\\/thinkupc\\\/\"},{\"@type\":\"ListItem\",\"position\":2,\"name\":\"Servicios\",\"item\":\"https:\\\/\\\/www.thinkupc.com\\\/es\\\/serveis\\\/\"},{\"@type\":\"ListItem\",\"position\":3,\"name\":\"Digital Strategy\",\"item\":\"https:\\\/\\\/www.thinkupc.com\\\/es\\\/serveis\\\/digital-strategy\\\/\"},{\"@type\":\"ListItem\",\"position\":4,\"name\":\"Artificial Intelligence Strategy\"}]},{\"@type\":\"WebSite\",\"@id\":\"https:\\\/\\\/www.thinkupc.com\\\/es\\\/#website\",\"url\":\"https:\\\/\\\/www.thinkupc.com\\\/es\\\/\",\"name\":\"ThinkUPC\",\"description\":\"One Step Ahead in the Digital World\",\"publisher\":{\"@id\":\"https:\\\/\\\/www.thinkupc.com\\\/es\\\/#organization\"},\"potentialAction\":[{\"@type\":\"SearchAction\",\"target\":{\"@type\":\"EntryPoint\",\"urlTemplate\":\"https:\\\/\\\/www.thinkupc.com\\\/es\\\/?s={search_term_string}\"},\"query-input\":{\"@type\":\"PropertyValueSpecification\",\"valueRequired\":true,\"valueName\":\"search_term_string\"}}],\"inLanguage\":\"es\"},{\"@type\":\"Organization\",\"@id\":\"https:\\\/\\\/www.thinkupc.com\\\/es\\\/#organization\",\"name\":\"ThinkUPC\",\"url\":\"https:\\\/\\\/www.thinkupc.com\\\/es\\\/\",\"logo\":{\"@type\":\"ImageObject\",\"inLanguage\":\"es\",\"@id\":\"https:\\\/\\\/www.thinkupc.com\\\/es\\\/#\\\/schema\\\/logo\\\/image\\\/\",\"url\":\"https:\\\/\\\/www.thinkupc.com\\\/wp-content\\\/uploads\\\/2025\\\/03\\\/logo-claim_B.png\",\"contentUrl\":\"https:\\\/\\\/www.thinkupc.com\\\/wp-content\\\/uploads\\\/2025\\\/03\\\/logo-claim_B.png\",\"width\":2325,\"height\":1027,\"caption\":\"ThinkUPC\"},\"image\":{\"@id\":\"https:\\\/\\\/www.thinkupc.com\\\/es\\\/#\\\/schema\\\/logo\\\/image\\\/\"},\"sameAs\":[\"https:\\\/\\\/bsky.app\\\/profile\\\/thinkupc.com\",\"https:\\\/\\\/es.linkedin.com\\\/company\\\/thinkupc\"]}]}<\/script>\n<!-- \/ Yoast SEO plugin. -->","yoast_head_json":{"title":"Artificial Intelligence Strategy - ThinkUPC","robots":{"index":"index","follow":"follow","max-snippet":"max-snippet:-1","max-image-preview":"max-image-preview:large","max-video-preview":"max-video-preview:-1"},"canonical":"https:\/\/www.thinkupc.com\/es\/servicios\/digital-strategy\/artificial-intelligence-strategy\/","og_locale":"es_ES","og_type":"article","og_title":"Artificial Intelligence Strategy - ThinkUPC","og_description":"Entender las posibilidades, establecer una visi\u00f3n y crear el plan para ejecutar los casos de uso de forma efectiva Materializamos la visi\u00f3n digital de nuestros clientes, anticipando las necesidades futuras y planificando e integrando de forma eficaz la tecnolog\u00eda y las posibilidades de la inteligencia artificial en la transformaci\u00f3n del negocio. Nuestros servicios de consultor\u00eda [&hellip;]","og_url":"https:\/\/www.thinkupc.com\/es\/servicios\/digital-strategy\/artificial-intelligence-strategy\/","og_site_name":"ThinkUPC","article_modified_time":"2025-03-05T14:30:14+00:00","og_image":[{"width":821,"height":537,"url":"https:\/\/www.thinkupc.com\/wp-content\/uploads\/2025\/01\/img-ds-ais-ca.png","type":"image\/png"}],"twitter_card":"summary_large_image","schema":{"@context":"https:\/\/schema.org","@graph":[{"@type":"WebPage","@id":"https:\/\/www.thinkupc.com\/es\/servicios\/digital-strategy\/artificial-intelligence-strategy\/","url":"https:\/\/www.thinkupc.com\/es\/servicios\/digital-strategy\/artificial-intelligence-strategy\/","name":"Artificial Intelligence Strategy - ThinkUPC","isPartOf":{"@id":"https:\/\/www.thinkupc.com\/es\/#website"},"primaryImageOfPage":{"@id":"https:\/\/www.thinkupc.com\/es\/servicios\/digital-strategy\/artificial-intelligence-strategy\/#primaryimage"},"image":{"@id":"https:\/\/www.thinkupc.com\/es\/servicios\/digital-strategy\/artificial-intelligence-strategy\/#primaryimage"},"thumbnailUrl":"https:\/\/www.thinkupc.com\/wp-content\/uploads\/2025\/01\/img-ds-ais-ca.png","datePublished":"2024-11-26T11:06:10+00:00","dateModified":"2025-03-05T14:30:14+00:00","breadcrumb":{"@id":"https:\/\/www.thinkupc.com\/es\/servicios\/digital-strategy\/artificial-intelligence-strategy\/#breadcrumb"},"inLanguage":"es","potentialAction":[{"@type":"ReadAction","target":["https:\/\/www.thinkupc.com\/es\/servicios\/digital-strategy\/artificial-intelligence-strategy\/"]}]},{"@type":"ImageObject","inLanguage":"es","@id":"https:\/\/www.thinkupc.com\/es\/servicios\/digital-strategy\/artificial-intelligence-strategy\/#primaryimage","url":"https:\/\/www.thinkupc.com\/wp-content\/uploads\/2025\/01\/img-ds-ais-ca.png","contentUrl":"https:\/\/www.thinkupc.com\/wp-content\/uploads\/2025\/01\/img-ds-ais-ca.png","width":821,"height":537},{"@type":"BreadcrumbList","@id":"https:\/\/www.thinkupc.com\/es\/servicios\/digital-strategy\/artificial-intelligence-strategy\/#breadcrumb","itemListElement":[{"@type":"ListItem","position":1,"name":"Home","item":"https:\/\/www.thinkupc.com\/es\/thinkupc\/"},{"@type":"ListItem","position":2,"name":"Servicios","item":"https:\/\/www.thinkupc.com\/es\/serveis\/"},{"@type":"ListItem","position":3,"name":"Digital Strategy","item":"https:\/\/www.thinkupc.com\/es\/serveis\/digital-strategy\/"},{"@type":"ListItem","position":4,"name":"Artificial Intelligence Strategy"}]},{"@type":"WebSite","@id":"https:\/\/www.thinkupc.com\/es\/#website","url":"https:\/\/www.thinkupc.com\/es\/","name":"ThinkUPC","description":"One Step Ahead in the Digital World","publisher":{"@id":"https:\/\/www.thinkupc.com\/es\/#organization"},"potentialAction":[{"@type":"SearchAction","target":{"@type":"EntryPoint","urlTemplate":"https:\/\/www.thinkupc.com\/es\/?s={search_term_string}"},"query-input":{"@type":"PropertyValueSpecification","valueRequired":true,"valueName":"search_term_string"}}],"inLanguage":"es"},{"@type":"Organization","@id":"https:\/\/www.thinkupc.com\/es\/#organization","name":"ThinkUPC","url":"https:\/\/www.thinkupc.com\/es\/","logo":{"@type":"ImageObject","inLanguage":"es","@id":"https:\/\/www.thinkupc.com\/es\/#\/schema\/logo\/image\/","url":"https:\/\/www.thinkupc.com\/wp-content\/uploads\/2025\/03\/logo-claim_B.png","contentUrl":"https:\/\/www.thinkupc.com\/wp-content\/uploads\/2025\/03\/logo-claim_B.png","width":2325,"height":1027,"caption":"ThinkUPC"},"image":{"@id":"https:\/\/www.thinkupc.com\/es\/#\/schema\/logo\/image\/"},"sameAs":["https:\/\/bsky.app\/profile\/thinkupc.com","https:\/\/es.linkedin.com\/company\/thinkupc"]}]}},"_links":{"self":[{"href":"https:\/\/www.thinkupc.com\/es\/wp-json\/wp\/v2\/pages\/5105","targetHints":{"allow":["GET"]}}],"collection":[{"href":"https:\/\/www.thinkupc.com\/es\/wp-json\/wp\/v2\/pages"}],"about":[{"href":"https:\/\/www.thinkupc.com\/es\/wp-json\/wp\/v2\/types\/page"}],"author":[{"embeddable":true,"href":"https:\/\/www.thinkupc.com\/es\/wp-json\/wp\/v2\/users\/2"}],"replies":[{"embeddable":true,"href":"https:\/\/www.thinkupc.com\/es\/wp-json\/wp\/v2\/comments?post=5105"}],"version-history":[{"count":0,"href":"https:\/\/www.thinkupc.com\/es\/wp-json\/wp\/v2\/pages\/5105\/revisions"}],"up":[{"embeddable":true,"href":"https:\/\/www.thinkupc.com\/es\/wp-json\/wp\/v2\/pages\/5766"}],"wp:featuredmedia":[{"embeddable":true,"href":"https:\/\/www.thinkupc.com\/es\/wp-json\/wp\/v2\/media\/4771"}],"wp:attachment":[{"href":"https:\/\/www.thinkupc.com\/es\/wp-json\/wp\/v2\/media?parent=5105"}],"wp:term":[{"taxonomy":"category","embeddable":true,"href":"https:\/\/www.thinkupc.com\/es\/wp-json\/wp\/v2\/categories?post=5105"},{"taxonomy":"post_tag","embeddable":true,"href":"https:\/\/www.thinkupc.com\/es\/wp-json\/wp\/v2\/tags?post=5105"}],"curies":[{"name":"wp","href":"https:\/\/api.w.org\/{rel}","templated":true}]}}