{"id":5094,"date":"2025-01-22T16:02:17","date_gmt":"2025-01-22T15:02:17","guid":{"rendered":"https:\/\/thinkupc.com\/aviso-legal\/"},"modified":"2025-02-27T10:41:56","modified_gmt":"2025-02-27T09:41:56","slug":"aviso-legal","status":"publish","type":"page","link":"https:\/\/www.thinkupc.com\/es\/aviso-legal\/","title":{"rendered":"Aviso legal"},"content":{"rendered":"\t\t<div data-elementor-type=\"wp-page\" data-elementor-id=\"5094\" class=\"elementor elementor-5094 elementor-2584\" data-elementor-post-type=\"page\">\n\t\t\t\t<div class=\"elementor-element elementor-element-b293733 e-flex e-con-boxed e-con e-parent\" data-id=\"b293733\" data-element_type=\"container\" data-e-type=\"container\">\n\t\t\t\t\t<div class=\"e-con-inner\">\n\t\t\t\t<div class=\"elementor-element elementor-element-45dfecb elementor-widget elementor-widget-text-editor\" data-id=\"45dfecb\" data-element_type=\"widget\" data-e-type=\"widget\" data-widget_type=\"text-editor.default\">\n\t\t\t\t\t\t\t\t\t<h2>1. Informaci\u00f3n de la empresa<\/h2>\n<strong>Denominaci\u00f3<\/strong>: THINKUPC, S.L. SOCIETAT UNIPERSONAL.\n\n<strong>CIF<\/strong>: B66869033.\n\n<strong>Domicili<\/strong>: C\/ Gran Capit\u00e0 2-4, edifici Nexus I, Planta 0 de Barcelona (08034).\n\n<strong>Inscripci\u00f3n:<\/strong> Inscrita en el Registro Mercantil de Barcelona con fecha 13 de diciembre de 2016, en el volumen 45675, folio 82, hoja B495442, inscripci\u00f3n 1.\n\n<strong>Tel\u00e9fono<\/strong>: (+34) 935 521 100.\n<h2>2. Acceptaci\u00f3n<\/h2>\nEl presente aviso legal regula el uso de la p\u00e1gina Web de THINKUPC sociedad unipersonal (en adelante, \u201cTHINKUPC\u00bb). La navegaci\u00f3n o el uso de la Web por parte de cualquier usuario (en adelante, \u00abUsuario\u00bb) comporta la plena aceptaci\u00f3n, sin reserva de ninguna clase, de las presentes condiciones que constan permanentemente expuestas en este Aviso Legal, y que deben ser le\u00eddas atentamente por el Usuario cada vez que conecte a la Web ante la posibilidad de que las mismas hayan cambiado desde la \u00faltima vez que el Usuario se conect\u00f3. Si el Usuario no est\u00e1 de acuerdo con estas condiciones, le rogamos que no contin\u00fae usando esta Web. \n<h2>3. Legislaci\u00f3n y Jurisdicci\u00f3n aplicables<\/h2>\nCon car\u00e1cter general, las relaciones entre THINKUPC con sus Usuarios derivadas de la prestaci\u00f3n de las soluciones, de los productos y de los servicios contenidos en la presente Web, se encuentran sometidas a la legislaci\u00f3n y jurisdicci\u00f3n espa\u00f1olas.\n<h2>4. Objeto de la web<\/h2>\nLas p\u00e1ginas contenidas en esta Web tienen por objeto principal informar de forma gratuita de las actividades, soluciones, productos y servicios de THINKUPC.\n\nEn lo concerniente a los accesos restringidos para Usuarios que hubieran contratado alguno de las soluciones, productos o servicios de THINKUPC (en adelante, Cliente), su objeto adicional es facilitar el acceso a los mismos que se regular\u00e1 conforme a las condiciones espec\u00edficas del servicio. El acceso a los espacios restringidos y aqu\u00e9llos que incluyen la captura de datos personales se realiza en un entorno seguro. \n<h2>5. Reglas relativas a los contenidos<\/h2>\nLa informaci\u00f3n que aparece en esta web es la vigente en la fecha de su \u00faltima actualizaci\u00f3n. THINKUPC se reserva el derecho a actualizar, modificar o eliminar la informaci\u00f3n o el contenido de esta su Web as\u00ed como el presente Aviso Legal y la Pol\u00edtica de Datos. En este sentido, THINKUPC realiza los m\u00e1ximos esfuerzos para evitar cualquier error en los contenidos que pudieran aparecer en esta p\u00e1gina.  \n\nTHINKUPC no se responsabiliza del mal uso que se realice de los contenidos de su Web, siendo exclusiva responsabilidad de la persona que accede a ellos o los utilice. Asimismo, se exonera a la empresa de responsabilidad ante cualquier da\u00f1o o perjuicio que pudiera sufrir el Usuario como consecuencia de errores, defectos u omisiones, en la informaci\u00f3n facilitada por THINKUPC. \n\nEsta Web puede ofrecer diferentes enlaces con otras p\u00e1ginas Web de terceros, cuyo contenido puede variar, de forma r\u00e1pida, por las caracter\u00edsticas propias de Internet. Por tanto, la empresa no se hace responsable de las informaciones, servicios y contenido en general de dichas p\u00e1ginas Web de terceros. \n\nCualquier p\u00e1gina externa a la que se acceda desde la p\u00e1gina de nuestra empresa es independiente y no tenemos ning\u00fan control del contenido de esa p\u00e1gina. Adem\u00e1s, un enlace con cualquier otra p\u00e1gina que no sea de nuestra empresa no implica que \u00e9sta respalde o acepte ninguna responsabilidad por su contenido o uso. \n\nEn el caso de que la empresa tuviera conocimiento efectivo de que la actividad o la informaci\u00f3n a la que remiten estos enlaces es il\u00edcita, constitutiva de delito o que puede lesionar bienes o derechos de terceros susceptibles de indemnizaci\u00f3n, actuar\u00e1 con la diligencia necesaria para suprimir o inutilizar el enlace correspondiente a la mayor brevedad posible.\n\nEn el caso de que el Usuario tuviera conocimiento de que los sitios enlazados remiten a p\u00e1ginas cuyos contenidos o servicios son il\u00edcitos, nocivos, denigrantes, violentos o contrarios a la moral podr\u00e1 ponerse en contacto con THINKUPC indicando los datos personales del comunicante y una breve descripci\u00f3n de los hechos. La recepci\u00f3n por parte de THINKUPC de la comunicaci\u00f3n prevista en esta cl\u00e1usula no supondr\u00e1 por s\u00ed misma, el conocimiento efectivo de las actividades y\/o contenidos indicados por el comunicante. \n\nQueda expresamente prohibido el uso de la Web con fines lesivos de bienes o intereses, as\u00ed como actuaciones que de cualquier forma sobrecarguen, da\u00f1en o inutilicen las redes, servidores y dem\u00e1s equipos inform\u00e1ticos (hardware) o productos y aplicaciones inform\u00e1ticas (software) de THINKUPC o de terceros.\n<h2>6. Propiedad intelectual e industrial<\/h2>\nEl Usuario se compromete a utilizar los contenidos de la Web de conformidad con la Ley y el presente Aviso Legal y la Pol\u00edtica de Datos, as\u00ed como con las dem\u00e1s condiciones, reglamentos e instrucciones que en su caso pudieran ser de aplicaci\u00f3n.\n\nLos derechos de propiedad intelectual del contenido de las p\u00e1ginas Web, su dise\u00f1o gr\u00e1fico, bases de datos y c\u00f3digos son titularidad de THINKUPC y, por tanto, queda prohibida su reproducci\u00f3n, distribuci\u00f3n, comunicaci\u00f3n p\u00fablica y transformaci\u00f3n, salvo que exista una autorizaci\u00f3n por escrito. Igualmente, todos los nombres comerciales, marcas o signos distintos de cualquier clase contenidos en la Web est\u00e1n protegidos por ley. \n\nEl contenido y la informaci\u00f3n a la que pueda acceder el Cliente o Usuario a trav\u00e9s de esta Web, son propiedad de THINKUPC. Se puede visualizar dicha informaci\u00f3n para usos personales, informativos y no comerciales, pero queda terminantemente prohibido copiar, distribuir, reproducir, licenciar, enviar o vender cualquier tipo de informaci\u00f3n que obtenga de la Web de THINKUPC. \n\nRespecto a las citas de soluciones, productos y servicios de terceros, THINKUPC reconoce a favor de sus titulares los correspondientes derechos de propiedad industrial e intelectual, no implicando su sola menci\u00f3n o aparici\u00f3n en la Web la existencia de derechos o responsabilidad alguna de THINKUPC sobre los mismos, como tampoco respaldo, patrocinio, o recomendaci\u00f3n por parte de THINKUPC a no ser que se manifieste de manera expl\u00edcita.\n<h2>7. Informaci\u00f3n sobre aspectos t\u00e9cnicos<\/h2>\nTHINKUPC no ser\u00e1 responsable de posibles da\u00f1os o perjuicios que se pudieran derivar de interferencias, omisiones, interrupciones, virus inform\u00e1ticos, aver\u00edas telef\u00f3nicas o desconexiones en el funcionamiento operativo de este sistema electr\u00f3nico, motivadas por causas ajenas a la empresa; de retrasos o bloqueos en el uso del presente sistema electr\u00f3nico causados por deficiencias o sobrecargas de l\u00edneas telef\u00f3nicas o sobrecargas en Internet o en otros sistemas electr\u00f3nicos, as\u00ed como de da\u00f1os que puedan ser causados por terceras personas mediante intromisiones ileg\u00edtimas fuera del control de THINKUPC. Asimismo, se exonera la empresa de responsabilidad ante cualquier da\u00f1o o perjuicio que pudiera sufrir el usuario como consecuencia de errores, defectos u omisiones, en la informaci\u00f3n facilitada por THINKUPC. \n\nPor otro lado, THINKUPC puede requerir de forma provisional la suspensi\u00f3n de los servicios cuando ello sea necesario para la reparaci\u00f3n o mantenimiento de los equipos, programas o redes propias.\t\t\t\t\t\t\t\t<\/div>\n\t\t\t\t\t<\/div>\n\t\t\t\t<\/div>\n\t\t\t\t<\/div>\n\t\t","protected":false},"excerpt":{"rendered":"<p>Cornerstone<\/p>\n","protected":false},"author":2,"featured_media":0,"parent":0,"menu_order":0,"comment_status":"closed","ping_status":"closed","template":"","meta":{"_acf_changed":false,"footnotes":""},"categories":[133],"tags":[247],"class_list":["post-5094","page","type-page","status-publish","hentry","category-sin-categoria","tag-aviso-legal"],"acf":[],"yoast_head":"<!-- This site is optimized with the Yoast SEO plugin v27.0 - https:\/\/yoast.com\/product\/yoast-seo-wordpress\/ -->\n<title>Aviso legal - ThinkUPC<\/title>\n<meta name=\"robots\" content=\"index, follow, max-snippet:-1, max-image-preview:large, max-video-preview:-1\" \/>\n<link rel=\"canonical\" href=\"https:\/\/www.thinkupc.com\/es\/aviso-legal\/\" \/>\n<meta property=\"og:locale\" content=\"es_ES\" \/>\n<meta property=\"og:type\" content=\"article\" \/>\n<meta property=\"og:title\" content=\"Aviso legal - ThinkUPC\" \/>\n<meta property=\"og:description\" content=\"Cornerstone\" \/>\n<meta property=\"og:url\" content=\"https:\/\/www.thinkupc.com\/es\/aviso-legal\/\" \/>\n<meta property=\"og:site_name\" content=\"ThinkUPC\" \/>\n<meta property=\"article:modified_time\" content=\"2025-02-27T09:41:56+00:00\" \/>\n<meta name=\"twitter:card\" content=\"summary_large_image\" \/>\n<meta name=\"twitter:label1\" content=\"Tiempo de lectura\" \/>\n\t<meta name=\"twitter:data1\" content=\"6 minutos\" \/>\n<script type=\"application\/ld+json\" class=\"yoast-schema-graph\">{\"@context\":\"https:\/\/schema.org\",\"@graph\":[{\"@type\":\"WebPage\",\"@id\":\"https:\/\/www.thinkupc.com\/es\/aviso-legal\/\",\"url\":\"https:\/\/www.thinkupc.com\/es\/aviso-legal\/\",\"name\":\"Aviso legal - ThinkUPC\",\"isPartOf\":{\"@id\":\"https:\/\/www.thinkupc.com\/es\/#website\"},\"datePublished\":\"2025-01-22T15:02:17+00:00\",\"dateModified\":\"2025-02-27T09:41:56+00:00\",\"breadcrumb\":{\"@id\":\"https:\/\/www.thinkupc.com\/es\/aviso-legal\/#breadcrumb\"},\"inLanguage\":\"es\",\"potentialAction\":[{\"@type\":\"ReadAction\",\"target\":[\"https:\/\/www.thinkupc.com\/es\/aviso-legal\/\"]}]},{\"@type\":\"BreadcrumbList\",\"@id\":\"https:\/\/www.thinkupc.com\/es\/aviso-legal\/#breadcrumb\",\"itemListElement\":[{\"@type\":\"ListItem\",\"position\":1,\"name\":\"Home\",\"item\":\"https:\/\/www.thinkupc.com\/es\/thinkupc\/\"},{\"@type\":\"ListItem\",\"position\":2,\"name\":\"Aviso legal\"}]},{\"@type\":\"WebSite\",\"@id\":\"https:\/\/www.thinkupc.com\/es\/#website\",\"url\":\"https:\/\/www.thinkupc.com\/es\/\",\"name\":\"ThinkUPC\",\"description\":\"One Step Ahead in the Digital World\",\"publisher\":{\"@id\":\"https:\/\/www.thinkupc.com\/es\/#organization\"},\"potentialAction\":[{\"@type\":\"SearchAction\",\"target\":{\"@type\":\"EntryPoint\",\"urlTemplate\":\"https:\/\/www.thinkupc.com\/es\/?s={search_term_string}\"},\"query-input\":{\"@type\":\"PropertyValueSpecification\",\"valueRequired\":true,\"valueName\":\"search_term_string\"}}],\"inLanguage\":\"es\"},{\"@type\":\"Organization\",\"@id\":\"https:\/\/www.thinkupc.com\/es\/#organization\",\"name\":\"ThinkUPC\",\"url\":\"https:\/\/www.thinkupc.com\/es\/\",\"logo\":{\"@type\":\"ImageObject\",\"inLanguage\":\"es\",\"@id\":\"https:\/\/www.thinkupc.com\/es\/#\/schema\/logo\/image\/\",\"url\":\"https:\/\/www.thinkupc.com\/wp-content\/uploads\/2025\/03\/logo-claim_B.png\",\"contentUrl\":\"https:\/\/www.thinkupc.com\/wp-content\/uploads\/2025\/03\/logo-claim_B.png\",\"width\":2325,\"height\":1027,\"caption\":\"ThinkUPC\"},\"image\":{\"@id\":\"https:\/\/www.thinkupc.com\/es\/#\/schema\/logo\/image\/\"},\"sameAs\":[\"https:\/\/bsky.app\/profile\/thinkupc.com\",\"https:\/\/es.linkedin.com\/company\/thinkupc\"]}]}<\/script>\n<!-- \/ Yoast SEO plugin. -->","yoast_head_json":{"title":"Aviso legal - ThinkUPC","robots":{"index":"index","follow":"follow","max-snippet":"max-snippet:-1","max-image-preview":"max-image-preview:large","max-video-preview":"max-video-preview:-1"},"canonical":"https:\/\/www.thinkupc.com\/es\/aviso-legal\/","og_locale":"es_ES","og_type":"article","og_title":"Aviso legal - ThinkUPC","og_description":"Cornerstone","og_url":"https:\/\/www.thinkupc.com\/es\/aviso-legal\/","og_site_name":"ThinkUPC","article_modified_time":"2025-02-27T09:41:56+00:00","twitter_card":"summary_large_image","twitter_misc":{"Tiempo de lectura":"6 minutos"},"schema":{"@context":"https:\/\/schema.org","@graph":[{"@type":"WebPage","@id":"https:\/\/www.thinkupc.com\/es\/aviso-legal\/","url":"https:\/\/www.thinkupc.com\/es\/aviso-legal\/","name":"Aviso legal - ThinkUPC","isPartOf":{"@id":"https:\/\/www.thinkupc.com\/es\/#website"},"datePublished":"2025-01-22T15:02:17+00:00","dateModified":"2025-02-27T09:41:56+00:00","breadcrumb":{"@id":"https:\/\/www.thinkupc.com\/es\/aviso-legal\/#breadcrumb"},"inLanguage":"es","potentialAction":[{"@type":"ReadAction","target":["https:\/\/www.thinkupc.com\/es\/aviso-legal\/"]}]},{"@type":"BreadcrumbList","@id":"https:\/\/www.thinkupc.com\/es\/aviso-legal\/#breadcrumb","itemListElement":[{"@type":"ListItem","position":1,"name":"Home","item":"https:\/\/www.thinkupc.com\/es\/thinkupc\/"},{"@type":"ListItem","position":2,"name":"Aviso legal"}]},{"@type":"WebSite","@id":"https:\/\/www.thinkupc.com\/es\/#website","url":"https:\/\/www.thinkupc.com\/es\/","name":"ThinkUPC","description":"One Step Ahead in the Digital World","publisher":{"@id":"https:\/\/www.thinkupc.com\/es\/#organization"},"potentialAction":[{"@type":"SearchAction","target":{"@type":"EntryPoint","urlTemplate":"https:\/\/www.thinkupc.com\/es\/?s={search_term_string}"},"query-input":{"@type":"PropertyValueSpecification","valueRequired":true,"valueName":"search_term_string"}}],"inLanguage":"es"},{"@type":"Organization","@id":"https:\/\/www.thinkupc.com\/es\/#organization","name":"ThinkUPC","url":"https:\/\/www.thinkupc.com\/es\/","logo":{"@type":"ImageObject","inLanguage":"es","@id":"https:\/\/www.thinkupc.com\/es\/#\/schema\/logo\/image\/","url":"https:\/\/www.thinkupc.com\/wp-content\/uploads\/2025\/03\/logo-claim_B.png","contentUrl":"https:\/\/www.thinkupc.com\/wp-content\/uploads\/2025\/03\/logo-claim_B.png","width":2325,"height":1027,"caption":"ThinkUPC"},"image":{"@id":"https:\/\/www.thinkupc.com\/es\/#\/schema\/logo\/image\/"},"sameAs":["https:\/\/bsky.app\/profile\/thinkupc.com","https:\/\/es.linkedin.com\/company\/thinkupc"]}]}},"_links":{"self":[{"href":"https:\/\/www.thinkupc.com\/es\/wp-json\/wp\/v2\/pages\/5094","targetHints":{"allow":["GET"]}}],"collection":[{"href":"https:\/\/www.thinkupc.com\/es\/wp-json\/wp\/v2\/pages"}],"about":[{"href":"https:\/\/www.thinkupc.com\/es\/wp-json\/wp\/v2\/types\/page"}],"author":[{"embeddable":true,"href":"https:\/\/www.thinkupc.com\/es\/wp-json\/wp\/v2\/users\/2"}],"replies":[{"embeddable":true,"href":"https:\/\/www.thinkupc.com\/es\/wp-json\/wp\/v2\/comments?post=5094"}],"version-history":[{"count":0,"href":"https:\/\/www.thinkupc.com\/es\/wp-json\/wp\/v2\/pages\/5094\/revisions"}],"wp:attachment":[{"href":"https:\/\/www.thinkupc.com\/es\/wp-json\/wp\/v2\/media?parent=5094"}],"wp:term":[{"taxonomy":"category","embeddable":true,"href":"https:\/\/www.thinkupc.com\/es\/wp-json\/wp\/v2\/categories?post=5094"},{"taxonomy":"post_tag","embeddable":true,"href":"https:\/\/www.thinkupc.com\/es\/wp-json\/wp\/v2\/tags?post=5094"}],"curies":[{"name":"wp","href":"https:\/\/api.w.org\/{rel}","templated":true}]}}