{"id":5078,"date":"2025-02-20T10:13:09","date_gmt":"2025-02-20T09:13:09","guid":{"rendered":"https:\/\/thinkupc.com\/kit-digital\/"},"modified":"2025-06-11T08:09:13","modified_gmt":"2025-06-11T07:09:13","slug":"kit-digital","status":"publish","type":"page","link":"https:\/\/www.thinkupc.com\/es\/kit-digital\/","title":{"rendered":"Kit digital"},"content":{"rendered":"\t\t<div data-elementor-type=\"wp-page\" data-elementor-id=\"5078\" class=\"elementor elementor-5078 elementor-4388\" data-elementor-post-type=\"page\">\n\t\t\t\t<div class=\"elementor-element elementor-element-1bb4c12 e-flex e-con-boxed e-con e-parent\" data-id=\"1bb4c12\" data-element_type=\"container\" data-e-type=\"container\">\n\t\t\t\t\t<div class=\"e-con-inner\">\n\t\t\t\t<div class=\"elementor-element elementor-element-14334de elementor-widget elementor-widget-heading\" data-id=\"14334de\" data-element_type=\"widget\" data-e-type=\"widget\" data-widget_type=\"heading.default\">\n\t\t\t\t\t<h2 class=\"elementor-heading-title elementor-size-default\">\u00bfQu\u00e9 es el Kit Digital?<\/h2>\t\t\t\t<\/div>\n\t\t\t\t<div class=\"elementor-element elementor-element-508b75b elementor-widget elementor-widget-image\" data-id=\"508b75b\" data-element_type=\"widget\" data-e-type=\"widget\" data-widget_type=\"image.default\">\n\t\t\t\t\t\t\t\t\t\t\t\t\t\t\t<img fetchpriority=\"high\" decoding=\"async\" width=\"1498\" height=\"998\" src=\"https:\/\/www.thinkupc.com\/wp-content\/uploads\/2025\/06\/kit-digital-img.jpg\" class=\"attachment-full size-full wp-image-10166\" alt=\"\" srcset=\"https:\/\/www.thinkupc.com\/wp-content\/uploads\/2025\/06\/kit-digital-img.jpg 1498w, https:\/\/www.thinkupc.com\/wp-content\/uploads\/2025\/06\/kit-digital-img-300x200.jpg 300w, https:\/\/www.thinkupc.com\/wp-content\/uploads\/2025\/06\/kit-digital-img-1024x682.jpg 1024w, https:\/\/www.thinkupc.com\/wp-content\/uploads\/2025\/06\/kit-digital-img-768x512.jpg 768w\" sizes=\"(max-width: 1498px) 100vw, 1498px\" \/>\t\t\t\t\t\t\t\t\t\t\t\t\t\t\t<\/div>\n\t\t\t\t<div class=\"elementor-element elementor-element-32d3eb2 elementor-widget elementor-widget-text-editor\" data-id=\"32d3eb2\" data-element_type=\"widget\" data-e-type=\"widget\" data-widget_type=\"text-editor.default\">\n\t\t\t\t\t\t\t\t\t<p>El <strong>Kit Digital<\/strong> es un programa de <strong>ayudas del Gobierno de Espa\u00f1a <\/strong>para <strong>impulsar la transformaci\u00f3n digital de las peque\u00f1as y medianas empresas (PYMES) <\/strong>y aut\u00f3nomos. Las ayudas p\u00fablicas del Kit Digital est\u00e1n financiadas con los fondos Next Generation UE, con las que el Gobierno pretende impulsar la digitalizaci\u00f3n del tejido empresarial espa\u00f1ol. Las pymes de menos de 250 empleados y los aut\u00f3nomos podr\u00e1n pedir estos bonos digitales, de entre 3.000 y 29.000 euros, para contratar soluciones tecnol\u00f3gicas a trav\u00e9s de los agentes digitalizadores y optimizar con ellas sus negocios.   <\/p>\t\t\t\t\t\t\t\t<\/div>\n\t\t\t\t<div class=\"elementor-element elementor-element-5e64395 elementor-widget elementor-widget-text-editor\" data-id=\"5e64395\" data-element_type=\"widget\" data-e-type=\"widget\" data-widget_type=\"text-editor.default\">\n\t\t\t\t\t\t\t\t\t<h3>\u00bfQu\u00e9 servicios ofrece ThinkUPC en el Kit Digital?<\/h3><p>ThinkUPC ofrece servicios en cuatro de los \u00e1mbitos del Kit Digital:<\/p><ul><li><strong>Business intelligence y anal\u00edtica:<\/strong> Ayudamos a las empresas a tomar decisiones basadas en datos, mediante el an\u00e1lisis de la informaci\u00f3n que generan.<\/li><li><strong>Gesti\u00f3n de procesos:<\/strong> Implementamos soluciones para optimizar los procesos de negocio y mejorar la eficiencia.<\/li><li><strong>Gesti\u00f3n de clientes:<\/strong> Ofrecemos software y servicios para gestionar la relaci\u00f3n con los clientes y mejorar la experiencia de usuario.<\/li><li><strong>Gesti\u00f3n de clientes con IA asociada:<\/strong> Implementamos soluciones de inteligencia artificial para optimizar los procesos de relaci\u00f3n con los clientes y ofrecemos servicios de capacitaci\u00f3n en fundamentos de IA generativa aplicables al \u00e1mbito de la gesti\u00f3n de clientes.<\/li><li><strong>Business Intelligence y Anal\u00edtica e IA asociada:<\/strong> Desarrollamos soluciones de <i>Business Intelligence<\/i>\u00a0y anal\u00edtica de datos basdas en IA, con el objetivo de ayudar a las empresas a mejorar su proceso de toma de decisiones.<\/li><li><div><strong>Gesti\u00f3n de procesos con IA asociada:<\/strong> Implementamos soluciones basadas en IA para la digitalizaci\u00f3n y\/o automatizaci\u00f3n de procesos de negocio relacionados con aspectos operativos o productivos, incluyendo servicios de capacitaci\u00f3n en fundamentos de IA generativa aplicables a la gesti\u00f3n de procesos.<\/div><\/li><li><strong>Ciberseguridad: <\/strong>Protegemos a las empresas de ciberataques, mediante soluciones de seguridad y formaci\u00f3n.<\/li><\/ul><h3>\u00bfPor qu\u00e9 elegir ThinkUPC?<\/h3><ul><li><strong>Experiencia:<\/strong> Tenemos m\u00e1s de 10 a\u00f1os de experiencia en el desarrollo de soluciones digitales para empresas.<\/li><li><strong>Equipo de expertos:<\/strong> Contamos con un equipo de profesionales altamente cualificados en las tecnolog\u00edas m\u00e1s innovadoras.<\/li><li><strong>Adaptaci\u00f3n a las necesidades del cliente:<\/strong> Desarrollamos soluciones a medida para cada empresa, en funci\u00f3n de sus necesidades y objetivos.<\/li><li><strong>Acompa\u00f1amiento: <\/strong>Ofrecemos asesoramiento y soporte t\u00e9cnico durante todo el proceso de implementaci\u00f3n.<\/li><\/ul><h3>\u00bfC\u00f3mo solicitar las ayudas del Kit Digital?<\/h3><p>Para solicitar las ayudas del Kit Digital, es necesario registrarse en la plataforma digital del programa. Una vez registrado, se puede solicitar la subvenci\u00f3n para la adquisici\u00f3n de soluciones digitales.<\/p><h3>\u00bfC\u00f3mo contactar con ThinkUPC?<\/h3><p>Si est\u00e1s interesado en conocer m\u00e1s sobre los servicios de ThinkUPC en el Kit Digital, puedes ponerte en contacto con nosotros a trav\u00e9s de nuestro <a href=\"https:\/\/thinkupc.com\/es\/contacto\/\">formulario de contacto<\/a> o por tel\u00e9fono.<\/p>\t\t\t\t\t\t\t\t<\/div>\n\t\t\t\t\t<\/div>\n\t\t\t\t<\/div>\n\t\t<div class=\"elementor-element elementor-element-c352963 e-flex e-con-boxed e-con e-parent\" data-id=\"c352963\" data-element_type=\"container\" data-e-type=\"container\">\n\t\t\t\t\t<div class=\"e-con-inner\">\n\t\t\t\t<div class=\"elementor-element elementor-element-a2fcb7e elementor-widget elementor-widget-text-editor\" data-id=\"a2fcb7e\" data-element_type=\"widget\" data-e-type=\"widget\" data-widget_type=\"text-editor.default\">\n\t\t\t\t\t\t\t\t\t<div style=\"margin: 1.5rem 0px 1.5rem; background-color: #f5f5f5; border-radius: 0px; position: relative; padding: 1.25rem 2.5rem 1.25rem 1.5rem; color: #4a4a4a; font-family: 'Helvetica Neue', Helvetica, Arial, sans-serif; word-spacing: 1px;\"><h3>\u00a1No esperes m\u00e1s para digitalizar tu empresa!<\/h3><p>El <strong>Kit Digital<\/strong> es una oportunidad \u00fanica para impulsar la transformaci\u00f3n digital de tu empresa. <strong>Con ThinkUPC<\/strong>, <strong>puedes aprovechar al m\u00e1ximo las ayudas del programa y conseguir los mejores resultados<\/strong>.<\/p><\/div>\t\t\t\t\t\t\t\t<\/div>\n\t\t\t\t\t<\/div>\n\t\t\t\t<\/div>\n\t\t<div class=\"elementor-element elementor-element-6ee2029 e-flex e-con-boxed e-con e-parent\" data-id=\"6ee2029\" data-element_type=\"container\" data-e-type=\"container\">\n\t\t\t\t\t<div class=\"e-con-inner\">\n\t\t\t\t<div class=\"elementor-element elementor-element-99b3437 elementor-widget elementor-widget-image\" data-id=\"99b3437\" data-element_type=\"widget\" data-e-type=\"widget\" data-widget_type=\"image.default\">\n\t\t\t\t\t\t\t\t\t\t\t\t\t\t\t<img decoding=\"async\" width=\"773\" height=\"170\" src=\"https:\/\/www.thinkupc.com\/wp-content\/uploads\/2025\/01\/logos-kit.png\" class=\"attachment-large size-large wp-image-4635\" alt=\"Kit Consulting\" srcset=\"https:\/\/www.thinkupc.com\/wp-content\/uploads\/2025\/01\/logos-kit.png 773w, https:\/\/www.thinkupc.com\/wp-content\/uploads\/2025\/01\/logos-kit-300x66.png 300w, https:\/\/www.thinkupc.com\/wp-content\/uploads\/2025\/01\/logos-kit-768x169.png 768w\" sizes=\"(max-width: 773px) 100vw, 773px\" \/>\t\t\t\t\t\t\t\t\t\t\t\t\t\t\t<\/div>\n\t\t\t\t\t<\/div>\n\t\t\t\t<\/div>\n\t\t\t\t<\/div>\n\t\t","protected":false},"excerpt":{"rendered":"<p>Kit digital<\/p>\n","protected":false},"author":2,"featured_media":5073,"parent":0,"menu_order":0,"comment_status":"closed","ping_status":"closed","template":"","meta":{"_acf_changed":false,"footnotes":""},"categories":[133],"tags":[146],"class_list":["post-5078","page","type-page","status-publish","has-post-thumbnail","hentry","category-sin-categoria","tag-kit-digital-es"],"acf":[],"yoast_head":"<!-- This site is optimized with the Yoast SEO plugin v27.0 - https:\/\/yoast.com\/product\/yoast-seo-wordpress\/ -->\n<title>Kit digital - ThinkUPC<\/title>\n<meta name=\"robots\" content=\"index, follow, max-snippet:-1, max-image-preview:large, max-video-preview:-1\" \/>\n<link rel=\"canonical\" href=\"https:\/\/www.thinkupc.com\/es\/kit-digital\/\" \/>\n<meta property=\"og:locale\" content=\"es_ES\" \/>\n<meta property=\"og:type\" content=\"article\" \/>\n<meta property=\"og:title\" content=\"Kit digital - ThinkUPC\" \/>\n<meta property=\"og:description\" content=\"Kit digital\" \/>\n<meta property=\"og:url\" content=\"https:\/\/www.thinkupc.com\/es\/kit-digital\/\" \/>\n<meta property=\"og:site_name\" content=\"ThinkUPC\" \/>\n<meta property=\"article:modified_time\" content=\"2025-06-11T07:09:13+00:00\" \/>\n<meta property=\"og:image\" content=\"https:\/\/www.thinkupc.com\/wp-content\/uploads\/2025\/02\/kit-digital1.jpg\" \/>\n\t<meta property=\"og:image:width\" content=\"1498\" \/>\n\t<meta property=\"og:image:height\" content=\"998\" \/>\n\t<meta property=\"og:image:type\" content=\"image\/jpeg\" \/>\n<meta name=\"twitter:card\" content=\"summary_large_image\" \/>\n<script type=\"application\/ld+json\" class=\"yoast-schema-graph\">{\"@context\":\"https:\/\/schema.org\",\"@graph\":[{\"@type\":\"WebPage\",\"@id\":\"https:\/\/www.thinkupc.com\/es\/kit-digital\/\",\"url\":\"https:\/\/www.thinkupc.com\/es\/kit-digital\/\",\"name\":\"Kit digital - ThinkUPC\",\"isPartOf\":{\"@id\":\"https:\/\/www.thinkupc.com\/es\/#website\"},\"primaryImageOfPage\":{\"@id\":\"https:\/\/www.thinkupc.com\/es\/kit-digital\/#primaryimage\"},\"image\":{\"@id\":\"https:\/\/www.thinkupc.com\/es\/kit-digital\/#primaryimage\"},\"thumbnailUrl\":\"https:\/\/www.thinkupc.com\/wp-content\/uploads\/2025\/02\/kit-digital1.jpg\",\"datePublished\":\"2025-02-20T09:13:09+00:00\",\"dateModified\":\"2025-06-11T07:09:13+00:00\",\"breadcrumb\":{\"@id\":\"https:\/\/www.thinkupc.com\/es\/kit-digital\/#breadcrumb\"},\"inLanguage\":\"es\",\"potentialAction\":[{\"@type\":\"ReadAction\",\"target\":[\"https:\/\/www.thinkupc.com\/es\/kit-digital\/\"]}]},{\"@type\":\"ImageObject\",\"inLanguage\":\"es\",\"@id\":\"https:\/\/www.thinkupc.com\/es\/kit-digital\/#primaryimage\",\"url\":\"https:\/\/www.thinkupc.com\/wp-content\/uploads\/2025\/02\/kit-digital1.jpg\",\"contentUrl\":\"https:\/\/www.thinkupc.com\/wp-content\/uploads\/2025\/02\/kit-digital1.jpg\",\"width\":1498,\"height\":998},{\"@type\":\"BreadcrumbList\",\"@id\":\"https:\/\/www.thinkupc.com\/es\/kit-digital\/#breadcrumb\",\"itemListElement\":[{\"@type\":\"ListItem\",\"position\":1,\"name\":\"Home\",\"item\":\"https:\/\/www.thinkupc.com\/es\/thinkupc\/\"},{\"@type\":\"ListItem\",\"position\":2,\"name\":\"Kit digital\"}]},{\"@type\":\"WebSite\",\"@id\":\"https:\/\/www.thinkupc.com\/es\/#website\",\"url\":\"https:\/\/www.thinkupc.com\/es\/\",\"name\":\"ThinkUPC\",\"description\":\"One Step Ahead in the Digital World\",\"publisher\":{\"@id\":\"https:\/\/www.thinkupc.com\/es\/#organization\"},\"potentialAction\":[{\"@type\":\"SearchAction\",\"target\":{\"@type\":\"EntryPoint\",\"urlTemplate\":\"https:\/\/www.thinkupc.com\/es\/?s={search_term_string}\"},\"query-input\":{\"@type\":\"PropertyValueSpecification\",\"valueRequired\":true,\"valueName\":\"search_term_string\"}}],\"inLanguage\":\"es\"},{\"@type\":\"Organization\",\"@id\":\"https:\/\/www.thinkupc.com\/es\/#organization\",\"name\":\"ThinkUPC\",\"url\":\"https:\/\/www.thinkupc.com\/es\/\",\"logo\":{\"@type\":\"ImageObject\",\"inLanguage\":\"es\",\"@id\":\"https:\/\/www.thinkupc.com\/es\/#\/schema\/logo\/image\/\",\"url\":\"https:\/\/www.thinkupc.com\/wp-content\/uploads\/2025\/03\/logo-claim_B.png\",\"contentUrl\":\"https:\/\/www.thinkupc.com\/wp-content\/uploads\/2025\/03\/logo-claim_B.png\",\"width\":2325,\"height\":1027,\"caption\":\"ThinkUPC\"},\"image\":{\"@id\":\"https:\/\/www.thinkupc.com\/es\/#\/schema\/logo\/image\/\"},\"sameAs\":[\"https:\/\/bsky.app\/profile\/thinkupc.com\",\"https:\/\/es.linkedin.com\/company\/thinkupc\"]}]}<\/script>\n<!-- \/ Yoast SEO plugin. -->","yoast_head_json":{"title":"Kit digital - ThinkUPC","robots":{"index":"index","follow":"follow","max-snippet":"max-snippet:-1","max-image-preview":"max-image-preview:large","max-video-preview":"max-video-preview:-1"},"canonical":"https:\/\/www.thinkupc.com\/es\/kit-digital\/","og_locale":"es_ES","og_type":"article","og_title":"Kit digital - ThinkUPC","og_description":"Kit digital","og_url":"https:\/\/www.thinkupc.com\/es\/kit-digital\/","og_site_name":"ThinkUPC","article_modified_time":"2025-06-11T07:09:13+00:00","og_image":[{"width":1498,"height":998,"url":"https:\/\/www.thinkupc.com\/wp-content\/uploads\/2025\/02\/kit-digital1.jpg","type":"image\/jpeg"}],"twitter_card":"summary_large_image","schema":{"@context":"https:\/\/schema.org","@graph":[{"@type":"WebPage","@id":"https:\/\/www.thinkupc.com\/es\/kit-digital\/","url":"https:\/\/www.thinkupc.com\/es\/kit-digital\/","name":"Kit digital - ThinkUPC","isPartOf":{"@id":"https:\/\/www.thinkupc.com\/es\/#website"},"primaryImageOfPage":{"@id":"https:\/\/www.thinkupc.com\/es\/kit-digital\/#primaryimage"},"image":{"@id":"https:\/\/www.thinkupc.com\/es\/kit-digital\/#primaryimage"},"thumbnailUrl":"https:\/\/www.thinkupc.com\/wp-content\/uploads\/2025\/02\/kit-digital1.jpg","datePublished":"2025-02-20T09:13:09+00:00","dateModified":"2025-06-11T07:09:13+00:00","breadcrumb":{"@id":"https:\/\/www.thinkupc.com\/es\/kit-digital\/#breadcrumb"},"inLanguage":"es","potentialAction":[{"@type":"ReadAction","target":["https:\/\/www.thinkupc.com\/es\/kit-digital\/"]}]},{"@type":"ImageObject","inLanguage":"es","@id":"https:\/\/www.thinkupc.com\/es\/kit-digital\/#primaryimage","url":"https:\/\/www.thinkupc.com\/wp-content\/uploads\/2025\/02\/kit-digital1.jpg","contentUrl":"https:\/\/www.thinkupc.com\/wp-content\/uploads\/2025\/02\/kit-digital1.jpg","width":1498,"height":998},{"@type":"BreadcrumbList","@id":"https:\/\/www.thinkupc.com\/es\/kit-digital\/#breadcrumb","itemListElement":[{"@type":"ListItem","position":1,"name":"Home","item":"https:\/\/www.thinkupc.com\/es\/thinkupc\/"},{"@type":"ListItem","position":2,"name":"Kit digital"}]},{"@type":"WebSite","@id":"https:\/\/www.thinkupc.com\/es\/#website","url":"https:\/\/www.thinkupc.com\/es\/","name":"ThinkUPC","description":"One Step Ahead in the Digital World","publisher":{"@id":"https:\/\/www.thinkupc.com\/es\/#organization"},"potentialAction":[{"@type":"SearchAction","target":{"@type":"EntryPoint","urlTemplate":"https:\/\/www.thinkupc.com\/es\/?s={search_term_string}"},"query-input":{"@type":"PropertyValueSpecification","valueRequired":true,"valueName":"search_term_string"}}],"inLanguage":"es"},{"@type":"Organization","@id":"https:\/\/www.thinkupc.com\/es\/#organization","name":"ThinkUPC","url":"https:\/\/www.thinkupc.com\/es\/","logo":{"@type":"ImageObject","inLanguage":"es","@id":"https:\/\/www.thinkupc.com\/es\/#\/schema\/logo\/image\/","url":"https:\/\/www.thinkupc.com\/wp-content\/uploads\/2025\/03\/logo-claim_B.png","contentUrl":"https:\/\/www.thinkupc.com\/wp-content\/uploads\/2025\/03\/logo-claim_B.png","width":2325,"height":1027,"caption":"ThinkUPC"},"image":{"@id":"https:\/\/www.thinkupc.com\/es\/#\/schema\/logo\/image\/"},"sameAs":["https:\/\/bsky.app\/profile\/thinkupc.com","https:\/\/es.linkedin.com\/company\/thinkupc"]}]}},"_links":{"self":[{"href":"https:\/\/www.thinkupc.com\/es\/wp-json\/wp\/v2\/pages\/5078","targetHints":{"allow":["GET"]}}],"collection":[{"href":"https:\/\/www.thinkupc.com\/es\/wp-json\/wp\/v2\/pages"}],"about":[{"href":"https:\/\/www.thinkupc.com\/es\/wp-json\/wp\/v2\/types\/page"}],"author":[{"embeddable":true,"href":"https:\/\/www.thinkupc.com\/es\/wp-json\/wp\/v2\/users\/2"}],"replies":[{"embeddable":true,"href":"https:\/\/www.thinkupc.com\/es\/wp-json\/wp\/v2\/comments?post=5078"}],"version-history":[{"count":0,"href":"https:\/\/www.thinkupc.com\/es\/wp-json\/wp\/v2\/pages\/5078\/revisions"}],"wp:featuredmedia":[{"embeddable":true,"href":"https:\/\/www.thinkupc.com\/es\/wp-json\/wp\/v2\/media\/5073"}],"wp:attachment":[{"href":"https:\/\/www.thinkupc.com\/es\/wp-json\/wp\/v2\/media?parent=5078"}],"wp:term":[{"taxonomy":"category","embeddable":true,"href":"https:\/\/www.thinkupc.com\/es\/wp-json\/wp\/v2\/categories?post=5078"},{"taxonomy":"post_tag","embeddable":true,"href":"https:\/\/www.thinkupc.com\/es\/wp-json\/wp\/v2\/tags?post=5078"}],"curies":[{"name":"wp","href":"https:\/\/api.w.org\/{rel}","templated":true}]}}